{"id":807,"date":"2023-07-10T14:44:59","date_gmt":"2023-07-10T12:44:59","guid":{"rendered":"https:\/\/boogaerdthout.bonsaidev.nl\/?page_id=807"},"modified":"2023-07-10T14:47:06","modified_gmt":"2023-07-10T12:47:06","slug":"palancole","status":"publish","type":"page","link":"https:\/\/www.boogaerdthout.nl\/it\/inspiratie\/kennisbank\/damwanden\/","title":{"rendered":"Palancole"},"content":{"rendered":"<div id='av_section_1'  class='avia-section av-av_section-05206848b078a6f0d4e991b4f556c241 main_color avia-section-large avia-no-border-styling  avia-builder-el-0  avia-builder-el-no-sibling  avia-bg-style-scroll container_wrap sidebar_right'  ><div class='container av-section-cont-open' ><main  role=\"main\" itemprop=\"mainContentOfPage\"  class='template-page content  av-content-small alpha units'><div class='post-entry post-entry-type-page post-entry-807'><div class='entry-content-wrapper clearfix'>\n<div  class='flex_column av-av_two_third-7714eba142aeda1f8b5272a3c372b279 av_two_third  avia-builder-el-1  el_before_av_one_third  avia-builder-el-first  first flex_column_div'     ><section  class='av_textblock_section av-ljwusfuy-0133927327afa23d64d696e3c738f13c'   itemscope=\"itemscope\" itemtype=\"https:\/\/schema.org\/CreativeWork\" ><div class='avia_textblock'  itemprop=\"text\" ><h1><span style=\"color: #000000;\">Palancole<\/span><\/h1>\n<p>Boogaerdt Hout produce palancole di alta qualit\u00e0 utilizzando legno sostenibile, tra cui Azob\u00e9, Angelim Vermelho e Okan. Questi tipi di legno appartengono alla classe di durabilit\u00e0 pi\u00f9 elevata, ovvero la \u201cClasse di durabilit\u00e0 I\u201d, e quindi offrono una lunga durata. Le palancole sono ampiamente utilizzate nelle applicazioni di ingegneria idraulica e spesso vengono combinate con arcarecci orizzontali o scandole di copertura per tenere insieme le palancole.<\/p>\n<p><strong>Tipi di legno disponibili per palancole:<\/strong><\/p>\n<ul>\n<li><a href=\"https:\/\/www.boogaerdthout.nl\/it\/tipo-di-legno\/accoya\/\">Accoya\u00ae<\/a><\/li>\n<li><a href=\"https:\/\/www.boogaerdthout.nl\/it\/tipo-di-legno\/azoto\/\">Azobe<\/a><\/li>\n<li><a href=\"https:\/\/www.boogaerdthout.nl\/it\/tipo-di-legno\/angelim-rosso\/\">Angelim Vermelho<\/a><\/li>\n<li><a href=\"https:\/\/www.boogaerdthout.nl\/it\/tipo-di-legno\/okano\/\">okano<\/a><\/li>\n<\/ul>\n<\/div><\/section><br \/>\n\n<style type=\"text\/css\" data-created_by=\"avia_inline_auto\" id=\"style-css-av-av_hr-00525114f399e80a8ceb57ca68d251d2\">\n#top .hr.hr-invisible.av-av_hr-00525114f399e80a8ceb57ca68d251d2{\nheight:50px;\n}\n<\/style>\n<div  class='hr av-av_hr-00525114f399e80a8ceb57ca68d251d2 hr-invisible  avia-builder-el-3  el_after_av_textblock  el_before_av_textblock'><span class='hr-inner'><span class=\"hr-inner-style\"><\/span><\/span><\/div><br \/>\n<section  class='av_textblock_section av-ljwuv6ud-4b8eb71c22c33fa7900ccf7a311c7cd4'   itemscope=\"itemscope\" itemtype=\"https:\/\/schema.org\/CreativeWork\" ><div class='avia_textblock'  itemprop=\"text\" ><h2>Cercatore e dimensioni<\/h2>\n<p>Spesso sul lato inferiore delle assi, dove \u00e8 presente la scanalatura, viene montato un &#039;cerchiatore&#039;. Grazie a questo bordo smussato, la tavola viene premuta saldamente contro la precedente durante la palificazione. Le nostre palancole sono disponibili in spessori da 30 a 100 mm. La larghezza utile delle palancole varia da circa 150 a 300 mm. Le assi delle palancole sono spesso fornite in &quot;larghezze decrescenti&quot;, il che significa che le assi non hanno una larghezza fissa, ma che viene utilizzata la larghezza totale della palancola. Oltre alla larghezza standard, sono disponibili anche misure standard. Si tratta di dimensioni pi\u00f9 sottili, con uno spessore fisso di circa 30 mm e una larghezza di lavoro fissa di 185 mm. Questa dimensione fissa non include il mirino. A partire da uno spessore di 40 mm viene utilizzato un mirino.<\/p>\n<\/div><\/section><br \/>\n\n<style type=\"text\/css\" data-created_by=\"avia_inline_auto\" id=\"style-css-av-av_hr-00525114f399e80a8ceb57ca68d251d2\">\n#top .hr.hr-invisible.av-av_hr-00525114f399e80a8ceb57ca68d251d2{\nheight:50px;\n}\n<\/style>\n<div  class='hr av-av_hr-00525114f399e80a8ceb57ca68d251d2 hr-invisible  avia-builder-el-5  el_after_av_textblock  el_before_av_textblock'><span class='hr-inner'><span class=\"hr-inner-style\"><\/span><\/span><\/div><br \/>\n<section  class='av_textblock_section av-ljwuvjq3-b8442ad681e78d34f5fc61c3e9a615fd'   itemscope=\"itemscope\" itemtype=\"https:\/\/schema.org\/CreativeWork\" ><div class='avia_textblock'  itemprop=\"text\" ><h2>Costruzione sostenibile<\/h2>\n<p>Oltre ai dettagli e alla scelta del tipo di legno, anche la progettazione e la manutenzione di una palancola influiscono notevolmente sulla sua durata complessiva. La maggior parte dei tipi di terreno costituisce un ambiente favorevole alla proliferazione dei microrganismi. Limitando il pi\u00f9 possibile il contatto tra il legno e il terreno, \u00e8 possibile prolungare la durata di vita della palancola. La parte della palancola immersa nell&#039;acqua e nel terreno rimane costantemente bagnata o umida. La parte che sporge dall&#039;acqua pu\u00f2 seccarsi, restringersi e screpolarsi, causando infiltrazioni d&#039;acqua e degrado. Per evitare ci\u00f2, \u00e8 possibile utilizzare una striscia di legno per coprire la venatura finale del legno. Si raccomanda vivamente l&#039;uso di fogli di copertina. Possiamo consigliarvi in merito, a seconda delle dimensioni e del tipo di legno. Per ulteriori informazioni contattateci.<\/p>\n<\/div><\/section><\/p><\/div><div  class='flex_column av-av_one_third-f1c518e9ff58e869f80c8f093487abc9 av_one_third  avia-builder-el-7  el_after_av_two_third  avia-builder-el-last  flex_column_div'     ><div  class='avia-builder-widget-area clearfix  avia-builder-el-8  avia-builder-el-no-sibling'><section id=\"avia_auto_toc-2\" class=\"widget clearfix avia-widget-container avia_auto_toc avia_no_block_preview\"><div class=\"avia-preview-headline\">Enfold Child Tablela dei contenuti<\/div><div class=\"avia-preview-info\">Titolo: Contenuto della pagina<\/div><div class=\"avia-preview-in-front\">La tabella pu\u00f2 essere resa solo nel frontend.<\/div><span class=\"seperator extralight-border\"><\/span><\/section><section id=\"text-7\" class=\"widget clearfix widget_text\"><h3 class=\"widgettitle\">Ulteriori informazioni<\/h3>\t\t\t<div class=\"textwidget\"><ul>\n<li><a href=\"https:\/\/www.boogaerdthout.nl\/it\/ispirazione\/base-di-conoscenza\/\">Base di conoscenza<\/a><\/li>\n<li><a href=\"https:\/\/www.boogaerdthout.nl\/it\/chi-siamo\/scaricare\/\">Scaricare<\/a><\/li>\n<li><a href=\"https:\/\/www.boogaerdthout.nl\/it\/ispirazione\/progetti\/\">Progetti<\/a><\/li>\n<li><a href=\"https:\/\/www.boogaerdthout.nl\/it\/profili-rivestimento-facciata\/\">Profili di rivestimento di facciata<\/a><\/li>\n<li><a href=\"https:\/\/www.boogaerdthout.nl\/it\/profili-decking\/\">Profili per decking<\/a><\/li>\n<li><a href=\"https:\/\/www.boogaerdthout.nl\/it\/chi-siamo\/trattamenti-del-legno\/\">Trattamenti del legno<\/a><\/li>\n<\/ul>\n<\/div>\n\t\t<span class=\"seperator extralight-border\"><\/span><\/section><section id=\"custom_html-2\" class=\"widget_text widget clearfix widget_custom_html\"><h3 class=\"widgettitle\">Fai la tua domanda<\/h3><div class=\"textwidget custom-html-widget\">\n\n\t\t\n\t    \t    \n        <div class=\"cta-foto\">\n            <img decoding=\"async\" loading=\"lazy\" width=\"600\" height=\"600\" src=\"https:\/\/www.boogaerdthout.nl\/wp-content\/uploads\/2023\/08\/Boogaerdt-personeel-lars-bastiaansen.jpg\" class=\"wp-image-1822 avia-img-lazy-loading-1822 attachment-post-thumbnail size-post-thumbnail wp-post-image\" alt=\"Lars Bastiaansen\" srcset=\"https:\/\/www.boogaerdthout.nl\/wp-content\/uploads\/2023\/08\/Boogaerdt-personeel-lars-bastiaansen.jpg 600w, https:\/\/www.boogaerdthout.nl\/wp-content\/uploads\/2023\/08\/Boogaerdt-personeel-lars-bastiaansen-300x300.jpg 300w, https:\/\/www.boogaerdthout.nl\/wp-content\/uploads\/2023\/08\/Boogaerdt-personeel-lars-bastiaansen-80x80.jpg 80w, https:\/\/www.boogaerdthout.nl\/wp-content\/uploads\/2023\/08\/Boogaerdt-personeel-lars-bastiaansen-36x36.jpg 36w, https:\/\/www.boogaerdthout.nl\/wp-content\/uploads\/2023\/08\/Boogaerdt-personeel-lars-bastiaansen-180x180.jpg 180w\" sizes=\"auto, (max-width: 600px) 100vw, 600px\" \/>        <\/div>\n        <div class=\"cta-info\">\n            <p>Lars Bastiaansen<\/p>\n            <p class=\"functie\">Direttore delle vendite<\/p>\n            <p>0180-551 552<\/p>\n            <a href=\"\/it\/contatto\/\" class=\"avia-button avia-icon_select-no avia-size-small btn-side avia-position-left avia-color-theme-color\"><span class=\"avia_iconbox_title\">Invia un messaggio<\/span><\/a>\n        <\/div>\n        \n\t\t\n\t\t\n<\/div><span class=\"seperator extralight-border\"><\/span><\/section><section id=\"text-2\" class=\"widget clearfix widget_text\">\t\t\t<div class=\"textwidget\"><div class=\"artikelen\">\n<h4>Articoli di notizie<\/h4>\n<p>\t\t\t\t\t\t\t<a href=\"https:\/\/www.boogaerdthout.nl\/it\/2026\/04\/02\/hr-medewerker\/\">\t<\/p>\n<div class=\"wrapper\">\n                <img decoding=\"async\" loading=\"lazy\" width=\"1707\" height=\"1707\" src=\"https:\/\/www.boogaerdthout.nl\/wp-content\/uploads\/2026\/04\/Overleg-Accoya-scaled-e1775138458513.jpg\" class=\"wp-image-5509 avia-img-lazy-loading-5509 attachment-post-thumbnail size-post-thumbnail wp-post-image\" alt=\"\" srcset=\"https:\/\/www.boogaerdthout.nl\/wp-content\/uploads\/2026\/04\/Overleg-Accoya-scaled-e1775138458513.jpg 1707w, https:\/\/www.boogaerdthout.nl\/wp-content\/uploads\/2026\/04\/Overleg-Accoya-scaled-e1775138458513-300x300.jpg 300w, https:\/\/www.boogaerdthout.nl\/wp-content\/uploads\/2026\/04\/Overleg-Accoya-scaled-e1775138458513-1030x1030.jpg 1030w, https:\/\/www.boogaerdthout.nl\/wp-content\/uploads\/2026\/04\/Overleg-Accoya-scaled-e1775138458513-80x80.jpg 80w, https:\/\/www.boogaerdthout.nl\/wp-content\/uploads\/2026\/04\/Overleg-Accoya-scaled-e1775138458513-768x768.jpg 768w, https:\/\/www.boogaerdthout.nl\/wp-content\/uploads\/2026\/04\/Overleg-Accoya-scaled-e1775138458513-1536x1536.jpg 1536w, https:\/\/www.boogaerdthout.nl\/wp-content\/uploads\/2026\/04\/Overleg-Accoya-scaled-e1775138458513-12x12.jpg 12w, https:\/\/www.boogaerdthout.nl\/wp-content\/uploads\/2026\/04\/Overleg-Accoya-scaled-e1775138458513-36x36.jpg 36w, https:\/\/www.boogaerdthout.nl\/wp-content\/uploads\/2026\/04\/Overleg-Accoya-scaled-e1775138458513-180x180.jpg 180w, https:\/\/www.boogaerdthout.nl\/wp-content\/uploads\/2026\/04\/Overleg-Accoya-scaled-e1775138458513-1500x1500.jpg 1500w, https:\/\/www.boogaerdthout.nl\/wp-content\/uploads\/2026\/04\/Overleg-Accoya-scaled-e1775138458513-705x705.jpg 705w, https:\/\/www.boogaerdthout.nl\/wp-content\/uploads\/2026\/04\/Overleg-Accoya-scaled-e1775138458513-400x400.jpg 400w, https:\/\/www.boogaerdthout.nl\/wp-content\/uploads\/2026\/04\/Overleg-Accoya-scaled-e1775138458513-600x600.jpg 600w\" sizes=\"auto, (max-width: 1707px) 100vw, 1707px\" \/>\t\t\t\t<\/p>\n<div class=\"artikel-content\">\n<p>Addetto alle Risorse Umane (24-32 ore)<\/p>\n<\/div><\/div>\n<p>        <\/a><br \/>\n\t\t\t\t\t\t\t<a href=\"https:\/\/www.boogaerdthout.nl\/it\/2026\/03\/12\/5416\/\">\t<\/p>\n<div class=\"wrapper\">\n                <img decoding=\"async\" loading=\"lazy\" width=\"1195\" height=\"1195\" src=\"https:\/\/www.boogaerdthout.nl\/wp-content\/uploads\/2026\/02\/Billinga-B-fix-scaled-e1771580756663.png\" class=\"wp-image-5380 avia-img-lazy-loading-5380 attachment-post-thumbnail size-post-thumbnail wp-post-image\" alt=\"\" srcset=\"https:\/\/www.boogaerdthout.nl\/wp-content\/uploads\/2026\/02\/Billinga-B-fix-scaled-e1771580756663.png 1195w, https:\/\/www.boogaerdthout.nl\/wp-content\/uploads\/2026\/02\/Billinga-B-fix-scaled-e1771580756663-300x300.png 300w, https:\/\/www.boogaerdthout.nl\/wp-content\/uploads\/2026\/02\/Billinga-B-fix-scaled-e1771580756663-1030x1030.png 1030w, https:\/\/www.boogaerdthout.nl\/wp-content\/uploads\/2026\/02\/Billinga-B-fix-scaled-e1771580756663-80x80.png 80w, https:\/\/www.boogaerdthout.nl\/wp-content\/uploads\/2026\/02\/Billinga-B-fix-scaled-e1771580756663-768x768.png 768w, https:\/\/www.boogaerdthout.nl\/wp-content\/uploads\/2026\/02\/Billinga-B-fix-scaled-e1771580756663-12x12.png 12w, https:\/\/www.boogaerdthout.nl\/wp-content\/uploads\/2026\/02\/Billinga-B-fix-scaled-e1771580756663-36x36.png 36w, https:\/\/www.boogaerdthout.nl\/wp-content\/uploads\/2026\/02\/Billinga-B-fix-scaled-e1771580756663-180x180.png 180w, https:\/\/www.boogaerdthout.nl\/wp-content\/uploads\/2026\/02\/Billinga-B-fix-scaled-e1771580756663-705x705.png 705w, https:\/\/www.boogaerdthout.nl\/wp-content\/uploads\/2026\/02\/Billinga-B-fix-scaled-e1771580756663-400x400.png 400w, https:\/\/www.boogaerdthout.nl\/wp-content\/uploads\/2026\/02\/Billinga-B-fix-scaled-e1771580756663-600x600.png 600w\" sizes=\"auto, (max-width: 1195px) 100vw, 1195px\" \/>\t\t\t\t<\/p>\n<div class=\"artikel-content\">\n<p>La stagione delle terrazze \u00e8 aperta<\/p>\n<\/div><\/div>\n<p>        <\/a><br \/>\n\t\t\t\t\t\t\t<a href=\"https:\/\/www.boogaerdthout.nl\/it\/2026\/02\/04\/commercieel-manager-mt-lid-van-ierssel-houtimport\/\">\t<\/p>\n<div class=\"wrapper\">\n                <img decoding=\"async\" loading=\"lazy\" width=\"1024\" height=\"1536\" src=\"https:\/\/www.boogaerdthout.nl\/wp-content\/uploads\/2026\/02\/beeld-vacature-comm-manager-III.png\" class=\"wp-image-5350 avia-img-lazy-loading-5350 attachment-post-thumbnail size-post-thumbnail wp-post-image\" alt=\"\" srcset=\"https:\/\/www.boogaerdthout.nl\/wp-content\/uploads\/2026\/02\/beeld-vacature-comm-manager-III.png 1024w, https:\/\/www.boogaerdthout.nl\/wp-content\/uploads\/2026\/02\/beeld-vacature-comm-manager-III-200x300.png 200w, https:\/\/www.boogaerdthout.nl\/wp-content\/uploads\/2026\/02\/beeld-vacature-comm-manager-III-687x1030.png 687w, https:\/\/www.boogaerdthout.nl\/wp-content\/uploads\/2026\/02\/beeld-vacature-comm-manager-III-768x1152.png 768w, https:\/\/www.boogaerdthout.nl\/wp-content\/uploads\/2026\/02\/beeld-vacature-comm-manager-III-8x12.png 8w, https:\/\/www.boogaerdthout.nl\/wp-content\/uploads\/2026\/02\/beeld-vacature-comm-manager-III-1000x1500.png 1000w, https:\/\/www.boogaerdthout.nl\/wp-content\/uploads\/2026\/02\/beeld-vacature-comm-manager-III-470x705.png 470w\" sizes=\"auto, (max-width: 1024px) 100vw, 1024px\" \/>\t\t\t\t<\/p>\n<div class=\"artikel-content\">\n<p>Direttore commerciale (membro MT) Van Ierssel Houtimport<\/p>\n<\/div><\/div>\n<p>        <\/a><\/p><\/div>\n<\/div>\n\t\t<span class=\"seperator extralight-border\"><\/span><\/section><\/div><\/div><\/div><\/div><\/main><!-- close content main element --><\/div><\/div><div id='after_section_1'  class='main_color av_default_container_wrap container_wrap sidebar_right'  ><div class='container av-section-cont-open' ><div class='template-page content  av-content-small alpha units'><div class='post-entry post-entry-type-page post-entry-807'><div class='entry-content-wrapper clearfix'>","protected":false},"excerpt":{"rendered":"","protected":false},"author":3,"featured_media":0,"parent":224,"menu_order":0,"comment_status":"closed","ping_status":"closed","template":"","meta":{"_acf_changed":false,"footnotes":""},"class_list":["post-807","page","type-page","status-publish","hentry"],"acf":[],"yoast_head":"<!-- This site is optimized with the Yoast SEO plugin v27.2 - https:\/\/yoast.com\/product\/yoast-seo-wordpress\/ -->\n<title>Damwanden - Boogaerdt Hout<\/title>\n<meta name=\"robots\" content=\"index, follow, max-snippet:-1, max-image-preview:large, max-video-preview:-1\" \/>\n<link rel=\"canonical\" href=\"https:\/\/www.boogaerdthout.nl\/it\/ispirazione\/base-di-conoscenza\/palancole\/\" \/>\n<meta property=\"og:locale\" content=\"it_IT\" \/>\n<meta property=\"og:type\" content=\"article\" \/>\n<meta property=\"og:title\" content=\"Damwanden - Boogaerdt Hout\" \/>\n<meta property=\"og:url\" content=\"https:\/\/www.boogaerdthout.nl\/it\/ispirazione\/base-di-conoscenza\/palancole\/\" \/>\n<meta property=\"og:site_name\" content=\"Boogaerdt Hout\" \/>\n<meta property=\"article:modified_time\" content=\"2023-07-10T12:47:06+00:00\" \/>\n<meta name=\"twitter:label1\" content=\"Tempo di lettura stimato\" \/>\n\t<meta name=\"twitter:data1\" content=\"4 minuti\" \/>\n<script type=\"application\/ld+json\" class=\"yoast-schema-graph\">{\"@context\":\"https:\/\/schema.org\",\"@graph\":[{\"@type\":\"WebPage\",\"@id\":\"https:\/\/www.boogaerdthout.nl\/inspiratie\/kennisbank\/damwanden\/\",\"url\":\"https:\/\/www.boogaerdthout.nl\/inspiratie\/kennisbank\/damwanden\/\",\"name\":\"Damwanden - Boogaerdt Hout\",\"isPartOf\":{\"@id\":\"https:\/\/www.boogaerdthout.nl\/#website\"},\"datePublished\":\"2023-07-10T12:44:59+00:00\",\"dateModified\":\"2023-07-10T12:47:06+00:00\",\"breadcrumb\":{\"@id\":\"https:\/\/www.boogaerdthout.nl\/inspiratie\/kennisbank\/damwanden\/#breadcrumb\"},\"inLanguage\":\"it-IT\",\"potentialAction\":[{\"@type\":\"ReadAction\",\"target\":[\"https:\/\/www.boogaerdthout.nl\/inspiratie\/kennisbank\/damwanden\/\"]}]},{\"@type\":\"BreadcrumbList\",\"@id\":\"https:\/\/www.boogaerdthout.nl\/inspiratie\/kennisbank\/damwanden\/#breadcrumb\",\"itemListElement\":[{\"@type\":\"ListItem\",\"position\":1,\"name\":\"Home\",\"item\":\"https:\/\/www.boogaerdthout.nl\/home-2\/\"},{\"@type\":\"ListItem\",\"position\":2,\"name\":\"Inspiratie\",\"item\":\"https:\/\/www.boogaerdthout.nl\/inspiratie\/\"},{\"@type\":\"ListItem\",\"position\":3,\"name\":\"Kennisbank\",\"item\":\"https:\/\/www.boogaerdthout.nl\/inspiratie\/kennisbank\/\"},{\"@type\":\"ListItem\",\"position\":4,\"name\":\"Damwanden\"}]},{\"@type\":\"WebSite\",\"@id\":\"https:\/\/www.boogaerdthout.nl\/#website\",\"url\":\"https:\/\/www.boogaerdthout.nl\/\",\"name\":\"Boogaerdt Hout\",\"description\":\"Koninklijke houthandel Boogaerdt B.V.\",\"potentialAction\":[{\"@type\":\"SearchAction\",\"target\":{\"@type\":\"EntryPoint\",\"urlTemplate\":\"https:\/\/www.boogaerdthout.nl\/?s={search_term_string}\"},\"query-input\":{\"@type\":\"PropertyValueSpecification\",\"valueRequired\":true,\"valueName\":\"search_term_string\"}}],\"inLanguage\":\"it-IT\"}]}<\/script>\n<!-- \/ Yoast SEO plugin. -->","yoast_head_json":{"title":"Palancole - Boogaerdt Hout","robots":{"index":"index","follow":"follow","max-snippet":"max-snippet:-1","max-image-preview":"max-image-preview:large","max-video-preview":"max-video-preview:-1"},"canonical":"https:\/\/www.boogaerdthout.nl\/it\/ispirazione\/base-di-conoscenza\/palancole\/","og_locale":"it_IT","og_type":"article","og_title":"Damwanden - Boogaerdt Hout","og_url":"https:\/\/www.boogaerdthout.nl\/it\/ispirazione\/base-di-conoscenza\/palancole\/","og_site_name":"Boogaerdt Hout","article_modified_time":"2023-07-10T12:47:06+00:00","twitter_misc":{"Tempo di lettura stimato":"4 minuti"},"schema":{"@context":"https:\/\/schema.org","@graph":[{"@type":"WebPage","@id":"https:\/\/www.boogaerdthout.nl\/inspiratie\/kennisbank\/damwanden\/","url":"https:\/\/www.boogaerdthout.nl\/inspiratie\/kennisbank\/damwanden\/","name":"Palancole - Boogaerdt Hout","isPartOf":{"@id":"https:\/\/www.boogaerdthout.nl\/#website"},"datePublished":"2023-07-10T12:44:59+00:00","dateModified":"2023-07-10T12:47:06+00:00","breadcrumb":{"@id":"https:\/\/www.boogaerdthout.nl\/inspiratie\/kennisbank\/damwanden\/#breadcrumb"},"inLanguage":"it-IT","potentialAction":[{"@type":"ReadAction","target":["https:\/\/www.boogaerdthout.nl\/inspiratie\/kennisbank\/damwanden\/"]}]},{"@type":"BreadcrumbList","@id":"https:\/\/www.boogaerdthout.nl\/inspiratie\/kennisbank\/damwanden\/#breadcrumb","itemListElement":[{"@type":"ListItem","position":1,"name":"Home","item":"https:\/\/www.boogaerdthout.nl\/home-2\/"},{"@type":"ListItem","position":2,"name":"Inspiratie","item":"https:\/\/www.boogaerdthout.nl\/inspiratie\/"},{"@type":"ListItem","position":3,"name":"Kennisbank","item":"https:\/\/www.boogaerdthout.nl\/inspiratie\/kennisbank\/"},{"@type":"ListItem","position":4,"name":"Damwanden"}]},{"@type":"WebSite","@id":"https:\/\/www.boogaerdthout.nl\/#website","url":"https:\/\/www.boogaerdthout.nl\/","name":"Legno di Boogaerdt","description":"Commercio reale di legname Boogaerdt BV","potentialAction":[{"@type":"SearchAction","target":{"@type":"EntryPoint","urlTemplate":"https:\/\/www.boogaerdthout.nl\/?s={search_term_string}"},"query-input":{"@type":"PropertyValueSpecification","valueRequired":true,"valueName":"search_term_string"}}],"inLanguage":"it-IT"}]}},"_links":{"self":[{"href":"https:\/\/www.boogaerdthout.nl\/it\/wp-json\/wp\/v2\/pages\/807","targetHints":{"allow":["GET"]}}],"collection":[{"href":"https:\/\/www.boogaerdthout.nl\/it\/wp-json\/wp\/v2\/pages"}],"about":[{"href":"https:\/\/www.boogaerdthout.nl\/it\/wp-json\/wp\/v2\/types\/page"}],"author":[{"embeddable":true,"href":"https:\/\/www.boogaerdthout.nl\/it\/wp-json\/wp\/v2\/users\/3"}],"replies":[{"embeddable":true,"href":"https:\/\/www.boogaerdthout.nl\/it\/wp-json\/wp\/v2\/comments?post=807"}],"version-history":[{"count":0,"href":"https:\/\/www.boogaerdthout.nl\/it\/wp-json\/wp\/v2\/pages\/807\/revisions"}],"up":[{"embeddable":true,"href":"https:\/\/www.boogaerdthout.nl\/it\/wp-json\/wp\/v2\/pages\/224"}],"wp:attachment":[{"href":"https:\/\/www.boogaerdthout.nl\/it\/wp-json\/wp\/v2\/media?parent=807"}],"curies":[{"name":"wp","href":"https:\/\/api.w.org\/{rel}","templated":true}]}}