{"id":998,"date":"2023-07-12T12:59:06","date_gmt":"2023-07-12T10:59:06","guid":{"rendered":"https:\/\/boogaerdthout.bonsaidev.nl\/?page_id=998"},"modified":"2024-05-27T16:14:41","modified_gmt":"2024-05-27T14:14:41","slug":"pourquoi-un-bardage-en-bois","status":"publish","type":"page","link":"https:\/\/www.boogaerdthout.nl\/fr\/inspiratie\/kennisbank\/waarom-houten-gevelbekleding\/","title":{"rendered":"Pourquoi un bardage en bois ?"},"content":{"rendered":"<div id='av_section_1'  class='avia-section av-12mh3i-610ce12294cfbec14be2807c2860364f main_color avia-section-large avia-no-border-styling  avia-builder-el-0  avia-builder-el-no-sibling  avia-bg-style-scroll container_wrap sidebar_right'  ><div class='container av-section-cont-open' ><main  role=\"main\" itemprop=\"mainContentOfPage\"  class='template-page content  av-content-small alpha units'><div class='post-entry post-entry-type-page post-entry-998'><div class='entry-content-wrapper clearfix'>\n<div  class='flex_column av-ys1au-d5f10af7cea9246befb7baeb59eb286e av_two_third  avia-builder-el-1  el_before_av_one_third  avia-builder-el-first  first flex_column_div'     ><section  class='av_textblock_section av-ljzlxkjt-4a12df4a218043f9a2a4e1be0e4af770'   itemscope=\"itemscope\" itemtype=\"https:\/\/schema.org\/CreativeWork\" ><div class='avia_textblock'  itemprop=\"text\" ><h1><span style=\"color: #000000;\">Pourquoi choisir un bardage en bois ?<\/span><\/h1>\n<p>Le bardage en bois offre un aspect unique et naturel qui s\u00e9duit de nombreuses personnes. Il propose d&#039;innombrables options et il y en a pour tous les go\u00fbts. Que vous souhaitiez un look \u00e9pur\u00e9 ou un aspect chaleureux avec des n\u0153uds et des pompons, le bois peut r\u00e9pondre \u00e0 vos besoins. De plus, le bardage en bois est facile \u00e0 poser, disponible dans diff\u00e9rentes gammes de prix et pr\u00e9sente une grande durabilit\u00e9. Choisissez donc une essence de bois avec une classe de durabilit\u00e9 plus \u00e9lev\u00e9e (classe I ou II), afin que votre fa\u00e7ade soit plus r\u00e9sistante \u00e0 la pourriture et \u00e0 la moisissure. En raison de la structure naturelle du bois, il offre \u00e9galement des propri\u00e9t\u00e9s isolantes, qui constituent un tampon naturel contre les variations de temp\u00e9rature. Le seul inconv\u00e9nient du bardage en bois est qu\u2019il ne n\u00e9cessite pas totalement d\u2019entretien, mais avec les bons types de bois et les bonnes m\u00e9thodes d\u2019installation, cela peut \u00eatre r\u00e9duit au minimum. De plus, le bois peut \u00eatre remplac\u00e9 relativement facilement si n\u00e9cessaire.<\/p>\n<\/div><\/section><br \/>\n\n<style type=\"text\/css\" data-created_by=\"avia_inline_auto\" id=\"style-css-av-qkro6-c5882757cc9074ef57547e77b0b33989\">\n#top .hr.hr-invisible.av-qkro6-c5882757cc9074ef57547e77b0b33989{\nheight:50px;\n}\n<\/style>\n<div  class='hr av-qkro6-c5882757cc9074ef57547e77b0b33989 hr-invisible  avia-builder-el-3  el_after_av_textblock  el_before_av_textblock'><span class='hr-inner'><span class=\"hr-inner-style\"><\/span><\/span><\/div><br \/>\n<section  class='av_textblock_section av-ljzlxw9o-67e7d25e4ec53befaf808e2f9a9732c7'   itemscope=\"itemscope\" itemtype=\"https:\/\/schema.org\/CreativeWork\" ><div class='avia_textblock'  itemprop=\"text\" ><h2>Construction circulaire en bois<\/h2>\n<p>Le bois r\u00e9pond \u00e0 toutes les exigences environnementales et climatiques et joue un r\u00f4le important dans la construction durable. C&#039;est un mat\u00e9riau naturel qui non seulement stocke le CO2, mais qui continue \u00e9galement de cro\u00eetre. En utilisant un bardage en bois dans la construction, vous faites automatiquement un choix durable. Chez Boogaerdt Hout, nous proposons des produits certifi\u00e9s FSC\u00ae ou PEFC, afin que vous puissiez faire un choix responsable pour une construction circulaire.<\/p>\n<\/div><\/section><br \/>\n\n<style type=\"text\/css\" data-created_by=\"avia_inline_auto\" id=\"style-css-av-mqwpi-f60f78e8d25d2147856ee8aa120613b1\">\n#top .hr.hr-invisible.av-mqwpi-f60f78e8d25d2147856ee8aa120613b1{\nheight:50px;\n}\n<\/style>\n<div  class='hr av-mqwpi-f60f78e8d25d2147856ee8aa120613b1 hr-invisible  avia-builder-el-5  el_after_av_textblock  el_before_av_textblock'><span class='hr-inner'><span class=\"hr-inner-style\"><\/span><\/span><\/div><br \/>\n<section  class='av_textblock_section av-ljzlydql-6f87e92417377d78bba5c62994335d06'   itemscope=\"itemscope\" itemtype=\"https:\/\/schema.org\/CreativeWork\" ><div class='avia_textblock'  itemprop=\"text\" ><h2>Bardage ferm\u00e9 ou ouvert<\/h2>\n<p>Dans le cas d&#039;un rev\u00eatement de fa\u00e7ade ferm\u00e9, les profil\u00e9s sont fix\u00e9s \u00e0 la fa\u00e7ade de mani\u00e8re contigu\u00eb ou superpos\u00e9e, ce qui permet d&#039;obtenir un degr\u00e9 \u00e9lev\u00e9 de r\u00e9sistance \u00e0 l&#039;humidit\u00e9. Cependant, cela n\u00e9cessite une attention particuli\u00e8re et des d\u00e9tails optimaux pour \u00e9viter les probl\u00e8mes d\u2019humidit\u00e9. Une ventilation suffisante est indispensable et il doit y avoir un espace entre les pi\u00e8ces (espace d&#039;expansion) pour absorber les tensions de la construction. Les bardages ouverts, quant \u00e0 eux, sont fix\u00e9s avec une distance mutuelle de 7 \u00e0 10 mm, ce qui assure une ventilation optimale et \u00e9vite les tensions structurelles. Selon le d\u00e9cret sur la construction, l&#039;\u00e9cart ne doit pas d\u00e9passer 10 mm en raison de la vermine. En g\u00e9n\u00e9ral, les bardages ouverts durent plus longtemps. Derri\u00e8re l&#039;ossature est utilis\u00e9e une feuille pare-humidit\u00e9 perm\u00e9able \u00e0 la vapeur qui, en cas de rev\u00eatement de fa\u00e7ade ouvert, doit \u00eatre r\u00e9sistante aux UV.<\/p>\n<\/div><\/section><br \/>\n<div  class='avia-button-wrap av-ljzlz27i-738bb02c6ccacc682a1ba07fbc5ace8b-wrap avia-button-left  avia-builder-el-7  el_after_av_textblock  avia-builder-el-last'><a href='https:\/\/www.boogaerdthout.nl\/fr\/houttoepassing\/gevelbekleding\/'  class='avia-button av-ljzlz27i-738bb02c6ccacc682a1ba07fbc5ace8b av-link-btn avia-icon_select-no avia-size-small avia-position-left avia-color-theme-color'  target=\"_blank\"  rel=\"noopener noreferrer\"  aria-label=\"Rev\u00eatement de fa\u00e7ade\"><span class='avia_iconbox_title' >Rev\u00eatement de fa\u00e7ade<\/span><\/a><\/div><\/p><\/div><div  class='flex_column av-h8a8u-44dd9c63ec2f295194774810235164f8 av_one_third  avia-builder-el-8  el_after_av_two_third  avia-builder-el-last  flex_column_div'     ><div  class='avia-builder-widget-area clearfix  avia-builder-el-9  avia-builder-el-no-sibling'><section id=\"avia_auto_toc-2\" class=\"widget clearfix avia-widget-container avia_auto_toc avia_no_block_preview\"><div class=\"avia-preview-headline\">Enfold Child Table des contenus<\/div><div class=\"avia-preview-info\">Titre : Contenu de la page<\/div><div class=\"avia-preview-in-front\">Le tableau n\u2019est pas la bonne affiche au moment de sa publication.<\/div><span class=\"seperator extralight-border\"><\/span><\/section><section id=\"text-7\" class=\"widget clearfix widget_text\"><h3 class=\"widgettitle\">Plus d&#039;information<\/h3>\t\t\t<div class=\"textwidget\"><ul>\n<li><a href=\"https:\/\/www.boogaerdthout.nl\/fr\/inspiration\/base-de-donnee\/\">Base de connaissances<\/a><\/li>\n<li><a href=\"https:\/\/www.boogaerdthout.nl\/fr\/a-propos-de-nous\/telechargements\/\">T\u00e9l\u00e9chargements<\/a><\/li>\n<li><a href=\"https:\/\/www.boogaerdthout.nl\/fr\/inspiration\/projets\/\">Projets<\/a><\/li>\n<li><a href=\"https:\/\/www.boogaerdthout.nl\/fr\/profils-de-revetement-de-facade\/\">Profil\u00e9s rev\u00eatement de fa\u00e7ade<\/a><\/li>\n<li><a href=\"https:\/\/www.boogaerdthout.nl\/fr\/profils-terrasse\/\">Profils de terrasse<\/a><\/li>\n<li><a href=\"https:\/\/www.boogaerdthout.nl\/fr\/a-propos-de-nous\/traitements-du-bois\/\">Traitements du bois<\/a><\/li>\n<\/ul>\n<\/div>\n\t\t<span class=\"seperator extralight-border\"><\/span><\/section><section id=\"custom_html-2\" class=\"widget_text widget clearfix widget_custom_html\"><h3 class=\"widgettitle\">Pose ta question<\/h3><div class=\"textwidget custom-html-widget\">\n\n\t\t\n\t    \t    \n        <div class=\"cta-foto\">\n            <img decoding=\"async\" loading=\"lazy\" width=\"600\" height=\"600\" src=\"https:\/\/www.boogaerdthout.nl\/wp-content\/uploads\/2023\/08\/Boogaerdt-personeel-lars-bastiaansen.jpg\" class=\"wp-image-1822 avia-img-lazy-loading-1822 attachment-post-thumbnail size-post-thumbnail wp-post-image\" alt=\"Lars Bastiaansen\" srcset=\"https:\/\/www.boogaerdthout.nl\/wp-content\/uploads\/2023\/08\/Boogaerdt-personeel-lars-bastiaansen.jpg 600w, https:\/\/www.boogaerdthout.nl\/wp-content\/uploads\/2023\/08\/Boogaerdt-personeel-lars-bastiaansen-300x300.jpg 300w, https:\/\/www.boogaerdthout.nl\/wp-content\/uploads\/2023\/08\/Boogaerdt-personeel-lars-bastiaansen-80x80.jpg 80w, https:\/\/www.boogaerdthout.nl\/wp-content\/uploads\/2023\/08\/Boogaerdt-personeel-lars-bastiaansen-36x36.jpg 36w, https:\/\/www.boogaerdthout.nl\/wp-content\/uploads\/2023\/08\/Boogaerdt-personeel-lars-bastiaansen-180x180.jpg 180w\" sizes=\"auto, (max-width: 600px) 100vw, 600px\" \/>        <\/div>\n        <div class=\"cta-info\">\n            <p>Lars Bastiaansen<\/p>\n            <p class=\"functie\">Directeur des ventes<\/p>\n            <p>0180-551 552<\/p>\n            <a href=\"\/fr\/contact\/\" class=\"avia-button avia-icon_select-no avia-size-small btn-side avia-position-left avia-color-theme-color\"><span class=\"avia_iconbox_title\">Envoyer un message<\/span><\/a>\n        <\/div>\n        \n\t\t\n\t\t\n<\/div><span class=\"seperator extralight-border\"><\/span><\/section><section id=\"text-2\" class=\"widget clearfix widget_text\">\t\t\t<div class=\"textwidget\"><div class=\"artikelen\">\n<h4>Articles de presse<\/h4>\n<p>\t\t\t\t\t\t\t<a href=\"https:\/\/www.boogaerdthout.nl\/fr\/2026\/04\/02\/hr-medewerker\/\">\t<\/p>\n<div class=\"wrapper\">\n                <img decoding=\"async\" loading=\"lazy\" width=\"1707\" height=\"1707\" src=\"https:\/\/www.boogaerdthout.nl\/wp-content\/uploads\/2026\/04\/Overleg-Accoya-scaled-e1775138458513.jpg\" class=\"wp-image-5509 avia-img-lazy-loading-5509 attachment-post-thumbnail size-post-thumbnail wp-post-image\" alt=\"\" srcset=\"https:\/\/www.boogaerdthout.nl\/wp-content\/uploads\/2026\/04\/Overleg-Accoya-scaled-e1775138458513.jpg 1707w, https:\/\/www.boogaerdthout.nl\/wp-content\/uploads\/2026\/04\/Overleg-Accoya-scaled-e1775138458513-300x300.jpg 300w, https:\/\/www.boogaerdthout.nl\/wp-content\/uploads\/2026\/04\/Overleg-Accoya-scaled-e1775138458513-1030x1030.jpg 1030w, https:\/\/www.boogaerdthout.nl\/wp-content\/uploads\/2026\/04\/Overleg-Accoya-scaled-e1775138458513-80x80.jpg 80w, https:\/\/www.boogaerdthout.nl\/wp-content\/uploads\/2026\/04\/Overleg-Accoya-scaled-e1775138458513-768x768.jpg 768w, https:\/\/www.boogaerdthout.nl\/wp-content\/uploads\/2026\/04\/Overleg-Accoya-scaled-e1775138458513-1536x1536.jpg 1536w, https:\/\/www.boogaerdthout.nl\/wp-content\/uploads\/2026\/04\/Overleg-Accoya-scaled-e1775138458513-12x12.jpg 12w, https:\/\/www.boogaerdthout.nl\/wp-content\/uploads\/2026\/04\/Overleg-Accoya-scaled-e1775138458513-36x36.jpg 36w, https:\/\/www.boogaerdthout.nl\/wp-content\/uploads\/2026\/04\/Overleg-Accoya-scaled-e1775138458513-180x180.jpg 180w, https:\/\/www.boogaerdthout.nl\/wp-content\/uploads\/2026\/04\/Overleg-Accoya-scaled-e1775138458513-1500x1500.jpg 1500w, https:\/\/www.boogaerdthout.nl\/wp-content\/uploads\/2026\/04\/Overleg-Accoya-scaled-e1775138458513-705x705.jpg 705w, https:\/\/www.boogaerdthout.nl\/wp-content\/uploads\/2026\/04\/Overleg-Accoya-scaled-e1775138458513-400x400.jpg 400w, https:\/\/www.boogaerdthout.nl\/wp-content\/uploads\/2026\/04\/Overleg-Accoya-scaled-e1775138458513-600x600.jpg 600w\" sizes=\"auto, (max-width: 1707px) 100vw, 1707px\" \/>\t\t\t\t<\/p>\n<div class=\"artikel-content\">\n<p>Employ\u00e9 RH (24-32 heures)<\/p>\n<\/div><\/div>\n<p>        <\/a><br \/>\n\t\t\t\t\t\t\t<a href=\"https:\/\/www.boogaerdthout.nl\/fr\/2026\/03\/12\/5416\/\">\t<\/p>\n<div class=\"wrapper\">\n                <img decoding=\"async\" loading=\"lazy\" width=\"1195\" height=\"1195\" src=\"https:\/\/www.boogaerdthout.nl\/wp-content\/uploads\/2026\/02\/Billinga-B-fix-scaled-e1771580756663.png\" class=\"wp-image-5380 avia-img-lazy-loading-5380 attachment-post-thumbnail size-post-thumbnail wp-post-image\" alt=\"\" srcset=\"https:\/\/www.boogaerdthout.nl\/wp-content\/uploads\/2026\/02\/Billinga-B-fix-scaled-e1771580756663.png 1195w, https:\/\/www.boogaerdthout.nl\/wp-content\/uploads\/2026\/02\/Billinga-B-fix-scaled-e1771580756663-300x300.png 300w, https:\/\/www.boogaerdthout.nl\/wp-content\/uploads\/2026\/02\/Billinga-B-fix-scaled-e1771580756663-1030x1030.png 1030w, https:\/\/www.boogaerdthout.nl\/wp-content\/uploads\/2026\/02\/Billinga-B-fix-scaled-e1771580756663-80x80.png 80w, https:\/\/www.boogaerdthout.nl\/wp-content\/uploads\/2026\/02\/Billinga-B-fix-scaled-e1771580756663-768x768.png 768w, https:\/\/www.boogaerdthout.nl\/wp-content\/uploads\/2026\/02\/Billinga-B-fix-scaled-e1771580756663-12x12.png 12w, https:\/\/www.boogaerdthout.nl\/wp-content\/uploads\/2026\/02\/Billinga-B-fix-scaled-e1771580756663-36x36.png 36w, https:\/\/www.boogaerdthout.nl\/wp-content\/uploads\/2026\/02\/Billinga-B-fix-scaled-e1771580756663-180x180.png 180w, https:\/\/www.boogaerdthout.nl\/wp-content\/uploads\/2026\/02\/Billinga-B-fix-scaled-e1771580756663-705x705.png 705w, https:\/\/www.boogaerdthout.nl\/wp-content\/uploads\/2026\/02\/Billinga-B-fix-scaled-e1771580756663-400x400.png 400w, https:\/\/www.boogaerdthout.nl\/wp-content\/uploads\/2026\/02\/Billinga-B-fix-scaled-e1771580756663-600x600.png 600w\" sizes=\"auto, (max-width: 1195px) 100vw, 1195px\" \/>\t\t\t\t<\/p>\n<div class=\"artikel-content\">\n<p>La saison des terrasses est ouverte.<\/p>\n<\/div><\/div>\n<p>        <\/a><br \/>\n\t\t\t\t\t\t\t<a href=\"https:\/\/www.boogaerdthout.nl\/fr\/2026\/03\/08\/stage-marketing\/\">\t<\/p>\n<div class=\"wrapper\">\n                <img decoding=\"async\" loading=\"lazy\" width=\"1024\" height=\"1024\" src=\"https:\/\/www.boogaerdthout.nl\/wp-content\/uploads\/2026\/04\/Gemini_Generated_Image_kpybh0kpybh0kpyb.png\" class=\"wp-image-5517 avia-img-lazy-loading-5517 attachment-post-thumbnail size-post-thumbnail wp-post-image\" alt=\"\" srcset=\"https:\/\/www.boogaerdthout.nl\/wp-content\/uploads\/2026\/04\/Gemini_Generated_Image_kpybh0kpybh0kpyb.png 1024w, https:\/\/www.boogaerdthout.nl\/wp-content\/uploads\/2026\/04\/Gemini_Generated_Image_kpybh0kpybh0kpyb-300x300.png 300w, https:\/\/www.boogaerdthout.nl\/wp-content\/uploads\/2026\/04\/Gemini_Generated_Image_kpybh0kpybh0kpyb-80x80.png 80w, https:\/\/www.boogaerdthout.nl\/wp-content\/uploads\/2026\/04\/Gemini_Generated_Image_kpybh0kpybh0kpyb-768x768.png 768w, https:\/\/www.boogaerdthout.nl\/wp-content\/uploads\/2026\/04\/Gemini_Generated_Image_kpybh0kpybh0kpyb-12x12.png 12w, https:\/\/www.boogaerdthout.nl\/wp-content\/uploads\/2026\/04\/Gemini_Generated_Image_kpybh0kpybh0kpyb-36x36.png 36w, https:\/\/www.boogaerdthout.nl\/wp-content\/uploads\/2026\/04\/Gemini_Generated_Image_kpybh0kpybh0kpyb-180x180.png 180w, https:\/\/www.boogaerdthout.nl\/wp-content\/uploads\/2026\/04\/Gemini_Generated_Image_kpybh0kpybh0kpyb-705x705.png 705w\" sizes=\"auto, (max-width: 1024px) 100vw, 1024px\" \/>\t\t\t\t<\/p>\n<div class=\"artikel-content\">\n<p>Stage en marketing et ventes<\/p>\n<\/div><\/div>\n<p>        <\/a><\/p><\/div>\n<\/div>\n\t\t<span class=\"seperator extralight-border\"><\/span><\/section><\/div><\/div><\/div><\/div><\/main><!-- close content main element --><\/div><\/div><div id='after_section_1'  class='main_color av_default_container_wrap container_wrap sidebar_right'  ><div class='container av-section-cont-open' ><div class='template-page content  av-content-small alpha units'><div class='post-entry post-entry-type-page post-entry-998'><div class='entry-content-wrapper clearfix'>","protected":false},"excerpt":{"rendered":"","protected":false},"author":3,"featured_media":4060,"parent":224,"menu_order":0,"comment_status":"closed","ping_status":"closed","template":"","meta":{"_acf_changed":false,"footnotes":""},"class_list":["post-998","page","type-page","status-publish","has-post-thumbnail","hentry"],"acf":[],"yoast_head":"<!-- This site is optimized with the Yoast SEO plugin v27.5 - https:\/\/yoast.com\/product\/yoast-seo-wordpress\/ -->\n<title>Waarom kiezen voor houten gevelbekleding? - Boogaerdt Hout<\/title>\n<meta name=\"description\" content=\"Houten gevelbekleding biedt een unieke en natuurlijke uitstraling. Daarnaast heeft het talloze mogelijkheden. Benieuwd welke? Lees onze blog!\" \/>\n<meta name=\"robots\" content=\"index, follow, max-snippet:-1, max-image-preview:large, max-video-preview:-1\" \/>\n<link rel=\"canonical\" href=\"https:\/\/www.boogaerdthout.nl\/fr\/inspiration\/base-de-donnee\/pourquoi-un-bardage-en-bois\/\" \/>\n<meta property=\"og:locale\" content=\"fr_FR\" \/>\n<meta property=\"og:type\" content=\"article\" \/>\n<meta property=\"og:title\" content=\"Waarom kiezen voor houten gevelbekleding? - Boogaerdt Hout\" \/>\n<meta property=\"og:description\" content=\"Houten gevelbekleding biedt een unieke en natuurlijke uitstraling. Daarnaast heeft het talloze mogelijkheden. Benieuwd welke? Lees onze blog!\" \/>\n<meta property=\"og:url\" content=\"https:\/\/www.boogaerdthout.nl\/fr\/inspiration\/base-de-donnee\/pourquoi-un-bardage-en-bois\/\" \/>\n<meta property=\"og:site_name\" content=\"Boogaerdt Hout\" \/>\n<meta property=\"article:modified_time\" content=\"2024-05-27T14:14:41+00:00\" \/>\n<meta property=\"og:image\" content=\"https:\/\/www.boogaerdthout.nl\/wp-content\/uploads\/2024\/05\/Waarom-houten-gevelbekleding.png\" \/>\n\t<meta property=\"og:image:width\" content=\"1200\" \/>\n\t<meta property=\"og:image:height\" content=\"630\" \/>\n\t<meta property=\"og:image:type\" content=\"image\/png\" \/>\n<meta name=\"twitter:label1\" content=\"Dur\u00e9e de lecture estim\u00e9e\" \/>\n\t<meta name=\"twitter:data1\" content=\"3 minutes\" \/>\n<script type=\"application\/ld+json\" class=\"yoast-schema-graph\">{\"@context\":\"https:\\\/\\\/schema.org\",\"@graph\":[{\"@type\":\"WebPage\",\"@id\":\"https:\\\/\\\/www.boogaerdthout.nl\\\/inspiratie\\\/kennisbank\\\/waarom-houten-gevelbekleding\\\/\",\"url\":\"https:\\\/\\\/www.boogaerdthout.nl\\\/inspiratie\\\/kennisbank\\\/waarom-houten-gevelbekleding\\\/\",\"name\":\"Waarom kiezen voor houten gevelbekleding? - Boogaerdt Hout\",\"isPartOf\":{\"@id\":\"https:\\\/\\\/www.boogaerdthout.nl\\\/#website\"},\"primaryImageOfPage\":{\"@id\":\"https:\\\/\\\/www.boogaerdthout.nl\\\/inspiratie\\\/kennisbank\\\/waarom-houten-gevelbekleding\\\/#primaryimage\"},\"image\":{\"@id\":\"https:\\\/\\\/www.boogaerdthout.nl\\\/inspiratie\\\/kennisbank\\\/waarom-houten-gevelbekleding\\\/#primaryimage\"},\"thumbnailUrl\":\"https:\\\/\\\/www.boogaerdthout.nl\\\/wp-content\\\/uploads\\\/2024\\\/05\\\/Waarom-houten-gevelbekleding.png\",\"datePublished\":\"2023-07-12T10:59:06+00:00\",\"dateModified\":\"2024-05-27T14:14:41+00:00\",\"description\":\"Houten gevelbekleding biedt een unieke en natuurlijke uitstraling. Daarnaast heeft het talloze mogelijkheden. Benieuwd welke? Lees onze blog!\",\"breadcrumb\":{\"@id\":\"https:\\\/\\\/www.boogaerdthout.nl\\\/inspiratie\\\/kennisbank\\\/waarom-houten-gevelbekleding\\\/#breadcrumb\"},\"inLanguage\":\"fr-FR\",\"potentialAction\":[{\"@type\":\"ReadAction\",\"target\":[\"https:\\\/\\\/www.boogaerdthout.nl\\\/inspiratie\\\/kennisbank\\\/waarom-houten-gevelbekleding\\\/\"]}]},{\"@type\":\"ImageObject\",\"inLanguage\":\"fr-FR\",\"@id\":\"https:\\\/\\\/www.boogaerdthout.nl\\\/inspiratie\\\/kennisbank\\\/waarom-houten-gevelbekleding\\\/#primaryimage\",\"url\":\"https:\\\/\\\/www.boogaerdthout.nl\\\/wp-content\\\/uploads\\\/2024\\\/05\\\/Waarom-houten-gevelbekleding.png\",\"contentUrl\":\"https:\\\/\\\/www.boogaerdthout.nl\\\/wp-content\\\/uploads\\\/2024\\\/05\\\/Waarom-houten-gevelbekleding.png\",\"width\":1200,\"height\":630},{\"@type\":\"BreadcrumbList\",\"@id\":\"https:\\\/\\\/www.boogaerdthout.nl\\\/inspiratie\\\/kennisbank\\\/waarom-houten-gevelbekleding\\\/#breadcrumb\",\"itemListElement\":[{\"@type\":\"ListItem\",\"position\":1,\"name\":\"Home\",\"item\":\"https:\\\/\\\/www.boogaerdthout.nl\\\/home-2\\\/\"},{\"@type\":\"ListItem\",\"position\":2,\"name\":\"Inspiratie\",\"item\":\"https:\\\/\\\/www.boogaerdthout.nl\\\/inspiratie\\\/\"},{\"@type\":\"ListItem\",\"position\":3,\"name\":\"Kennisbank\",\"item\":\"https:\\\/\\\/www.boogaerdthout.nl\\\/inspiratie\\\/kennisbank\\\/\"},{\"@type\":\"ListItem\",\"position\":4,\"name\":\"Waarom houten gevelbekleding?\"}]},{\"@type\":\"WebSite\",\"@id\":\"https:\\\/\\\/www.boogaerdthout.nl\\\/#website\",\"url\":\"https:\\\/\\\/www.boogaerdthout.nl\\\/\",\"name\":\"Boogaerdt Hout\",\"description\":\"Koninklijke houthandel Boogaerdt B.V.\",\"potentialAction\":[{\"@type\":\"SearchAction\",\"target\":{\"@type\":\"EntryPoint\",\"urlTemplate\":\"https:\\\/\\\/www.boogaerdthout.nl\\\/?s={search_term_string}\"},\"query-input\":{\"@type\":\"PropertyValueSpecification\",\"valueRequired\":true,\"valueName\":\"search_term_string\"}}],\"inLanguage\":\"fr-FR\"}]}<\/script>\n<!-- \/ Yoast SEO plugin. -->","yoast_head_json":{"title":"Pourquoi choisir un bardage en bois ? - Boogaerdt Hout","description":"Le bardage en bois offre un aspect unique et naturel. De plus, il offre d\u2019innombrables possibilit\u00e9s. Curieux de savoir lequel ? Lisez notre blog !","robots":{"index":"index","follow":"follow","max-snippet":"max-snippet:-1","max-image-preview":"max-image-preview:large","max-video-preview":"max-video-preview:-1"},"canonical":"https:\/\/www.boogaerdthout.nl\/fr\/inspiration\/base-de-donnee\/pourquoi-un-bardage-en-bois\/","og_locale":"fr_FR","og_type":"article","og_title":"Waarom kiezen voor houten gevelbekleding? - Boogaerdt Hout","og_description":"Houten gevelbekleding biedt een unieke en natuurlijke uitstraling. Daarnaast heeft het talloze mogelijkheden. Benieuwd welke? Lees onze blog!","og_url":"https:\/\/www.boogaerdthout.nl\/fr\/inspiration\/base-de-donnee\/pourquoi-un-bardage-en-bois\/","og_site_name":"Boogaerdt Hout","article_modified_time":"2024-05-27T14:14:41+00:00","og_image":[{"width":1200,"height":630,"url":"https:\/\/www.boogaerdthout.nl\/wp-content\/uploads\/2024\/05\/Waarom-houten-gevelbekleding.png","type":"image\/png"}],"twitter_misc":{"Dur\u00e9e de lecture estim\u00e9e":"3 minutes"},"schema":{"@context":"https:\/\/schema.org","@graph":[{"@type":"WebPage","@id":"https:\/\/www.boogaerdthout.nl\/inspiratie\/kennisbank\/waarom-houten-gevelbekleding\/","url":"https:\/\/www.boogaerdthout.nl\/inspiratie\/kennisbank\/waarom-houten-gevelbekleding\/","name":"Pourquoi choisir un bardage en bois ? - Boogaerdt Hout","isPartOf":{"@id":"https:\/\/www.boogaerdthout.nl\/#website"},"primaryImageOfPage":{"@id":"https:\/\/www.boogaerdthout.nl\/inspiratie\/kennisbank\/waarom-houten-gevelbekleding\/#primaryimage"},"image":{"@id":"https:\/\/www.boogaerdthout.nl\/inspiratie\/kennisbank\/waarom-houten-gevelbekleding\/#primaryimage"},"thumbnailUrl":"https:\/\/www.boogaerdthout.nl\/wp-content\/uploads\/2024\/05\/Waarom-houten-gevelbekleding.png","datePublished":"2023-07-12T10:59:06+00:00","dateModified":"2024-05-27T14:14:41+00:00","description":"Le bardage en bois offre un aspect unique et naturel. De plus, il offre d\u2019innombrables possibilit\u00e9s. Curieux de savoir lequel ? Lisez notre blog !","breadcrumb":{"@id":"https:\/\/www.boogaerdthout.nl\/inspiratie\/kennisbank\/waarom-houten-gevelbekleding\/#breadcrumb"},"inLanguage":"fr-FR","potentialAction":[{"@type":"ReadAction","target":["https:\/\/www.boogaerdthout.nl\/inspiratie\/kennisbank\/waarom-houten-gevelbekleding\/"]}]},{"@type":"ImageObject","inLanguage":"fr-FR","@id":"https:\/\/www.boogaerdthout.nl\/inspiratie\/kennisbank\/waarom-houten-gevelbekleding\/#primaryimage","url":"https:\/\/www.boogaerdthout.nl\/wp-content\/uploads\/2024\/05\/Waarom-houten-gevelbekleding.png","contentUrl":"https:\/\/www.boogaerdthout.nl\/wp-content\/uploads\/2024\/05\/Waarom-houten-gevelbekleding.png","width":1200,"height":630},{"@type":"BreadcrumbList","@id":"https:\/\/www.boogaerdthout.nl\/inspiratie\/kennisbank\/waarom-houten-gevelbekleding\/#breadcrumb","itemListElement":[{"@type":"ListItem","position":1,"name":"Home","item":"https:\/\/www.boogaerdthout.nl\/home-2\/"},{"@type":"ListItem","position":2,"name":"Inspiratie","item":"https:\/\/www.boogaerdthout.nl\/inspiratie\/"},{"@type":"ListItem","position":3,"name":"Kennisbank","item":"https:\/\/www.boogaerdthout.nl\/inspiratie\/kennisbank\/"},{"@type":"ListItem","position":4,"name":"Waarom houten gevelbekleding?"}]},{"@type":"WebSite","@id":"https:\/\/www.boogaerdthout.nl\/#website","url":"https:\/\/www.boogaerdthout.nl\/","name":"Boogaerdt Hout","description":"Entreprises commerciales Boogaerdt BV","potentialAction":[{"@type":"SearchAction","target":{"@type":"EntryPoint","urlTemplate":"https:\/\/www.boogaerdthout.nl\/?s={search_term_string}"},"query-input":{"@type":"PropertyValueSpecification","valueRequired":true,"valueName":"search_term_string"}}],"inLanguage":"fr-FR"}]}},"_links":{"self":[{"href":"https:\/\/www.boogaerdthout.nl\/fr\/wp-json\/wp\/v2\/pages\/998","targetHints":{"allow":["GET"]}}],"collection":[{"href":"https:\/\/www.boogaerdthout.nl\/fr\/wp-json\/wp\/v2\/pages"}],"about":[{"href":"https:\/\/www.boogaerdthout.nl\/fr\/wp-json\/wp\/v2\/types\/page"}],"author":[{"embeddable":true,"href":"https:\/\/www.boogaerdthout.nl\/fr\/wp-json\/wp\/v2\/users\/3"}],"replies":[{"embeddable":true,"href":"https:\/\/www.boogaerdthout.nl\/fr\/wp-json\/wp\/v2\/comments?post=998"}],"version-history":[{"count":0,"href":"https:\/\/www.boogaerdthout.nl\/fr\/wp-json\/wp\/v2\/pages\/998\/revisions"}],"up":[{"embeddable":true,"href":"https:\/\/www.boogaerdthout.nl\/fr\/wp-json\/wp\/v2\/pages\/224"}],"wp:featuredmedia":[{"embeddable":true,"href":"https:\/\/www.boogaerdthout.nl\/fr\/wp-json\/wp\/v2\/media\/4060"}],"wp:attachment":[{"href":"https:\/\/www.boogaerdthout.nl\/fr\/wp-json\/wp\/v2\/media?parent=998"}],"curies":[{"name":"wp","href":"https:\/\/api.w.org\/{rel}","templated":true}]}}