{"id":901,"date":"2023-07-10T16:10:54","date_gmt":"2023-07-10T14:10:54","guid":{"rendered":"https:\/\/boogaerdthout.bonsaidev.nl\/?page_id=901"},"modified":"2023-07-14T09:54:11","modified_gmt":"2023-07-14T07:54:11","slug":"pose-de-revetement-de-facade","status":"publish","type":"page","link":"https:\/\/www.boogaerdthout.nl\/fr\/inspiratie\/kennisbank\/montage-gevelbekleding\/","title":{"rendered":"Pose de rev\u00eatement de fa\u00e7ade"},"content":{"rendered":"<div id='av_section_1'  class='avia-section av-av_section-05206848b078a6f0d4e991b4f556c241 main_color avia-section-large avia-no-border-styling  avia-builder-el-0  avia-builder-el-no-sibling  avia-bg-style-scroll container_wrap sidebar_right'  ><div class='container av-section-cont-open' ><main  role=\"main\" itemprop=\"mainContentOfPage\"  class='template-page content  av-content-small alpha units'><div class='post-entry post-entry-type-page post-entry-901'><div class='entry-content-wrapper clearfix'>\n<div  class='flex_column av-av_two_third-7714eba142aeda1f8b5272a3c372b279 av_two_third  avia-builder-el-1  el_before_av_one_third  avia-builder-el-first  first flex_column_div'     ><section  class='av_textblock_section av-lk2a5lxl-d972ec489dc39e55036a01979f242666'   itemscope=\"itemscope\" itemtype=\"https:\/\/schema.org\/CreativeWork\" ><div class='avia_textblock'  itemprop=\"text\" ><h1><span style=\"color: #000000;\">Pose de rev\u00eatement de fa\u00e7ade<\/span><\/h1>\n<p>Lors de la cr\u00e9ation d\u2019une fa\u00e7ade, il est essentiel de faire les bons choix en mati\u00e8re de profil\u00e9s de rev\u00eatement de fa\u00e7ade, de charpente, de mat\u00e9riaux de montage et de syst\u00e8mes de finition. Pour les fa\u00e7ades avec murs creux int\u00e9rieurs en pierre, des mat\u00e9riaux isolants, des poteaux en bois et des films r\u00e9sistants \u00e0 l&#039;humidit\u00e9 et perm\u00e9ables \u00e0 la vapeur sont souvent ajout\u00e9s. Dans ce guide vous trouverez des recommandations de mise en \u0153uvre importantes pour r\u00e9ussir la pose du bardage, ainsi que des informations utiles sur la ventilation, la finition et l&#039;entretien.<\/p>\n<\/div><\/section><br \/>\n\n<style type=\"text\/css\" data-created_by=\"avia_inline_auto\" id=\"style-css-av-av_hr-00525114f399e80a8ceb57ca68d251d2\">\n#top .hr.hr-invisible.av-av_hr-00525114f399e80a8ceb57ca68d251d2{\nheight:50px;\n}\n<\/style>\n<div  class='hr av-av_hr-00525114f399e80a8ceb57ca68d251d2 hr-invisible  avia-builder-el-3  el_after_av_textblock  el_before_av_textblock'><span class='hr-inner'><span class=\"hr-inner-style\"><\/span><\/span><\/div><br \/>\n<section  class='av_textblock_section av-lk2a6qh7-e0232a5e2ff2fbe4bd306d882eefa969'   itemscope=\"itemscope\" itemtype=\"https:\/\/schema.org\/CreativeWork\" ><div class='avia_textblock'  itemprop=\"text\" ><h2>Arr\u00eat\u00e9s d&#039;ex\u00e9cution pour la pose des rev\u00eatements de fa\u00e7ade<\/h2>\n<ol>\n<li>Fixer les pi\u00e8ces aux extr\u00e9mit\u00e9s des profil\u00e9s avec un clou ou une vis par point d&#039;appui \u00e0 une distance minimale de 50 mm de l&#039;extr\u00e9mit\u00e9 pour \u00e9viter les fissures en t\u00eate. Le pr\u00e9-per\u00e7age est recommand\u00e9 pour les distances plus petites, les bois modifi\u00e9s et les types de bois plus durs. Pour les points d&#039;appui interm\u00e9diaires, utiliser de pr\u00e9f\u00e9rence une ou deux fixations par ligne, en fonction de la largeur du profil. Maintenir une distance minimale de 15 mm par rapport aux bords. Pour les bardages bois des cabanons ext\u00e9rieurs, il est conseill\u00e9 d&#039;utiliser 2 clous ou vis par point d&#039;appui en raison de l&#039;apport en rigidit\u00e9 et en \u00e9criture.<\/li>\n<li>Placer les pi\u00e8ces avec un jeu de 3 \u00e0 4 mm de largeur pour \u00e9viter tout gonflement. Cela \u00e9vite \u00e9galement les traces de salet\u00e9.<\/li>\n<li>Gardez un espace libre de 7 \u00e0 10 mm entre les pi\u00e8ces et les \u00e9l\u00e9ments de construction adjacents. Lors de la rencontre des profils de rev\u00eatement, veillez \u00e9galement \u00e0 un espace de 7 \u00e0 10 mm entre les pi\u00e8ces. Traitez les extr\u00e9mit\u00e9s avec un scellant \u00e0 bois.<\/li>\n<li>Notez la terminaison en bas de la fa\u00e7ade. Laissez une distance minimale de 200 mm, de pr\u00e9f\u00e9rence 300 mm, entre le bois et le niveau du sol pour \u00e9viter les projections d&#039;humidit\u00e9 et de salet\u00e9. Les finitions dures et plates peuvent provoquer des projections d&#039;humidit\u00e9 et de salet\u00e9 encore plus importantes. Un bac \u00e0 gravier est recommand\u00e9. Si n\u00e9cessaire, des pi\u00e8ces tr\u00e8s durables peuvent \u00eatre plac\u00e9es en dessous de 300 \u00e0 500 mm pour un remplacement facile.<\/li>\n<li>Emp\u00eachez l&#039;eau de p\u00e9n\u00e9trer aux extr\u00e9mit\u00e9s des profil\u00e9s de rev\u00eatement de fa\u00e7ade install\u00e9s verticalement en biseautant ou en utilisant un profil\u00e9 en Z. Traitez les extr\u00e9mit\u00e9s avec un scellant \u00e0 bois. Lors de l&#039;utilisation de profil\u00e9s de recouvrement, tenez compte de l&#039;espace de ventilation requis.<\/li>\n<li>Biseautez la ligne inf\u00e9rieure ou les bords d\u2019extr\u00e9mit\u00e9 vers l\u2019int\u00e9rieur pour cr\u00e9er un larmier.<\/li>\n<li>Lorsque vous rencontrez un rev\u00eatement appliqu\u00e9 verticalement, cr\u00e9ez des biseaux pour les larmiers. Lors de la r\u00e9union, laissez un espace de 7 \u00e0 10 mm entre les pi\u00e8ces.<\/li>\n<li>Assurez-vous que les extr\u00e9mit\u00e9s de la partie (verticale) de la fa\u00e7ade ne se trouvent pas \u00e0 plus de 30 cm du rail arri\u00e8re afin d&#039;\u00e9viter toute dilatation de la fa\u00e7ade. Si n\u00e9cessaire, une ligne suppl\u00e9mentaire peut \u00eatre plac\u00e9e pour s\u00e9curiser l&#039;extr\u00e9mit\u00e9.<\/li>\n<\/ol>\n<\/div><\/section><br \/>\n\n<style type=\"text\/css\" data-created_by=\"avia_inline_auto\" id=\"style-css-av-av_hr-00525114f399e80a8ceb57ca68d251d2\">\n#top .hr.hr-invisible.av-av_hr-00525114f399e80a8ceb57ca68d251d2{\nheight:50px;\n}\n<\/style>\n<div  class='hr av-av_hr-00525114f399e80a8ceb57ca68d251d2 hr-invisible  avia-builder-el-5  el_after_av_textblock  el_before_av_textblock'><span class='hr-inner'><span class=\"hr-inner-style\"><\/span><\/span><\/div><br \/>\n<section  class='av_textblock_section av-lk2a7cym-1150e2c688d7b6fe49828ff22d1ad887'   itemscope=\"itemscope\" itemtype=\"https:\/\/schema.org\/CreativeWork\" ><div class='avia_textblock'  itemprop=\"text\" ><h2>Ventilation du bardage en bois<\/h2>\n<p>Comme les autres mat\u00e9riaux de rev\u00eatement, le bois donne de meilleurs r\u00e9sultats lorsqu&#039;il est mont\u00e9 sur une sous-structure appropri\u00e9e et dans un syst\u00e8me de fa\u00e7ade ventil\u00e9e. Ce type de fa\u00e7ade assure une ventilation continue derri\u00e8re la couche d\u00e9corative, avec des entr\u00e9es et sorties en haut et en bas. Cela permet \u00e0 l\u2019eau de pluie et \u00e0 la condensation de s\u2019\u00e9couler derri\u00e8re le bardage sans perte d\u2019efficacit\u00e9 isolante.<\/p>\n<p>Pour la pose du rev\u00eatement de fa\u00e7ade, il est recommand\u00e9 d&#039;utiliser une sous-structure compos\u00e9e de lattes de bois verticales avec un entraxe de 600 mm maximum. Les dimensions du liteau doivent \u00eatre au minimum de 19 x 44 mm lorsqu&#039;elles sont enti\u00e8rement support\u00e9es (sinon, les dimensions minimales doivent \u00eatre de 25 x 50 mm). Consultez toujours le code du b\u00e2timent et les r\u00e9glementations locales en mati\u00e8re de construction pour toute exigence suppl\u00e9mentaire.<\/p>\n<\/div><\/section><br \/>\n\n<style type=\"text\/css\" data-created_by=\"avia_inline_auto\" id=\"style-css-av-av_hr-00525114f399e80a8ceb57ca68d251d2\">\n#top .hr.hr-invisible.av-av_hr-00525114f399e80a8ceb57ca68d251d2{\nheight:50px;\n}\n<\/style>\n<div  class='hr av-av_hr-00525114f399e80a8ceb57ca68d251d2 hr-invisible  avia-builder-el-7  el_after_av_textblock  el_before_av_textblock'><span class='hr-inner'><span class=\"hr-inner-style\"><\/span><\/span><\/div><br \/>\n<section  class='av_textblock_section av-lk2a8h9j-8c77e978ce5749a1b7fbe874aaf82b1b'   itemscope=\"itemscope\" itemtype=\"https:\/\/schema.org\/CreativeWork\" ><div class='avia_textblock'  itemprop=\"text\" ><h2>Finition, entretien et vieillissement<\/h2>\n<p>Il n\u2019est pas toujours n\u00e9cessaire de doter le rev\u00eatement de fa\u00e7ade d\u2019une finition. Des essences de bois durables et dimensionnellement stables peuvent \u00eatre utilis\u00e9es sans syst\u00e8me de finition, les profil\u00e9s devenant gris sous l&#039;influence du vent et des intemp\u00e9ries. La vitesse et l\u2019\u00e9tendue du vieillissement peuvent varier.<\/p>\n<p>Le grisonnement est possible pour les essences de bois comme le Western Red Cedar et diverses essences de feuillus durables (classe I ou II). Le bois conserv\u00e9 et modifi\u00e9 peut \u00e9galement \u00eatre laiss\u00e9 non trait\u00e9. Lors du processus de grisonnement, des diff\u00e9rences de couleur et de l\u00e9g\u00e8res fissures peuvent appara\u00eetre sur la surface. Utilisez de pr\u00e9f\u00e9rence du bois d&#039;une \u00e9paisseur minimale de 18 mm pour un grisonnement uniforme. Si un grisonnement uniforme est souhait\u00e9, la fa\u00e7ade doit \u00eatre expos\u00e9e aux intemp\u00e9ries de mani\u00e8re uniforme et suffisante. Les surplombs de toit et autres prot\u00e8gent le bois fini, mais ne sont pas recommand\u00e9s pour les rev\u00eatements de fa\u00e7ade que l&#039;on souhaite faire vieillir. Dans de tels cas, l\u2019utilisation de Equal Weathering Stain peut \u00eatre envisag\u00e9e pour la couleur grise (argent\u00e9e) souhait\u00e9e. Attention, le vieillissement peut \u00eatre moins attractif dans un environnement riche en arbres et du c\u00f4t\u00e9 nord des b\u00e2timents. Bien que certaines essences de bois comme le sapin de Douglas soient parfois utilis\u00e9es non trait\u00e9es, il convient de conserver ces essences de bois ou au moins de leur apporter une lasure semi-transparente en raison de la pr\u00e9sence \u00e9ventuelle d&#039;aubier dans les pi\u00e8ces.<\/p>\n<p><em>Sources\u00a0: Houtwijzer Bouwen et Accsys Technologies<\/em><\/p>\n<\/div><\/section><br \/>\n<div  class='avia-button-wrap av-lk2a96cw-bcefa780d6ffc44675236e9ba07c837e-wrap avia-button-left  avia-builder-el-9  el_after_av_textblock  avia-builder-el-last'><a href='https:\/\/www.boogaerdthout.nl\/fr\/over-ons\/behandelingen-van-hout\/'  class='avia-button av-lk2a96cw-bcefa780d6ffc44675236e9ba07c837e av-link-btn avia-icon_select-no avia-size-small avia-position-left avia-color-theme-color'   aria-label=\"Traitements\"><span class='avia_iconbox_title' >Traitements<\/span><\/a><\/div><\/p><\/div><div  class='flex_column av-av_one_third-f1c518e9ff58e869f80c8f093487abc9 av_one_third  avia-builder-el-10  el_after_av_two_third  avia-builder-el-last  flex_column_div'     ><div  class='avia-builder-widget-area clearfix  avia-builder-el-11  avia-builder-el-no-sibling'><section id=\"avia_auto_toc-2\" class=\"widget clearfix avia-widget-container avia_auto_toc avia_no_block_preview\"><div class=\"avia-preview-headline\">Enfold Child Table des contenus<\/div><div class=\"avia-preview-info\">Titre : Contenu de la page<\/div><div class=\"avia-preview-in-front\">Le tableau n\u2019est pas la bonne affiche au moment de sa publication.<\/div><span class=\"seperator extralight-border\"><\/span><\/section><section id=\"text-7\" class=\"widget clearfix widget_text\"><h3 class=\"widgettitle\">Plus d&#039;information<\/h3>\t\t\t<div class=\"textwidget\"><ul>\n<li><a href=\"https:\/\/www.boogaerdthout.nl\/fr\/inspiration\/base-de-donnee\/\">Base de connaissances<\/a><\/li>\n<li><a href=\"https:\/\/www.boogaerdthout.nl\/fr\/a-propos-de-nous\/telechargements\/\">T\u00e9l\u00e9chargements<\/a><\/li>\n<li><a href=\"https:\/\/www.boogaerdthout.nl\/fr\/inspiration\/projets\/\">Projets<\/a><\/li>\n<li><a href=\"https:\/\/www.boogaerdthout.nl\/fr\/profils-de-revetement-de-facade\/\">Profil\u00e9s rev\u00eatement de fa\u00e7ade<\/a><\/li>\n<li><a href=\"https:\/\/www.boogaerdthout.nl\/fr\/profils-terrasse\/\">Profils de terrasse<\/a><\/li>\n<li><a href=\"https:\/\/www.boogaerdthout.nl\/fr\/a-propos-de-nous\/traitements-du-bois\/\">Traitements du bois<\/a><\/li>\n<\/ul>\n<\/div>\n\t\t<span class=\"seperator extralight-border\"><\/span><\/section><section id=\"custom_html-2\" class=\"widget_text widget clearfix widget_custom_html\"><h3 class=\"widgettitle\">Pose ta question<\/h3><div class=\"textwidget custom-html-widget\">\n\n\t\t\n\t    \t    \n        <div class=\"cta-foto\">\n            <img decoding=\"async\" loading=\"lazy\" width=\"600\" height=\"600\" src=\"https:\/\/www.boogaerdthout.nl\/wp-content\/uploads\/2023\/08\/Boogaerdt-personeel-lars-bastiaansen.jpg\" class=\"wp-image-1822 avia-img-lazy-loading-1822 attachment-post-thumbnail size-post-thumbnail wp-post-image\" alt=\"Lars Bastiaansen\" srcset=\"https:\/\/www.boogaerdthout.nl\/wp-content\/uploads\/2023\/08\/Boogaerdt-personeel-lars-bastiaansen.jpg 600w, https:\/\/www.boogaerdthout.nl\/wp-content\/uploads\/2023\/08\/Boogaerdt-personeel-lars-bastiaansen-300x300.jpg 300w, https:\/\/www.boogaerdthout.nl\/wp-content\/uploads\/2023\/08\/Boogaerdt-personeel-lars-bastiaansen-80x80.jpg 80w, https:\/\/www.boogaerdthout.nl\/wp-content\/uploads\/2023\/08\/Boogaerdt-personeel-lars-bastiaansen-36x36.jpg 36w, https:\/\/www.boogaerdthout.nl\/wp-content\/uploads\/2023\/08\/Boogaerdt-personeel-lars-bastiaansen-180x180.jpg 180w\" sizes=\"auto, (max-width: 600px) 100vw, 600px\" \/>        <\/div>\n        <div class=\"cta-info\">\n            <p>Lars Bastiaansen<\/p>\n            <p class=\"functie\">Directeur des ventes<\/p>\n            <p>0180-551 552<\/p>\n            <a href=\"\/fr\/contact\/\" class=\"avia-button avia-icon_select-no avia-size-small btn-side avia-position-left avia-color-theme-color\"><span class=\"avia_iconbox_title\">Envoyer un message<\/span><\/a>\n        <\/div>\n        \n\t\t\n\t\t\n<\/div><span class=\"seperator extralight-border\"><\/span><\/section><section id=\"text-2\" class=\"widget clearfix widget_text\">\t\t\t<div class=\"textwidget\"><div class=\"artikelen\">\n<h4>Articles de presse<\/h4>\n<p>\t\t\t\t\t\t\t<a href=\"https:\/\/www.boogaerdthout.nl\/fr\/2026\/04\/02\/hr-medewerker\/\">\t<\/p>\n<div class=\"wrapper\">\n                <img decoding=\"async\" loading=\"lazy\" width=\"1707\" height=\"1707\" src=\"https:\/\/www.boogaerdthout.nl\/wp-content\/uploads\/2026\/04\/Overleg-Accoya-scaled-e1775138458513.jpg\" class=\"wp-image-5509 avia-img-lazy-loading-5509 attachment-post-thumbnail size-post-thumbnail wp-post-image\" alt=\"\" srcset=\"https:\/\/www.boogaerdthout.nl\/wp-content\/uploads\/2026\/04\/Overleg-Accoya-scaled-e1775138458513.jpg 1707w, https:\/\/www.boogaerdthout.nl\/wp-content\/uploads\/2026\/04\/Overleg-Accoya-scaled-e1775138458513-300x300.jpg 300w, https:\/\/www.boogaerdthout.nl\/wp-content\/uploads\/2026\/04\/Overleg-Accoya-scaled-e1775138458513-1030x1030.jpg 1030w, https:\/\/www.boogaerdthout.nl\/wp-content\/uploads\/2026\/04\/Overleg-Accoya-scaled-e1775138458513-80x80.jpg 80w, https:\/\/www.boogaerdthout.nl\/wp-content\/uploads\/2026\/04\/Overleg-Accoya-scaled-e1775138458513-768x768.jpg 768w, https:\/\/www.boogaerdthout.nl\/wp-content\/uploads\/2026\/04\/Overleg-Accoya-scaled-e1775138458513-1536x1536.jpg 1536w, https:\/\/www.boogaerdthout.nl\/wp-content\/uploads\/2026\/04\/Overleg-Accoya-scaled-e1775138458513-12x12.jpg 12w, https:\/\/www.boogaerdthout.nl\/wp-content\/uploads\/2026\/04\/Overleg-Accoya-scaled-e1775138458513-36x36.jpg 36w, https:\/\/www.boogaerdthout.nl\/wp-content\/uploads\/2026\/04\/Overleg-Accoya-scaled-e1775138458513-180x180.jpg 180w, https:\/\/www.boogaerdthout.nl\/wp-content\/uploads\/2026\/04\/Overleg-Accoya-scaled-e1775138458513-1500x1500.jpg 1500w, https:\/\/www.boogaerdthout.nl\/wp-content\/uploads\/2026\/04\/Overleg-Accoya-scaled-e1775138458513-705x705.jpg 705w, https:\/\/www.boogaerdthout.nl\/wp-content\/uploads\/2026\/04\/Overleg-Accoya-scaled-e1775138458513-400x400.jpg 400w, https:\/\/www.boogaerdthout.nl\/wp-content\/uploads\/2026\/04\/Overleg-Accoya-scaled-e1775138458513-600x600.jpg 600w\" sizes=\"auto, (max-width: 1707px) 100vw, 1707px\" \/>\t\t\t\t<\/p>\n<div class=\"artikel-content\">\n<p>Employ\u00e9 RH (24-32 heures)<\/p>\n<\/div><\/div>\n<p>        <\/a><br \/>\n\t\t\t\t\t\t\t<a href=\"https:\/\/www.boogaerdthout.nl\/fr\/2026\/03\/12\/5416\/\">\t<\/p>\n<div class=\"wrapper\">\n                <img decoding=\"async\" loading=\"lazy\" width=\"1195\" height=\"1195\" src=\"https:\/\/www.boogaerdthout.nl\/wp-content\/uploads\/2026\/02\/Billinga-B-fix-scaled-e1771580756663.png\" class=\"wp-image-5380 avia-img-lazy-loading-5380 attachment-post-thumbnail size-post-thumbnail wp-post-image\" alt=\"\" srcset=\"https:\/\/www.boogaerdthout.nl\/wp-content\/uploads\/2026\/02\/Billinga-B-fix-scaled-e1771580756663.png 1195w, https:\/\/www.boogaerdthout.nl\/wp-content\/uploads\/2026\/02\/Billinga-B-fix-scaled-e1771580756663-300x300.png 300w, https:\/\/www.boogaerdthout.nl\/wp-content\/uploads\/2026\/02\/Billinga-B-fix-scaled-e1771580756663-1030x1030.png 1030w, https:\/\/www.boogaerdthout.nl\/wp-content\/uploads\/2026\/02\/Billinga-B-fix-scaled-e1771580756663-80x80.png 80w, https:\/\/www.boogaerdthout.nl\/wp-content\/uploads\/2026\/02\/Billinga-B-fix-scaled-e1771580756663-768x768.png 768w, https:\/\/www.boogaerdthout.nl\/wp-content\/uploads\/2026\/02\/Billinga-B-fix-scaled-e1771580756663-12x12.png 12w, https:\/\/www.boogaerdthout.nl\/wp-content\/uploads\/2026\/02\/Billinga-B-fix-scaled-e1771580756663-36x36.png 36w, https:\/\/www.boogaerdthout.nl\/wp-content\/uploads\/2026\/02\/Billinga-B-fix-scaled-e1771580756663-180x180.png 180w, https:\/\/www.boogaerdthout.nl\/wp-content\/uploads\/2026\/02\/Billinga-B-fix-scaled-e1771580756663-705x705.png 705w, https:\/\/www.boogaerdthout.nl\/wp-content\/uploads\/2026\/02\/Billinga-B-fix-scaled-e1771580756663-400x400.png 400w, https:\/\/www.boogaerdthout.nl\/wp-content\/uploads\/2026\/02\/Billinga-B-fix-scaled-e1771580756663-600x600.png 600w\" sizes=\"auto, (max-width: 1195px) 100vw, 1195px\" \/>\t\t\t\t<\/p>\n<div class=\"artikel-content\">\n<p>La saison des terrasses est ouverte.<\/p>\n<\/div><\/div>\n<p>        <\/a><br \/>\n\t\t\t\t\t\t\t<a href=\"https:\/\/www.boogaerdthout.nl\/fr\/2026\/03\/08\/stage-marketing\/\">\t<\/p>\n<div class=\"wrapper\">\n                <img decoding=\"async\" loading=\"lazy\" width=\"1024\" height=\"1024\" src=\"https:\/\/www.boogaerdthout.nl\/wp-content\/uploads\/2026\/04\/Gemini_Generated_Image_kpybh0kpybh0kpyb.png\" class=\"wp-image-5517 avia-img-lazy-loading-5517 attachment-post-thumbnail size-post-thumbnail wp-post-image\" alt=\"\" srcset=\"https:\/\/www.boogaerdthout.nl\/wp-content\/uploads\/2026\/04\/Gemini_Generated_Image_kpybh0kpybh0kpyb.png 1024w, https:\/\/www.boogaerdthout.nl\/wp-content\/uploads\/2026\/04\/Gemini_Generated_Image_kpybh0kpybh0kpyb-300x300.png 300w, https:\/\/www.boogaerdthout.nl\/wp-content\/uploads\/2026\/04\/Gemini_Generated_Image_kpybh0kpybh0kpyb-80x80.png 80w, https:\/\/www.boogaerdthout.nl\/wp-content\/uploads\/2026\/04\/Gemini_Generated_Image_kpybh0kpybh0kpyb-768x768.png 768w, https:\/\/www.boogaerdthout.nl\/wp-content\/uploads\/2026\/04\/Gemini_Generated_Image_kpybh0kpybh0kpyb-12x12.png 12w, https:\/\/www.boogaerdthout.nl\/wp-content\/uploads\/2026\/04\/Gemini_Generated_Image_kpybh0kpybh0kpyb-36x36.png 36w, https:\/\/www.boogaerdthout.nl\/wp-content\/uploads\/2026\/04\/Gemini_Generated_Image_kpybh0kpybh0kpyb-180x180.png 180w, https:\/\/www.boogaerdthout.nl\/wp-content\/uploads\/2026\/04\/Gemini_Generated_Image_kpybh0kpybh0kpyb-705x705.png 705w\" sizes=\"auto, (max-width: 1024px) 100vw, 1024px\" \/>\t\t\t\t<\/p>\n<div class=\"artikel-content\">\n<p>Stage en marketing et ventes<\/p>\n<\/div><\/div>\n<p>        <\/a><\/p><\/div>\n<\/div>\n\t\t<span class=\"seperator extralight-border\"><\/span><\/section><\/div><\/div><\/div><\/div><\/main><!-- close content main element --><\/div><\/div><div id='after_section_1'  class='main_color av_default_container_wrap container_wrap sidebar_right'  ><div class='container av-section-cont-open' ><div class='template-page content  av-content-small alpha units'><div class='post-entry post-entry-type-page post-entry-901'><div class='entry-content-wrapper clearfix'>","protected":false},"excerpt":{"rendered":"","protected":false},"author":3,"featured_media":0,"parent":224,"menu_order":0,"comment_status":"closed","ping_status":"closed","template":"","meta":{"_acf_changed":false,"footnotes":""},"class_list":["post-901","page","type-page","status-publish","hentry"],"acf":[],"yoast_head":"<!-- This site is optimized with the Yoast SEO plugin v27.5 - https:\/\/yoast.com\/product\/yoast-seo-wordpress\/ -->\n<title>Montage gevelbekleding - Boogaerdt Hout<\/title>\n<meta name=\"robots\" content=\"index, follow, max-snippet:-1, max-image-preview:large, max-video-preview:-1\" \/>\n<link rel=\"canonical\" href=\"https:\/\/www.boogaerdthout.nl\/fr\/inspiration\/base-de-donnee\/pose-de-revetement-de-facade\/\" \/>\n<meta property=\"og:locale\" content=\"fr_FR\" \/>\n<meta property=\"og:type\" content=\"article\" \/>\n<meta property=\"og:title\" content=\"Montage gevelbekleding - Boogaerdt Hout\" \/>\n<meta property=\"og:url\" content=\"https:\/\/www.boogaerdthout.nl\/fr\/inspiration\/base-de-donnee\/pose-de-revetement-de-facade\/\" \/>\n<meta property=\"og:site_name\" content=\"Boogaerdt Hout\" \/>\n<meta property=\"article:modified_time\" content=\"2023-07-14T07:54:11+00:00\" \/>\n<script type=\"application\/ld+json\" class=\"yoast-schema-graph\">{\"@context\":\"https:\\\/\\\/schema.org\",\"@graph\":[{\"@type\":\"WebPage\",\"@id\":\"https:\\\/\\\/www.boogaerdthout.nl\\\/inspiratie\\\/kennisbank\\\/montage-gevelbekleding\\\/\",\"url\":\"https:\\\/\\\/www.boogaerdthout.nl\\\/inspiratie\\\/kennisbank\\\/montage-gevelbekleding\\\/\",\"name\":\"Montage gevelbekleding - Boogaerdt Hout\",\"isPartOf\":{\"@id\":\"https:\\\/\\\/www.boogaerdthout.nl\\\/#website\"},\"datePublished\":\"2023-07-10T14:10:54+00:00\",\"dateModified\":\"2023-07-14T07:54:11+00:00\",\"breadcrumb\":{\"@id\":\"https:\\\/\\\/www.boogaerdthout.nl\\\/inspiratie\\\/kennisbank\\\/montage-gevelbekleding\\\/#breadcrumb\"},\"inLanguage\":\"fr-FR\",\"potentialAction\":[{\"@type\":\"ReadAction\",\"target\":[\"https:\\\/\\\/www.boogaerdthout.nl\\\/inspiratie\\\/kennisbank\\\/montage-gevelbekleding\\\/\"]}]},{\"@type\":\"BreadcrumbList\",\"@id\":\"https:\\\/\\\/www.boogaerdthout.nl\\\/inspiratie\\\/kennisbank\\\/montage-gevelbekleding\\\/#breadcrumb\",\"itemListElement\":[{\"@type\":\"ListItem\",\"position\":1,\"name\":\"Home\",\"item\":\"https:\\\/\\\/www.boogaerdthout.nl\\\/home-2\\\/\"},{\"@type\":\"ListItem\",\"position\":2,\"name\":\"Inspiratie\",\"item\":\"https:\\\/\\\/www.boogaerdthout.nl\\\/inspiratie\\\/\"},{\"@type\":\"ListItem\",\"position\":3,\"name\":\"Kennisbank\",\"item\":\"https:\\\/\\\/www.boogaerdthout.nl\\\/inspiratie\\\/kennisbank\\\/\"},{\"@type\":\"ListItem\",\"position\":4,\"name\":\"Montage gevelbekleding\"}]},{\"@type\":\"WebSite\",\"@id\":\"https:\\\/\\\/www.boogaerdthout.nl\\\/#website\",\"url\":\"https:\\\/\\\/www.boogaerdthout.nl\\\/\",\"name\":\"Boogaerdt Hout\",\"description\":\"Koninklijke houthandel Boogaerdt B.V.\",\"potentialAction\":[{\"@type\":\"SearchAction\",\"target\":{\"@type\":\"EntryPoint\",\"urlTemplate\":\"https:\\\/\\\/www.boogaerdthout.nl\\\/?s={search_term_string}\"},\"query-input\":{\"@type\":\"PropertyValueSpecification\",\"valueRequired\":true,\"valueName\":\"search_term_string\"}}],\"inLanguage\":\"fr-FR\"}]}<\/script>\n<!-- \/ Yoast SEO plugin. -->","yoast_head_json":{"title":"Pose de rev\u00eatement de fa\u00e7ade - Boogaerdt Hout","robots":{"index":"index","follow":"follow","max-snippet":"max-snippet:-1","max-image-preview":"max-image-preview:large","max-video-preview":"max-video-preview:-1"},"canonical":"https:\/\/www.boogaerdthout.nl\/fr\/inspiration\/base-de-donnee\/pose-de-revetement-de-facade\/","og_locale":"fr_FR","og_type":"article","og_title":"Montage gevelbekleding - Boogaerdt Hout","og_url":"https:\/\/www.boogaerdthout.nl\/fr\/inspiration\/base-de-donnee\/pose-de-revetement-de-facade\/","og_site_name":"Boogaerdt Hout","article_modified_time":"2023-07-14T07:54:11+00:00","schema":{"@context":"https:\/\/schema.org","@graph":[{"@type":"WebPage","@id":"https:\/\/www.boogaerdthout.nl\/inspiratie\/kennisbank\/montage-gevelbekleding\/","url":"https:\/\/www.boogaerdthout.nl\/inspiratie\/kennisbank\/montage-gevelbekleding\/","name":"Pose de rev\u00eatement de fa\u00e7ade - Boogaerdt Hout","isPartOf":{"@id":"https:\/\/www.boogaerdthout.nl\/#website"},"datePublished":"2023-07-10T14:10:54+00:00","dateModified":"2023-07-14T07:54:11+00:00","breadcrumb":{"@id":"https:\/\/www.boogaerdthout.nl\/inspiratie\/kennisbank\/montage-gevelbekleding\/#breadcrumb"},"inLanguage":"fr-FR","potentialAction":[{"@type":"ReadAction","target":["https:\/\/www.boogaerdthout.nl\/inspiratie\/kennisbank\/montage-gevelbekleding\/"]}]},{"@type":"BreadcrumbList","@id":"https:\/\/www.boogaerdthout.nl\/inspiratie\/kennisbank\/montage-gevelbekleding\/#breadcrumb","itemListElement":[{"@type":"ListItem","position":1,"name":"Home","item":"https:\/\/www.boogaerdthout.nl\/home-2\/"},{"@type":"ListItem","position":2,"name":"Inspiratie","item":"https:\/\/www.boogaerdthout.nl\/inspiratie\/"},{"@type":"ListItem","position":3,"name":"Kennisbank","item":"https:\/\/www.boogaerdthout.nl\/inspiratie\/kennisbank\/"},{"@type":"ListItem","position":4,"name":"Montage gevelbekleding"}]},{"@type":"WebSite","@id":"https:\/\/www.boogaerdthout.nl\/#website","url":"https:\/\/www.boogaerdthout.nl\/","name":"Boogaerdt Hout","description":"Entreprises commerciales Boogaerdt BV","potentialAction":[{"@type":"SearchAction","target":{"@type":"EntryPoint","urlTemplate":"https:\/\/www.boogaerdthout.nl\/?s={search_term_string}"},"query-input":{"@type":"PropertyValueSpecification","valueRequired":true,"valueName":"search_term_string"}}],"inLanguage":"fr-FR"}]}},"_links":{"self":[{"href":"https:\/\/www.boogaerdthout.nl\/fr\/wp-json\/wp\/v2\/pages\/901","targetHints":{"allow":["GET"]}}],"collection":[{"href":"https:\/\/www.boogaerdthout.nl\/fr\/wp-json\/wp\/v2\/pages"}],"about":[{"href":"https:\/\/www.boogaerdthout.nl\/fr\/wp-json\/wp\/v2\/types\/page"}],"author":[{"embeddable":true,"href":"https:\/\/www.boogaerdthout.nl\/fr\/wp-json\/wp\/v2\/users\/3"}],"replies":[{"embeddable":true,"href":"https:\/\/www.boogaerdthout.nl\/fr\/wp-json\/wp\/v2\/comments?post=901"}],"version-history":[{"count":0,"href":"https:\/\/www.boogaerdthout.nl\/fr\/wp-json\/wp\/v2\/pages\/901\/revisions"}],"up":[{"embeddable":true,"href":"https:\/\/www.boogaerdthout.nl\/fr\/wp-json\/wp\/v2\/pages\/224"}],"wp:attachment":[{"href":"https:\/\/www.boogaerdthout.nl\/fr\/wp-json\/wp\/v2\/media?parent=901"}],"curies":[{"name":"wp","href":"https:\/\/api.w.org\/{rel}","templated":true}]}}