{"id":87,"date":"2023-05-08T11:32:28","date_gmt":"2023-05-08T09:32:28","guid":{"rendered":"https:\/\/boogaerdthout.bonsaidev.nl\/?page_id=87"},"modified":"2023-10-12T11:52:17","modified_gmt":"2023-10-12T09:52:17","slug":"applications-du-bois","status":"publish","type":"page","link":"https:\/\/www.boogaerdthout.nl\/fr\/houttoepassingen\/","title":{"rendered":"Applications du bois"},"content":{"rendered":"<div id='av_section_1'  class='avia-section av-fqecf-127bfc9f391364006e614dede56d8029 main_color avia-section-default avia-no-border-styling  avia-builder-el-0  el_before_av_section  avia-builder-el-first  avia-bg-style-scroll container_wrap sidebar_right'  ><div class='container av-section-cont-open' ><main  role=\"main\" itemprop=\"mainContentOfPage\"  class='template-page content  av-content-small alpha units'><div class='post-entry post-entry-type-page post-entry-87'><div class='entry-content-wrapper clearfix'>\n\n<style type=\"text\/css\" data-created_by=\"avia_inline_auto\" id=\"style-css-av-f459j-64ccb46d561f42531c4a5228263cc962\">\n.flex_column.av-f459j-64ccb46d561f42531c4a5228263cc962{\nwidth:65.833333333333%;\n}\n<\/style>\n<div  class='flex_column av-f459j-64ccb46d561f42531c4a5228263cc962 av_two_third  avia-builder-el-1  el_before_av_one_third  avia-builder-el-first  first flex_column_div'     ><style type=\"text\/css\" data-created_by=\"avia_inline_auto\" id=\"style-css-av-lhew2owc-73219d5871fb820f8b3c9d6d2b5fe7d3\">\n#top .av_textblock_section.av-lhew2owc-73219d5871fb820f8b3c9d6d2b5fe7d3 .avia_textblock{\nfont-size:22px;\n}\n<\/style>\n<section  class='av_textblock_section av-lhew2owc-73219d5871fb820f8b3c9d6d2b5fe7d3'   itemscope=\"itemscope\" itemtype=\"https:\/\/schema.org\/CreativeWork\" ><div class='avia_textblock'  itemprop=\"text\" ><h2>Sp\u00e9cialisation dans diverses applications du bois<\/h2>\n<p>Nos collaborateurs ont chacun leur sp\u00e9cialit\u00e9. L'\u00e9quipe de vente dispose d'une vaste connaissance du bois et se sp\u00e9cialise dans les applications du bois sp\u00e9cifiques au client. \u00c0 Krimpen aan de Lek, nous disposons de notre propre scierie de bois m\u00e9canique et de bois rond. Pour les op\u00e9rations suppl\u00e9mentaires, nous travaillons en \u00e9troite collaboration avec des partenaires externes. Cela vous offre des possibilit\u00e9s presque illimit\u00e9es pour vos projets sp\u00e9cifiques. Ensemble, nous aimons trouver des solutions durables dans le domaine du bois.<\/p>\n<\/div><\/section><br \/>\n\n<style type=\"text\/css\" data-created_by=\"avia_inline_auto\" id=\"style-css-av-egqfv-c70c1a28fffd7f98cbd355b94363fcce\">\n#top .hr.hr-invisible.av-egqfv-c70c1a28fffd7f98cbd355b94363fcce{\nheight:35px;\n}\n<\/style>\n<div  class='hr av-egqfv-c70c1a28fffd7f98cbd355b94363fcce hr-invisible  avia-builder-el-3  el_after_av_textblock  avia-builder-el-last'><span class='hr-inner'><span class=\"hr-inner-style\"><\/span><\/span><\/div><\/p><\/div>\n<style type=\"text\/css\" data-created_by=\"avia_inline_auto\" id=\"style-css-av-e6vqf-f65dce1cf9a267758384dd9cbabcb3e4\">\n.flex_column.av-e6vqf-f65dce1cf9a267758384dd9cbabcb3e4{\nwidth:31.666666666667%;\nmargin-left:2.5%;\n}\n<\/style>\n<div  class='flex_column av-e6vqf-f65dce1cf9a267758384dd9cbabcb3e4 av_one_third  avia-builder-el-4  el_after_av_two_third  el_before_av_one_full  flex_column_div'     ><\/div><div  class='flex_column av-d6i0f-8ff51c0203a05f8a149438b02f37b2bf av_one_full  avia-builder-el-5  el_after_av_one_third  avia-builder-el-last  first flex_column_div  column-top-margin'     ><\/div>\n\n<\/div><\/div><\/main><!-- close content main element --><\/div><\/div>\n<style type=\"text\/css\" data-created_by=\"avia_inline_auto\" id=\"style-css-av-cdfsj-b2cb29e477584c479f85ede5fb0b9728\">\n.avia-section.av-cdfsj-b2cb29e477584c479f85ede5fb0b9728{\nmargin-top:-60px;\nmargin-bottom:0px;\n}\n<\/style>\n<div id='av_section_2'  class='avia-section av-cdfsj-b2cb29e477584c479f85ede5fb0b9728 main_color avia-section-large avia-no-border-styling  avia-builder-el-7  el_after_av_section  avia-builder-el-last  avia-bg-style-scroll container_wrap sidebar_right'  ><div class='container av-section-cont-open' ><div class='template-page content  av-content-small alpha units'><div class='post-entry post-entry-type-page post-entry-87'><div class='entry-content-wrapper clearfix'>\n<div class='flex_column_table av-1hl03-d93d5101fc00efa18392b1519d848d13 sc-av_two_fifth av-break-at-tablet-flextable av-equal-height-column-flextable'>\n<style type=\"text\/css\" data-created_by=\"avia_inline_auto\" id=\"style-css-av-1hl03-d93d5101fc00efa18392b1519d848d13\">\n.flex_column.av-1hl03-d93d5101fc00efa18392b1519d848d13{\npadding:40px 90px 40px 40px;\nbackground:url(https:\/\/www.boogaerdthout.nl\/wp-content\/uploads\/2023\/09\/staaltjes-1030x1030.png) 50% 50% no-repeat scroll ;\n}\n\n@media only screen and (min-width: 768px) and (max-width: 989px){ \n.flex_column.av-1hl03-d93d5101fc00efa18392b1519d848d13{\npadding:40px 40px 40px 40px;\n}\n}\n\n@media only screen and (min-width: 480px) and (max-width: 767px){ \n.flex_column.av-1hl03-d93d5101fc00efa18392b1519d848d13{\npadding:40px 40px 40px 40px;\n}\n}\n\n@media only screen and (max-width: 479px){ \n.flex_column.av-1hl03-d93d5101fc00efa18392b1519d848d13{\npadding:40px 40px 40px 40px;\n}\n}\n<\/style>\n<div  class='flex_column av-1hl03-d93d5101fc00efa18392b1519d848d13 av_two_fifth  avia-builder-el-8  el_before_av_three_fifth  avia-builder-el-first  first no_margin av-break-at-tablet flex_column_table_cell av-equal-height-column av-align-bottom avia-full-stretch'     ><section  class='av_textblock_section av-11iar-574299f2e83818b85eaec4f564e34fa9'   itemscope=\"itemscope\" itemtype=\"https:\/\/schema.org\/CreativeWork\" ><div class='avia_textblock samples-logo-border'  itemprop=\"text\" ><p><img loading=\"lazy\" decoding=\"async\" class=\"alignnone wp-image-269\" src=\"https:\/\/www.boogaerdthout.nl\/wp-content\/uploads\/2023\/05\/Samples-logo.png\" alt=\"logo des applications en bois\" width=\"152\" height=\"56\" srcset=\"https:\/\/www.boogaerdthout.nl\/wp-content\/uploads\/2023\/05\/Samples-logo.png 309w, https:\/\/www.boogaerdthout.nl\/wp-content\/uploads\/2023\/05\/Samples-logo-300x111.png 300w\" sizes=\"auto, (max-width: 152px) 100vw, 152px\" \/><\/p>\n<\/div><\/section><\/div>\n<style type=\"text\/css\" data-created_by=\"avia_inline_auto\" id=\"style-css-av-a7iur-98e40b603e96f3f3596621922c6db541\">\n.flex_column.av-a7iur-98e40b603e96f3f3596621922c6db541{\nborder-width:1px;\nborder-color:#ffffff;\nborder-style:solid;\npadding:70px 80px 70px 80px;\n}\n<\/style>\n<div  class='flex_column av-a7iur-98e40b603e96f3f3596621922c6db541 av_three_fifth  avia-builder-el-10  el_after_av_two_fifth  avia-builder-el-last  kwaliteit no_margin av-break-at-tablet flex_column_table_cell av-equal-height-column av-align-bottom'     ><section  class='av_textblock_section av-102ln-abb2d2e5718d19a523e72cbe9f2197ea'   itemscope=\"itemscope\" itemtype=\"https:\/\/schema.org\/CreativeWork\" ><div class='avia_textblock'  itemprop=\"text\" ><h4>Difficult\u00e9 \u00e0 choisir ?<\/h4>\n<\/div><\/section><br \/>\n\n<style type=\"text\/css\" data-created_by=\"avia_inline_auto\" id=\"style-css-av-92j07-3bbf96bdfae9c1962e48fb7d9493d93b\">\n#top .hr.hr-invisible.av-92j07-3bbf96bdfae9c1962e48fb7d9493d93b{\nheight:65px;\n}\n<\/style>\n<div  class='hr av-92j07-3bbf96bdfae9c1962e48fb7d9493d93b hr-invisible  avia-builder-el-12  el_after_av_textblock  el_before_av_textblock'><span class='hr-inner'><span class=\"hr-inner-style\"><\/span><\/span><\/div><br \/>\n<section  class='av_textblock_section av-8k6cv-724400f751815634760b4bbb84aa2dda'   itemscope=\"itemscope\" itemtype=\"https:\/\/schema.org\/CreativeWork\" ><div class='avia_textblock'  itemprop=\"text\" ><h2>Vous voulez sentir la qualit\u00e9<\/h2>\n<\/div><\/section><br \/>\n\n<style type=\"text\/css\" data-created_by=\"avia_inline_auto\" id=\"style-css-av-7y5av-204197f60dccbe401bab922c7d832d8a\">\n#top .hr.hr-invisible.av-7y5av-204197f60dccbe401bab922c7d832d8a{\nheight:1px;\n}\n<\/style>\n<div  class='hr av-7y5av-204197f60dccbe401bab922c7d832d8a hr-invisible  avia-builder-el-14  el_after_av_textblock  el_before_av_textblock'><span class='hr-inner'><span class=\"hr-inner-style\"><\/span><\/span><\/div><br \/>\n<section  class='av_textblock_section av-79o4n-43619b69a67a634c3ed5e30c6b566c2b'   itemscope=\"itemscope\" itemtype=\"https:\/\/schema.org\/CreativeWork\" ><div class='avia_textblock'  itemprop=\"text\" ><p>Vous voulez plus d'informations et une image des mat\u00e9riaux ? Il vous suffit de demander un \u00e9chantillon gratuit via notre service d'\u00e9chantillons. Vous ne savez toujours pas quels mat\u00e9riaux et quelles applications choisir ? Demandez conseil \u00e0 nos sp\u00e9cialistes ou visitez notre salle d'exposition.<\/p>\n<\/div><\/section><br \/>\n\n<style type=\"text\/css\" data-created_by=\"avia_inline_auto\" id=\"style-css-av-ovlb-85eb87a282c2956766063f2a7f0a5f8d\">\n#top .hr.hr-invisible.av-ovlb-85eb87a282c2956766063f2a7f0a5f8d{\nheight:110px;\n}\n<\/style>\n<div  class='hr av-ovlb-85eb87a282c2956766063f2a7f0a5f8d hr-invisible  avia-builder-el-16  el_after_av_textblock  el_before_av_buttonrow  av-small-hide av-mini-hide'><span class='hr-inner'><span class=\"hr-inner-style\"><\/span><\/span><\/div><br \/>\n<div  class='avia-buttonrow-wrap av-6f67n-17bd938bc108a22f694e271e79436be3 avia-buttonrow-left  avia-builder-el-17  el_after_av_hr  avia-builder-el-last'>\n\n<style type=\"text\/css\" data-created_by=\"avia_inline_auto\" id=\"style-css-av-5hbgn-0c56c25441edbbc6fe8967db66d960bb\">\n#top #wrap_all .avia-button.av-5hbgn-0c56c25441edbbc6fe8967db66d960bb{\nmargin-bottom:20px;\nmargin-right:20px;\n}\n<\/style>\n<a href='https:\/\/www.boogaerdthout.nl\/fr\/samples\/'  class='avia-button av-5hbgn-0c56c25441edbbc6fe8967db66d960bb avia-icon_select-no avia-size-small avia-color-theme-color-highlight'   aria-label=\"Commande d&#039;\u00e9chantillons\"><span class='avia_iconbox_title' >Commande d'\u00e9chantillons<\/span><\/a>\n\n<style type=\"text\/css\" data-created_by=\"avia_inline_auto\" id=\"style-css-av-4xivv-491f6ac04847ea3583263756b9a59d67\">\n#top #wrap_all .avia-button.av-4xivv-491f6ac04847ea3583263756b9a59d67{\nmargin-bottom:20px;\nmargin-right:20px;\n}\n<\/style>\n<a href='https:\/\/www.boogaerdthout.nl\/fr\/contact\/'  class='avia-button av-4xivv-491f6ac04847ea3583263756b9a59d67 avia-icon_select-no avia-size-small avia-color-theme-color'   aria-label=\"Prendre contact\"><span class='avia_iconbox_title' >Prendre contact<\/span><\/a>\n<\/div><\/p><\/div><\/div><!--close column table wrapper. Autoclose: 1 --><\/div><\/div><\/div><!-- close content main div --><\/div><\/div><div id='after_section_2'  class='main_color av_default_container_wrap container_wrap sidebar_right'  ><div class='container av-section-cont-open' ><div class='template-page content  av-content-small alpha units'><div class='post-entry post-entry-type-page post-entry-87'><div class='entry-content-wrapper clearfix'>","protected":false},"excerpt":{"rendered":"","protected":false},"author":1,"featured_media":0,"parent":0,"menu_order":0,"comment_status":"closed","ping_status":"closed","template":"","meta":{"_acf_changed":false,"footnotes":""},"class_list":["post-87","page","type-page","status-publish","hentry"],"acf":[],"yoast_head":"<!-- This site is optimized with the Yoast SEO plugin v27.3 - https:\/\/yoast.com\/product\/yoast-seo-wordpress\/ -->\n<title>Houttoepassingen - Boogaerdt Hout<\/title>\n<meta name=\"description\" content=\"Ons team heeft elk een specialisme. Het verkoopteam heeft een brede houtkennis en is gespecialiseerd in klant specifieke houttoepassingen\" \/>\n<meta name=\"robots\" content=\"index, follow, max-snippet:-1, max-image-preview:large, max-video-preview:-1\" \/>\n<link rel=\"canonical\" href=\"https:\/\/www.boogaerdthout.nl\/fr\/applications-du-bois\/\" \/>\n<meta property=\"og:locale\" content=\"fr_FR\" \/>\n<meta property=\"og:type\" content=\"article\" \/>\n<meta property=\"og:title\" content=\"Houttoepassingen - Boogaerdt Hout\" \/>\n<meta property=\"og:description\" content=\"Ons team heeft elk een specialisme. Het verkoopteam heeft een brede houtkennis en is gespecialiseerd in klant specifieke houttoepassingen\" \/>\n<meta property=\"og:url\" content=\"https:\/\/www.boogaerdthout.nl\/fr\/applications-du-bois\/\" \/>\n<meta property=\"og:site_name\" content=\"Boogaerdt Hout\" \/>\n<meta property=\"article:modified_time\" content=\"2023-10-12T09:52:17+00:00\" \/>\n<meta property=\"og:image\" content=\"https:\/\/www.boogaerdthout.nl\/wp-content\/uploads\/2023\/05\/Samples-logo.png\" \/>\n<meta name=\"twitter:label1\" content=\"Dur\u00e9e de lecture estim\u00e9e\" \/>\n\t<meta name=\"twitter:data1\" content=\"6 minutes\" \/>\n<script type=\"application\/ld+json\" class=\"yoast-schema-graph\">{\"@context\":\"https:\\\/\\\/schema.org\",\"@graph\":[{\"@type\":\"WebPage\",\"@id\":\"https:\\\/\\\/www.boogaerdthout.nl\\\/houttoepassingen\\\/\",\"url\":\"https:\\\/\\\/www.boogaerdthout.nl\\\/houttoepassingen\\\/\",\"name\":\"Houttoepassingen - Boogaerdt Hout\",\"isPartOf\":{\"@id\":\"https:\\\/\\\/www.boogaerdthout.nl\\\/#website\"},\"primaryImageOfPage\":{\"@id\":\"https:\\\/\\\/www.boogaerdthout.nl\\\/houttoepassingen\\\/#primaryimage\"},\"image\":{\"@id\":\"https:\\\/\\\/www.boogaerdthout.nl\\\/houttoepassingen\\\/#primaryimage\"},\"thumbnailUrl\":\"https:\\\/\\\/www.boogaerdthout.nl\\\/wp-content\\\/uploads\\\/2023\\\/05\\\/Samples-logo.png\",\"datePublished\":\"2023-05-08T09:32:28+00:00\",\"dateModified\":\"2023-10-12T09:52:17+00:00\",\"description\":\"Ons team heeft elk een specialisme. Het verkoopteam heeft een brede houtkennis en is gespecialiseerd in klant specifieke houttoepassingen\",\"breadcrumb\":{\"@id\":\"https:\\\/\\\/www.boogaerdthout.nl\\\/houttoepassingen\\\/#breadcrumb\"},\"inLanguage\":\"fr-FR\",\"potentialAction\":[{\"@type\":\"ReadAction\",\"target\":[\"https:\\\/\\\/www.boogaerdthout.nl\\\/houttoepassingen\\\/\"]}]},{\"@type\":\"ImageObject\",\"inLanguage\":\"fr-FR\",\"@id\":\"https:\\\/\\\/www.boogaerdthout.nl\\\/houttoepassingen\\\/#primaryimage\",\"url\":\"https:\\\/\\\/www.boogaerdthout.nl\\\/wp-content\\\/uploads\\\/2023\\\/05\\\/Samples-logo.png\",\"contentUrl\":\"https:\\\/\\\/www.boogaerdthout.nl\\\/wp-content\\\/uploads\\\/2023\\\/05\\\/Samples-logo.png\"},{\"@type\":\"BreadcrumbList\",\"@id\":\"https:\\\/\\\/www.boogaerdthout.nl\\\/houttoepassingen\\\/#breadcrumb\",\"itemListElement\":[{\"@type\":\"ListItem\",\"position\":1,\"name\":\"Home\",\"item\":\"https:\\\/\\\/www.boogaerdthout.nl\\\/home-2\\\/\"},{\"@type\":\"ListItem\",\"position\":2,\"name\":\"Houttoepassingen\"}]},{\"@type\":\"WebSite\",\"@id\":\"https:\\\/\\\/www.boogaerdthout.nl\\\/#website\",\"url\":\"https:\\\/\\\/www.boogaerdthout.nl\\\/\",\"name\":\"Boogaerdt Hout\",\"description\":\"Koninklijke houthandel Boogaerdt B.V.\",\"potentialAction\":[{\"@type\":\"SearchAction\",\"target\":{\"@type\":\"EntryPoint\",\"urlTemplate\":\"https:\\\/\\\/www.boogaerdthout.nl\\\/?s={search_term_string}\"},\"query-input\":{\"@type\":\"PropertyValueSpecification\",\"valueRequired\":true,\"valueName\":\"search_term_string\"}}],\"inLanguage\":\"fr-FR\"}]}<\/script>\n<!-- \/ Yoast SEO plugin. -->","yoast_head_json":{"title":"Applications du bois - Boogaerdt Hout","description":"Notre \u00e9quipe a chacune une sp\u00e9cialisation. L&#039;\u00e9quipe commerciale poss\u00e8de une vaste connaissance du bois et est sp\u00e9cialis\u00e9e dans les applications du bois sp\u00e9cifiques aux clients.","robots":{"index":"index","follow":"follow","max-snippet":"max-snippet:-1","max-image-preview":"max-image-preview:large","max-video-preview":"max-video-preview:-1"},"canonical":"https:\/\/www.boogaerdthout.nl\/fr\/applications-du-bois\/","og_locale":"fr_FR","og_type":"article","og_title":"Houttoepassingen - Boogaerdt Hout","og_description":"Ons team heeft elk een specialisme. Het verkoopteam heeft een brede houtkennis en is gespecialiseerd in klant specifieke houttoepassingen","og_url":"https:\/\/www.boogaerdthout.nl\/fr\/applications-du-bois\/","og_site_name":"Boogaerdt Hout","article_modified_time":"2023-10-12T09:52:17+00:00","og_image":[{"url":"https:\/\/www.boogaerdthout.nl\/wp-content\/uploads\/2023\/05\/Samples-logo.png","type":"","width":"","height":""}],"twitter_misc":{"Dur\u00e9e de lecture estim\u00e9e":"6 minutes"},"schema":{"@context":"https:\/\/schema.org","@graph":[{"@type":"WebPage","@id":"https:\/\/www.boogaerdthout.nl\/houttoepassingen\/","url":"https:\/\/www.boogaerdthout.nl\/houttoepassingen\/","name":"Applications du bois - Boogaerdt Hout","isPartOf":{"@id":"https:\/\/www.boogaerdthout.nl\/#website"},"primaryImageOfPage":{"@id":"https:\/\/www.boogaerdthout.nl\/houttoepassingen\/#primaryimage"},"image":{"@id":"https:\/\/www.boogaerdthout.nl\/houttoepassingen\/#primaryimage"},"thumbnailUrl":"https:\/\/www.boogaerdthout.nl\/wp-content\/uploads\/2023\/05\/Samples-logo.png","datePublished":"2023-05-08T09:32:28+00:00","dateModified":"2023-10-12T09:52:17+00:00","description":"Notre \u00e9quipe a chacune une sp\u00e9cialisation. L&#039;\u00e9quipe commerciale poss\u00e8de une vaste connaissance du bois et est sp\u00e9cialis\u00e9e dans les applications du bois sp\u00e9cifiques aux clients.","breadcrumb":{"@id":"https:\/\/www.boogaerdthout.nl\/houttoepassingen\/#breadcrumb"},"inLanguage":"fr-FR","potentialAction":[{"@type":"ReadAction","target":["https:\/\/www.boogaerdthout.nl\/houttoepassingen\/"]}]},{"@type":"ImageObject","inLanguage":"fr-FR","@id":"https:\/\/www.boogaerdthout.nl\/houttoepassingen\/#primaryimage","url":"https:\/\/www.boogaerdthout.nl\/wp-content\/uploads\/2023\/05\/Samples-logo.png","contentUrl":"https:\/\/www.boogaerdthout.nl\/wp-content\/uploads\/2023\/05\/Samples-logo.png"},{"@type":"BreadcrumbList","@id":"https:\/\/www.boogaerdthout.nl\/houttoepassingen\/#breadcrumb","itemListElement":[{"@type":"ListItem","position":1,"name":"Home","item":"https:\/\/www.boogaerdthout.nl\/home-2\/"},{"@type":"ListItem","position":2,"name":"Houttoepassingen"}]},{"@type":"WebSite","@id":"https:\/\/www.boogaerdthout.nl\/#website","url":"https:\/\/www.boogaerdthout.nl\/","name":"Boogaerdt Hout","description":"Entreprises commerciales Boogaerdt BV","potentialAction":[{"@type":"SearchAction","target":{"@type":"EntryPoint","urlTemplate":"https:\/\/www.boogaerdthout.nl\/?s={search_term_string}"},"query-input":{"@type":"PropertyValueSpecification","valueRequired":true,"valueName":"search_term_string"}}],"inLanguage":"fr-FR"}]}},"_links":{"self":[{"href":"https:\/\/www.boogaerdthout.nl\/fr\/wp-json\/wp\/v2\/pages\/87","targetHints":{"allow":["GET"]}}],"collection":[{"href":"https:\/\/www.boogaerdthout.nl\/fr\/wp-json\/wp\/v2\/pages"}],"about":[{"href":"https:\/\/www.boogaerdthout.nl\/fr\/wp-json\/wp\/v2\/types\/page"}],"author":[{"embeddable":true,"href":"https:\/\/www.boogaerdthout.nl\/fr\/wp-json\/wp\/v2\/users\/1"}],"replies":[{"embeddable":true,"href":"https:\/\/www.boogaerdthout.nl\/fr\/wp-json\/wp\/v2\/comments?post=87"}],"version-history":[{"count":0,"href":"https:\/\/www.boogaerdthout.nl\/fr\/wp-json\/wp\/v2\/pages\/87\/revisions"}],"wp:attachment":[{"href":"https:\/\/www.boogaerdthout.nl\/fr\/wp-json\/wp\/v2\/media?parent=87"}],"curies":[{"name":"wp","href":"https:\/\/api.w.org\/{rel}","templated":true}]}}