{"id":812,"date":"2023-07-10T14:50:07","date_gmt":"2023-07-10T12:50:07","guid":{"rendered":"https:\/\/boogaerdthout.bonsaidev.nl\/?page_id=812"},"modified":"2023-07-17T14:59:38","modified_gmt":"2023-07-17T12:59:38","slug":"pieces-de-plate-forme-de-marche","status":"publish","type":"page","link":"https:\/\/www.boogaerdthout.nl\/fr\/inspiratie\/kennisbank\/loopdekdelen\/","title":{"rendered":"Pi\u00e8ces de pont pi\u00e9tonnier"},"content":{"rendered":"<div id='av_section_1'  class='avia-section av-11g84c-f3e973eac5afd1531b9213502dbd68b1 main_color avia-section-large avia-no-border-styling  avia-builder-el-0  avia-builder-el-no-sibling  avia-bg-style-scroll container_wrap sidebar_right'  ><div class='container av-section-cont-open' ><main  role=\"main\" itemprop=\"mainContentOfPage\"  class='template-page content  av-content-small alpha units'><div class='post-entry post-entry-type-page post-entry-812'><div class='entry-content-wrapper clearfix'>\n<div  class='flex_column av-yvmsc-5999e849dbbc81208668cab010e4ff2a av_two_third  avia-builder-el-1  el_before_av_one_third  avia-builder-el-first  first flex_column_div'     ><section  class='av_textblock_section av-ljwuzc2i-06a17ee77849e73f1edb12bf936e56c6'   itemscope=\"itemscope\" itemtype=\"https:\/\/schema.org\/CreativeWork\" ><div class='avia_textblock'  itemprop=\"text\" ><h1><span style=\"color: #000000;\">Pi\u00e8ces de pont pi\u00e9tonnier<\/span><\/h1>\n<p>Boogaerdt Hout propose une vaste gamme de pi\u00e8ces de terrasse pour les applications ext\u00e9rieures. Avec diff\u00e9rents profils et types de bois, combin\u00e9s \u00e0 nos options de transformation, nous pouvons livrer un travail sur mesure qui r\u00e9pond aux souhaits de nos clients. Que vous recherchiez des pi\u00e8ces profil\u00e9es ou rabot\u00e9es lisses sur 4 faces avec couche d&#039;usure, ou que vous souhaitiez m\u00eame r\u00e9aliser votre propre profil, les possibilit\u00e9s sont infinies.<\/p>\n<\/div><\/section><br \/>\n\n<style type=\"text\/css\" data-created_by=\"avia_inline_auto\" id=\"style-css-av-2ndhw-f2f01e26d5782aeb057ba84d12080b0b\">\n#top .hr.hr-invisible.av-2ndhw-f2f01e26d5782aeb057ba84d12080b0b{\nheight:50px;\n}\n<\/style>\n<div  class='hr av-2ndhw-f2f01e26d5782aeb057ba84d12080b0b hr-invisible  avia-builder-el-3  el_after_av_textblock  el_before_av_textblock'><span class='hr-inner'><span class=\"hr-inner-style\"><\/span><\/span><\/div><br \/>\n<section  class='av_textblock_section av-ljwv1hft-86fae02219d4f9e5a1ce20a252737704'   itemscope=\"itemscope\" itemtype=\"https:\/\/schema.org\/CreativeWork\" ><div class='avia_textblock'  itemprop=\"text\" ><h2>Types de bois<\/h2>\n<p>Les pi\u00e8ces du pont pi\u00e9tonnier sont disponibles dans diff\u00e9rents types de bois et tailles. Boogaerdt Hout propose \u00e0 la fois des produits pr\u00eats \u00e0 l&#039;emploi et des pi\u00e8ces rabot\u00e9es sur mesure. Vous trouverez ci-dessous un aper\u00e7u des essences de bois disponibles\u00a0:<\/p>\n<ul>\n<li><a href=\"https:\/\/www.boogaerdthout.nl\/fr\/une-essence-de-bois\/accoya\/\">Accoya<\/a><\/li>\n<li><a href=\"https:\/\/www.boogaerdthout.nl\/fr\/une-essence-de-bois\/azobe\/\">Azob\u00e9\u00a9<\/a><\/li>\n<li><a href=\"https:\/\/www.boogaerdthout.nl\/fr\/une-essence-de-bois\/bilinga\/\">Badi<\/a><\/li>\n<li><a href=\"https:\/\/www.boogaerdthout.nl\/fr\/une-essence-de-bois\/bangkirai\/\">Bangkirai<\/a><\/li>\n<li>Cumaru<\/li>\n<li>Kapur<\/li>\n<li><a href=\"https:\/\/www.boogaerdthout.nl\/fr\/une-essence-de-bois\/okan\/\">Okan<\/a><\/li>\n<li><a href=\"https:\/\/www.boogaerdthout.nl\/fr\/une-essence-de-bois\/tali-3\/\">Tali<\/a><\/li>\n<\/ul>\n<\/div><\/section><br \/>\n<div  class='avia-button-wrap av-ljwv2csl-0d1149feffb242d5a048a06a790a185d-wrap avia-button-left  avia-builder-el-5  el_after_av_textblock  el_before_av_hr'><a href='https:\/\/www.boogaerdthout.nl\/fr\/houtsoorten\/'  class='avia-button av-ljwv2csl-0d1149feffb242d5a048a06a790a185d av-link-btn avia-icon_select-no avia-size-small avia-position-left avia-color-theme-color'   aria-label=\"Tous types de bois\"><span class='avia_iconbox_title' >Tous types de bois<\/span><\/a><\/div><br \/>\n\n<style type=\"text\/css\" data-created_by=\"avia_inline_auto\" id=\"style-css-av-ikzyk-0b8b033a0a0794266a7a1787754d6da3\">\n#top .hr.hr-invisible.av-ikzyk-0b8b033a0a0794266a7a1787754d6da3{\nheight:50px;\n}\n<\/style>\n<div  class='hr av-ikzyk-0b8b033a0a0794266a7a1787754d6da3 hr-invisible  avia-builder-el-6  el_after_av_button  el_before_av_textblock'><span class='hr-inner'><span class=\"hr-inner-style\"><\/span><\/span><\/div><br \/>\n<section  class='av_textblock_section av-ljwv1tcw-66db1ec60deca340dee7be54bc028c8a'   itemscope=\"itemscope\" itemtype=\"https:\/\/schema.org\/CreativeWork\" ><div class='avia_textblock'  itemprop=\"text\" ><h2>monte<\/h2>\n<p>Il existe diff\u00e9rentes possibilit\u00e9s pour fixer des \u00e9l\u00e9ments de terrasse et de terrasse en bois. Il est important de prendre en compte des facteurs tels que la fissuration lors du vissage et la pr\u00e9vention des d\u00e9formations dues \u00e0 un espace d&#039;expansion insuffisant. Une fixation aveugle peut \u00eatre r\u00e9alis\u00e9e \u00e0 l&#039;aide d&#039;un clip en bois dur. Ce syst\u00e8me simple et efficace est constitu\u00e9 d&#039;un profil rabot\u00e9 dans les pi\u00e8ces et d&#039;un clip avec une \u00e2me en acier inoxydable.<\/p>\n<\/div><\/section><\/p><\/div><div  class='flex_column av-1llxg-86f78798549688b171375cd5a19811b6 av_one_third  avia-builder-el-8  el_after_av_two_third  avia-builder-el-last  flex_column_div'     ><div  class='avia-builder-widget-area clearfix  avia-builder-el-9  avia-builder-el-no-sibling'><section id=\"avia_auto_toc-2\" class=\"widget clearfix avia-widget-container avia_auto_toc avia_no_block_preview\"><div class=\"avia-preview-headline\">Enfold Child Table des contenus<\/div><div class=\"avia-preview-info\">Titre : Contenu de la page<\/div><div class=\"avia-preview-in-front\">Le tableau n\u2019est pas la bonne affiche au moment de sa publication.<\/div><span class=\"seperator extralight-border\"><\/span><\/section><section id=\"text-7\" class=\"widget clearfix widget_text\"><h3 class=\"widgettitle\">Plus d&#039;information<\/h3>\t\t\t<div class=\"textwidget\"><ul>\n<li><a href=\"https:\/\/www.boogaerdthout.nl\/fr\/inspiration\/base-de-donnee\/\">Base de connaissances<\/a><\/li>\n<li><a href=\"https:\/\/www.boogaerdthout.nl\/fr\/a-propos-de-nous\/telechargements\/\">T\u00e9l\u00e9chargements<\/a><\/li>\n<li><a href=\"https:\/\/www.boogaerdthout.nl\/fr\/inspiration\/projets\/\">Projets<\/a><\/li>\n<li><a href=\"https:\/\/www.boogaerdthout.nl\/fr\/profils-de-revetement-de-facade\/\">Profil\u00e9s rev\u00eatement de fa\u00e7ade<\/a><\/li>\n<li><a href=\"https:\/\/www.boogaerdthout.nl\/fr\/profils-terrasse\/\">Profils de terrasse<\/a><\/li>\n<li><a href=\"https:\/\/www.boogaerdthout.nl\/fr\/a-propos-de-nous\/traitements-du-bois\/\">Traitements du bois<\/a><\/li>\n<\/ul>\n<\/div>\n\t\t<span class=\"seperator extralight-border\"><\/span><\/section><section id=\"custom_html-2\" class=\"widget_text widget clearfix widget_custom_html\"><h3 class=\"widgettitle\">Pose ta question<\/h3><div class=\"textwidget custom-html-widget\">\n\n\t\t\n\t    \t    \n        <div class=\"cta-foto\">\n            <img decoding=\"async\" loading=\"lazy\" width=\"600\" height=\"600\" src=\"https:\/\/www.boogaerdthout.nl\/wp-content\/uploads\/2023\/08\/Boogaerdt-personeel-lars-bastiaansen.jpg\" class=\"wp-image-1822 avia-img-lazy-loading-1822 attachment-post-thumbnail size-post-thumbnail wp-post-image\" alt=\"Lars Bastiaansen\" srcset=\"https:\/\/www.boogaerdthout.nl\/wp-content\/uploads\/2023\/08\/Boogaerdt-personeel-lars-bastiaansen.jpg 600w, https:\/\/www.boogaerdthout.nl\/wp-content\/uploads\/2023\/08\/Boogaerdt-personeel-lars-bastiaansen-300x300.jpg 300w, https:\/\/www.boogaerdthout.nl\/wp-content\/uploads\/2023\/08\/Boogaerdt-personeel-lars-bastiaansen-80x80.jpg 80w, https:\/\/www.boogaerdthout.nl\/wp-content\/uploads\/2023\/08\/Boogaerdt-personeel-lars-bastiaansen-36x36.jpg 36w, https:\/\/www.boogaerdthout.nl\/wp-content\/uploads\/2023\/08\/Boogaerdt-personeel-lars-bastiaansen-180x180.jpg 180w\" sizes=\"auto, (max-width: 600px) 100vw, 600px\" \/>        <\/div>\n        <div class=\"cta-info\">\n            <p>Lars Bastiaansen<\/p>\n            <p class=\"functie\">Directeur des ventes<\/p>\n            <p>0180-551 552<\/p>\n            <a href=\"\/fr\/contact\/\" class=\"avia-button avia-icon_select-no avia-size-small btn-side avia-position-left avia-color-theme-color\"><span class=\"avia_iconbox_title\">Envoyer un message<\/span><\/a>\n        <\/div>\n        \n\t\t\n\t\t\n<\/div><span class=\"seperator extralight-border\"><\/span><\/section><section id=\"text-2\" class=\"widget clearfix widget_text\">\t\t\t<div class=\"textwidget\"><div class=\"artikelen\">\n<h4>Articles de presse<\/h4>\n<p>\t\t\t\t\t\t\t<a href=\"https:\/\/www.boogaerdthout.nl\/fr\/2026\/04\/02\/hr-medewerker\/\">\t<\/p>\n<div class=\"wrapper\">\n                <img decoding=\"async\" loading=\"lazy\" width=\"1707\" height=\"1707\" src=\"https:\/\/www.boogaerdthout.nl\/wp-content\/uploads\/2026\/04\/Overleg-Accoya-scaled-e1775138458513.jpg\" class=\"wp-image-5509 avia-img-lazy-loading-5509 attachment-post-thumbnail size-post-thumbnail wp-post-image\" alt=\"\" srcset=\"https:\/\/www.boogaerdthout.nl\/wp-content\/uploads\/2026\/04\/Overleg-Accoya-scaled-e1775138458513.jpg 1707w, https:\/\/www.boogaerdthout.nl\/wp-content\/uploads\/2026\/04\/Overleg-Accoya-scaled-e1775138458513-300x300.jpg 300w, https:\/\/www.boogaerdthout.nl\/wp-content\/uploads\/2026\/04\/Overleg-Accoya-scaled-e1775138458513-1030x1030.jpg 1030w, https:\/\/www.boogaerdthout.nl\/wp-content\/uploads\/2026\/04\/Overleg-Accoya-scaled-e1775138458513-80x80.jpg 80w, https:\/\/www.boogaerdthout.nl\/wp-content\/uploads\/2026\/04\/Overleg-Accoya-scaled-e1775138458513-768x768.jpg 768w, https:\/\/www.boogaerdthout.nl\/wp-content\/uploads\/2026\/04\/Overleg-Accoya-scaled-e1775138458513-1536x1536.jpg 1536w, https:\/\/www.boogaerdthout.nl\/wp-content\/uploads\/2026\/04\/Overleg-Accoya-scaled-e1775138458513-12x12.jpg 12w, https:\/\/www.boogaerdthout.nl\/wp-content\/uploads\/2026\/04\/Overleg-Accoya-scaled-e1775138458513-36x36.jpg 36w, https:\/\/www.boogaerdthout.nl\/wp-content\/uploads\/2026\/04\/Overleg-Accoya-scaled-e1775138458513-180x180.jpg 180w, https:\/\/www.boogaerdthout.nl\/wp-content\/uploads\/2026\/04\/Overleg-Accoya-scaled-e1775138458513-1500x1500.jpg 1500w, https:\/\/www.boogaerdthout.nl\/wp-content\/uploads\/2026\/04\/Overleg-Accoya-scaled-e1775138458513-705x705.jpg 705w, https:\/\/www.boogaerdthout.nl\/wp-content\/uploads\/2026\/04\/Overleg-Accoya-scaled-e1775138458513-400x400.jpg 400w, https:\/\/www.boogaerdthout.nl\/wp-content\/uploads\/2026\/04\/Overleg-Accoya-scaled-e1775138458513-600x600.jpg 600w\" sizes=\"auto, (max-width: 1707px) 100vw, 1707px\" \/>\t\t\t\t<\/p>\n<div class=\"artikel-content\">\n<p>Employ\u00e9 RH (24-32 heures)<\/p>\n<\/div><\/div>\n<p>        <\/a><br \/>\n\t\t\t\t\t\t\t<a href=\"https:\/\/www.boogaerdthout.nl\/fr\/2026\/03\/12\/5416\/\">\t<\/p>\n<div class=\"wrapper\">\n                <img decoding=\"async\" loading=\"lazy\" width=\"1195\" height=\"1195\" src=\"https:\/\/www.boogaerdthout.nl\/wp-content\/uploads\/2026\/02\/Billinga-B-fix-scaled-e1771580756663.png\" class=\"wp-image-5380 avia-img-lazy-loading-5380 attachment-post-thumbnail size-post-thumbnail wp-post-image\" alt=\"\" srcset=\"https:\/\/www.boogaerdthout.nl\/wp-content\/uploads\/2026\/02\/Billinga-B-fix-scaled-e1771580756663.png 1195w, https:\/\/www.boogaerdthout.nl\/wp-content\/uploads\/2026\/02\/Billinga-B-fix-scaled-e1771580756663-300x300.png 300w, https:\/\/www.boogaerdthout.nl\/wp-content\/uploads\/2026\/02\/Billinga-B-fix-scaled-e1771580756663-1030x1030.png 1030w, https:\/\/www.boogaerdthout.nl\/wp-content\/uploads\/2026\/02\/Billinga-B-fix-scaled-e1771580756663-80x80.png 80w, https:\/\/www.boogaerdthout.nl\/wp-content\/uploads\/2026\/02\/Billinga-B-fix-scaled-e1771580756663-768x768.png 768w, https:\/\/www.boogaerdthout.nl\/wp-content\/uploads\/2026\/02\/Billinga-B-fix-scaled-e1771580756663-12x12.png 12w, https:\/\/www.boogaerdthout.nl\/wp-content\/uploads\/2026\/02\/Billinga-B-fix-scaled-e1771580756663-36x36.png 36w, https:\/\/www.boogaerdthout.nl\/wp-content\/uploads\/2026\/02\/Billinga-B-fix-scaled-e1771580756663-180x180.png 180w, https:\/\/www.boogaerdthout.nl\/wp-content\/uploads\/2026\/02\/Billinga-B-fix-scaled-e1771580756663-705x705.png 705w, https:\/\/www.boogaerdthout.nl\/wp-content\/uploads\/2026\/02\/Billinga-B-fix-scaled-e1771580756663-400x400.png 400w, https:\/\/www.boogaerdthout.nl\/wp-content\/uploads\/2026\/02\/Billinga-B-fix-scaled-e1771580756663-600x600.png 600w\" sizes=\"auto, (max-width: 1195px) 100vw, 1195px\" \/>\t\t\t\t<\/p>\n<div class=\"artikel-content\">\n<p>La saison des terrasses est ouverte.<\/p>\n<\/div><\/div>\n<p>        <\/a><br \/>\n\t\t\t\t\t\t\t<a href=\"https:\/\/www.boogaerdthout.nl\/fr\/2026\/03\/08\/stage-marketing\/\">\t<\/p>\n<div class=\"wrapper\">\n                <img decoding=\"async\" loading=\"lazy\" width=\"1024\" height=\"1024\" src=\"https:\/\/www.boogaerdthout.nl\/wp-content\/uploads\/2026\/04\/Gemini_Generated_Image_kpybh0kpybh0kpyb.png\" class=\"wp-image-5517 avia-img-lazy-loading-5517 attachment-post-thumbnail size-post-thumbnail wp-post-image\" alt=\"\" srcset=\"https:\/\/www.boogaerdthout.nl\/wp-content\/uploads\/2026\/04\/Gemini_Generated_Image_kpybh0kpybh0kpyb.png 1024w, https:\/\/www.boogaerdthout.nl\/wp-content\/uploads\/2026\/04\/Gemini_Generated_Image_kpybh0kpybh0kpyb-300x300.png 300w, https:\/\/www.boogaerdthout.nl\/wp-content\/uploads\/2026\/04\/Gemini_Generated_Image_kpybh0kpybh0kpyb-80x80.png 80w, https:\/\/www.boogaerdthout.nl\/wp-content\/uploads\/2026\/04\/Gemini_Generated_Image_kpybh0kpybh0kpyb-768x768.png 768w, https:\/\/www.boogaerdthout.nl\/wp-content\/uploads\/2026\/04\/Gemini_Generated_Image_kpybh0kpybh0kpyb-12x12.png 12w, https:\/\/www.boogaerdthout.nl\/wp-content\/uploads\/2026\/04\/Gemini_Generated_Image_kpybh0kpybh0kpyb-36x36.png 36w, https:\/\/www.boogaerdthout.nl\/wp-content\/uploads\/2026\/04\/Gemini_Generated_Image_kpybh0kpybh0kpyb-180x180.png 180w, https:\/\/www.boogaerdthout.nl\/wp-content\/uploads\/2026\/04\/Gemini_Generated_Image_kpybh0kpybh0kpyb-705x705.png 705w\" sizes=\"auto, (max-width: 1024px) 100vw, 1024px\" \/>\t\t\t\t<\/p>\n<div class=\"artikel-content\">\n<p>Stage en marketing et ventes<\/p>\n<\/div><\/div>\n<p>        <\/a><\/p><\/div>\n<\/div>\n\t\t<span class=\"seperator extralight-border\"><\/span><\/section><\/div><\/div><\/div><\/div><\/main><!-- close content main element --><\/div><\/div><div id='after_section_1'  class='main_color av_default_container_wrap container_wrap sidebar_right'  ><div class='container av-section-cont-open' ><div class='template-page content  av-content-small alpha units'><div class='post-entry post-entry-type-page post-entry-812'><div class='entry-content-wrapper clearfix'>","protected":false},"excerpt":{"rendered":"","protected":false},"author":3,"featured_media":0,"parent":224,"menu_order":0,"comment_status":"closed","ping_status":"closed","template":"","meta":{"_acf_changed":false,"footnotes":""},"class_list":["post-812","page","type-page","status-publish","hentry"],"acf":[],"yoast_head":"<!-- This site is optimized with the Yoast SEO plugin v27.3 - https:\/\/yoast.com\/product\/yoast-seo-wordpress\/ -->\n<title>Loopdekdelen - Boogaerdt Hout<\/title>\n<meta name=\"robots\" content=\"index, follow, max-snippet:-1, max-image-preview:large, max-video-preview:-1\" \/>\n<link rel=\"canonical\" href=\"https:\/\/www.boogaerdthout.nl\/fr\/inspiration\/base-de-donnee\/pieces-de-plate-forme-de-marche\/\" \/>\n<meta property=\"og:locale\" content=\"fr_FR\" \/>\n<meta property=\"og:type\" content=\"article\" \/>\n<meta property=\"og:title\" content=\"Loopdekdelen - Boogaerdt Hout\" \/>\n<meta property=\"og:url\" content=\"https:\/\/www.boogaerdthout.nl\/fr\/inspiration\/base-de-donnee\/pieces-de-plate-forme-de-marche\/\" \/>\n<meta property=\"og:site_name\" content=\"Boogaerdt Hout\" \/>\n<meta property=\"article:modified_time\" content=\"2023-07-17T12:59:38+00:00\" \/>\n<meta name=\"twitter:label1\" content=\"Dur\u00e9e de lecture estim\u00e9e\" \/>\n\t<meta name=\"twitter:data1\" content=\"4 minutes\" \/>\n<script type=\"application\/ld+json\" class=\"yoast-schema-graph\">{\"@context\":\"https:\\\/\\\/schema.org\",\"@graph\":[{\"@type\":\"WebPage\",\"@id\":\"https:\\\/\\\/www.boogaerdthout.nl\\\/inspiratie\\\/kennisbank\\\/loopdekdelen\\\/\",\"url\":\"https:\\\/\\\/www.boogaerdthout.nl\\\/inspiratie\\\/kennisbank\\\/loopdekdelen\\\/\",\"name\":\"Loopdekdelen - Boogaerdt Hout\",\"isPartOf\":{\"@id\":\"https:\\\/\\\/www.boogaerdthout.nl\\\/#website\"},\"datePublished\":\"2023-07-10T12:50:07+00:00\",\"dateModified\":\"2023-07-17T12:59:38+00:00\",\"breadcrumb\":{\"@id\":\"https:\\\/\\\/www.boogaerdthout.nl\\\/inspiratie\\\/kennisbank\\\/loopdekdelen\\\/#breadcrumb\"},\"inLanguage\":\"fr-FR\",\"potentialAction\":[{\"@type\":\"ReadAction\",\"target\":[\"https:\\\/\\\/www.boogaerdthout.nl\\\/inspiratie\\\/kennisbank\\\/loopdekdelen\\\/\"]}]},{\"@type\":\"BreadcrumbList\",\"@id\":\"https:\\\/\\\/www.boogaerdthout.nl\\\/inspiratie\\\/kennisbank\\\/loopdekdelen\\\/#breadcrumb\",\"itemListElement\":[{\"@type\":\"ListItem\",\"position\":1,\"name\":\"Home\",\"item\":\"https:\\\/\\\/www.boogaerdthout.nl\\\/home-2\\\/\"},{\"@type\":\"ListItem\",\"position\":2,\"name\":\"Inspiratie\",\"item\":\"https:\\\/\\\/www.boogaerdthout.nl\\\/inspiratie\\\/\"},{\"@type\":\"ListItem\",\"position\":3,\"name\":\"Kennisbank\",\"item\":\"https:\\\/\\\/www.boogaerdthout.nl\\\/inspiratie\\\/kennisbank\\\/\"},{\"@type\":\"ListItem\",\"position\":4,\"name\":\"Loopdekdelen\"}]},{\"@type\":\"WebSite\",\"@id\":\"https:\\\/\\\/www.boogaerdthout.nl\\\/#website\",\"url\":\"https:\\\/\\\/www.boogaerdthout.nl\\\/\",\"name\":\"Boogaerdt Hout\",\"description\":\"Koninklijke houthandel Boogaerdt B.V.\",\"potentialAction\":[{\"@type\":\"SearchAction\",\"target\":{\"@type\":\"EntryPoint\",\"urlTemplate\":\"https:\\\/\\\/www.boogaerdthout.nl\\\/?s={search_term_string}\"},\"query-input\":{\"@type\":\"PropertyValueSpecification\",\"valueRequired\":true,\"valueName\":\"search_term_string\"}}],\"inLanguage\":\"fr-FR\"}]}<\/script>\n<!-- \/ Yoast SEO plugin. -->","yoast_head_json":{"title":"Pi\u00e8ces d\u00e9tach\u00e9es pour pont pi\u00e9tonnier - Boogaerdt Hout","robots":{"index":"index","follow":"follow","max-snippet":"max-snippet:-1","max-image-preview":"max-image-preview:large","max-video-preview":"max-video-preview:-1"},"canonical":"https:\/\/www.boogaerdthout.nl\/fr\/inspiration\/base-de-donnee\/pieces-de-plate-forme-de-marche\/","og_locale":"fr_FR","og_type":"article","og_title":"Loopdekdelen - Boogaerdt Hout","og_url":"https:\/\/www.boogaerdthout.nl\/fr\/inspiration\/base-de-donnee\/pieces-de-plate-forme-de-marche\/","og_site_name":"Boogaerdt Hout","article_modified_time":"2023-07-17T12:59:38+00:00","twitter_misc":{"Dur\u00e9e de lecture estim\u00e9e":"4 minutes"},"schema":{"@context":"https:\/\/schema.org","@graph":[{"@type":"WebPage","@id":"https:\/\/www.boogaerdthout.nl\/inspiratie\/kennisbank\/loopdekdelen\/","url":"https:\/\/www.boogaerdthout.nl\/inspiratie\/kennisbank\/loopdekdelen\/","name":"Pi\u00e8ces d\u00e9tach\u00e9es pour pont pi\u00e9tonnier - Boogaerdt Hout","isPartOf":{"@id":"https:\/\/www.boogaerdthout.nl\/#website"},"datePublished":"2023-07-10T12:50:07+00:00","dateModified":"2023-07-17T12:59:38+00:00","breadcrumb":{"@id":"https:\/\/www.boogaerdthout.nl\/inspiratie\/kennisbank\/loopdekdelen\/#breadcrumb"},"inLanguage":"fr-FR","potentialAction":[{"@type":"ReadAction","target":["https:\/\/www.boogaerdthout.nl\/inspiratie\/kennisbank\/loopdekdelen\/"]}]},{"@type":"BreadcrumbList","@id":"https:\/\/www.boogaerdthout.nl\/inspiratie\/kennisbank\/loopdekdelen\/#breadcrumb","itemListElement":[{"@type":"ListItem","position":1,"name":"Home","item":"https:\/\/www.boogaerdthout.nl\/home-2\/"},{"@type":"ListItem","position":2,"name":"Inspiratie","item":"https:\/\/www.boogaerdthout.nl\/inspiratie\/"},{"@type":"ListItem","position":3,"name":"Kennisbank","item":"https:\/\/www.boogaerdthout.nl\/inspiratie\/kennisbank\/"},{"@type":"ListItem","position":4,"name":"Loopdekdelen"}]},{"@type":"WebSite","@id":"https:\/\/www.boogaerdthout.nl\/#website","url":"https:\/\/www.boogaerdthout.nl\/","name":"Boogaerdt Hout","description":"Entreprises commerciales Boogaerdt BV","potentialAction":[{"@type":"SearchAction","target":{"@type":"EntryPoint","urlTemplate":"https:\/\/www.boogaerdthout.nl\/?s={search_term_string}"},"query-input":{"@type":"PropertyValueSpecification","valueRequired":true,"valueName":"search_term_string"}}],"inLanguage":"fr-FR"}]}},"_links":{"self":[{"href":"https:\/\/www.boogaerdthout.nl\/fr\/wp-json\/wp\/v2\/pages\/812","targetHints":{"allow":["GET"]}}],"collection":[{"href":"https:\/\/www.boogaerdthout.nl\/fr\/wp-json\/wp\/v2\/pages"}],"about":[{"href":"https:\/\/www.boogaerdthout.nl\/fr\/wp-json\/wp\/v2\/types\/page"}],"author":[{"embeddable":true,"href":"https:\/\/www.boogaerdthout.nl\/fr\/wp-json\/wp\/v2\/users\/3"}],"replies":[{"embeddable":true,"href":"https:\/\/www.boogaerdthout.nl\/fr\/wp-json\/wp\/v2\/comments?post=812"}],"version-history":[{"count":0,"href":"https:\/\/www.boogaerdthout.nl\/fr\/wp-json\/wp\/v2\/pages\/812\/revisions"}],"up":[{"embeddable":true,"href":"https:\/\/www.boogaerdthout.nl\/fr\/wp-json\/wp\/v2\/pages\/224"}],"wp:attachment":[{"href":"https:\/\/www.boogaerdthout.nl\/fr\/wp-json\/wp\/v2\/media?parent=812"}],"curies":[{"name":"wp","href":"https:\/\/api.w.org\/{rel}","templated":true}]}}