{"id":901,"date":"2023-07-10T16:10:54","date_gmt":"2023-07-10T14:10:54","guid":{"rendered":"https:\/\/boogaerdthout.bonsaidev.nl\/?page_id=901"},"modified":"2023-07-14T09:54:11","modified_gmt":"2023-07-14T07:54:11","slug":"montage-von-fassadenverkleidungen","status":"publish","type":"page","link":"https:\/\/www.boogaerdthout.nl\/de\/inspiratie\/kennisbank\/montage-gevelbekleding\/","title":{"rendered":"Montage von Fassadenverkleidungen"},"content":{"rendered":"<div id='av_section_1'  class='avia-section av-av_section-05206848b078a6f0d4e991b4f556c241 main_color avia-section-large avia-no-border-styling  avia-builder-el-0  avia-builder-el-no-sibling  avia-bg-style-scroll container_wrap sidebar_right'  ><div class='container av-section-cont-open' ><main  role=\"main\" itemprop=\"mainContentOfPage\"  class='template-page content  av-content-small alpha units'><div class='post-entry post-entry-type-page post-entry-901'><div class='entry-content-wrapper clearfix'>\n<div  class='flex_column av-av_two_third-7714eba142aeda1f8b5272a3c372b279 av_two_third  avia-builder-el-1  el_before_av_one_third  avia-builder-el-first  first flex_column_div'     ><section  class='av_textblock_section av-lk2a5lxl-d972ec489dc39e55036a01979f242666'   itemscope=\"itemscope\" itemtype=\"https:\/\/schema.org\/CreativeWork\" ><div class='avia_textblock'  itemprop=\"text\" ><h1><span style=\"color: #000000;\">Montage von Fassadenverkleidungen<\/span><\/h1>\n<p>Bei der Gestaltung einer Fassade ist es wichtig, die richtigen Wahlen f\u00fcr Fassadenverkleidungsprofile, Rahmen, Befestigungsmaterialien und Abschlusssysteme zu treffen. Bei Fassaden an stein\u00e4hnlichen Innenhohlw\u00e4nden kommen h\u00e4ufig D\u00e4mmstoffe, Holzpfosten und dampfdurchl\u00e4ssige Feuchteschutzfolien hinzu. In diesem Ratgeber finden Sie wichtige Umsetzungsempfehlungen f\u00fcr eine erfolgreiche Montage von Fassadenverkleidungen sowie n\u00fctzliche Informationen zu den Themen Bel\u00fcftung, Veredelung und Wartung.<\/p>\n<\/div><\/section><br \/>\n\n<style type=\"text\/css\" data-created_by=\"avia_inline_auto\" id=\"style-css-av-av_hr-00525114f399e80a8ceb57ca68d251d2\">\n#top .hr.hr-invisible.av-av_hr-00525114f399e80a8ceb57ca68d251d2{\nheight:50px;\n}\n<\/style>\n<div  class='hr av-av_hr-00525114f399e80a8ceb57ca68d251d2 hr-invisible  avia-builder-el-3  el_after_av_textblock  el_before_av_textblock'><span class='hr-inner'><span class=\"hr-inner-style\"><\/span><\/span><\/div><br \/>\n<section  class='av_textblock_section av-lk2a6qh7-e0232a5e2ff2fbe4bd306d882eefa969'   itemscope=\"itemscope\" itemtype=\"https:\/\/schema.org\/CreativeWork\" ><div class='avia_textblock'  itemprop=\"text\" ><h2>Ausf\u00fchrungsauftr\u00e4ge f\u00fcr die Montage von Fassadenverkleidungen<\/h2>\n<ol>\n<li>Befestigen Sie die Teile mit einem Nagel oder einer Schraube pro Auflagepunkt in einem Mindestabstand von 50 mm vom Ende an den Enden der Profile, um Kopfrisse zu vermeiden. Bei kleineren Abst\u00e4nden, modifiziertem Holz und h\u00e4rteren Holzarten empfiehlt sich das Vorbohren. Bei Zwischenauflagepunkten vorzugsweise je nach Profilbreite ein oder zwei Befestiger pro Linie verwenden. Halten Sie einen Mindestabstand von 15 mm zu den Kanten ein. Bei Holzverkleidungen von Au\u00dfenschuppen empfiehlt es sich aufgrund des Beitrags zur Steifigkeit und Schreibwirkung, pro Auflagepunkt 2 N\u00e4gel oder Schrauben zu verwenden.<\/li>\n<li>Platzieren Sie die Teile mit einem Abstand von 3-4 mm in der Breite, um ein Aufquellen zu verhindern. Dadurch werden auch Schmutzstreifen vermieden.<\/li>\n<li>Zwischen den Teilen und angrenzenden Bauteilen einen Freiraum von 7-10 mm einhalten. Achten Sie beim Zusammentreffen von Verkleidungsprofilen zus\u00e4tzlich auf einen Abstand von 7-10 mm zwischen den Teilen. Behandeln Sie die Enden mit einer Holzversiegelung.<\/li>\n<li>Beachten Sie den Abschluss unten an der Fassade. Lassen Sie einen Mindestabstand von 200 mm, vorzugsweise 300 mm, zwischen Holz und Boden ein, um das Eindringen von Feuchtigkeit und Schmutz zu verhindern. Harte, flache Oberfl\u00e4chen k\u00f6nnen dazu f\u00fchren, dass Feuchtigkeit und Schmutz noch h\u00f6her spritzen. Eine Kiesbox wird empfohlen. Bei Bedarf k\u00f6nnen besonders haltbare Teile f\u00fcr einen einfachen Austausch unterhalb von 300\u2013500 mm platziert werden.<\/li>\n<li>Verhindern Sie das Eindringen von Wasser an den Enden vertikal verlegter Fassadenverkleidungsprofile durch Abkanten oder den Einsatz eines Z-Profils. Behandeln Sie die Enden mit einer Holzversiegelung. Ber\u00fccksichtigen Sie bei der Verwendung von Abdeckprofilen den erforderlichen L\u00fcftungsraum.<\/li>\n<li>Fasen Sie die untere Linie oder die Endkanten nach innen ab, um eine Tropfkante zu erzeugen.<\/li>\n<li>Erstellen Sie bei vertikal angebrachten Verkleidungen Abschr\u00e4gungen f\u00fcr Tropfkanten. Lassen Sie beim Zusammentreffen einen Abstand von 7-10 mm zwischen den Teilen.<\/li>\n<li>Achten Sie darauf, dass die Enden des (vertikalen) Fassadenteils nicht mehr als 30 cm von der hinteren Schiene entfernt sind, um Ausdehnungen in der Fassade zu verhindern. Bei Bedarf kann eine zus\u00e4tzliche Leine angebracht werden, um das Ende zu sichern.<\/li>\n<\/ol>\n<\/div><\/section><br \/>\n\n<style type=\"text\/css\" data-created_by=\"avia_inline_auto\" id=\"style-css-av-av_hr-00525114f399e80a8ceb57ca68d251d2\">\n#top .hr.hr-invisible.av-av_hr-00525114f399e80a8ceb57ca68d251d2{\nheight:50px;\n}\n<\/style>\n<div  class='hr av-av_hr-00525114f399e80a8ceb57ca68d251d2 hr-invisible  avia-builder-el-5  el_after_av_textblock  el_before_av_textblock'><span class='hr-inner'><span class=\"hr-inner-style\"><\/span><\/span><\/div><br \/>\n<section  class='av_textblock_section av-lk2a7cym-1150e2c688d7b6fe49828ff22d1ad887'   itemscope=\"itemscope\" itemtype=\"https:\/\/schema.org\/CreativeWork\" ><div class='avia_textblock'  itemprop=\"text\" ><h2>Bel\u00fcftung von Holzverkleidungen<\/h2>\n<p>Wie andere Verkleidungsmaterialien bringt auch Holz seine beste Leistung hervor, wenn es auf einer geeigneten Unterkonstruktion und in einem hinterl\u00fcfteten Fassadensystem montiert wird. Dieser Fassadentyp sorgt f\u00fcr eine kontinuierliche Bel\u00fcftung hinter der Dekorschicht mit Ein- und Ausl\u00e4ssen oben und unten. Dadurch kann Regenwasser und Kondenswasser hinter der Fassadenverkleidung abflie\u00dfen, ohne dass die D\u00e4mmwirkung verloren geht.<\/p>\n<p>F\u00fcr die Montage von Fassadenverkleidungen empfiehlt sich eine Unterkonstruktion aus vertikalen Holzlamellen mit einem Mittenabstand von maximal 600 mm. Die Lattenabmessungen m\u00fcssen bei vollst\u00e4ndiger Auflage mindestens 19 x 44 mm betragen (andernfalls m\u00fcssen die Mindestabmessungen 25 x 50 mm betragen). Konsultieren Sie bei etwaigen zus\u00e4tzlichen Anforderungen immer die Bauordnung und die \u00f6rtlichen Bauvorschriften.<\/p>\n<\/div><\/section><br \/>\n\n<style type=\"text\/css\" data-created_by=\"avia_inline_auto\" id=\"style-css-av-av_hr-00525114f399e80a8ceb57ca68d251d2\">\n#top .hr.hr-invisible.av-av_hr-00525114f399e80a8ceb57ca68d251d2{\nheight:50px;\n}\n<\/style>\n<div  class='hr av-av_hr-00525114f399e80a8ceb57ca68d251d2 hr-invisible  avia-builder-el-7  el_after_av_textblock  el_before_av_textblock'><span class='hr-inner'><span class=\"hr-inner-style\"><\/span><\/span><\/div><br \/>\n<section  class='av_textblock_section av-lk2a8h9j-8c77e978ce5749a1b7fbe874aaf82b1b'   itemscope=\"itemscope\" itemtype=\"https:\/\/schema.org\/CreativeWork\" ><div class='avia_textblock'  itemprop=\"text\" ><h2>Endbearbeitung, Wartung und Alterung<\/h2>\n<p>Es ist nicht immer notwendig, Fassadenverkleidungen mit einem Finish zu versehen. Langlebige und formstabile Holzarten k\u00f6nnen ohne Veredelungssystem verwendet werden, wobei die Profile durch den Einfluss von Wind und Wetter vergrauen. Die Geschwindigkeit und das Ausma\u00df der Vergrauung k\u00f6nnen variieren.<\/p>\n<p>Bei Holzarten wie Western Red Cedar und verschiedenen nachhaltigen Hartholzarten (Klasse I oder II) ist eine Vergrauung m\u00f6glich. Konserviertes und modifiziertes Holz kann auch unbehandelt bleiben. W\u00e4hrend des Vergrauungsprozesses kann es zu Farbunterschieden und leichten Rissen an der Oberfl\u00e4che kommen. F\u00fcr eine gleichm\u00e4\u00dfige Vergrauung verwenden Sie vorzugsweise Holz mit einer Mindestst\u00e4rke von 18 mm. Wird eine gleichm\u00e4\u00dfige Vergrauung gew\u00fcnscht, muss die Fassade gleichm\u00e4\u00dfig und ausreichend den Witterungseinfl\u00fcssen ausgesetzt sein. Dach\u00fcberst\u00e4nde und \u00c4hnliches sch\u00fctzen fertiges Holz, sind aber f\u00fcr Fassadenverkleidungen, die man altern lassen m\u00f6chte, nicht zu empfehlen. In solchen F\u00e4llen kann die Verwendung von Equal Weathering Stain f\u00fcr den gew\u00fcnschten (silber)grauen Farbton in Betracht gezogen werden. Bitte beachten Sie, dass die Alterung in einer baumreichen Umgebung und an der Nordseite von Geb\u00e4uden m\u00f6glicherweise weniger attraktiv ist. Auch wenn bestimmte Holzarten wie zum Beispiel Douglasie manchmal unbehandelt verwendet werden, empfiehlt es sich, diese Holzarten zu konservieren oder zumindest mit einer halbtransparenten Lasur zu versehen, da in den Teilen noch Splintholz vorhanden ist.<\/p>\n<p><em>Quellen: Houtwijzer Bouwen und Accsys Technologies<\/em><\/p>\n<\/div><\/section><br \/>\n<div  class='avia-button-wrap av-lk2a96cw-bcefa780d6ffc44675236e9ba07c837e-wrap avia-button-left  avia-builder-el-9  el_after_av_textblock  avia-builder-el-last'><a href='https:\/\/www.boogaerdthout.nl\/de\/over-ons\/behandelingen-van-hout\/'  class='avia-button av-lk2a96cw-bcefa780d6ffc44675236e9ba07c837e av-link-btn avia-icon_select-no avia-size-small avia-position-left avia-color-theme-color'   aria-label=\"Behandlungen\"><span class='avia_iconbox_title' >Behandlungen<\/span><\/a><\/div><\/p><\/div><div  class='flex_column av-av_one_third-f1c518e9ff58e869f80c8f093487abc9 av_one_third  avia-builder-el-10  el_after_av_two_third  avia-builder-el-last  flex_column_div'     ><div  class='avia-builder-widget-area clearfix  avia-builder-el-11  avia-builder-el-no-sibling'><section id=\"avia_auto_toc-2\" class=\"widget clearfix avia-widget-container avia_auto_toc avia_no_block_preview\"><div class=\"avia-preview-headline\">Enfold Child-Inhaltsverzeichnis<\/div><div class=\"avia-preview-info\">Titel: Seiteninhalt<\/div><div class=\"avia-preview-in-front\">Die Tabelle kann nur im Frontend gerendert werden.<\/div><span class=\"seperator extralight-border\"><\/span><\/section><section id=\"text-7\" class=\"widget clearfix widget_text\"><h3 class=\"widgettitle\">Mehr Informationen<\/h3>\t\t\t<div class=\"textwidget\"><ul>\n<li><a href=\"https:\/\/www.boogaerdthout.nl\/de\/inspiration\/wissensbasis\/\">Wissensbasis<\/a><\/li>\n<li><a href=\"https:\/\/www.boogaerdthout.nl\/de\/uber-uns\/downloads\/\">Herunterladen<\/a><\/li>\n<li><a href=\"https:\/\/www.boogaerdthout.nl\/de\/inspiration\/projekte\/\">Projekte<\/a><\/li>\n<li><a href=\"https:\/\/www.boogaerdthout.nl\/de\/fassadenverkleidungsprofile\/\">Profile f\u00fcr Fassadenverkleidung<\/a><\/li>\n<li><a href=\"https:\/\/www.boogaerdthout.nl\/de\/profile-terrassendielen\/\">Terrassenprofile<\/a><\/li>\n<li><a href=\"https:\/\/www.boogaerdthout.nl\/de\/uber-uns\/behandlungen-von-holz\/\">Holzbehandlungen<\/a><\/li>\n<\/ul>\n<\/div>\n\t\t<span class=\"seperator extralight-border\"><\/span><\/section><section id=\"custom_html-2\" class=\"widget_text widget clearfix widget_custom_html\"><h3 class=\"widgettitle\">Stell deine Frage<\/h3><div class=\"textwidget custom-html-widget\">\n\n\t\t\n\t    \t    \n        <div class=\"cta-foto\">\n            <img decoding=\"async\" loading=\"lazy\" width=\"600\" height=\"600\" src=\"https:\/\/www.boogaerdthout.nl\/wp-content\/uploads\/2023\/08\/Boogaerdt-personeel-lars-bastiaansen.jpg\" class=\"wp-image-1822 avia-img-lazy-loading-1822 attachment-post-thumbnail size-post-thumbnail wp-post-image\" alt=\"Lars Bastiaansen\" srcset=\"https:\/\/www.boogaerdthout.nl\/wp-content\/uploads\/2023\/08\/Boogaerdt-personeel-lars-bastiaansen.jpg 600w, https:\/\/www.boogaerdthout.nl\/wp-content\/uploads\/2023\/08\/Boogaerdt-personeel-lars-bastiaansen-300x300.jpg 300w, https:\/\/www.boogaerdthout.nl\/wp-content\/uploads\/2023\/08\/Boogaerdt-personeel-lars-bastiaansen-80x80.jpg 80w, https:\/\/www.boogaerdthout.nl\/wp-content\/uploads\/2023\/08\/Boogaerdt-personeel-lars-bastiaansen-36x36.jpg 36w, https:\/\/www.boogaerdthout.nl\/wp-content\/uploads\/2023\/08\/Boogaerdt-personeel-lars-bastiaansen-180x180.jpg 180w\" sizes=\"auto, (max-width: 600px) 100vw, 600px\" \/>        <\/div>\n        <div class=\"cta-info\">\n            <p>Lars Bastiaansen<\/p>\n            <p class=\"functie\">Verkaufsleiter<\/p>\n            <p>0180-551 552<\/p>\n            <a href=\"\/de\/kontakt\/\" class=\"avia-button avia-icon_select-no avia-size-small btn-side avia-position-left avia-color-theme-color\"><span class=\"avia_iconbox_title\">Eine Nachricht schicken<\/span><\/a>\n        <\/div>\n        \n\t\t\n\t\t\n<\/div><span class=\"seperator extralight-border\"><\/span><\/section><section id=\"text-2\" class=\"widget clearfix widget_text\">\t\t\t<div class=\"textwidget\"><div class=\"artikelen\">\n<h4>Zeitungsartikel<\/h4>\n<p>\t\t\t\t\t\t\t<a href=\"https:\/\/www.boogaerdthout.nl\/de\/2026\/04\/02\/hr-medewerker\/\">\t<\/p>\n<div class=\"wrapper\">\n                <img decoding=\"async\" loading=\"lazy\" width=\"1707\" height=\"1707\" src=\"https:\/\/www.boogaerdthout.nl\/wp-content\/uploads\/2026\/04\/Overleg-Accoya-scaled-e1775138458513.jpg\" class=\"wp-image-5509 avia-img-lazy-loading-5509 attachment-post-thumbnail size-post-thumbnail wp-post-image\" alt=\"\" srcset=\"https:\/\/www.boogaerdthout.nl\/wp-content\/uploads\/2026\/04\/Overleg-Accoya-scaled-e1775138458513.jpg 1707w, https:\/\/www.boogaerdthout.nl\/wp-content\/uploads\/2026\/04\/Overleg-Accoya-scaled-e1775138458513-300x300.jpg 300w, https:\/\/www.boogaerdthout.nl\/wp-content\/uploads\/2026\/04\/Overleg-Accoya-scaled-e1775138458513-1030x1030.jpg 1030w, https:\/\/www.boogaerdthout.nl\/wp-content\/uploads\/2026\/04\/Overleg-Accoya-scaled-e1775138458513-80x80.jpg 80w, https:\/\/www.boogaerdthout.nl\/wp-content\/uploads\/2026\/04\/Overleg-Accoya-scaled-e1775138458513-768x768.jpg 768w, https:\/\/www.boogaerdthout.nl\/wp-content\/uploads\/2026\/04\/Overleg-Accoya-scaled-e1775138458513-1536x1536.jpg 1536w, https:\/\/www.boogaerdthout.nl\/wp-content\/uploads\/2026\/04\/Overleg-Accoya-scaled-e1775138458513-12x12.jpg 12w, https:\/\/www.boogaerdthout.nl\/wp-content\/uploads\/2026\/04\/Overleg-Accoya-scaled-e1775138458513-36x36.jpg 36w, https:\/\/www.boogaerdthout.nl\/wp-content\/uploads\/2026\/04\/Overleg-Accoya-scaled-e1775138458513-180x180.jpg 180w, https:\/\/www.boogaerdthout.nl\/wp-content\/uploads\/2026\/04\/Overleg-Accoya-scaled-e1775138458513-1500x1500.jpg 1500w, https:\/\/www.boogaerdthout.nl\/wp-content\/uploads\/2026\/04\/Overleg-Accoya-scaled-e1775138458513-705x705.jpg 705w, https:\/\/www.boogaerdthout.nl\/wp-content\/uploads\/2026\/04\/Overleg-Accoya-scaled-e1775138458513-400x400.jpg 400w, https:\/\/www.boogaerdthout.nl\/wp-content\/uploads\/2026\/04\/Overleg-Accoya-scaled-e1775138458513-600x600.jpg 600w\" sizes=\"auto, (max-width: 1707px) 100vw, 1707px\" \/>\t\t\t\t<\/p>\n<div class=\"artikel-content\">\n<p>Personalmitarbeiter (24-32 Stunden)<\/p>\n<\/div><\/div>\n<p>        <\/a><br \/>\n\t\t\t\t\t\t\t<a href=\"https:\/\/www.boogaerdthout.nl\/de\/2026\/03\/12\/5416\/\">\t<\/p>\n<div class=\"wrapper\">\n                <img decoding=\"async\" loading=\"lazy\" width=\"1195\" height=\"1195\" src=\"https:\/\/www.boogaerdthout.nl\/wp-content\/uploads\/2026\/02\/Billinga-B-fix-scaled-e1771580756663.png\" class=\"wp-image-5380 avia-img-lazy-loading-5380 attachment-post-thumbnail size-post-thumbnail wp-post-image\" alt=\"\" srcset=\"https:\/\/www.boogaerdthout.nl\/wp-content\/uploads\/2026\/02\/Billinga-B-fix-scaled-e1771580756663.png 1195w, https:\/\/www.boogaerdthout.nl\/wp-content\/uploads\/2026\/02\/Billinga-B-fix-scaled-e1771580756663-300x300.png 300w, https:\/\/www.boogaerdthout.nl\/wp-content\/uploads\/2026\/02\/Billinga-B-fix-scaled-e1771580756663-1030x1030.png 1030w, https:\/\/www.boogaerdthout.nl\/wp-content\/uploads\/2026\/02\/Billinga-B-fix-scaled-e1771580756663-80x80.png 80w, https:\/\/www.boogaerdthout.nl\/wp-content\/uploads\/2026\/02\/Billinga-B-fix-scaled-e1771580756663-768x768.png 768w, https:\/\/www.boogaerdthout.nl\/wp-content\/uploads\/2026\/02\/Billinga-B-fix-scaled-e1771580756663-12x12.png 12w, https:\/\/www.boogaerdthout.nl\/wp-content\/uploads\/2026\/02\/Billinga-B-fix-scaled-e1771580756663-36x36.png 36w, https:\/\/www.boogaerdthout.nl\/wp-content\/uploads\/2026\/02\/Billinga-B-fix-scaled-e1771580756663-180x180.png 180w, https:\/\/www.boogaerdthout.nl\/wp-content\/uploads\/2026\/02\/Billinga-B-fix-scaled-e1771580756663-705x705.png 705w, https:\/\/www.boogaerdthout.nl\/wp-content\/uploads\/2026\/02\/Billinga-B-fix-scaled-e1771580756663-400x400.png 400w, https:\/\/www.boogaerdthout.nl\/wp-content\/uploads\/2026\/02\/Billinga-B-fix-scaled-e1771580756663-600x600.png 600w\" sizes=\"auto, (max-width: 1195px) 100vw, 1195px\" \/>\t\t\t\t<\/p>\n<div class=\"artikel-content\">\n<p>Die Terrassensaison ist er\u00f6ffnet<\/p>\n<\/div><\/div>\n<p>        <\/a><br \/>\n\t\t\t\t\t\t\t<a href=\"https:\/\/www.boogaerdthout.nl\/de\/2026\/03\/08\/stage-marketing\/\">\t<\/p>\n<div class=\"wrapper\">\n                <img decoding=\"async\" loading=\"lazy\" width=\"1024\" height=\"1024\" src=\"https:\/\/www.boogaerdthout.nl\/wp-content\/uploads\/2026\/04\/Gemini_Generated_Image_kpybh0kpybh0kpyb.png\" class=\"wp-image-5517 avia-img-lazy-loading-5517 attachment-post-thumbnail size-post-thumbnail wp-post-image\" alt=\"\" srcset=\"https:\/\/www.boogaerdthout.nl\/wp-content\/uploads\/2026\/04\/Gemini_Generated_Image_kpybh0kpybh0kpyb.png 1024w, https:\/\/www.boogaerdthout.nl\/wp-content\/uploads\/2026\/04\/Gemini_Generated_Image_kpybh0kpybh0kpyb-300x300.png 300w, https:\/\/www.boogaerdthout.nl\/wp-content\/uploads\/2026\/04\/Gemini_Generated_Image_kpybh0kpybh0kpyb-80x80.png 80w, https:\/\/www.boogaerdthout.nl\/wp-content\/uploads\/2026\/04\/Gemini_Generated_Image_kpybh0kpybh0kpyb-768x768.png 768w, https:\/\/www.boogaerdthout.nl\/wp-content\/uploads\/2026\/04\/Gemini_Generated_Image_kpybh0kpybh0kpyb-12x12.png 12w, https:\/\/www.boogaerdthout.nl\/wp-content\/uploads\/2026\/04\/Gemini_Generated_Image_kpybh0kpybh0kpyb-36x36.png 36w, https:\/\/www.boogaerdthout.nl\/wp-content\/uploads\/2026\/04\/Gemini_Generated_Image_kpybh0kpybh0kpyb-180x180.png 180w, https:\/\/www.boogaerdthout.nl\/wp-content\/uploads\/2026\/04\/Gemini_Generated_Image_kpybh0kpybh0kpyb-705x705.png 705w\" sizes=\"auto, (max-width: 1024px) 100vw, 1024px\" \/>\t\t\t\t<\/p>\n<div class=\"artikel-content\">\n<p>Praktikum im Bereich Marketing &amp; Vertrieb<\/p>\n<\/div><\/div>\n<p>        <\/a><\/p><\/div>\n<\/div>\n\t\t<span class=\"seperator extralight-border\"><\/span><\/section><\/div><\/div><\/div><\/div><\/main><!-- close content main element --><\/div><\/div><div id='after_section_1'  class='main_color av_default_container_wrap container_wrap sidebar_right'  ><div class='container av-section-cont-open' ><div class='template-page content  av-content-small alpha units'><div class='post-entry post-entry-type-page post-entry-901'><div class='entry-content-wrapper clearfix'>","protected":false},"excerpt":{"rendered":"","protected":false},"author":3,"featured_media":0,"parent":224,"menu_order":0,"comment_status":"closed","ping_status":"closed","template":"","meta":{"_acf_changed":false,"footnotes":""},"class_list":["post-901","page","type-page","status-publish","hentry"],"acf":[],"yoast_head":"<!-- This site is optimized with the Yoast SEO plugin v27.5 - https:\/\/yoast.com\/product\/yoast-seo-wordpress\/ -->\n<title>Montage gevelbekleding - Boogaerdt Hout<\/title>\n<meta name=\"robots\" content=\"index, follow, max-snippet:-1, max-image-preview:large, max-video-preview:-1\" \/>\n<link rel=\"canonical\" href=\"https:\/\/www.boogaerdthout.nl\/de\/inspiration\/wissensbasis\/montage-von-fassadenverkleidungen\/\" \/>\n<meta property=\"og:locale\" content=\"de_DE\" \/>\n<meta property=\"og:type\" content=\"article\" \/>\n<meta property=\"og:title\" content=\"Montage gevelbekleding - Boogaerdt Hout\" \/>\n<meta property=\"og:url\" content=\"https:\/\/www.boogaerdthout.nl\/de\/inspiration\/wissensbasis\/montage-von-fassadenverkleidungen\/\" \/>\n<meta property=\"og:site_name\" content=\"Boogaerdt Hout\" \/>\n<meta property=\"article:modified_time\" content=\"2023-07-14T07:54:11+00:00\" \/>\n<script type=\"application\/ld+json\" class=\"yoast-schema-graph\">{\"@context\":\"https:\\\/\\\/schema.org\",\"@graph\":[{\"@type\":\"WebPage\",\"@id\":\"https:\\\/\\\/www.boogaerdthout.nl\\\/inspiratie\\\/kennisbank\\\/montage-gevelbekleding\\\/\",\"url\":\"https:\\\/\\\/www.boogaerdthout.nl\\\/inspiratie\\\/kennisbank\\\/montage-gevelbekleding\\\/\",\"name\":\"Montage gevelbekleding - Boogaerdt Hout\",\"isPartOf\":{\"@id\":\"https:\\\/\\\/www.boogaerdthout.nl\\\/#website\"},\"datePublished\":\"2023-07-10T14:10:54+00:00\",\"dateModified\":\"2023-07-14T07:54:11+00:00\",\"breadcrumb\":{\"@id\":\"https:\\\/\\\/www.boogaerdthout.nl\\\/inspiratie\\\/kennisbank\\\/montage-gevelbekleding\\\/#breadcrumb\"},\"inLanguage\":\"de\",\"potentialAction\":[{\"@type\":\"ReadAction\",\"target\":[\"https:\\\/\\\/www.boogaerdthout.nl\\\/inspiratie\\\/kennisbank\\\/montage-gevelbekleding\\\/\"]}]},{\"@type\":\"BreadcrumbList\",\"@id\":\"https:\\\/\\\/www.boogaerdthout.nl\\\/inspiratie\\\/kennisbank\\\/montage-gevelbekleding\\\/#breadcrumb\",\"itemListElement\":[{\"@type\":\"ListItem\",\"position\":1,\"name\":\"Home\",\"item\":\"https:\\\/\\\/www.boogaerdthout.nl\\\/home-2\\\/\"},{\"@type\":\"ListItem\",\"position\":2,\"name\":\"Inspiratie\",\"item\":\"https:\\\/\\\/www.boogaerdthout.nl\\\/inspiratie\\\/\"},{\"@type\":\"ListItem\",\"position\":3,\"name\":\"Kennisbank\",\"item\":\"https:\\\/\\\/www.boogaerdthout.nl\\\/inspiratie\\\/kennisbank\\\/\"},{\"@type\":\"ListItem\",\"position\":4,\"name\":\"Montage gevelbekleding\"}]},{\"@type\":\"WebSite\",\"@id\":\"https:\\\/\\\/www.boogaerdthout.nl\\\/#website\",\"url\":\"https:\\\/\\\/www.boogaerdthout.nl\\\/\",\"name\":\"Boogaerdt Hout\",\"description\":\"Koninklijke houthandel Boogaerdt B.V.\",\"potentialAction\":[{\"@type\":\"SearchAction\",\"target\":{\"@type\":\"EntryPoint\",\"urlTemplate\":\"https:\\\/\\\/www.boogaerdthout.nl\\\/?s={search_term_string}\"},\"query-input\":{\"@type\":\"PropertyValueSpecification\",\"valueRequired\":true,\"valueName\":\"search_term_string\"}}],\"inLanguage\":\"de\"}]}<\/script>\n<!-- \/ Yoast SEO plugin. -->","yoast_head_json":{"title":"Montage der Fassadenverkleidung \u2013 Boogaerdt Hout","robots":{"index":"index","follow":"follow","max-snippet":"max-snippet:-1","max-image-preview":"max-image-preview:large","max-video-preview":"max-video-preview:-1"},"canonical":"https:\/\/www.boogaerdthout.nl\/de\/inspiration\/wissensbasis\/montage-von-fassadenverkleidungen\/","og_locale":"de_DE","og_type":"article","og_title":"Montage gevelbekleding - Boogaerdt Hout","og_url":"https:\/\/www.boogaerdthout.nl\/de\/inspiration\/wissensbasis\/montage-von-fassadenverkleidungen\/","og_site_name":"Boogaerdt Hout","article_modified_time":"2023-07-14T07:54:11+00:00","schema":{"@context":"https:\/\/schema.org","@graph":[{"@type":"WebPage","@id":"https:\/\/www.boogaerdthout.nl\/inspiratie\/kennisbank\/montage-gevelbekleding\/","url":"https:\/\/www.boogaerdthout.nl\/inspiratie\/kennisbank\/montage-gevelbekleding\/","name":"Montage der Fassadenverkleidung \u2013 Boogaerdt Hout","isPartOf":{"@id":"https:\/\/www.boogaerdthout.nl\/#website"},"datePublished":"2023-07-10T14:10:54+00:00","dateModified":"2023-07-14T07:54:11+00:00","breadcrumb":{"@id":"https:\/\/www.boogaerdthout.nl\/inspiratie\/kennisbank\/montage-gevelbekleding\/#breadcrumb"},"inLanguage":"de","potentialAction":[{"@type":"ReadAction","target":["https:\/\/www.boogaerdthout.nl\/inspiratie\/kennisbank\/montage-gevelbekleding\/"]}]},{"@type":"BreadcrumbList","@id":"https:\/\/www.boogaerdthout.nl\/inspiratie\/kennisbank\/montage-gevelbekleding\/#breadcrumb","itemListElement":[{"@type":"ListItem","position":1,"name":"Home","item":"https:\/\/www.boogaerdthout.nl\/home-2\/"},{"@type":"ListItem","position":2,"name":"Inspiratie","item":"https:\/\/www.boogaerdthout.nl\/inspiratie\/"},{"@type":"ListItem","position":3,"name":"Kennisbank","item":"https:\/\/www.boogaerdthout.nl\/inspiratie\/kennisbank\/"},{"@type":"ListItem","position":4,"name":"Montage gevelbekleding"}]},{"@type":"WebSite","@id":"https:\/\/www.boogaerdthout.nl\/#website","url":"https:\/\/www.boogaerdthout.nl\/","name":"Boogaerdt Hout","description":"Koninklijke houthandel Boogaerdt BV","potentialAction":[{"@type":"SearchAction","target":{"@type":"EntryPoint","urlTemplate":"https:\/\/www.boogaerdthout.nl\/?s={search_term_string}"},"query-input":{"@type":"PropertyValueSpecification","valueRequired":true,"valueName":"search_term_string"}}],"inLanguage":"de"}]}},"_links":{"self":[{"href":"https:\/\/www.boogaerdthout.nl\/de\/wp-json\/wp\/v2\/pages\/901","targetHints":{"allow":["GET"]}}],"collection":[{"href":"https:\/\/www.boogaerdthout.nl\/de\/wp-json\/wp\/v2\/pages"}],"about":[{"href":"https:\/\/www.boogaerdthout.nl\/de\/wp-json\/wp\/v2\/types\/page"}],"author":[{"embeddable":true,"href":"https:\/\/www.boogaerdthout.nl\/de\/wp-json\/wp\/v2\/users\/3"}],"replies":[{"embeddable":true,"href":"https:\/\/www.boogaerdthout.nl\/de\/wp-json\/wp\/v2\/comments?post=901"}],"version-history":[{"count":0,"href":"https:\/\/www.boogaerdthout.nl\/de\/wp-json\/wp\/v2\/pages\/901\/revisions"}],"up":[{"embeddable":true,"href":"https:\/\/www.boogaerdthout.nl\/de\/wp-json\/wp\/v2\/pages\/224"}],"wp:attachment":[{"href":"https:\/\/www.boogaerdthout.nl\/de\/wp-json\/wp\/v2\/media?parent=901"}],"curies":[{"name":"wp","href":"https:\/\/api.w.org\/{rel}","templated":true}]}}