{"id":829,"date":"2023-07-10T15:40:45","date_gmt":"2023-07-10T13:40:45","guid":{"rendered":"https:\/\/boogaerdthout.bonsaidev.nl\/?page_id=829"},"modified":"2023-10-09T12:48:13","modified_gmt":"2023-10-09T10:48:13","slug":"profile-terrassendielen","status":"publish","type":"page","link":"https:\/\/www.boogaerdthout.nl\/de\/profielen-vlonders\/","title":{"rendered":"Terrassenprofile"},"content":{"rendered":"<div id='av_section_1'  class='avia-section av-av_section-f5cdf9945c56929d6d3b87b9f1521b8a main_color avia-section-default avia-no-border-styling  avia-builder-el-0  el_before_av_section  avia-builder-el-first  avia-bg-style-scroll container_wrap sidebar_right'  ><div class='container av-section-cont-open' ><main  role=\"main\" itemprop=\"mainContentOfPage\"  class='template-page content  av-content-small alpha units'><div class='post-entry post-entry-type-page post-entry-829'><div class='entry-content-wrapper clearfix'>\n\n<style type=\"text\/css\" data-created_by=\"avia_inline_auto\" id=\"style-css-av-av_two_third-f7a9d0949d44d6e82de4112afd95d3d4\">\n.flex_column.av-av_two_third-f7a9d0949d44d6e82de4112afd95d3d4{\nwidth:65.833333333333%;\n}\n<\/style>\n<div  class='flex_column av-av_two_third-f7a9d0949d44d6e82de4112afd95d3d4 av_two_third  avia-builder-el-1  el_before_av_one_third  avia-builder-el-first  first flex_column_div'     ><style type=\"text\/css\" data-created_by=\"avia_inline_auto\" id=\"style-css-av-lnirr8dk-680784c6cd27f2292b51b190765acafe\">\n#top .av_textblock_section.av-lnirr8dk-680784c6cd27f2292b51b190765acafe .avia_textblock{\nfont-size:22px;\n}\n<\/style>\n<section  class='av_textblock_section av-lnirr8dk-680784c6cd27f2292b51b190765acafe'   itemscope=\"itemscope\" itemtype=\"https:\/\/schema.org\/CreativeWork\" ><div class='avia_textblock'  itemprop=\"text\" ><h2>Profile aus Hartholz-Terrassendielen<\/h2>\n<p>Terrassendielen aus Hartholz bieten eine langlebige und stilvolle L\u00f6sung f\u00fcr Au\u00dfenb\u00f6den. Entdecken Sie die Vorteile, Holzarten und Tipps f\u00fcr Installation und Wartung. Schaffen Sie einen sch\u00f6nen und langlebigen Au\u00dfenbereich mit hochwertigen Terrassendielen aus Hartholz.<\/p>\n<\/div><\/section><br \/>\n\n<style type=\"text\/css\" data-created_by=\"avia_inline_auto\" id=\"style-css-av-av_hr-dfbc9995aa01d6262c29aa7200571825\">\n#top .hr.hr-invisible.av-av_hr-dfbc9995aa01d6262c29aa7200571825{\nheight:35px;\n}\n<\/style>\n<div  class='hr av-av_hr-dfbc9995aa01d6262c29aa7200571825 hr-invisible  avia-builder-el-3  el_after_av_textblock  avia-builder-el-last'><span class='hr-inner'><span class=\"hr-inner-style\"><\/span><\/span><\/div><\/p><\/div>\n<style type=\"text\/css\" data-created_by=\"avia_inline_auto\" id=\"style-css-av-av_one_third-f1c518e9ff58e869f80c8f093487abc9\">\n.flex_column.av-av_one_third-f1c518e9ff58e869f80c8f093487abc9{\nwidth:31.666666666667%;\nmargin-left:2.5%;\n}\n<\/style>\n<div  class='flex_column av-av_one_third-f1c518e9ff58e869f80c8f093487abc9 av_one_third  avia-builder-el-4  el_after_av_two_third  el_before_av_one_full  flex_column_div'     ><\/div><div  class='flex_column av-av_one_full-7714eba142aeda1f8b5272a3c372b279 av_one_full  avia-builder-el-5  el_after_av_one_third  avia-builder-el-last  first flex_column_div  column-top-margin'     ><\/div><\/div><\/div><\/main><!-- close content main element --><\/div><\/div>\n<style type=\"text\/css\" data-created_by=\"avia_inline_auto\" id=\"style-css-av-av_section-f479273c0c27177083127c25c9e9569a\">\n.avia-section.av-av_section-f479273c0c27177083127c25c9e9569a{\nmargin-top:-60px;\nmargin-bottom:0px;\n}\n<\/style>\n<div id='av_section_2'  class='avia-section av-av_section-f479273c0c27177083127c25c9e9569a main_color avia-section-large avia-no-border-styling  avia-builder-el-7  el_after_av_section  avia-builder-el-last  avia-bg-style-scroll container_wrap sidebar_right'  ><div class='container av-section-cont-open' ><div class='template-page content  av-content-small alpha units'><div class='post-entry post-entry-type-page post-entry-829'><div class='entry-content-wrapper clearfix'>\n<div class='flex_column_table av-av_two_fifth-998a77b6f5e0b0384375e7ac61a67872 sc-av_two_fifth av-break-at-tablet-flextable av-equal-height-column-flextable'>\n<style type=\"text\/css\" data-created_by=\"avia_inline_auto\" id=\"style-css-av-av_two_fifth-998a77b6f5e0b0384375e7ac61a67872\">\n.flex_column.av-av_two_fifth-998a77b6f5e0b0384375e7ac61a67872{\npadding:40px 90px 40px 40px;\nbackground:url(https:\/\/www.boogaerdthout.nl\/wp-content\/uploads\/2023\/09\/staaltjes-1030x1030.png) 50% 50% no-repeat scroll ;\n}\n\n@media only screen and (min-width: 768px) and (max-width: 989px){ \n.flex_column.av-av_two_fifth-998a77b6f5e0b0384375e7ac61a67872{\npadding:40px 40px 40px 40px;\n}\n}\n\n@media only screen and (min-width: 480px) and (max-width: 767px){ \n.flex_column.av-av_two_fifth-998a77b6f5e0b0384375e7ac61a67872{\npadding:40px 40px 40px 40px;\n}\n}\n\n@media only screen and (max-width: 479px){ \n.flex_column.av-av_two_fifth-998a77b6f5e0b0384375e7ac61a67872{\npadding:40px 40px 40px 40px;\n}\n}\n<\/style>\n<div  class='flex_column av-av_two_fifth-998a77b6f5e0b0384375e7ac61a67872 av_two_fifth  avia-builder-el-8  el_before_av_three_fifth  avia-builder-el-first  first no_margin av-break-at-tablet flex_column_table_cell av-equal-height-column av-align-bottom avia-full-stretch'     ><section  class='av_textblock_section av-av_textblock-be5c51ff2d303c623797d44ef6b838cc'   itemscope=\"itemscope\" itemtype=\"https:\/\/schema.org\/CreativeWork\" ><div class='avia_textblock samples-logo-border'  itemprop=\"text\" ><p><img loading=\"lazy\" decoding=\"async\" class=\"alignnone wp-image-269\" src=\"https:\/\/www.boogaerdthout.nl\/wp-content\/uploads\/2023\/05\/Samples-logo.png\" alt=\"Logo f\u00fcr Holzanwendungen\" width=\"152\" height=\"56\" srcset=\"https:\/\/www.boogaerdthout.nl\/wp-content\/uploads\/2023\/05\/Samples-logo.png 309w, https:\/\/www.boogaerdthout.nl\/wp-content\/uploads\/2023\/05\/Samples-logo-300x111.png 300w\" sizes=\"auto, (max-width: 152px) 100vw, 152px\" \/><\/p>\n<\/div><\/section><\/div>\n<style type=\"text\/css\" data-created_by=\"avia_inline_auto\" id=\"style-css-av-av_three_fifth-9c0f2f57716e25e6a6f4892ca7ade5c1\">\n.flex_column.av-av_three_fifth-9c0f2f57716e25e6a6f4892ca7ade5c1{\nborder-width:1px;\nborder-color:#ffffff;\nborder-style:solid;\npadding:70px 80px 70px 80px;\n}\n<\/style>\n<div  class='flex_column av-av_three_fifth-9c0f2f57716e25e6a6f4892ca7ade5c1 av_three_fifth  avia-builder-el-10  el_after_av_two_fifth  avia-builder-el-last  kwaliteit no_margin av-break-at-tablet flex_column_table_cell av-equal-height-column av-align-bottom'     ><section  class='av_textblock_section av-av_textblock-7a1af7d8f9790576b1769c0a9f0449ed'   itemscope=\"itemscope\" itemtype=\"https:\/\/schema.org\/CreativeWork\" ><div class='avia_textblock'  itemprop=\"text\" ><h4>Schwierigkeiten bei der Auswahl?<\/h4>\n<\/div><\/section><br \/>\n\n<style type=\"text\/css\" data-created_by=\"avia_inline_auto\" id=\"style-css-av-av_hr-6eb89952fa4118e95da92949e23246ed\">\n#top .hr.hr-invisible.av-av_hr-6eb89952fa4118e95da92949e23246ed{\nheight:65px;\n}\n<\/style>\n<div  class='hr av-av_hr-6eb89952fa4118e95da92949e23246ed hr-invisible  avia-builder-el-12  el_after_av_textblock  el_before_av_textblock'><span class='hr-inner'><span class=\"hr-inner-style\"><\/span><\/span><\/div><br \/>\n<section  class='av_textblock_section av-av_textblock-7a1af7d8f9790576b1769c0a9f0449ed'   itemscope=\"itemscope\" itemtype=\"https:\/\/schema.org\/CreativeWork\" ><div class='avia_textblock'  itemprop=\"text\" ><h2>Sie wollen Qualit\u00e4t sp\u00fcren<\/h2>\n<\/div><\/section><br \/>\n\n<style type=\"text\/css\" data-created_by=\"avia_inline_auto\" id=\"style-css-av-av_hr-a250e54802fd4efd5bbbc6ac9c87393b\">\n#top .hr.hr-invisible.av-av_hr-a250e54802fd4efd5bbbc6ac9c87393b{\nheight:1px;\n}\n<\/style>\n<div  class='hr av-av_hr-a250e54802fd4efd5bbbc6ac9c87393b hr-invisible  avia-builder-el-14  el_after_av_textblock  el_before_av_textblock'><span class='hr-inner'><span class=\"hr-inner-style\"><\/span><\/span><\/div><br \/>\n<section  class='av_textblock_section av-av_textblock-7a1af7d8f9790576b1769c0a9f0449ed'   itemscope=\"itemscope\" itemtype=\"https:\/\/schema.org\/CreativeWork\" ><div class='avia_textblock'  itemprop=\"text\" ><p>M\u00f6chten Sie mehr Gef\u00fchl und ein Bild von den Materialien? Fordern Sie einfach ein kostenloses Muster \u00fcber unseren Musterservice an. Sie sind sich noch unsicher \u00fcber die richtigen Materialien und Anwendungen? Lassen Sie sich von unseren Spezialisten beraten oder besuchen Sie unseren Ausstellungsraum.<\/p>\n<\/div><\/section><br \/>\n\n<style type=\"text\/css\" data-created_by=\"avia_inline_auto\" id=\"style-css-av-av_hr-7b606dd2f68b040fedf6ebd411de9dc6\">\n#top .hr.hr-invisible.av-av_hr-7b606dd2f68b040fedf6ebd411de9dc6{\nheight:110px;\n}\n<\/style>\n<div  class='hr av-av_hr-7b606dd2f68b040fedf6ebd411de9dc6 hr-invisible  avia-builder-el-16  el_after_av_textblock  el_before_av_buttonrow  av-small-hide av-mini-hide'><span class='hr-inner'><span class=\"hr-inner-style\"><\/span><\/span><\/div><br \/>\n<div  class='avia-buttonrow-wrap av-av_buttonrow-d25bbaf82f10a478a90c9fb9f318217d avia-buttonrow-left  avia-builder-el-17  el_after_av_hr  avia-builder-el-last'>\n\n<style type=\"text\/css\" data-created_by=\"avia_inline_auto\" id=\"style-css-av-av_buttonrow_item-35c8c66654c4e76348e6d7efc25dfad3\">\n#top #wrap_all .avia-button.av-av_buttonrow_item-35c8c66654c4e76348e6d7efc25dfad3{\nmargin-bottom:20px;\nmargin-right:20px;\n}\n<\/style>\n<a href='https:\/\/www.boogaerdthout.nl\/de\/samples\/'  class='avia-button av-av_buttonrow_item-35c8c66654c4e76348e6d7efc25dfad3 avia-icon_select-no avia-size-small avia-color-theme-color-highlight'   aria-label=\"Muster bestellen\"><span class='avia_iconbox_title' >Muster bestellen<\/span><\/a>\n\n<style type=\"text\/css\" data-created_by=\"avia_inline_auto\" id=\"style-css-av-av_buttonrow_item-c53c03927e63c1f0e097ad4041d492b2\">\n#top #wrap_all .avia-button.av-av_buttonrow_item-c53c03927e63c1f0e097ad4041d492b2{\nmargin-bottom:20px;\nmargin-right:20px;\n}\n<\/style>\n<a href='https:\/\/www.boogaerdthout.nl\/de\/contact\/'  class='avia-button av-av_buttonrow_item-c53c03927e63c1f0e097ad4041d492b2 avia-icon_select-no avia-size-small avia-color-theme-color'   aria-label=\"Kontakt aufnehmen\"><span class='avia_iconbox_title' >Kontakt aufnehmen<\/span><\/a>\n<\/div><\/p><\/div><\/div><!--close column table wrapper. Autoclose: 1 -->\n<\/div><\/div><\/div><!-- close content main div --><\/div><\/div><div id='after_section_2'  class='main_color av_default_container_wrap container_wrap sidebar_right'  ><div class='container av-section-cont-open' ><div class='template-page content  av-content-small alpha units'><div class='post-entry post-entry-type-page post-entry-829'><div class='entry-content-wrapper clearfix'><\/p>","protected":false},"excerpt":{"rendered":"","protected":false},"author":3,"featured_media":0,"parent":0,"menu_order":0,"comment_status":"closed","ping_status":"closed","template":"","meta":{"_acf_changed":false,"footnotes":""},"class_list":["post-829","page","type-page","status-publish","hentry"],"acf":[],"yoast_head":"<!-- This site is optimized with the Yoast SEO plugin v27.3 - https:\/\/yoast.com\/product\/yoast-seo-wordpress\/ -->\n<title>Profielen vlonders - Boogaerdt Hout<\/title>\n<meta name=\"robots\" content=\"index, follow, max-snippet:-1, max-image-preview:large, max-video-preview:-1\" \/>\n<link rel=\"canonical\" href=\"https:\/\/www.boogaerdthout.nl\/de\/profile-terrassendielen\/\" \/>\n<meta property=\"og:locale\" content=\"de_DE\" \/>\n<meta property=\"og:type\" content=\"article\" \/>\n<meta property=\"og:title\" content=\"Profielen vlonders - Boogaerdt Hout\" \/>\n<meta property=\"og:url\" content=\"https:\/\/www.boogaerdthout.nl\/de\/profile-terrassendielen\/\" \/>\n<meta property=\"og:site_name\" content=\"Boogaerdt Hout\" \/>\n<meta property=\"article:modified_time\" content=\"2023-10-09T10:48:13+00:00\" \/>\n<meta property=\"og:image\" content=\"https:\/\/www.boogaerdthout.nl\/wp-content\/uploads\/2023\/05\/Samples-logo.png\" \/>\n<meta name=\"twitter:label1\" content=\"Gesch\u00e4tzte Lesezeit\" \/>\n\t<meta name=\"twitter:data1\" content=\"12\u00a0Minuten\" \/>\n<script type=\"application\/ld+json\" class=\"yoast-schema-graph\">{\"@context\":\"https:\\\/\\\/schema.org\",\"@graph\":[{\"@type\":\"WebPage\",\"@id\":\"https:\\\/\\\/www.boogaerdthout.nl\\\/profielen-vlonders\\\/\",\"url\":\"https:\\\/\\\/www.boogaerdthout.nl\\\/profielen-vlonders\\\/\",\"name\":\"Profielen vlonders - Boogaerdt Hout\",\"isPartOf\":{\"@id\":\"https:\\\/\\\/www.boogaerdthout.nl\\\/#website\"},\"primaryImageOfPage\":{\"@id\":\"https:\\\/\\\/www.boogaerdthout.nl\\\/profielen-vlonders\\\/#primaryimage\"},\"image\":{\"@id\":\"https:\\\/\\\/www.boogaerdthout.nl\\\/profielen-vlonders\\\/#primaryimage\"},\"thumbnailUrl\":\"https:\\\/\\\/www.boogaerdthout.nl\\\/wp-content\\\/uploads\\\/2023\\\/05\\\/Samples-logo.png\",\"datePublished\":\"2023-07-10T13:40:45+00:00\",\"dateModified\":\"2023-10-09T10:48:13+00:00\",\"breadcrumb\":{\"@id\":\"https:\\\/\\\/www.boogaerdthout.nl\\\/profielen-vlonders\\\/#breadcrumb\"},\"inLanguage\":\"de\",\"potentialAction\":[{\"@type\":\"ReadAction\",\"target\":[\"https:\\\/\\\/www.boogaerdthout.nl\\\/profielen-vlonders\\\/\"]}]},{\"@type\":\"ImageObject\",\"inLanguage\":\"de\",\"@id\":\"https:\\\/\\\/www.boogaerdthout.nl\\\/profielen-vlonders\\\/#primaryimage\",\"url\":\"https:\\\/\\\/www.boogaerdthout.nl\\\/wp-content\\\/uploads\\\/2023\\\/05\\\/Samples-logo.png\",\"contentUrl\":\"https:\\\/\\\/www.boogaerdthout.nl\\\/wp-content\\\/uploads\\\/2023\\\/05\\\/Samples-logo.png\"},{\"@type\":\"BreadcrumbList\",\"@id\":\"https:\\\/\\\/www.boogaerdthout.nl\\\/profielen-vlonders\\\/#breadcrumb\",\"itemListElement\":[{\"@type\":\"ListItem\",\"position\":1,\"name\":\"Home\",\"item\":\"https:\\\/\\\/www.boogaerdthout.nl\\\/home-2\\\/\"},{\"@type\":\"ListItem\",\"position\":2,\"name\":\"Profielen vlonders\"}]},{\"@type\":\"WebSite\",\"@id\":\"https:\\\/\\\/www.boogaerdthout.nl\\\/#website\",\"url\":\"https:\\\/\\\/www.boogaerdthout.nl\\\/\",\"name\":\"Boogaerdt Hout\",\"description\":\"Koninklijke houthandel Boogaerdt B.V.\",\"potentialAction\":[{\"@type\":\"SearchAction\",\"target\":{\"@type\":\"EntryPoint\",\"urlTemplate\":\"https:\\\/\\\/www.boogaerdthout.nl\\\/?s={search_term_string}\"},\"query-input\":{\"@type\":\"PropertyValueSpecification\",\"valueRequired\":true,\"valueName\":\"search_term_string\"}}],\"inLanguage\":\"de\"}]}<\/script>\n<!-- \/ Yoast SEO plugin. -->","yoast_head_json":{"title":"Terrassenprofile - Boogaerdt Hout","robots":{"index":"index","follow":"follow","max-snippet":"max-snippet:-1","max-image-preview":"max-image-preview:large","max-video-preview":"max-video-preview:-1"},"canonical":"https:\/\/www.boogaerdthout.nl\/de\/profile-terrassendielen\/","og_locale":"de_DE","og_type":"article","og_title":"Profielen vlonders - Boogaerdt Hout","og_url":"https:\/\/www.boogaerdthout.nl\/de\/profile-terrassendielen\/","og_site_name":"Boogaerdt Hout","article_modified_time":"2023-10-09T10:48:13+00:00","og_image":[{"url":"https:\/\/www.boogaerdthout.nl\/wp-content\/uploads\/2023\/05\/Samples-logo.png","type":"","width":"","height":""}],"twitter_misc":{"Gesch\u00e4tzte Lesezeit":"12\u00a0Minuten"},"schema":{"@context":"https:\/\/schema.org","@graph":[{"@type":"WebPage","@id":"https:\/\/www.boogaerdthout.nl\/profielen-vlonders\/","url":"https:\/\/www.boogaerdthout.nl\/profielen-vlonders\/","name":"Terrassenprofile - Boogaerdt Hout","isPartOf":{"@id":"https:\/\/www.boogaerdthout.nl\/#website"},"primaryImageOfPage":{"@id":"https:\/\/www.boogaerdthout.nl\/profielen-vlonders\/#primaryimage"},"image":{"@id":"https:\/\/www.boogaerdthout.nl\/profielen-vlonders\/#primaryimage"},"thumbnailUrl":"https:\/\/www.boogaerdthout.nl\/wp-content\/uploads\/2023\/05\/Samples-logo.png","datePublished":"2023-07-10T13:40:45+00:00","dateModified":"2023-10-09T10:48:13+00:00","breadcrumb":{"@id":"https:\/\/www.boogaerdthout.nl\/profielen-vlonders\/#breadcrumb"},"inLanguage":"de","potentialAction":[{"@type":"ReadAction","target":["https:\/\/www.boogaerdthout.nl\/profielen-vlonders\/"]}]},{"@type":"ImageObject","inLanguage":"de","@id":"https:\/\/www.boogaerdthout.nl\/profielen-vlonders\/#primaryimage","url":"https:\/\/www.boogaerdthout.nl\/wp-content\/uploads\/2023\/05\/Samples-logo.png","contentUrl":"https:\/\/www.boogaerdthout.nl\/wp-content\/uploads\/2023\/05\/Samples-logo.png"},{"@type":"BreadcrumbList","@id":"https:\/\/www.boogaerdthout.nl\/profielen-vlonders\/#breadcrumb","itemListElement":[{"@type":"ListItem","position":1,"name":"Home","item":"https:\/\/www.boogaerdthout.nl\/home-2\/"},{"@type":"ListItem","position":2,"name":"Profielen vlonders"}]},{"@type":"WebSite","@id":"https:\/\/www.boogaerdthout.nl\/#website","url":"https:\/\/www.boogaerdthout.nl\/","name":"Boogaerdt Hout","description":"Koninklijke houthandel Boogaerdt BV","potentialAction":[{"@type":"SearchAction","target":{"@type":"EntryPoint","urlTemplate":"https:\/\/www.boogaerdthout.nl\/?s={search_term_string}"},"query-input":{"@type":"PropertyValueSpecification","valueRequired":true,"valueName":"search_term_string"}}],"inLanguage":"de"}]}},"_links":{"self":[{"href":"https:\/\/www.boogaerdthout.nl\/de\/wp-json\/wp\/v2\/pages\/829","targetHints":{"allow":["GET"]}}],"collection":[{"href":"https:\/\/www.boogaerdthout.nl\/de\/wp-json\/wp\/v2\/pages"}],"about":[{"href":"https:\/\/www.boogaerdthout.nl\/de\/wp-json\/wp\/v2\/types\/page"}],"author":[{"embeddable":true,"href":"https:\/\/www.boogaerdthout.nl\/de\/wp-json\/wp\/v2\/users\/3"}],"replies":[{"embeddable":true,"href":"https:\/\/www.boogaerdthout.nl\/de\/wp-json\/wp\/v2\/comments?post=829"}],"version-history":[{"count":0,"href":"https:\/\/www.boogaerdthout.nl\/de\/wp-json\/wp\/v2\/pages\/829\/revisions"}],"wp:attachment":[{"href":"https:\/\/www.boogaerdthout.nl\/de\/wp-json\/wp\/v2\/media?parent=829"}],"curies":[{"name":"wp","href":"https:\/\/api.w.org\/{rel}","templated":true}]}}