{"id":3073,"date":"2023-10-09T12:53:48","date_gmt":"2023-10-09T10:53:48","guid":{"rendered":"https:\/\/boogaerdthout.bonsaidev.nl\/?page_id=3073"},"modified":"2025-05-28T09:49:34","modified_gmt":"2025-05-28T07:49:34","slug":"profile-fassaden-terrassendielen","status":"publish","type":"page","link":"https:\/\/www.boogaerdthout.nl\/de\/profielen-gevels-vlonders\/","title":{"rendered":"Profile"},"content":{"rendered":"<div id='av_section_1'  class='avia-section av-umfs35-05af2e55d83cbd6080c54167519f5ee0 main_color avia-section-default avia-no-border-styling  avia-builder-el-0  el_before_av_section  avia-builder-el-first  avia-bg-style-scroll container_wrap sidebar_right'  ><div class='container av-section-cont-open' ><main  role=\"main\" itemprop=\"mainContentOfPage\"  class='template-page content  av-content-small alpha units'><div class='post-entry post-entry-type-page post-entry-3073'><div class='entry-content-wrapper clearfix'>\n\n<style type=\"text\/css\" data-created_by=\"avia_inline_auto\" id=\"style-css-av-tb0e1d-b4238cab5a459a6ba4ea4a425778dc92\">\n.flex_column.av-tb0e1d-b4238cab5a459a6ba4ea4a425778dc92{\nwidth:65.833333333333%;\n}\n<\/style>\n<div  class='flex_column av-tb0e1d-b4238cab5a459a6ba4ea4a425778dc92 av_two_third  avia-builder-el-1  el_before_av_one_third  avia-builder-el-first  first flex_column_div'     ><style type=\"text\/css\" data-created_by=\"avia_inline_auto\" id=\"style-css-av-lniruhd5-fec492ddc3a7ff32d7886ad1cad72261\">\n#top .av_textblock_section.av-lniruhd5-fec492ddc3a7ff32d7886ad1cad72261 .avia_textblock{\nfont-size:22px;\n}\n<\/style>\n<section  class='av_textblock_section av-lniruhd5-fec492ddc3a7ff32d7886ad1cad72261'   itemscope=\"itemscope\" itemtype=\"https:\/\/schema.org\/CreativeWork\" ><div class='avia_textblock'  itemprop=\"text\" ><section class=\"av_textblock_section av-lnirnpsu-c0b429e0e7411564b079c03593ed4aa0\">\n<div class=\"avia_textblock\">\n<h1><span style=\"color: #333333;\">Profile<\/span><\/h1>\n<p>Unsere Holzprofile werden sorgf\u00e4ltig ausgew\u00e4hlt und auf unseren eigenen Maschinen in die unterschiedlichsten Formen und Gr\u00f6\u00dfen verarbeitet. Ob es um klare Linien f\u00fcr einen modernen Look oder klassische Profile f\u00fcr einen zeitlosen Charakter geht, bei Boogaerdt Hout k\u00f6nnen Sie sich auf Holzarbeiten verlassen, die nahtlos zu Ihren Visionen und Projektanforderungen passen.<\/p>\n<p>Weitere Informationen zu den Profilen und der Brandklassifizierung finden Sie in unserem Profilbuch: <a href=\"https:\/\/www.boogaerdthout.nl\/wp-content\/uploads\/2024\/11\/Boogaerdt-profielenboek-2024-compris.pdf\">Boogaerdt Profilbuch 2025<\/a><\/p>\n<\/div>\n<\/section>\n<\/div><\/section><br \/>\n\n<style type=\"text\/css\" data-created_by=\"avia_inline_auto\" id=\"style-css-av-r0mn29-1b367800aeae8dcf5bac70ca2582b97a\">\n#top .hr.hr-invisible.av-r0mn29-1b367800aeae8dcf5bac70ca2582b97a{\nheight:35px;\n}\n<\/style>\n<div  class='hr av-r0mn29-1b367800aeae8dcf5bac70ca2582b97a hr-invisible  avia-builder-el-3  el_after_av_textblock  avia-builder-el-last'><span class='hr-inner'><span class=\"hr-inner-style\"><\/span><\/span><\/div><\/p><\/div>\n<style type=\"text\/css\" data-created_by=\"avia_inline_auto\" id=\"style-css-av-pqlu01-2e4e6883211d135739983c7621d6ba12\">\n.flex_column.av-pqlu01-2e4e6883211d135739983c7621d6ba12{\nwidth:31.666666666667%;\nmargin-left:2.5%;\n}\n<\/style>\n<div  class='flex_column av-pqlu01-2e4e6883211d135739983c7621d6ba12 av_one_third  avia-builder-el-4  el_after_av_two_third  el_before_av_one_full  flex_column_div'     ><\/div><div  class='flex_column av-nbsekh-bb6b01f66636f4148240563c0b2db024 av_one_full  avia-builder-el-5  el_after_av_one_third  el_before_av_one_full  first flex_column_div  column-top-margin'     ><style type=\"text\/css\" data-created_by=\"avia_inline_auto\" id=\"style-css-av-lnirz1wl-e5f2ca07effd268013ae9d9732f792f0\">\n#top .av_textblock_section.av-lnirz1wl-e5f2ca07effd268013ae9d9732f792f0 .avia_textblock{\nfont-size:22px;\n}\n<\/style>\n<section  class='av_textblock_section av-lnirz1wl-e5f2ca07effd268013ae9d9732f792f0'   itemscope=\"itemscope\" itemtype=\"https:\/\/schema.org\/CreativeWork\" ><div class='avia_textblock'  itemprop=\"text\" ><section class=\"av_textblock_section av-lnirnpsu-c0b429e0e7411564b079c03593ed4aa0\">\n<div class=\"avia_textblock\">\n<h2>Profile f\u00fcr Fassadenverkleidung<\/h2>\n<\/div>\n<\/section>\n<\/div><\/section><br \/>\n<\/p><\/div>\n<style type=\"text\/css\" data-created_by=\"avia_inline_auto\" id=\"style-css-av-22ugtt-febf5f960683e8e7138be269c4449bde\">\n.flex_column.av-22ugtt-febf5f960683e8e7138be269c4449bde{\npadding:100px 0 0 0;\n}\n<\/style>\n<div  class='flex_column av-22ugtt-febf5f960683e8e7138be269c4449bde av_one_full  avia-builder-el-8  el_after_av_one_full  avia-builder-el-last  first flex_column_div  column-top-margin'     ><style type=\"text\/css\" data-created_by=\"avia_inline_auto\" id=\"style-css-av-lnis336v-c3692327086afefdd8147d4a8a17ed51\">\n#top .av_textblock_section.av-lnis336v-c3692327086afefdd8147d4a8a17ed51 .avia_textblock{\nfont-size:22px;\n}\n<\/style>\n<section  class='av_textblock_section av-lnis336v-c3692327086afefdd8147d4a8a17ed51'   itemscope=\"itemscope\" itemtype=\"https:\/\/schema.org\/CreativeWork\" ><div class='avia_textblock'  itemprop=\"text\" ><h2>Profile aus Hartholz-Terrassendielen<\/h2>\n<p>Terrassendielen aus Hartholz bieten eine langlebige und stilvolle L\u00f6sung f\u00fcr Au\u00dfenb\u00f6den. Entdecken Sie die Vorteile, Holzarten und Tipps f\u00fcr Installation und Wartung. Schaffen Sie einen sch\u00f6nen und langlebigen Au\u00dfenbereich mit hochwertigen Terrassendielen aus Hartholz.<\/p>\n<\/div><\/section><br \/>\n<\/p><\/div><\/div><\/div><\/main><!-- close content main element --><\/div><\/div>\n<style type=\"text\/css\" data-created_by=\"avia_inline_auto\" id=\"style-css-av-lsw8ld-b2efa0f605ef6a96128bf83b64c1674a\">\n.avia-section.av-lsw8ld-b2efa0f605ef6a96128bf83b64c1674a{\nmargin-top:-60px;\nmargin-bottom:0px;\n}\n<\/style>\n<div id='av_section_2'  class='avia-section av-lsw8ld-b2efa0f605ef6a96128bf83b64c1674a main_color avia-section-large avia-no-border-styling  avia-builder-el-11  el_after_av_section  avia-builder-el-last  avia-bg-style-scroll container_wrap sidebar_right'  ><div class='container av-section-cont-open' ><div class='template-page content  av-content-small alpha units'><div class='post-entry post-entry-type-page post-entry-3073'><div class='entry-content-wrapper clearfix'>\n<div class='flex_column_table av-l46ypd-16b24d023f363799e3db509b531d242e sc-av_two_fifth av-break-at-tablet-flextable av-equal-height-column-flextable'>\n<style type=\"text\/css\" data-created_by=\"avia_inline_auto\" id=\"style-css-av-l46ypd-16b24d023f363799e3db509b531d242e\">\n.flex_column.av-l46ypd-16b24d023f363799e3db509b531d242e{\npadding:40px 90px 40px 40px;\nbackground:url(https:\/\/www.boogaerdthout.nl\/wp-content\/uploads\/2023\/09\/staaltjes-1030x1030.png) 50% 50% no-repeat scroll ;\n}\n\n@media only screen and (min-width: 768px) and (max-width: 989px){ \n.flex_column.av-l46ypd-16b24d023f363799e3db509b531d242e{\npadding:40px 40px 40px 40px;\n}\n}\n\n@media only screen and (min-width: 480px) and (max-width: 767px){ \n.flex_column.av-l46ypd-16b24d023f363799e3db509b531d242e{\npadding:40px 40px 40px 40px;\n}\n}\n\n@media only screen and (max-width: 479px){ \n.flex_column.av-l46ypd-16b24d023f363799e3db509b531d242e{\npadding:40px 40px 40px 40px;\n}\n}\n<\/style>\n<div  class='flex_column av-l46ypd-16b24d023f363799e3db509b531d242e av_two_fifth  avia-builder-el-12  el_before_av_three_fifth  avia-builder-el-first  first no_margin av-break-at-tablet flex_column_table_cell av-equal-height-column av-align-bottom avia-full-stretch'     ><section  class='av_textblock_section av-jufl5d-c5e11158cb0934f873705c7752149e73'   itemscope=\"itemscope\" itemtype=\"https:\/\/schema.org\/CreativeWork\" ><div class='avia_textblock samples-logo-border'  itemprop=\"text\" ><p><img loading=\"lazy\" decoding=\"async\" class=\"alignnone wp-image-269\" src=\"https:\/\/www.boogaerdthout.nl\/wp-content\/uploads\/2023\/05\/Samples-logo.png\" alt=\"Logo f\u00fcr Holzanwendungen\" width=\"152\" height=\"56\" srcset=\"https:\/\/www.boogaerdthout.nl\/wp-content\/uploads\/2023\/05\/Samples-logo.png 309w, https:\/\/www.boogaerdthout.nl\/wp-content\/uploads\/2023\/05\/Samples-logo-300x111.png 300w\" sizes=\"auto, (max-width: 152px) 100vw, 152px\" \/><\/p>\n<\/div><\/section><\/div>\n<style type=\"text\/css\" data-created_by=\"avia_inline_auto\" id=\"style-css-av-hr494h-24320310926154c67abb903e5a0a9db2\">\n.flex_column.av-hr494h-24320310926154c67abb903e5a0a9db2{\nborder-width:1px;\nborder-color:#ffffff;\nborder-style:solid;\npadding:70px 80px 70px 80px;\n}\n<\/style>\n<div  class='flex_column av-hr494h-24320310926154c67abb903e5a0a9db2 av_three_fifth  avia-builder-el-14  el_after_av_two_fifth  avia-builder-el-last  kwaliteit no_margin av-break-at-tablet flex_column_table_cell av-equal-height-column av-align-bottom'     ><section  class='av_textblock_section av-f6scmp-d751853627e561a6e2cfe569aeb2427a'   itemscope=\"itemscope\" itemtype=\"https:\/\/schema.org\/CreativeWork\" ><div class='avia_textblock'  itemprop=\"text\" ><h4>Schwierigkeiten bei der Auswahl?<\/h4>\n<\/div><\/section><br \/>\n\n<style type=\"text\/css\" data-created_by=\"avia_inline_auto\" id=\"style-css-av-ep7ukh-29e9ad641580441f9e8c8020440dd315\">\n#top .hr.hr-invisible.av-ep7ukh-29e9ad641580441f9e8c8020440dd315{\nheight:65px;\n}\n<\/style>\n<div  class='hr av-ep7ukh-29e9ad641580441f9e8c8020440dd315 hr-invisible  avia-builder-el-16  el_after_av_textblock  el_before_av_textblock'><span class='hr-inner'><span class=\"hr-inner-style\"><\/span><\/span><\/div><br \/>\n<section  class='av_textblock_section av-bufcz5-6369873d4466cdcd1c76cbcc7dc1dd76'   itemscope=\"itemscope\" itemtype=\"https:\/\/schema.org\/CreativeWork\" ><div class='avia_textblock'  itemprop=\"text\" ><h2>Sie wollen Qualit\u00e4t sp\u00fcren<\/h2>\n<\/div><\/section><br \/>\n\n<style type=\"text\/css\" data-created_by=\"avia_inline_auto\" id=\"style-css-av-b42xgh-f068182b743eaa5dd9f27cfccd8186d1\">\n#top .hr.hr-invisible.av-b42xgh-f068182b743eaa5dd9f27cfccd8186d1{\nheight:1px;\n}\n<\/style>\n<div  class='hr av-b42xgh-f068182b743eaa5dd9f27cfccd8186d1 hr-invisible  avia-builder-el-18  el_after_av_textblock  el_before_av_textblock'><span class='hr-inner'><span class=\"hr-inner-style\"><\/span><\/span><\/div><br \/>\n<section  class='av_textblock_section av-8qad6p-aed16153c9882059cac83999f5d7cd3a'   itemscope=\"itemscope\" itemtype=\"https:\/\/schema.org\/CreativeWork\" ><div class='avia_textblock'  itemprop=\"text\" ><p>M\u00f6chten Sie mehr Gef\u00fchl und ein Bild von den Materialien? Fordern Sie einfach ein kostenloses Muster \u00fcber unseren Musterservice an. Sie sind sich noch unsicher \u00fcber die richtigen Materialien und Anwendungen? Lassen Sie sich von unseren Spezialisten beraten oder besuchen Sie unseren Ausstellungsraum.<\/p>\n<\/div><\/section><br \/>\n\n<style type=\"text\/css\" data-created_by=\"avia_inline_auto\" id=\"style-css-av-7m2ypd-bd41eca98dd2539e8449ae36c90bcaf6\">\n#top .hr.hr-invisible.av-7m2ypd-bd41eca98dd2539e8449ae36c90bcaf6{\nheight:110px;\n}\n<\/style>\n<div  class='hr av-7m2ypd-bd41eca98dd2539e8449ae36c90bcaf6 hr-invisible  avia-builder-el-20  el_after_av_textblock  el_before_av_buttonrow  av-small-hide av-mini-hide'><span class='hr-inner'><span class=\"hr-inner-style\"><\/span><\/span><\/div><br \/>\n<div  class='avia-buttonrow-wrap av-5f1o5d-7ae9c598a59cf186ce0a2640bfbac76d avia-buttonrow-left  avia-builder-el-21  el_after_av_hr  avia-builder-el-last'>\n\n<style type=\"text\/css\" data-created_by=\"avia_inline_auto\" id=\"style-css-av-3txcdd-af03fab382975bde2c934dbdf605b4d8\">\n#top #wrap_all .avia-button.av-3txcdd-af03fab382975bde2c934dbdf605b4d8{\nmargin-bottom:20px;\nmargin-right:20px;\n}\n<\/style>\n<a href='https:\/\/www.boogaerdthout.nl\/de\/samples\/'  class='avia-button av-3txcdd-af03fab382975bde2c934dbdf605b4d8 avia-icon_select-no avia-size-small avia-color-theme-color-highlight'   aria-label=\"Muster bestellen\"><span class='avia_iconbox_title' >Muster bestellen<\/span><\/a>\n\n<style type=\"text\/css\" data-created_by=\"avia_inline_auto\" id=\"style-css-av-2mqzkx-9b0e94cca9393f249a54f20a62d13ddc\">\n#top #wrap_all .avia-button.av-2mqzkx-9b0e94cca9393f249a54f20a62d13ddc{\nmargin-bottom:20px;\nmargin-right:20px;\n}\n<\/style>\n<a href='https:\/\/www.boogaerdthout.nl\/de\/contact\/'  class='avia-button av-2mqzkx-9b0e94cca9393f249a54f20a62d13ddc avia-icon_select-no avia-size-small avia-color-theme-color'   aria-label=\"Kontakt aufnehmen\"><span class='avia_iconbox_title' >Kontakt aufnehmen<\/span><\/a>\n<\/div><\/p><\/div><\/div><!--close column table wrapper. Autoclose: 1 -->\n<\/div><\/div><\/div><!-- close content main div --><\/div><\/div><div id='after_section_2'  class='main_color av_default_container_wrap container_wrap sidebar_right'  ><div class='container av-section-cont-open' ><div class='template-page content  av-content-small alpha units'><div class='post-entry post-entry-type-page post-entry-3073'><div class='entry-content-wrapper clearfix'><\/p>","protected":false},"excerpt":{"rendered":"","protected":false},"author":3,"featured_media":0,"parent":0,"menu_order":0,"comment_status":"closed","ping_status":"closed","template":"","meta":{"_acf_changed":false,"footnotes":""},"class_list":["post-3073","page","type-page","status-publish","hentry"],"acf":[],"yoast_head":"<!-- This site is optimized with the Yoast SEO plugin v27.5 - https:\/\/yoast.com\/product\/yoast-seo-wordpress\/ -->\n<title>Profielen - Boogaerdt Hout<\/title>\n<meta name=\"robots\" content=\"index, follow, max-snippet:-1, max-image-preview:large, max-video-preview:-1\" \/>\n<link rel=\"canonical\" href=\"https:\/\/www.boogaerdthout.nl\/de\/profile-fassaden-terrassendielen\/\" \/>\n<meta property=\"og:locale\" content=\"de_DE\" \/>\n<meta property=\"og:type\" content=\"article\" \/>\n<meta property=\"og:title\" content=\"Profielen - Boogaerdt Hout\" \/>\n<meta property=\"og:url\" content=\"https:\/\/www.boogaerdthout.nl\/de\/profile-fassaden-terrassendielen\/\" \/>\n<meta property=\"og:site_name\" content=\"Boogaerdt Hout\" \/>\n<meta property=\"article:modified_time\" content=\"2025-05-28T07:49:34+00:00\" \/>\n<meta property=\"og:image\" content=\"https:\/\/www.boogaerdthout.nl\/wp-content\/uploads\/2023\/05\/Samples-logo.png\" \/>\n\t<meta property=\"og:image:width\" content=\"309\" \/>\n\t<meta property=\"og:image:height\" content=\"114\" \/>\n\t<meta property=\"og:image:type\" content=\"image\/png\" \/>\n<meta name=\"twitter:label1\" content=\"Gesch\u00e4tzte Lesezeit\" \/>\n\t<meta name=\"twitter:data1\" content=\"1\u00a0Minute\" \/>\n<script type=\"application\/ld+json\" class=\"yoast-schema-graph\">{\"@context\":\"https:\\\/\\\/schema.org\",\"@graph\":[{\"@type\":\"WebPage\",\"@id\":\"https:\\\/\\\/www.boogaerdthout.nl\\\/profielen-gevels-vlonders\\\/\",\"url\":\"https:\\\/\\\/www.boogaerdthout.nl\\\/profielen-gevels-vlonders\\\/\",\"name\":\"Profielen - Boogaerdt Hout\",\"isPartOf\":{\"@id\":\"https:\\\/\\\/www.boogaerdthout.nl\\\/#website\"},\"primaryImageOfPage\":{\"@id\":\"https:\\\/\\\/www.boogaerdthout.nl\\\/profielen-gevels-vlonders\\\/#primaryimage\"},\"image\":{\"@id\":\"https:\\\/\\\/www.boogaerdthout.nl\\\/profielen-gevels-vlonders\\\/#primaryimage\"},\"thumbnailUrl\":\"https:\\\/\\\/www.boogaerdthout.nl\\\/wp-content\\\/uploads\\\/2023\\\/05\\\/Samples-logo.png\",\"datePublished\":\"2023-10-09T10:53:48+00:00\",\"dateModified\":\"2025-05-28T07:49:34+00:00\",\"breadcrumb\":{\"@id\":\"https:\\\/\\\/www.boogaerdthout.nl\\\/profielen-gevels-vlonders\\\/#breadcrumb\"},\"inLanguage\":\"de\",\"potentialAction\":[{\"@type\":\"ReadAction\",\"target\":[\"https:\\\/\\\/www.boogaerdthout.nl\\\/profielen-gevels-vlonders\\\/\"]}]},{\"@type\":\"ImageObject\",\"inLanguage\":\"de\",\"@id\":\"https:\\\/\\\/www.boogaerdthout.nl\\\/profielen-gevels-vlonders\\\/#primaryimage\",\"url\":\"https:\\\/\\\/www.boogaerdthout.nl\\\/wp-content\\\/uploads\\\/2023\\\/05\\\/Samples-logo.png\",\"contentUrl\":\"https:\\\/\\\/www.boogaerdthout.nl\\\/wp-content\\\/uploads\\\/2023\\\/05\\\/Samples-logo.png\"},{\"@type\":\"BreadcrumbList\",\"@id\":\"https:\\\/\\\/www.boogaerdthout.nl\\\/profielen-gevels-vlonders\\\/#breadcrumb\",\"itemListElement\":[{\"@type\":\"ListItem\",\"position\":1,\"name\":\"Home\",\"item\":\"https:\\\/\\\/www.boogaerdthout.nl\\\/home-2\\\/\"},{\"@type\":\"ListItem\",\"position\":2,\"name\":\"Profielen\"}]},{\"@type\":\"WebSite\",\"@id\":\"https:\\\/\\\/www.boogaerdthout.nl\\\/#website\",\"url\":\"https:\\\/\\\/www.boogaerdthout.nl\\\/\",\"name\":\"Boogaerdt Hout\",\"description\":\"Koninklijke houthandel Boogaerdt B.V.\",\"potentialAction\":[{\"@type\":\"SearchAction\",\"target\":{\"@type\":\"EntryPoint\",\"urlTemplate\":\"https:\\\/\\\/www.boogaerdthout.nl\\\/?s={search_term_string}\"},\"query-input\":{\"@type\":\"PropertyValueSpecification\",\"valueRequired\":true,\"valueName\":\"search_term_string\"}}],\"inLanguage\":\"de\"}]}<\/script>\n<!-- \/ Yoast SEO plugin. -->","yoast_head_json":{"title":"Profile - Boogaerdt Hout","robots":{"index":"index","follow":"follow","max-snippet":"max-snippet:-1","max-image-preview":"max-image-preview:large","max-video-preview":"max-video-preview:-1"},"canonical":"https:\/\/www.boogaerdthout.nl\/de\/profile-fassaden-terrassendielen\/","og_locale":"de_DE","og_type":"article","og_title":"Profielen - Boogaerdt Hout","og_url":"https:\/\/www.boogaerdthout.nl\/de\/profile-fassaden-terrassendielen\/","og_site_name":"Boogaerdt Hout","article_modified_time":"2025-05-28T07:49:34+00:00","og_image":[{"width":309,"height":114,"url":"https:\/\/www.boogaerdthout.nl\/wp-content\/uploads\/2023\/05\/Samples-logo.png","type":"image\/png"}],"twitter_misc":{"Gesch\u00e4tzte Lesezeit":"1\u00a0Minute"},"schema":{"@context":"https:\/\/schema.org","@graph":[{"@type":"WebPage","@id":"https:\/\/www.boogaerdthout.nl\/profielen-gevels-vlonders\/","url":"https:\/\/www.boogaerdthout.nl\/profielen-gevels-vlonders\/","name":"Profile - Boogaerdt Hout","isPartOf":{"@id":"https:\/\/www.boogaerdthout.nl\/#website"},"primaryImageOfPage":{"@id":"https:\/\/www.boogaerdthout.nl\/profielen-gevels-vlonders\/#primaryimage"},"image":{"@id":"https:\/\/www.boogaerdthout.nl\/profielen-gevels-vlonders\/#primaryimage"},"thumbnailUrl":"https:\/\/www.boogaerdthout.nl\/wp-content\/uploads\/2023\/05\/Samples-logo.png","datePublished":"2023-10-09T10:53:48+00:00","dateModified":"2025-05-28T07:49:34+00:00","breadcrumb":{"@id":"https:\/\/www.boogaerdthout.nl\/profielen-gevels-vlonders\/#breadcrumb"},"inLanguage":"de","potentialAction":[{"@type":"ReadAction","target":["https:\/\/www.boogaerdthout.nl\/profielen-gevels-vlonders\/"]}]},{"@type":"ImageObject","inLanguage":"de","@id":"https:\/\/www.boogaerdthout.nl\/profielen-gevels-vlonders\/#primaryimage","url":"https:\/\/www.boogaerdthout.nl\/wp-content\/uploads\/2023\/05\/Samples-logo.png","contentUrl":"https:\/\/www.boogaerdthout.nl\/wp-content\/uploads\/2023\/05\/Samples-logo.png"},{"@type":"BreadcrumbList","@id":"https:\/\/www.boogaerdthout.nl\/profielen-gevels-vlonders\/#breadcrumb","itemListElement":[{"@type":"ListItem","position":1,"name":"Home","item":"https:\/\/www.boogaerdthout.nl\/home-2\/"},{"@type":"ListItem","position":2,"name":"Profielen"}]},{"@type":"WebSite","@id":"https:\/\/www.boogaerdthout.nl\/#website","url":"https:\/\/www.boogaerdthout.nl\/","name":"Boogaerdt Hout","description":"Koninklijke houthandel Boogaerdt BV","potentialAction":[{"@type":"SearchAction","target":{"@type":"EntryPoint","urlTemplate":"https:\/\/www.boogaerdthout.nl\/?s={search_term_string}"},"query-input":{"@type":"PropertyValueSpecification","valueRequired":true,"valueName":"search_term_string"}}],"inLanguage":"de"}]}},"_links":{"self":[{"href":"https:\/\/www.boogaerdthout.nl\/de\/wp-json\/wp\/v2\/pages\/3073","targetHints":{"allow":["GET"]}}],"collection":[{"href":"https:\/\/www.boogaerdthout.nl\/de\/wp-json\/wp\/v2\/pages"}],"about":[{"href":"https:\/\/www.boogaerdthout.nl\/de\/wp-json\/wp\/v2\/types\/page"}],"author":[{"embeddable":true,"href":"https:\/\/www.boogaerdthout.nl\/de\/wp-json\/wp\/v2\/users\/3"}],"replies":[{"embeddable":true,"href":"https:\/\/www.boogaerdthout.nl\/de\/wp-json\/wp\/v2\/comments?post=3073"}],"version-history":[{"count":0,"href":"https:\/\/www.boogaerdthout.nl\/de\/wp-json\/wp\/v2\/pages\/3073\/revisions"}],"wp:attachment":[{"href":"https:\/\/www.boogaerdthout.nl\/de\/wp-json\/wp\/v2\/media?parent=3073"}],"curies":[{"name":"wp","href":"https:\/\/api.w.org\/{rel}","templated":true}]}}