{"id":304,"date":"2023-05-23T15:19:29","date_gmt":"2023-05-23T13:19:29","guid":{"rendered":"https:\/\/boogaerdthout.bonsaidev.nl\/?page_id=304"},"modified":"2023-09-22T13:28:43","modified_gmt":"2023-09-22T11:28:43","slug":"nachhaltigkeit","status":"publish","type":"page","link":"https:\/\/www.boogaerdthout.nl\/de\/over-ons\/duurzaamheid\/","title":{"rendered":"Nachhaltigkeit"},"content":{"rendered":"<div  class='flex_column av-11nuf4-225e73e240c8e1da2ea89e8d83a7504f av_two_third  avia-builder-el-0  el_before_av_one_third  avia-builder-el-first  first flex_column_div'     ><section  class='av_textblock_section av-ljwm6oor-cd1eac02d53c2fdcc6ec843923dd8db8'   itemscope=\"itemscope\" itemtype=\"https:\/\/schema.org\/CreativeWork\" ><div class='avia_textblock'  itemprop=\"text\" ><h1><span style=\"color: #000000;\">Nachhaltigkeit<\/span><\/h1>\n<p>Boogaerdt Hout erkennt besser als jeder andere, dass die Gew\u00e4hrleistung einer nachhaltigen Waldbewirtschaftung und der nachhaltigen Holzernte f\u00fcr die Zukunft unserer Branche von entscheidender Bedeutung sind. Als Unternehmen mit einer langen Geschichte in der Holzbranche streben wir nach Kontinuit\u00e4t und haben eine aktive Rolle bei der Politik des K\u00f6niglichen VVNH gespielt, so viel nachhaltig zertifiziertes Holz wie m\u00f6glich in die Niederlande zu importieren.<\/p>\n<\/div><\/section><br \/>\n\n<style type=\"text\/css\" data-created_by=\"avia_inline_auto\" id=\"style-css-av-vx9ow-b988d91c1fb2a9487bd07bc5ec029137\">\n#top .hr.hr-invisible.av-vx9ow-b988d91c1fb2a9487bd07bc5ec029137{\nheight:50px;\n}\n<\/style>\n<div  class='hr av-vx9ow-b988d91c1fb2a9487bd07bc5ec029137 hr-invisible  avia-builder-el-2  el_after_av_textblock  el_before_av_image'><span class='hr-inner'><span class=\"hr-inner-style\"><\/span><\/span><\/div><br \/>\n\n<style type=\"text\/css\" data-created_by=\"avia_inline_auto\" id=\"style-css-av-ljwmfl53-56320e08026cdfb2a57cd5324154a77a\">\n.avia-image-container.av-ljwmfl53-56320e08026cdfb2a57cd5324154a77a img.avia_image{\nbox-shadow:none;\n}\n.avia-image-container.av-ljwmfl53-56320e08026cdfb2a57cd5324154a77a .av-image-caption-overlay-center{\ncolor:#ffffff;\n}\n<\/style>\n<div  class='avia-image-container av-ljwmfl53-56320e08026cdfb2a57cd5324154a77a av-styling-no-styling avia-align-center  avia-builder-el-3  el_after_av_hr  el_before_av_hr'   itemprop=\"image\" itemscope=\"itemscope\" itemtype=\"https:\/\/schema.org\/ImageObject\" ><div class=\"avia-image-container-inner\"><div class=\"avia-image-overlay-wrap\"><img decoding=\"async\" fetchpriority=\"high\" class='wp-image-2161 avia-img-lazy-loading-not-2161 avia_image' src=\"https:\/\/www.boogaerdthout.nl\/wp-content\/uploads\/2023\/09\/burgers_zoo_2-1500x430.jpg\" alt='Burger Zoo Holz' title='burgers_zoo_2'  height=\"430\" width=\"1500\"  itemprop=\"thumbnailUrl\"  \/><\/div><\/div><\/div><br \/>\n\n<style type=\"text\/css\" data-created_by=\"avia_inline_auto\" id=\"style-css-av-r9knk-3595122fc7c3e4535fe18c4b927c66bb\">\n#top .hr.hr-invisible.av-r9knk-3595122fc7c3e4535fe18c4b927c66bb{\nheight:50px;\n}\n<\/style>\n<div  class='hr av-r9knk-3595122fc7c3e4535fe18c4b927c66bb hr-invisible  avia-builder-el-4  el_after_av_image  el_before_av_textblock'><span class='hr-inner'><span class=\"hr-inner-style\"><\/span><\/span><\/div><br \/>\n<section  class='av_textblock_section av-ljwmdzj9-8c8f9400c0a0c6ed1b5dc37cda440eff'   itemscope=\"itemscope\" itemtype=\"https:\/\/schema.org\/CreativeWork\" ><div class='avia_textblock'  itemprop=\"text\" ><h2>Umweltpolitik<\/h2>\n<p>Boogaerdt Hout importiert nur nachweislich legal\/nachhaltig erzeugtes Holz. In enger Zusammenarbeit mit unseren Partnern in den Herkunftsl\u00e4ndern streben wir danach, den Anteil nachhaltig produzierten Holzes zu erh\u00f6hen. Auf diese Weise f\u00f6rdern wir die Erhaltung eines Waldes und tragen indirekt zu besseren sozialen und wirtschaftlichen Bedingungen im Herkunftsland bei.<\/p>\n<p>Bei Boogaerdt Hout sind wir besorgt \u00fcber den zunehmenden Druck auf die W\u00e4lder. Wir sind bestrebt, unsere Auswirkungen auf die Umwelt zu minimieren und verfolgen eine aktive Politik, um den Einsatz nachhaltiger Holzprodukte zu erh\u00f6hen.<\/p>\n<\/div><\/section><br \/>\n<div  class='avia-button-wrap av-773e8-6bf5f1a54bbe4080fdde6752e6c8fa70-wrap avia-button-left  avia-builder-el-6  el_after_av_textblock  el_before_av_hr'><a href='https:\/\/www.boogaerdthout.nl\/wp-content\/uploads\/2023\/07\/220929-Policy-Declaration-Boogaerdt-Hout-September-2022-signed.pdf'  class='avia-button av-773e8-6bf5f1a54bbe4080fdde6752e6c8fa70 av-link-btn avia-icon_select-no avia-size-small avia-position-left avia-color-theme-color'  target=\"_blank\"  rel=\"noopener noreferrer\"  aria-label=\"Grundsatzerkl\u00e4rung\"><span class='avia_iconbox_title' >Grundsatzerkl\u00e4rung<\/span><\/a><\/div><br \/>\n\n<style type=\"text\/css\" data-created_by=\"avia_inline_auto\" id=\"style-css-av-aldeg-3b107f5d116dbc8750a1ce71e493bdff\">\n#top .hr.hr-invisible.av-aldeg-3b107f5d116dbc8750a1ce71e493bdff{\nheight:50px;\n}\n<\/style>\n<div  class='hr av-aldeg-3b107f5d116dbc8750a1ce71e493bdff hr-invisible  avia-builder-el-7  el_after_av_button  el_before_av_textblock'><span class='hr-inner'><span class=\"hr-inner-style\"><\/span><\/span><\/div><br \/>\n<section  class='av_textblock_section av-lm7j4bui-7fe2b1b02b03e0fedd063316951861f1'   itemscope=\"itemscope\" itemtype=\"https:\/\/schema.org\/CreativeWork\" ><div class='avia_textblock'  itemprop=\"text\" ><h2>CO2-Fu\u00dfabdruck von Holz<\/h2>\n<p>Bauen mit Holz ist die Zukunft. Holz hat einen geringeren CO2-Fu\u00dfabdruck als Beton, Stahl und Kunststoff. Jeder Kubikmeter Holz bindet fast eine Tonne CO2. In Kombination mit der Einsparung von CO2-Emissionen durch den Verzicht auf andere Materialien ergibt sich ein Gesamtklimavorteil von bis zu zwei Tonnen CO2! Berechnen Sie in zwei Schritten, wie viel CO2 in Ihren Holzprodukten gebunden ist.<\/p>\n<\/div><\/section><br \/>\n<div  class='avia-button-wrap av-lm7j6xl0-0ee36554e30afd37403842ff7fef3703-wrap avia-button-left  avia-builder-el-9  el_after_av_textblock  el_before_av_hr'><a href='https:\/\/opslagco2inhout.nl'  class='avia-button av-lm7j6xl0-0ee36554e30afd37403842ff7fef3703 av-link-btn avia-icon_select-no avia-size-small avia-position-left avia-color-theme-color'  target=\"_blank\"  rel=\"noopener noreferrer\"  aria-label=\"Berechnen Sie Ihren CO2-Fu\u00dfabdruck\"><span class='avia_iconbox_title' >Berechnen Sie Ihren CO2-Fu\u00dfabdruck<\/span><\/a><\/div><br \/>\n\n<style type=\"text\/css\" data-created_by=\"avia_inline_auto\" id=\"style-css-av-7ysb4-0e2526997e3ad1a05d0e7699fed177cf\">\n#top .hr.hr-invisible.av-7ysb4-0e2526997e3ad1a05d0e7699fed177cf{\nheight:50px;\n}\n<\/style>\n<div  class='hr av-7ysb4-0e2526997e3ad1a05d0e7699fed177cf hr-invisible  avia-builder-el-10  el_after_av_button  el_before_av_textblock'><span class='hr-inner'><span class=\"hr-inner-style\"><\/span><\/span><\/div><br \/>\n<section  class='av_textblock_section av-lm7j4vnx-c48a661310abde209786946eecbcd75b'   itemscope=\"itemscope\" itemtype=\"https:\/\/schema.org\/CreativeWork\" ><div class='avia_textblock'  itemprop=\"text\" ><h2>Zertifizierung bei Boogaerdt Hout<\/h2>\n<p>Boogaerdt Hout ist FSC\u00ae- und PEFC-zertifiziert. Die umfangreiche Chain of Custody (CoC) stellt sicher, dass wir Einblick in die Herkunft unserer Holzstr\u00f6me haben, vom Ursprungsland bis zum Endprodukt. Wenn Sie mehr \u00fcber diese Zertifizierungssysteme erfahren m\u00f6chten, besuchen Sie die Website <a href=\"https:\/\/nl.fsc.org\/nl-nl\" target=\"_blank\" rel=\"noopener\">FSC\u00ae<\/a> oder <a href=\"https:\/\/pefc.nl\/\" target=\"_blank\" rel=\"noopener\">PEFC<\/a>.<\/p>\n<\/div><\/section><br \/>\n<div  class='avia-buttonrow-wrap av-lm7iwvso-1f530055fe54904bc2f132d8a738c1a9 avia-buttonrow-left  avia-builder-el-12  el_after_av_textblock  avia-builder-el-last'>\n\n<style type=\"text\/css\" data-created_by=\"avia_inline_auto\" id=\"style-css-av-lm7ixho0-97f527281b37ab72f5c80db0f453302d\">\n#top #wrap_all .avia-button.av-lm7ixho0-97f527281b37ab72f5c80db0f453302d{\nmargin-bottom:5px;\nmargin-right:5px;\n}\n<\/style>\n<a href='https:\/\/www.boogaerdthout.nl\/wp-content\/uploads\/2023\/09\/280327-FSC-Multisite-Certificate_865505.pdf'  class='avia-button av-lm7ixho0-97f527281b37ab72f5c80db0f453302d avia-icon_select-no avia-size-small avia-color-theme-color'  target=\"_blank\"  rel=\"noopener noreferrer\"  aria-label=\"FSC\u00ae-Zertifikat FSC-C021732\"><span class='avia_iconbox_title' >FSC\u00ae-Zertifikat FSC-C021732<\/span><\/a>\n\n<style type=\"text\/css\" data-created_by=\"avia_inline_auto\" id=\"style-css-av-lm7iwseo-dc2a01f281ddc917c1df9149ba709885\">\n#top #wrap_all .avia-button.av-lm7iwseo-dc2a01f281ddc917c1df9149ba709885{\nmargin-bottom:5px;\nmargin-right:5px;\n}\n<\/style>\n<a href='https:\/\/www.boogaerdthout.nl\/wp-content\/uploads\/2023\/09\/280327-PEFC-Multi-site-certificaat-865505.pdf'  class='avia-button av-lm7iwseo-dc2a01f281ddc917c1df9149ba709885 avia-icon_select-no avia-size-small avia-color-theme-color'   aria-label=\"PEFC-Zertifikat PEFC\/30-31-024\"><span class='avia_iconbox_title' >PEFC-Zertifikat PEFC\/30-31-024<\/span><\/a>\n<\/div><\/p><\/div><div  class='flex_column av-cz9zs-a2e4a9b7400248847a1fef4db97460b0 av_one_third  avia-builder-el-13  el_after_av_two_third  avia-builder-el-last  flex_column_div'     ><div  class='avia-builder-widget-area clearfix  avia-builder-el-14  avia-builder-el-no-sibling'><section id=\"avia_auto_toc-2\" class=\"widget clearfix avia-widget-container avia_auto_toc avia_no_block_preview\"><div class=\"avia-preview-headline\">Enfold Child-Inhaltsverzeichnis<\/div><div class=\"avia-preview-info\">Titel: Seiteninhalt<\/div><div class=\"avia-preview-in-front\">Die Tabelle kann nur im Frontend gerendert werden.<\/div><span class=\"seperator extralight-border\"><\/span><\/section><section id=\"text-7\" class=\"widget clearfix widget_text\"><h3 class=\"widgettitle\">Mehr Informationen<\/h3>\t\t\t<div class=\"textwidget\"><ul>\n<li><a href=\"https:\/\/www.boogaerdthout.nl\/de\/inspiration\/wissensbasis\/\">Wissensbasis<\/a><\/li>\n<li><a href=\"https:\/\/www.boogaerdthout.nl\/de\/uber-uns\/downloads\/\">Herunterladen<\/a><\/li>\n<li><a href=\"https:\/\/www.boogaerdthout.nl\/de\/inspiration\/projekte\/\">Projekte<\/a><\/li>\n<li><a href=\"https:\/\/www.boogaerdthout.nl\/de\/fassadenverkleidungsprofile\/\">Profile f\u00fcr Fassadenverkleidung<\/a><\/li>\n<li><a href=\"https:\/\/www.boogaerdthout.nl\/de\/profile-terrassendielen\/\">Terrassenprofile<\/a><\/li>\n<li><a href=\"https:\/\/www.boogaerdthout.nl\/de\/uber-uns\/behandlungen-von-holz\/\">Holzbehandlungen<\/a><\/li>\n<\/ul>\n<\/div>\n\t\t<span class=\"seperator extralight-border\"><\/span><\/section><section id=\"custom_html-2\" class=\"widget_text widget clearfix widget_custom_html\"><h3 class=\"widgettitle\">Stell deine Frage<\/h3><div class=\"textwidget custom-html-widget\">\n\n\t\t\n\t    \t    \n        <div class=\"cta-foto\">\n            <img decoding=\"async\" loading=\"lazy\" width=\"600\" height=\"600\" src=\"https:\/\/www.boogaerdthout.nl\/wp-content\/uploads\/2023\/08\/Boogaerdt-personeel-lars-bastiaansen.jpg\" class=\"wp-image-1822 avia-img-lazy-loading-1822 attachment-post-thumbnail size-post-thumbnail wp-post-image\" alt=\"Lars Bastiaansen\" srcset=\"https:\/\/www.boogaerdthout.nl\/wp-content\/uploads\/2023\/08\/Boogaerdt-personeel-lars-bastiaansen.jpg 600w, https:\/\/www.boogaerdthout.nl\/wp-content\/uploads\/2023\/08\/Boogaerdt-personeel-lars-bastiaansen-300x300.jpg 300w, https:\/\/www.boogaerdthout.nl\/wp-content\/uploads\/2023\/08\/Boogaerdt-personeel-lars-bastiaansen-80x80.jpg 80w, https:\/\/www.boogaerdthout.nl\/wp-content\/uploads\/2023\/08\/Boogaerdt-personeel-lars-bastiaansen-36x36.jpg 36w, https:\/\/www.boogaerdthout.nl\/wp-content\/uploads\/2023\/08\/Boogaerdt-personeel-lars-bastiaansen-180x180.jpg 180w\" sizes=\"auto, (max-width: 600px) 100vw, 600px\" \/>        <\/div>\n        <div class=\"cta-info\">\n            <p>Lars Bastiaansen<\/p>\n            <p class=\"functie\">Verkaufsleiter<\/p>\n            <p>0180-551 552<\/p>\n            <a href=\"\/de\/kontakt\/\" class=\"avia-button avia-icon_select-no avia-size-small btn-side avia-position-left avia-color-theme-color\"><span class=\"avia_iconbox_title\">Eine Nachricht schicken<\/span><\/a>\n        <\/div>\n        \n\t\t\n\t\t\n<\/div><span class=\"seperator extralight-border\"><\/span><\/section><section id=\"text-2\" class=\"widget clearfix widget_text\">\t\t\t<div class=\"textwidget\"><div class=\"artikelen\">\n<h4>Zeitungsartikel<\/h4>\n<p>\t\t\t\t\t\t\t<a href=\"https:\/\/www.boogaerdthout.nl\/de\/2026\/04\/02\/hr-medewerker\/\">\t<\/p>\n<div class=\"wrapper\">\n                <img decoding=\"async\" loading=\"lazy\" width=\"1707\" height=\"1707\" src=\"https:\/\/www.boogaerdthout.nl\/wp-content\/uploads\/2026\/04\/Overleg-Accoya-scaled-e1775138458513.jpg\" class=\"wp-image-5509 avia-img-lazy-loading-5509 attachment-post-thumbnail size-post-thumbnail wp-post-image\" alt=\"\" srcset=\"https:\/\/www.boogaerdthout.nl\/wp-content\/uploads\/2026\/04\/Overleg-Accoya-scaled-e1775138458513.jpg 1707w, https:\/\/www.boogaerdthout.nl\/wp-content\/uploads\/2026\/04\/Overleg-Accoya-scaled-e1775138458513-300x300.jpg 300w, https:\/\/www.boogaerdthout.nl\/wp-content\/uploads\/2026\/04\/Overleg-Accoya-scaled-e1775138458513-1030x1030.jpg 1030w, https:\/\/www.boogaerdthout.nl\/wp-content\/uploads\/2026\/04\/Overleg-Accoya-scaled-e1775138458513-80x80.jpg 80w, https:\/\/www.boogaerdthout.nl\/wp-content\/uploads\/2026\/04\/Overleg-Accoya-scaled-e1775138458513-768x768.jpg 768w, https:\/\/www.boogaerdthout.nl\/wp-content\/uploads\/2026\/04\/Overleg-Accoya-scaled-e1775138458513-1536x1536.jpg 1536w, https:\/\/www.boogaerdthout.nl\/wp-content\/uploads\/2026\/04\/Overleg-Accoya-scaled-e1775138458513-12x12.jpg 12w, https:\/\/www.boogaerdthout.nl\/wp-content\/uploads\/2026\/04\/Overleg-Accoya-scaled-e1775138458513-36x36.jpg 36w, https:\/\/www.boogaerdthout.nl\/wp-content\/uploads\/2026\/04\/Overleg-Accoya-scaled-e1775138458513-180x180.jpg 180w, https:\/\/www.boogaerdthout.nl\/wp-content\/uploads\/2026\/04\/Overleg-Accoya-scaled-e1775138458513-1500x1500.jpg 1500w, https:\/\/www.boogaerdthout.nl\/wp-content\/uploads\/2026\/04\/Overleg-Accoya-scaled-e1775138458513-705x705.jpg 705w, https:\/\/www.boogaerdthout.nl\/wp-content\/uploads\/2026\/04\/Overleg-Accoya-scaled-e1775138458513-400x400.jpg 400w, https:\/\/www.boogaerdthout.nl\/wp-content\/uploads\/2026\/04\/Overleg-Accoya-scaled-e1775138458513-600x600.jpg 600w\" sizes=\"auto, (max-width: 1707px) 100vw, 1707px\" \/>\t\t\t\t<\/p>\n<div class=\"artikel-content\">\n<p>Personalmitarbeiter (24-32 Stunden)<\/p>\n<\/div><\/div>\n<p>        <\/a><br \/>\n\t\t\t\t\t\t\t<a href=\"https:\/\/www.boogaerdthout.nl\/de\/2026\/03\/12\/5416\/\">\t<\/p>\n<div class=\"wrapper\">\n                <img decoding=\"async\" loading=\"lazy\" width=\"1195\" height=\"1195\" src=\"https:\/\/www.boogaerdthout.nl\/wp-content\/uploads\/2026\/02\/Billinga-B-fix-scaled-e1771580756663.png\" class=\"wp-image-5380 avia-img-lazy-loading-5380 attachment-post-thumbnail size-post-thumbnail wp-post-image\" alt=\"\" srcset=\"https:\/\/www.boogaerdthout.nl\/wp-content\/uploads\/2026\/02\/Billinga-B-fix-scaled-e1771580756663.png 1195w, https:\/\/www.boogaerdthout.nl\/wp-content\/uploads\/2026\/02\/Billinga-B-fix-scaled-e1771580756663-300x300.png 300w, https:\/\/www.boogaerdthout.nl\/wp-content\/uploads\/2026\/02\/Billinga-B-fix-scaled-e1771580756663-1030x1030.png 1030w, https:\/\/www.boogaerdthout.nl\/wp-content\/uploads\/2026\/02\/Billinga-B-fix-scaled-e1771580756663-80x80.png 80w, https:\/\/www.boogaerdthout.nl\/wp-content\/uploads\/2026\/02\/Billinga-B-fix-scaled-e1771580756663-768x768.png 768w, https:\/\/www.boogaerdthout.nl\/wp-content\/uploads\/2026\/02\/Billinga-B-fix-scaled-e1771580756663-12x12.png 12w, https:\/\/www.boogaerdthout.nl\/wp-content\/uploads\/2026\/02\/Billinga-B-fix-scaled-e1771580756663-36x36.png 36w, https:\/\/www.boogaerdthout.nl\/wp-content\/uploads\/2026\/02\/Billinga-B-fix-scaled-e1771580756663-180x180.png 180w, https:\/\/www.boogaerdthout.nl\/wp-content\/uploads\/2026\/02\/Billinga-B-fix-scaled-e1771580756663-705x705.png 705w, https:\/\/www.boogaerdthout.nl\/wp-content\/uploads\/2026\/02\/Billinga-B-fix-scaled-e1771580756663-400x400.png 400w, https:\/\/www.boogaerdthout.nl\/wp-content\/uploads\/2026\/02\/Billinga-B-fix-scaled-e1771580756663-600x600.png 600w\" sizes=\"auto, (max-width: 1195px) 100vw, 1195px\" \/>\t\t\t\t<\/p>\n<div class=\"artikel-content\">\n<p>Die Terrassensaison ist er\u00f6ffnet<\/p>\n<\/div><\/div>\n<p>        <\/a><br \/>\n\t\t\t\t\t\t\t<a href=\"https:\/\/www.boogaerdthout.nl\/de\/2026\/02\/04\/commercieel-manager-mt-lid-van-ierssel-houtimport\/\">\t<\/p>\n<div class=\"wrapper\">\n                <img decoding=\"async\" loading=\"lazy\" width=\"1024\" height=\"1536\" src=\"https:\/\/www.boogaerdthout.nl\/wp-content\/uploads\/2026\/02\/beeld-vacature-comm-manager-III.png\" class=\"wp-image-5350 avia-img-lazy-loading-5350 attachment-post-thumbnail size-post-thumbnail wp-post-image\" alt=\"\" srcset=\"https:\/\/www.boogaerdthout.nl\/wp-content\/uploads\/2026\/02\/beeld-vacature-comm-manager-III.png 1024w, https:\/\/www.boogaerdthout.nl\/wp-content\/uploads\/2026\/02\/beeld-vacature-comm-manager-III-200x300.png 200w, https:\/\/www.boogaerdthout.nl\/wp-content\/uploads\/2026\/02\/beeld-vacature-comm-manager-III-687x1030.png 687w, https:\/\/www.boogaerdthout.nl\/wp-content\/uploads\/2026\/02\/beeld-vacature-comm-manager-III-768x1152.png 768w, https:\/\/www.boogaerdthout.nl\/wp-content\/uploads\/2026\/02\/beeld-vacature-comm-manager-III-8x12.png 8w, https:\/\/www.boogaerdthout.nl\/wp-content\/uploads\/2026\/02\/beeld-vacature-comm-manager-III-1000x1500.png 1000w, https:\/\/www.boogaerdthout.nl\/wp-content\/uploads\/2026\/02\/beeld-vacature-comm-manager-III-470x705.png 470w\" sizes=\"auto, (max-width: 1024px) 100vw, 1024px\" \/>\t\t\t\t<\/p>\n<div class=\"artikel-content\">\n<p>Kaufm\u00e4nnischer Leiter (Mitglied der Gesch\u00e4ftsleitung) Van Ierssel Houtimport<\/p>\n<\/div><\/div>\n<p>        <\/a><\/p><\/div>\n<\/div>\n\t\t<span class=\"seperator extralight-border\"><\/span><\/section><\/div><\/div><\/p>","protected":false},"excerpt":{"rendered":"","protected":false},"author":1,"featured_media":0,"parent":91,"menu_order":0,"comment_status":"closed","ping_status":"closed","template":"","meta":{"_acf_changed":false,"footnotes":""},"class_list":["post-304","page","type-page","status-publish","hentry"],"acf":[],"yoast_head":"<!-- This site is optimized with the Yoast SEO plugin v27.2 - https:\/\/yoast.com\/product\/yoast-seo-wordpress\/ -->\n<title>Duurzaamheid - Boogaerdt Hout<\/title>\n<meta name=\"robots\" content=\"index, follow, max-snippet:-1, max-image-preview:large, max-video-preview:-1\" \/>\n<link rel=\"canonical\" href=\"https:\/\/www.boogaerdthout.nl\/de\/uber-uns\/nachhaltigkeit\/\" \/>\n<meta property=\"og:locale\" content=\"de_DE\" \/>\n<meta property=\"og:type\" content=\"article\" \/>\n<meta property=\"og:title\" content=\"Duurzaamheid - Boogaerdt Hout\" \/>\n<meta property=\"og:url\" content=\"https:\/\/www.boogaerdthout.nl\/de\/uber-uns\/nachhaltigkeit\/\" \/>\n<meta property=\"og:site_name\" content=\"Boogaerdt Hout\" \/>\n<meta property=\"article:modified_time\" content=\"2023-09-22T11:28:43+00:00\" \/>\n<meta name=\"twitter:label1\" content=\"Gesch\u00e4tzte Lesezeit\" \/>\n\t<meta name=\"twitter:data1\" content=\"6\u00a0Minuten\" \/>\n<script type=\"application\/ld+json\" class=\"yoast-schema-graph\">{\"@context\":\"https:\/\/schema.org\",\"@graph\":[{\"@type\":\"WebPage\",\"@id\":\"https:\/\/www.boogaerdthout.nl\/over-ons\/duurzaamheid\/\",\"url\":\"https:\/\/www.boogaerdthout.nl\/over-ons\/duurzaamheid\/\",\"name\":\"Duurzaamheid - Boogaerdt Hout\",\"isPartOf\":{\"@id\":\"https:\/\/www.boogaerdthout.nl\/#website\"},\"datePublished\":\"2023-05-23T13:19:29+00:00\",\"dateModified\":\"2023-09-22T11:28:43+00:00\",\"breadcrumb\":{\"@id\":\"https:\/\/www.boogaerdthout.nl\/over-ons\/duurzaamheid\/#breadcrumb\"},\"inLanguage\":\"de\",\"potentialAction\":[{\"@type\":\"ReadAction\",\"target\":[\"https:\/\/www.boogaerdthout.nl\/over-ons\/duurzaamheid\/\"]}]},{\"@type\":\"BreadcrumbList\",\"@id\":\"https:\/\/www.boogaerdthout.nl\/over-ons\/duurzaamheid\/#breadcrumb\",\"itemListElement\":[{\"@type\":\"ListItem\",\"position\":1,\"name\":\"Home\",\"item\":\"https:\/\/www.boogaerdthout.nl\/home-2\/\"},{\"@type\":\"ListItem\",\"position\":2,\"name\":\"Over ons\",\"item\":\"https:\/\/www.boogaerdthout.nl\/over-ons\/\"},{\"@type\":\"ListItem\",\"position\":3,\"name\":\"Duurzaamheid\"}]},{\"@type\":\"WebSite\",\"@id\":\"https:\/\/www.boogaerdthout.nl\/#website\",\"url\":\"https:\/\/www.boogaerdthout.nl\/\",\"name\":\"Boogaerdt Hout\",\"description\":\"Koninklijke houthandel Boogaerdt B.V.\",\"potentialAction\":[{\"@type\":\"SearchAction\",\"target\":{\"@type\":\"EntryPoint\",\"urlTemplate\":\"https:\/\/www.boogaerdthout.nl\/?s={search_term_string}\"},\"query-input\":{\"@type\":\"PropertyValueSpecification\",\"valueRequired\":true,\"valueName\":\"search_term_string\"}}],\"inLanguage\":\"de\"}]}<\/script>\n<!-- \/ Yoast SEO plugin. -->","yoast_head_json":{"title":"Nachhaltigkeit \u2013 Boogaerdt Hout","robots":{"index":"index","follow":"follow","max-snippet":"max-snippet:-1","max-image-preview":"max-image-preview:large","max-video-preview":"max-video-preview:-1"},"canonical":"https:\/\/www.boogaerdthout.nl\/de\/uber-uns\/nachhaltigkeit\/","og_locale":"de_DE","og_type":"article","og_title":"Duurzaamheid - Boogaerdt Hout","og_url":"https:\/\/www.boogaerdthout.nl\/de\/uber-uns\/nachhaltigkeit\/","og_site_name":"Boogaerdt Hout","article_modified_time":"2023-09-22T11:28:43+00:00","twitter_misc":{"Gesch\u00e4tzte Lesezeit":"6\u00a0Minuten"},"schema":{"@context":"https:\/\/schema.org","@graph":[{"@type":"WebPage","@id":"https:\/\/www.boogaerdthout.nl\/over-ons\/duurzaamheid\/","url":"https:\/\/www.boogaerdthout.nl\/over-ons\/duurzaamheid\/","name":"Nachhaltigkeit \u2013 Boogaerdt Hout","isPartOf":{"@id":"https:\/\/www.boogaerdthout.nl\/#website"},"datePublished":"2023-05-23T13:19:29+00:00","dateModified":"2023-09-22T11:28:43+00:00","breadcrumb":{"@id":"https:\/\/www.boogaerdthout.nl\/over-ons\/duurzaamheid\/#breadcrumb"},"inLanguage":"de","potentialAction":[{"@type":"ReadAction","target":["https:\/\/www.boogaerdthout.nl\/over-ons\/duurzaamheid\/"]}]},{"@type":"BreadcrumbList","@id":"https:\/\/www.boogaerdthout.nl\/over-ons\/duurzaamheid\/#breadcrumb","itemListElement":[{"@type":"ListItem","position":1,"name":"Home","item":"https:\/\/www.boogaerdthout.nl\/home-2\/"},{"@type":"ListItem","position":2,"name":"Over ons","item":"https:\/\/www.boogaerdthout.nl\/over-ons\/"},{"@type":"ListItem","position":3,"name":"Duurzaamheid"}]},{"@type":"WebSite","@id":"https:\/\/www.boogaerdthout.nl\/#website","url":"https:\/\/www.boogaerdthout.nl\/","name":"Boogaerdt Hout","description":"Koninklijke houthandel Boogaerdt BV","potentialAction":[{"@type":"SearchAction","target":{"@type":"EntryPoint","urlTemplate":"https:\/\/www.boogaerdthout.nl\/?s={search_term_string}"},"query-input":{"@type":"PropertyValueSpecification","valueRequired":true,"valueName":"search_term_string"}}],"inLanguage":"de"}]}},"_links":{"self":[{"href":"https:\/\/www.boogaerdthout.nl\/de\/wp-json\/wp\/v2\/pages\/304","targetHints":{"allow":["GET"]}}],"collection":[{"href":"https:\/\/www.boogaerdthout.nl\/de\/wp-json\/wp\/v2\/pages"}],"about":[{"href":"https:\/\/www.boogaerdthout.nl\/de\/wp-json\/wp\/v2\/types\/page"}],"author":[{"embeddable":true,"href":"https:\/\/www.boogaerdthout.nl\/de\/wp-json\/wp\/v2\/users\/1"}],"replies":[{"embeddable":true,"href":"https:\/\/www.boogaerdthout.nl\/de\/wp-json\/wp\/v2\/comments?post=304"}],"version-history":[{"count":0,"href":"https:\/\/www.boogaerdthout.nl\/de\/wp-json\/wp\/v2\/pages\/304\/revisions"}],"up":[{"embeddable":true,"href":"https:\/\/www.boogaerdthout.nl\/de\/wp-json\/wp\/v2\/pages\/91"}],"wp:attachment":[{"href":"https:\/\/www.boogaerdthout.nl\/de\/wp-json\/wp\/v2\/media?parent=304"}],"curies":[{"name":"wp","href":"https:\/\/api.w.org\/{rel}","templated":true}]}}