{"id":998,"date":"2023-07-12T12:59:06","date_gmt":"2023-07-12T10:59:06","guid":{"rendered":"https:\/\/boogaerdthout.bonsaidev.nl\/?page_id=998"},"modified":"2024-05-27T16:14:41","modified_gmt":"2024-05-27T14:14:41","slug":"hvorfor-traebeklaedning","status":"publish","type":"page","link":"https:\/\/www.boogaerdthout.nl\/da\/inspiratie\/kennisbank\/waarom-houten-gevelbekleding\/","title":{"rendered":"Hvorfor tr\u00e6bekl\u00e6dning?"},"content":{"rendered":"<div id='av_section_1'  class='avia-section av-12mh3i-610ce12294cfbec14be2807c2860364f main_color avia-section-large avia-no-border-styling  avia-builder-el-0  avia-builder-el-no-sibling  avia-bg-style-scroll container_wrap sidebar_right'  ><div class='container av-section-cont-open' ><main  role=\"main\" itemprop=\"mainContentOfPage\"  class='template-page content  av-content-small alpha units'><div class='post-entry post-entry-type-page post-entry-998'><div class='entry-content-wrapper clearfix'>\n<div  class='flex_column av-ys1au-d5f10af7cea9246befb7baeb59eb286e av_two_third  avia-builder-el-1  el_before_av_one_third  avia-builder-el-first  first flex_column_div'     ><section  class='av_textblock_section av-ljzlxkjt-4a12df4a218043f9a2a4e1be0e4af770'   itemscope=\"itemscope\" itemtype=\"https:\/\/schema.org\/CreativeWork\" ><div class='avia_textblock'  itemprop=\"text\" ><h1><span style=\"color: #000000;\">Hvorfor v\u00e6lge tr\u00e6bekl\u00e6dning?<\/span><\/h1>\n<p>Tr\u00e6bekl\u00e6dning tilbyder et unikt og naturligt udseende, der appellerer til mange mennesker. Det tilbyder utallige muligheder og noget for enhver smag. Uanset om du foretr\u00e6kker et elegant look eller et varmt, knudret look, kan tr\u00e6 opfylde dine behov. Derudover er tr\u00e6bekl\u00e6dning nem at installere, f\u00e5s i forskellige prisklasser og er meget holdbar. V\u00e6lg derfor en tr\u00e6sort med en h\u00f8jere holdbarhedsklasse (klasse I eller II), s\u00e5 din bekl\u00e6dning er mere modstandsdygtig over for r\u00e5d og skimmelsvamp. P\u00e5 grund af tr\u00e6ets naturlige struktur tilbyder det ogs\u00e5 isolerende egenskaber, der giver en naturlig buffer mod temperaturudsving. Den eneste ulempe ved tr\u00e6bekl\u00e6dning er, at den ikke er fuldst\u00e6ndig vedligeholdelsesfri, men med den rigtige tr\u00e6sort og installationsmetoder kan dette minimeres. Desuden kan tr\u00e6 udskiftes relativt nemt, hvis det er n\u00f8dvendigt.<\/p>\n<\/div><\/section><br \/>\n\n<style type=\"text\/css\" data-created_by=\"avia_inline_auto\" id=\"style-css-av-qkro6-c5882757cc9074ef57547e77b0b33989\">\n#top .hr.hr-invisible.av-qkro6-c5882757cc9074ef57547e77b0b33989{\nheight:50px;\n}\n<\/style>\n<div  class='hr av-qkro6-c5882757cc9074ef57547e77b0b33989 hr-invisible  avia-builder-el-3  el_after_av_textblock  el_before_av_textblock'><span class='hr-inner'><span class=\"hr-inner-style\"><\/span><\/span><\/div><br \/>\n<section  class='av_textblock_section av-ljzlxw9o-67e7d25e4ec53befaf808e2f9a9732c7'   itemscope=\"itemscope\" itemtype=\"https:\/\/schema.org\/CreativeWork\" ><div class='avia_textblock'  itemprop=\"text\" ><h2>Rund bygning med tr\u00e6<\/h2>\n<p>Tr\u00e6 opfylder alle milj\u00f8- og klimakrav og spiller en n\u00f8glerolle i b\u00e6redygtigt byggeri. Det er et naturligt materiale, der ikke kun lagrer CO2, men ogs\u00e5 forts\u00e6tter med at vokse. Ved at bruge tr\u00e6bekl\u00e6dning i dit byggeri tr\u00e6ffer du automatisk et b\u00e6redygtigt valg. Hos Boogaerdt Hout tilbyder vi FSC\u00ae-certificerede eller PEFC-certificerede produkter, der giver dig mulighed for at tr\u00e6ffe et ansvarligt valg for cirkul\u00e6rt byggeri.<\/p>\n<\/div><\/section><br \/>\n\n<style type=\"text\/css\" data-created_by=\"avia_inline_auto\" id=\"style-css-av-mqwpi-f60f78e8d25d2147856ee8aa120613b1\">\n#top .hr.hr-invisible.av-mqwpi-f60f78e8d25d2147856ee8aa120613b1{\nheight:50px;\n}\n<\/style>\n<div  class='hr av-mqwpi-f60f78e8d25d2147856ee8aa120613b1 hr-invisible  avia-builder-el-5  el_after_av_textblock  el_before_av_textblock'><span class='hr-inner'><span class=\"hr-inner-style\"><\/span><\/span><\/div><br \/>\n<section  class='av_textblock_section av-ljzlydql-6f87e92417377d78bba5c62994335d06'   itemscope=\"itemscope\" itemtype=\"https:\/\/schema.org\/CreativeWork\" ><div class='avia_textblock'  itemprop=\"text\" ><h2>Lukket versus \u00e5ben facadebekl\u00e6dning<\/h2>\n<p>Ved lukket bekl\u00e6dning fastg\u00f8res profilerne til facaden enten sammenh\u00e6ngende eller overlappende, hvilket opn\u00e5r en h\u00f8j grad af fugtbestandighed. Der kr\u00e6ves dog ekstra omhu og optimal detaljering for at forhindre fugtproblemer. Tilstr\u00e6kkelig ventilation er afg\u00f8rende, og der skal opretholdes plads mellem sektionerne (ekspansionsrum) for at im\u00f8dekomme strukturelle sp\u00e6ndinger. \u00c5ben bekl\u00e6dning fastg\u00f8res derimod med en afstand p\u00e5 7 til 10 mm, hvilket sikrer optimal ventilation og forhindrer strukturelle sp\u00e6ndinger. If\u00f8lge bygningsdekretet m\u00e5 afstanden ikke overstige 10 mm for at reducere skadedyrsangreb. Generelt holder \u00e5ben bekl\u00e6dning l\u00e6ngere. Bag rammev\u00e6rket anvendes en dampgennemtr\u00e6ngelig, fugtbestandig membran, som i tilf\u00e6lde af \u00e5ben bekl\u00e6dning skal v\u00e6re UV-bestandig.<\/p>\n<\/div><\/section><br \/>\n<div  class='avia-button-wrap av-ljzlz27i-738bb02c6ccacc682a1ba07fbc5ace8b-wrap avia-button-left  avia-builder-el-7  el_after_av_textblock  avia-builder-el-last'><a href='https:\/\/www.boogaerdthout.nl\/da\/houttoepassing\/gevelbekleding\/'  class='avia-button av-ljzlz27i-738bb02c6ccacc682a1ba07fbc5ace8b av-link-btn avia-icon_select-no avia-size-small avia-position-left avia-color-theme-color'  target=\"_blank\"  rel=\"noopener noreferrer\"  aria-label=\"Facadebekl\u00e6dning\"><span class='avia_iconbox_title' >Facadebekl\u00e6dning<\/span><\/a><\/div><\/p><\/div><div  class='flex_column av-h8a8u-44dd9c63ec2f295194774810235164f8 av_one_third  avia-builder-el-8  el_after_av_two_third  avia-builder-el-last  flex_column_div'     ><div  class='avia-builder-widget-area clearfix  avia-builder-el-9  avia-builder-el-no-sibling'><section id=\"avia_auto_toc-2\" class=\"widget clearfix avia-widget-container avia_auto_toc avia_no_block_preview\"><div class=\"avia-preview-headline\">Fold underordnet indholdsfortegnelse ud<\/div><div class=\"avia-preview-info\">Titel: Sideindhold<\/div><div class=\"avia-preview-in-front\">Tabellen kan kun gengives i frontend.<\/div><span class=\"seperator extralight-border\"><\/span><\/section><section id=\"text-7\" class=\"widget clearfix widget_text\"><h3 class=\"widgettitle\">Mere information<\/h3>\t\t\t<div class=\"textwidget\"><ul>\n<li><a href=\"https:\/\/www.boogaerdthout.nl\/da\/inspiration-2\/vidensbase\/\">Vidensbase<\/a><\/li>\n<li><a href=\"https:\/\/www.boogaerdthout.nl\/da\/om-os\/downloads\/\">Downloads<\/a><\/li>\n<li><a href=\"https:\/\/www.boogaerdthout.nl\/da\/inspiration-2\/projekter\/\">Projekter<\/a><\/li>\n<li><a href=\"https:\/\/www.boogaerdthout.nl\/da\/facadebeklaedningsprofiler\/\">Facadebekl\u00e6dningsprofiler<\/a><\/li>\n<li><a href=\"https:\/\/www.boogaerdthout.nl\/da\/profiler-terrassebord\/\">Terrasseprofiler<\/a><\/li>\n<li><a href=\"https:\/\/www.boogaerdthout.nl\/da\/om-os\/traebehandlinger\/\">Tr\u00e6behandlinger<\/a><\/li>\n<\/ul>\n<\/div>\n\t\t<span class=\"seperator extralight-border\"><\/span><\/section><section id=\"custom_html-2\" class=\"widget_text widget clearfix widget_custom_html\"><h3 class=\"widgettitle\">Stil dit sp\u00f8rgsm\u00e5l<\/h3><div class=\"textwidget custom-html-widget\">\n\n\t\t\n\t    \t    \n        <div class=\"cta-foto\">\n            <img decoding=\"async\" loading=\"lazy\" width=\"600\" height=\"600\" src=\"https:\/\/www.boogaerdthout.nl\/wp-content\/uploads\/2023\/08\/Boogaerdt-personeel-lars-bastiaansen.jpg\" class=\"wp-image-1822 avia-img-lazy-loading-1822 attachment-post-thumbnail size-post-thumbnail wp-post-image\" alt=\"Lars Bastiaansen\" srcset=\"https:\/\/www.boogaerdthout.nl\/wp-content\/uploads\/2023\/08\/Boogaerdt-personeel-lars-bastiaansen.jpg 600w, https:\/\/www.boogaerdthout.nl\/wp-content\/uploads\/2023\/08\/Boogaerdt-personeel-lars-bastiaansen-300x300.jpg 300w, https:\/\/www.boogaerdthout.nl\/wp-content\/uploads\/2023\/08\/Boogaerdt-personeel-lars-bastiaansen-80x80.jpg 80w, https:\/\/www.boogaerdthout.nl\/wp-content\/uploads\/2023\/08\/Boogaerdt-personeel-lars-bastiaansen-36x36.jpg 36w, https:\/\/www.boogaerdthout.nl\/wp-content\/uploads\/2023\/08\/Boogaerdt-personeel-lars-bastiaansen-180x180.jpg 180w\" sizes=\"auto, (max-width: 600px) 100vw, 600px\" \/>        <\/div>\n        <div class=\"cta-info\">\n            <p>Lars Bastiaansen<\/p>\n            <p class=\"functie\">Salgschef<\/p>\n            <p>0180-551 552<\/p>\n            <a href=\"\/da\/kontakte\/\" class=\"avia-button avia-icon_select-no avia-size-small btn-side avia-position-left avia-color-theme-color\"><span class=\"avia_iconbox_title\">Send en besked<\/span><\/a>\n        <\/div>\n        \n\t\t\n\t\t\n<\/div><span class=\"seperator extralight-border\"><\/span><\/section><section id=\"text-2\" class=\"widget clearfix widget_text\">\t\t\t<div class=\"textwidget\"><div class=\"artikelen\">\n<h4>Nyhedsartikler<\/h4>\n<p>\t\t\t\t\t\t\t<a href=\"https:\/\/www.boogaerdthout.nl\/da\/2026\/04\/02\/hr-medewerker\/\">\t<\/p>\n<div class=\"wrapper\">\n                <img decoding=\"async\" loading=\"lazy\" width=\"1707\" height=\"1707\" src=\"https:\/\/www.boogaerdthout.nl\/wp-content\/uploads\/2026\/04\/Overleg-Accoya-scaled-e1775138458513.jpg\" class=\"wp-image-5509 avia-img-lazy-loading-5509 attachment-post-thumbnail size-post-thumbnail wp-post-image\" alt=\"\" srcset=\"https:\/\/www.boogaerdthout.nl\/wp-content\/uploads\/2026\/04\/Overleg-Accoya-scaled-e1775138458513.jpg 1707w, https:\/\/www.boogaerdthout.nl\/wp-content\/uploads\/2026\/04\/Overleg-Accoya-scaled-e1775138458513-300x300.jpg 300w, https:\/\/www.boogaerdthout.nl\/wp-content\/uploads\/2026\/04\/Overleg-Accoya-scaled-e1775138458513-1030x1030.jpg 1030w, https:\/\/www.boogaerdthout.nl\/wp-content\/uploads\/2026\/04\/Overleg-Accoya-scaled-e1775138458513-80x80.jpg 80w, https:\/\/www.boogaerdthout.nl\/wp-content\/uploads\/2026\/04\/Overleg-Accoya-scaled-e1775138458513-768x768.jpg 768w, https:\/\/www.boogaerdthout.nl\/wp-content\/uploads\/2026\/04\/Overleg-Accoya-scaled-e1775138458513-1536x1536.jpg 1536w, https:\/\/www.boogaerdthout.nl\/wp-content\/uploads\/2026\/04\/Overleg-Accoya-scaled-e1775138458513-12x12.jpg 12w, https:\/\/www.boogaerdthout.nl\/wp-content\/uploads\/2026\/04\/Overleg-Accoya-scaled-e1775138458513-36x36.jpg 36w, https:\/\/www.boogaerdthout.nl\/wp-content\/uploads\/2026\/04\/Overleg-Accoya-scaled-e1775138458513-180x180.jpg 180w, https:\/\/www.boogaerdthout.nl\/wp-content\/uploads\/2026\/04\/Overleg-Accoya-scaled-e1775138458513-1500x1500.jpg 1500w, https:\/\/www.boogaerdthout.nl\/wp-content\/uploads\/2026\/04\/Overleg-Accoya-scaled-e1775138458513-705x705.jpg 705w, https:\/\/www.boogaerdthout.nl\/wp-content\/uploads\/2026\/04\/Overleg-Accoya-scaled-e1775138458513-400x400.jpg 400w, https:\/\/www.boogaerdthout.nl\/wp-content\/uploads\/2026\/04\/Overleg-Accoya-scaled-e1775138458513-600x600.jpg 600w\" sizes=\"auto, (max-width: 1707px) 100vw, 1707px\" \/>\t\t\t\t<\/p>\n<div class=\"artikel-content\">\n<p>HR-medarbejder (24-32 timer)<\/p>\n<\/div><\/div>\n<p>        <\/a><br \/>\n\t\t\t\t\t\t\t<a href=\"https:\/\/www.boogaerdthout.nl\/da\/2026\/03\/12\/5416\/\">\t<\/p>\n<div class=\"wrapper\">\n                <img decoding=\"async\" loading=\"lazy\" width=\"1195\" height=\"1195\" src=\"https:\/\/www.boogaerdthout.nl\/wp-content\/uploads\/2026\/02\/Billinga-B-fix-scaled-e1771580756663.png\" class=\"wp-image-5380 avia-img-lazy-loading-5380 attachment-post-thumbnail size-post-thumbnail wp-post-image\" alt=\"\" srcset=\"https:\/\/www.boogaerdthout.nl\/wp-content\/uploads\/2026\/02\/Billinga-B-fix-scaled-e1771580756663.png 1195w, https:\/\/www.boogaerdthout.nl\/wp-content\/uploads\/2026\/02\/Billinga-B-fix-scaled-e1771580756663-300x300.png 300w, https:\/\/www.boogaerdthout.nl\/wp-content\/uploads\/2026\/02\/Billinga-B-fix-scaled-e1771580756663-1030x1030.png 1030w, https:\/\/www.boogaerdthout.nl\/wp-content\/uploads\/2026\/02\/Billinga-B-fix-scaled-e1771580756663-80x80.png 80w, https:\/\/www.boogaerdthout.nl\/wp-content\/uploads\/2026\/02\/Billinga-B-fix-scaled-e1771580756663-768x768.png 768w, https:\/\/www.boogaerdthout.nl\/wp-content\/uploads\/2026\/02\/Billinga-B-fix-scaled-e1771580756663-12x12.png 12w, https:\/\/www.boogaerdthout.nl\/wp-content\/uploads\/2026\/02\/Billinga-B-fix-scaled-e1771580756663-36x36.png 36w, https:\/\/www.boogaerdthout.nl\/wp-content\/uploads\/2026\/02\/Billinga-B-fix-scaled-e1771580756663-180x180.png 180w, https:\/\/www.boogaerdthout.nl\/wp-content\/uploads\/2026\/02\/Billinga-B-fix-scaled-e1771580756663-705x705.png 705w, https:\/\/www.boogaerdthout.nl\/wp-content\/uploads\/2026\/02\/Billinga-B-fix-scaled-e1771580756663-400x400.png 400w, https:\/\/www.boogaerdthout.nl\/wp-content\/uploads\/2026\/02\/Billinga-B-fix-scaled-e1771580756663-600x600.png 600w\" sizes=\"auto, (max-width: 1195px) 100vw, 1195px\" \/>\t\t\t\t<\/p>\n<div class=\"artikel-content\">\n<p>Terrasses\u00e6sonen er \u00e5ben<\/p>\n<\/div><\/div>\n<p>        <\/a><br \/>\n\t\t\t\t\t\t\t<a href=\"https:\/\/www.boogaerdthout.nl\/da\/2026\/02\/04\/commercieel-manager-mt-lid-van-ierssel-houtimport\/\">\t<\/p>\n<div class=\"wrapper\">\n                <img decoding=\"async\" loading=\"lazy\" width=\"1024\" height=\"1536\" src=\"https:\/\/www.boogaerdthout.nl\/wp-content\/uploads\/2026\/02\/beeld-vacature-comm-manager-III.png\" class=\"wp-image-5350 avia-img-lazy-loading-5350 attachment-post-thumbnail size-post-thumbnail wp-post-image\" alt=\"\" srcset=\"https:\/\/www.boogaerdthout.nl\/wp-content\/uploads\/2026\/02\/beeld-vacature-comm-manager-III.png 1024w, https:\/\/www.boogaerdthout.nl\/wp-content\/uploads\/2026\/02\/beeld-vacature-comm-manager-III-200x300.png 200w, https:\/\/www.boogaerdthout.nl\/wp-content\/uploads\/2026\/02\/beeld-vacature-comm-manager-III-687x1030.png 687w, https:\/\/www.boogaerdthout.nl\/wp-content\/uploads\/2026\/02\/beeld-vacature-comm-manager-III-768x1152.png 768w, https:\/\/www.boogaerdthout.nl\/wp-content\/uploads\/2026\/02\/beeld-vacature-comm-manager-III-8x12.png 8w, https:\/\/www.boogaerdthout.nl\/wp-content\/uploads\/2026\/02\/beeld-vacature-comm-manager-III-1000x1500.png 1000w, https:\/\/www.boogaerdthout.nl\/wp-content\/uploads\/2026\/02\/beeld-vacature-comm-manager-III-470x705.png 470w\" sizes=\"auto, (max-width: 1024px) 100vw, 1024px\" \/>\t\t\t\t<\/p>\n<div class=\"artikel-content\">\n<p>Kommerciel chef (MT-medlem) Van Ierssel Houtimport<\/p>\n<\/div><\/div>\n<p>        <\/a><\/p><\/div>\n<\/div>\n\t\t<span class=\"seperator extralight-border\"><\/span><\/section><\/div><\/div><\/div><\/div><\/main><!-- close content main element --><\/div><\/div><div id='after_section_1'  class='main_color av_default_container_wrap container_wrap sidebar_right'  ><div class='container av-section-cont-open' ><div class='template-page content  av-content-small alpha units'><div class='post-entry post-entry-type-page post-entry-998'><div class='entry-content-wrapper clearfix'>","protected":false},"excerpt":{"rendered":"","protected":false},"author":3,"featured_media":4060,"parent":224,"menu_order":0,"comment_status":"closed","ping_status":"closed","template":"","meta":{"_acf_changed":false,"footnotes":""},"class_list":["post-998","page","type-page","status-publish","has-post-thumbnail","hentry"],"acf":[],"yoast_head":"<!-- This site is optimized with the Yoast SEO plugin v27.2 - https:\/\/yoast.com\/product\/yoast-seo-wordpress\/ -->\n<title>Waarom kiezen voor houten gevelbekleding? - Boogaerdt Hout<\/title>\n<meta name=\"description\" content=\"Houten gevelbekleding biedt een unieke en natuurlijke uitstraling. Daarnaast heeft het talloze mogelijkheden. Benieuwd welke? Lees onze blog!\" \/>\n<meta name=\"robots\" content=\"index, follow, max-snippet:-1, max-image-preview:large, max-video-preview:-1\" \/>\n<link rel=\"canonical\" href=\"https:\/\/www.boogaerdthout.nl\/da\/inspiration-2\/vidensbase\/hvorfor-traebeklaedning\/\" \/>\n<meta property=\"og:locale\" content=\"da_DK\" \/>\n<meta property=\"og:type\" content=\"article\" \/>\n<meta property=\"og:title\" content=\"Waarom kiezen voor houten gevelbekleding? - Boogaerdt Hout\" \/>\n<meta property=\"og:description\" content=\"Houten gevelbekleding biedt een unieke en natuurlijke uitstraling. Daarnaast heeft het talloze mogelijkheden. Benieuwd welke? Lees onze blog!\" \/>\n<meta property=\"og:url\" content=\"https:\/\/www.boogaerdthout.nl\/da\/inspiration-2\/vidensbase\/hvorfor-traebeklaedning\/\" \/>\n<meta property=\"og:site_name\" content=\"Boogaerdt Hout\" \/>\n<meta property=\"article:modified_time\" content=\"2024-05-27T14:14:41+00:00\" \/>\n<meta property=\"og:image\" content=\"https:\/\/www.boogaerdthout.nl\/wp-content\/uploads\/2024\/05\/Waarom-houten-gevelbekleding.png\" \/>\n\t<meta property=\"og:image:width\" content=\"1200\" \/>\n\t<meta property=\"og:image:height\" content=\"630\" \/>\n\t<meta property=\"og:image:type\" content=\"image\/png\" \/>\n<meta name=\"twitter:label1\" content=\"Estimeret l\u00e6setid\" \/>\n\t<meta name=\"twitter:data1\" content=\"3 minutter\" \/>\n<script type=\"application\/ld+json\" class=\"yoast-schema-graph\">{\"@context\":\"https:\/\/schema.org\",\"@graph\":[{\"@type\":\"WebPage\",\"@id\":\"https:\/\/www.boogaerdthout.nl\/inspiratie\/kennisbank\/waarom-houten-gevelbekleding\/\",\"url\":\"https:\/\/www.boogaerdthout.nl\/inspiratie\/kennisbank\/waarom-houten-gevelbekleding\/\",\"name\":\"Waarom kiezen voor houten gevelbekleding? - Boogaerdt Hout\",\"isPartOf\":{\"@id\":\"https:\/\/www.boogaerdthout.nl\/#website\"},\"primaryImageOfPage\":{\"@id\":\"https:\/\/www.boogaerdthout.nl\/inspiratie\/kennisbank\/waarom-houten-gevelbekleding\/#primaryimage\"},\"image\":{\"@id\":\"https:\/\/www.boogaerdthout.nl\/inspiratie\/kennisbank\/waarom-houten-gevelbekleding\/#primaryimage\"},\"thumbnailUrl\":\"https:\/\/www.boogaerdthout.nl\/wp-content\/uploads\/2024\/05\/Waarom-houten-gevelbekleding.png\",\"datePublished\":\"2023-07-12T10:59:06+00:00\",\"dateModified\":\"2024-05-27T14:14:41+00:00\",\"description\":\"Houten gevelbekleding biedt een unieke en natuurlijke uitstraling. Daarnaast heeft het talloze mogelijkheden. Benieuwd welke? Lees onze blog!\",\"breadcrumb\":{\"@id\":\"https:\/\/www.boogaerdthout.nl\/inspiratie\/kennisbank\/waarom-houten-gevelbekleding\/#breadcrumb\"},\"inLanguage\":\"da-DK\",\"potentialAction\":[{\"@type\":\"ReadAction\",\"target\":[\"https:\/\/www.boogaerdthout.nl\/inspiratie\/kennisbank\/waarom-houten-gevelbekleding\/\"]}]},{\"@type\":\"ImageObject\",\"inLanguage\":\"da-DK\",\"@id\":\"https:\/\/www.boogaerdthout.nl\/inspiratie\/kennisbank\/waarom-houten-gevelbekleding\/#primaryimage\",\"url\":\"https:\/\/www.boogaerdthout.nl\/wp-content\/uploads\/2024\/05\/Waarom-houten-gevelbekleding.png\",\"contentUrl\":\"https:\/\/www.boogaerdthout.nl\/wp-content\/uploads\/2024\/05\/Waarom-houten-gevelbekleding.png\",\"width\":1200,\"height\":630},{\"@type\":\"BreadcrumbList\",\"@id\":\"https:\/\/www.boogaerdthout.nl\/inspiratie\/kennisbank\/waarom-houten-gevelbekleding\/#breadcrumb\",\"itemListElement\":[{\"@type\":\"ListItem\",\"position\":1,\"name\":\"Home\",\"item\":\"https:\/\/www.boogaerdthout.nl\/home-2\/\"},{\"@type\":\"ListItem\",\"position\":2,\"name\":\"Inspiratie\",\"item\":\"https:\/\/www.boogaerdthout.nl\/inspiratie\/\"},{\"@type\":\"ListItem\",\"position\":3,\"name\":\"Kennisbank\",\"item\":\"https:\/\/www.boogaerdthout.nl\/inspiratie\/kennisbank\/\"},{\"@type\":\"ListItem\",\"position\":4,\"name\":\"Waarom houten gevelbekleding?\"}]},{\"@type\":\"WebSite\",\"@id\":\"https:\/\/www.boogaerdthout.nl\/#website\",\"url\":\"https:\/\/www.boogaerdthout.nl\/\",\"name\":\"Boogaerdt Hout\",\"description\":\"Koninklijke houthandel Boogaerdt B.V.\",\"potentialAction\":[{\"@type\":\"SearchAction\",\"target\":{\"@type\":\"EntryPoint\",\"urlTemplate\":\"https:\/\/www.boogaerdthout.nl\/?s={search_term_string}\"},\"query-input\":{\"@type\":\"PropertyValueSpecification\",\"valueRequired\":true,\"valueName\":\"search_term_string\"}}],\"inLanguage\":\"da-DK\"}]}<\/script>\n<!-- \/ Yoast SEO plugin. -->","yoast_head_json":{"title":"Hvorfor v\u00e6lge tr\u00e6bekl\u00e6dning? - Boogaerdt Hout","description":"Tr\u00e6bekl\u00e6dning giver et unikt og naturligt udseende. Det tilbyder ogs\u00e5 utallige muligheder. Nysgerrig efter hvilke? L\u00e6s vores blog!","robots":{"index":"index","follow":"follow","max-snippet":"max-snippet:-1","max-image-preview":"max-image-preview:large","max-video-preview":"max-video-preview:-1"},"canonical":"https:\/\/www.boogaerdthout.nl\/da\/inspiration-2\/vidensbase\/hvorfor-traebeklaedning\/","og_locale":"da_DK","og_type":"article","og_title":"Waarom kiezen voor houten gevelbekleding? - Boogaerdt Hout","og_description":"Houten gevelbekleding biedt een unieke en natuurlijke uitstraling. Daarnaast heeft het talloze mogelijkheden. Benieuwd welke? Lees onze blog!","og_url":"https:\/\/www.boogaerdthout.nl\/da\/inspiration-2\/vidensbase\/hvorfor-traebeklaedning\/","og_site_name":"Boogaerdt Hout","article_modified_time":"2024-05-27T14:14:41+00:00","og_image":[{"width":1200,"height":630,"url":"https:\/\/www.boogaerdthout.nl\/wp-content\/uploads\/2024\/05\/Waarom-houten-gevelbekleding.png","type":"image\/png"}],"twitter_misc":{"Estimeret l\u00e6setid":"3 minutter"},"schema":{"@context":"https:\/\/schema.org","@graph":[{"@type":"WebPage","@id":"https:\/\/www.boogaerdthout.nl\/inspiratie\/kennisbank\/waarom-houten-gevelbekleding\/","url":"https:\/\/www.boogaerdthout.nl\/inspiratie\/kennisbank\/waarom-houten-gevelbekleding\/","name":"Hvorfor v\u00e6lge tr\u00e6bekl\u00e6dning? - Boogaerdt Hout","isPartOf":{"@id":"https:\/\/www.boogaerdthout.nl\/#website"},"primaryImageOfPage":{"@id":"https:\/\/www.boogaerdthout.nl\/inspiratie\/kennisbank\/waarom-houten-gevelbekleding\/#primaryimage"},"image":{"@id":"https:\/\/www.boogaerdthout.nl\/inspiratie\/kennisbank\/waarom-houten-gevelbekleding\/#primaryimage"},"thumbnailUrl":"https:\/\/www.boogaerdthout.nl\/wp-content\/uploads\/2024\/05\/Waarom-houten-gevelbekleding.png","datePublished":"2023-07-12T10:59:06+00:00","dateModified":"2024-05-27T14:14:41+00:00","description":"Tr\u00e6bekl\u00e6dning giver et unikt og naturligt udseende. Det tilbyder ogs\u00e5 utallige muligheder. Nysgerrig efter hvilke? L\u00e6s vores blog!","breadcrumb":{"@id":"https:\/\/www.boogaerdthout.nl\/inspiratie\/kennisbank\/waarom-houten-gevelbekleding\/#breadcrumb"},"inLanguage":"da-DK","potentialAction":[{"@type":"ReadAction","target":["https:\/\/www.boogaerdthout.nl\/inspiratie\/kennisbank\/waarom-houten-gevelbekleding\/"]}]},{"@type":"ImageObject","inLanguage":"da-DK","@id":"https:\/\/www.boogaerdthout.nl\/inspiratie\/kennisbank\/waarom-houten-gevelbekleding\/#primaryimage","url":"https:\/\/www.boogaerdthout.nl\/wp-content\/uploads\/2024\/05\/Waarom-houten-gevelbekleding.png","contentUrl":"https:\/\/www.boogaerdthout.nl\/wp-content\/uploads\/2024\/05\/Waarom-houten-gevelbekleding.png","width":1200,"height":630},{"@type":"BreadcrumbList","@id":"https:\/\/www.boogaerdthout.nl\/inspiratie\/kennisbank\/waarom-houten-gevelbekleding\/#breadcrumb","itemListElement":[{"@type":"ListItem","position":1,"name":"Home","item":"https:\/\/www.boogaerdthout.nl\/home-2\/"},{"@type":"ListItem","position":2,"name":"Inspiratie","item":"https:\/\/www.boogaerdthout.nl\/inspiratie\/"},{"@type":"ListItem","position":3,"name":"Kennisbank","item":"https:\/\/www.boogaerdthout.nl\/inspiratie\/kennisbank\/"},{"@type":"ListItem","position":4,"name":"Waarom houten gevelbekleding?"}]},{"@type":"WebSite","@id":"https:\/\/www.boogaerdthout.nl\/#website","url":"https:\/\/www.boogaerdthout.nl\/","name":"Boogaerdt Wood","description":"Kongelig t\u00f8mmerhandel Boogaerdt BV.","potentialAction":[{"@type":"SearchAction","target":{"@type":"EntryPoint","urlTemplate":"https:\/\/www.boogaerdthout.nl\/?s={search_term_string}"},"query-input":{"@type":"PropertyValueSpecification","valueRequired":true,"valueName":"search_term_string"}}],"inLanguage":"da-DK"}]}},"_links":{"self":[{"href":"https:\/\/www.boogaerdthout.nl\/da\/wp-json\/wp\/v2\/pages\/998","targetHints":{"allow":["GET"]}}],"collection":[{"href":"https:\/\/www.boogaerdthout.nl\/da\/wp-json\/wp\/v2\/pages"}],"about":[{"href":"https:\/\/www.boogaerdthout.nl\/da\/wp-json\/wp\/v2\/types\/page"}],"author":[{"embeddable":true,"href":"https:\/\/www.boogaerdthout.nl\/da\/wp-json\/wp\/v2\/users\/3"}],"replies":[{"embeddable":true,"href":"https:\/\/www.boogaerdthout.nl\/da\/wp-json\/wp\/v2\/comments?post=998"}],"version-history":[{"count":0,"href":"https:\/\/www.boogaerdthout.nl\/da\/wp-json\/wp\/v2\/pages\/998\/revisions"}],"up":[{"embeddable":true,"href":"https:\/\/www.boogaerdthout.nl\/da\/wp-json\/wp\/v2\/pages\/224"}],"wp:featuredmedia":[{"embeddable":true,"href":"https:\/\/www.boogaerdthout.nl\/da\/wp-json\/wp\/v2\/media\/4060"}],"wp:attachment":[{"href":"https:\/\/www.boogaerdthout.nl\/da\/wp-json\/wp\/v2\/media?parent=998"}],"curies":[{"name":"wp","href":"https:\/\/api.w.org\/{rel}","templated":true}]}}