{"id":901,"date":"2023-07-10T16:10:54","date_gmt":"2023-07-10T14:10:54","guid":{"rendered":"https:\/\/boogaerdthout.bonsaidev.nl\/?page_id=901"},"modified":"2023-07-14T09:54:11","modified_gmt":"2023-07-14T07:54:11","slug":"montering-af-facadebeklaedning","status":"publish","type":"page","link":"https:\/\/www.boogaerdthout.nl\/da\/inspiratie\/kennisbank\/montage-gevelbekleding\/","title":{"rendered":"Montering af facadebekl\u00e6dning"},"content":{"rendered":"<div id='av_section_1'  class='avia-section av-av_section-05206848b078a6f0d4e991b4f556c241 main_color avia-section-large avia-no-border-styling  avia-builder-el-0  avia-builder-el-no-sibling  avia-bg-style-scroll container_wrap sidebar_right'  ><div class='container av-section-cont-open' ><main  role=\"main\" itemprop=\"mainContentOfPage\"  class='template-page content  av-content-small alpha units'><div class='post-entry post-entry-type-page post-entry-901'><div class='entry-content-wrapper clearfix'>\n<div  class='flex_column av-av_two_third-7714eba142aeda1f8b5272a3c372b279 av_two_third  avia-builder-el-1  el_before_av_one_third  avia-builder-el-first  first flex_column_div'     ><section  class='av_textblock_section av-lk2a5lxl-d972ec489dc39e55036a01979f242666'   itemscope=\"itemscope\" itemtype=\"https:\/\/schema.org\/CreativeWork\" ><div class='avia_textblock'  itemprop=\"text\" ><h1><span style=\"color: #000000;\">Montering af facadebekl\u00e6dning<\/span><\/h1>\n<p>N\u00e5r man skaber en facade, er det vigtigt at tr\u00e6ffe de rigtige valg vedr\u00f8rende bekl\u00e6dningsprofiler, rammev\u00e6rk, fastg\u00f8relseselementer og finishsystemer. Til facader p\u00e5 indvendige hulrumsv\u00e6gge af mursten kr\u00e6ves der ofte isoleringsmaterialer, tr\u00e6stolper og dampgennemtr\u00e6ngelige fugtbestandige membraner. Denne vejledning giver vigtige anbefalinger til vellykket montering af facadebekl\u00e6dning samt nyttige oplysninger om ventilation, finish og vedligeholdelse.<\/p>\n<\/div><\/section><br \/>\n\n<style type=\"text\/css\" data-created_by=\"avia_inline_auto\" id=\"style-css-av-av_hr-00525114f399e80a8ceb57ca68d251d2\">\n#top .hr.hr-invisible.av-av_hr-00525114f399e80a8ceb57ca68d251d2{\nheight:50px;\n}\n<\/style>\n<div  class='hr av-av_hr-00525114f399e80a8ceb57ca68d251d2 hr-invisible  avia-builder-el-3  el_after_av_textblock  el_before_av_textblock'><span class='hr-inner'><span class=\"hr-inner-style\"><\/span><\/span><\/div><br \/>\n<section  class='av_textblock_section av-lk2a6qh7-e0232a5e2ff2fbe4bd306d882eefa969'   itemscope=\"itemscope\" itemtype=\"https:\/\/schema.org\/CreativeWork\" ><div class='avia_textblock'  itemprop=\"text\" ><h2>Implementeringsanbefalinger til montering af facadebekl\u00e6dning<\/h2>\n<ol>\n<li>Fastg\u00f8r sektionerne til profilernes ender med et s\u00f8m eller en skrue pr. st\u00f8ttepunkt, mindst 50 mm fra enden for at forhindre revner i enden. Forboring anbefales til kortere afstande, modificeret tr\u00e6 og h\u00e5rdere tr\u00e6sorter. Til mellemliggende underst\u00f8tninger skal du bruge en eller to fastg\u00f8relseselementer pr. skinne, afh\u00e6ngigt af profilbredden. Hold en minimumsafstand p\u00e5 15 mm fra kanterne. Til tr\u00e6bekl\u00e6dning p\u00e5 udend\u00f8rs skure anbefales det at bruge to s\u00f8m eller skruer pr. st\u00f8ttepunkt for at bidrage til stivhed og skriveeffekt.<\/li>\n<li>Placer stykkerne med en afstand p\u00e5 3-4 mm for at forhindre h\u00e6velse. Dette forhindrer ogs\u00e5 snavsstriber.<\/li>\n<li>Hold en afstand p\u00e5 7-10 mm mellem panelerne og tilst\u00f8dende strukturelle komponenter. Hvor bekl\u00e6dningsprofilerne m\u00f8des, skal der ogs\u00e5 v\u00e6re 7-10 mm mellem panelerne. Behandl st\u00f8dkanterne med tr\u00e6forsegler.<\/li>\n<li>V\u00e6r opm\u00e6rksom p\u00e5 facadens overfladebehandling i bunden. Der skal v\u00e6re en afstand p\u00e5 mindst 200 mm, helst 300 mm, mellem t\u00f8mmeret og jordniveau for at forhindre st\u00e6nk af fugt og snavs. H\u00e5rde, flade overflader kan endda tillade fugt og snavs at st\u00e6nke h\u00f8jere. Et grusunderlag anbefales. Om n\u00f8dvendigt kan der installeres yderligere holdbare sektioner under 300-500 mm for nem udskiftning.<\/li>\n<li>Undg\u00e5 vandindtr\u00e6ngning i st\u00f8dkanterne p\u00e5 lodret monterede bekl\u00e6dningsprofiler ved at affase eller bruge en Z-profil. Behandl st\u00f8dkanterne med en tr\u00e6forsegler. Ved brug af d\u00e6kprofiler skal du tage h\u00f8jde for den n\u00f8dvendige ventilationsplads.<\/li>\n<li>Skr\u00e5s bundlinjen eller endekanterne indad for at skabe en drypkant.<\/li>\n<li>Hvor den lodret monterede bekl\u00e6dning m\u00f8des, skal der laves fasetter til drypkanter. Hold en afstand p\u00e5 7-10 mm mellem stykkerne ved disse m\u00f8depunkter.<\/li>\n<li>S\u00f8rg for, at enderne af den (lodrette) facadeprofil er h\u00f8jst 30 cm fra bagskinnen for at forhindre ekspansion i facaden. Om n\u00f8dvendigt kan en ekstra skinne tilf\u00f8jes for at fastg\u00f8re enden.<\/li>\n<\/ol>\n<\/div><\/section><br \/>\n\n<style type=\"text\/css\" data-created_by=\"avia_inline_auto\" id=\"style-css-av-av_hr-00525114f399e80a8ceb57ca68d251d2\">\n#top .hr.hr-invisible.av-av_hr-00525114f399e80a8ceb57ca68d251d2{\nheight:50px;\n}\n<\/style>\n<div  class='hr av-av_hr-00525114f399e80a8ceb57ca68d251d2 hr-invisible  avia-builder-el-5  el_after_av_textblock  el_before_av_textblock'><span class='hr-inner'><span class=\"hr-inner-style\"><\/span><\/span><\/div><br \/>\n<section  class='av_textblock_section av-lk2a7cym-1150e2c688d7b6fe49828ff22d1ad887'   itemscope=\"itemscope\" itemtype=\"https:\/\/schema.org\/CreativeWork\" ><div class='avia_textblock'  itemprop=\"text\" ><h2>Ventilation af tr\u00e6facadebekl\u00e6dning<\/h2>\n<p>Ligesom andre bekl\u00e6dningsmaterialer fungerer tr\u00e6 bedst, n\u00e5r det monteres p\u00e5 en passende underkonstruktion og i et ventileret facadesystem. Denne type facade giver kontinuerlig ventilation bag det dekorative lag med ind- og udl\u00f8b i toppen og bunden. Dette tillader regnvand og kondens at l\u00f8be v\u00e6k bag bekl\u00e6dningen uden at g\u00e5 p\u00e5 kompromis med dens isoleringsevne.<\/p>\n<p>Til montering af facadebekl\u00e6dning anbefales en underkonstruktion af lodrette tr\u00e6l\u00e6gter med en centerafstand p\u00e5 h\u00f8jst 600 mm. L\u00e6gternes dimensioner skal v\u00e6re mindst 19 x 44 mm, n\u00e5r de er fuldt underst\u00f8ttede (hvis ikke, skal minimumsm\u00e5lene v\u00e6re 25 x 50 mm). Se altid bygningsreglementet og lokale bygningsreglementer for eventuelle yderligere krav.<\/p>\n<\/div><\/section><br \/>\n\n<style type=\"text\/css\" data-created_by=\"avia_inline_auto\" id=\"style-css-av-av_hr-00525114f399e80a8ceb57ca68d251d2\">\n#top .hr.hr-invisible.av-av_hr-00525114f399e80a8ceb57ca68d251d2{\nheight:50px;\n}\n<\/style>\n<div  class='hr av-av_hr-00525114f399e80a8ceb57ca68d251d2 hr-invisible  avia-builder-el-7  el_after_av_textblock  el_before_av_textblock'><span class='hr-inner'><span class=\"hr-inner-style\"><\/span><\/span><\/div><br \/>\n<section  class='av_textblock_section av-lk2a8h9j-8c77e978ce5749a1b7fbe874aaf82b1b'   itemscope=\"itemscope\" itemtype=\"https:\/\/schema.org\/CreativeWork\" ><div class='avia_textblock'  itemprop=\"text\" ><h2>Efterbehandling, vedligeholdelse og \u00e6ldning<\/h2>\n<p>Det er ikke altid n\u00f8dvendigt at efterbehandle facadebekl\u00e6dning. Holdbare og formstabile tr\u00e6sorter kan anvendes uden et efterbehandlingssystem, men profilerne vil gr\u00e5ne p\u00e5 grund af vejr- og vindp\u00e5virkning. Hastigheden og omfanget af denne gr\u00e5ning kan variere.<\/p>\n<p>Tr\u00e6sorter som western red cedar og forskellige holdbare h\u00e5rdttr\u00e6sorter (klasse I eller II) kan blive forvitret. Beskyttet og modificeret tr\u00e6 kan ogs\u00e5 forblive ubehandlet. Under forvitringsprocessen kan der forekomme farvevariationer og lette revner i overfladen. Brug helst tr\u00e6 med en minimumstykkelse p\u00e5 18 mm for j\u00e6vn forvitring. Hvis der \u00f8nskes j\u00e6vn forvitring, skal facaden v\u00e6re j\u00e6vnt og tilstr\u00e6kkeligt udsat for elementerne. Tagudh\u00e6ng og lignende beskytter f\u00e6rdigbehandlet tr\u00e6, men anbefales ikke til facadebekl\u00e6dning, der er beregnet til at blive forvitret. I s\u00e5danne tilf\u00e6lde kan brugen af Equal Weathering Stain overvejes for den \u00f8nskede (s\u00f8lv)gr\u00e5 farve. Husk, at forvitring muligvis ikke er lige s\u00e5 attraktiv i skovkl\u00e6dte omr\u00e5der og p\u00e5 nordsiden af bygninger. Selvom visse tr\u00e6sorter som Douglasgran undertiden anvendes ubehandlede, er det tilr\u00e5deligt at behandle disse tr\u00e6typer for at forhindre tilstedev\u00e6relsen af splintved i tr\u00e6v\u00e6rket eller i det mindste at p\u00e5f\u00f8re en halvtransparent bejdse.<\/p>\n<p><em>Kilder: Houtwijzer Bouwen og Accsys Technologies<\/em><\/p>\n<\/div><\/section><br \/>\n<div  class='avia-button-wrap av-lk2a96cw-bcefa780d6ffc44675236e9ba07c837e-wrap avia-button-left  avia-builder-el-9  el_after_av_textblock  avia-builder-el-last'><a href='https:\/\/www.boogaerdthout.nl\/da\/over-ons\/behandelingen-van-hout\/'  class='avia-button av-lk2a96cw-bcefa780d6ffc44675236e9ba07c837e av-link-btn avia-icon_select-no avia-size-small avia-position-left avia-color-theme-color'   aria-label=\"Behandlinger\"><span class='avia_iconbox_title' >Behandlinger<\/span><\/a><\/div><\/p><\/div><div  class='flex_column av-av_one_third-f1c518e9ff58e869f80c8f093487abc9 av_one_third  avia-builder-el-10  el_after_av_two_third  avia-builder-el-last  flex_column_div'     ><div  class='avia-builder-widget-area clearfix  avia-builder-el-11  avia-builder-el-no-sibling'><section id=\"avia_auto_toc-2\" class=\"widget clearfix avia-widget-container avia_auto_toc avia_no_block_preview\"><div class=\"avia-preview-headline\">Fold underordnet indholdsfortegnelse ud<\/div><div class=\"avia-preview-info\">Titel: Sideindhold<\/div><div class=\"avia-preview-in-front\">Tabellen kan kun gengives i frontend.<\/div><span class=\"seperator extralight-border\"><\/span><\/section><section id=\"text-7\" class=\"widget clearfix widget_text\"><h3 class=\"widgettitle\">Mere information<\/h3>\t\t\t<div class=\"textwidget\"><ul>\n<li><a href=\"https:\/\/www.boogaerdthout.nl\/da\/inspiration-2\/vidensbase\/\">Vidensbase<\/a><\/li>\n<li><a href=\"https:\/\/www.boogaerdthout.nl\/da\/om-os\/downloads\/\">Downloads<\/a><\/li>\n<li><a href=\"https:\/\/www.boogaerdthout.nl\/da\/inspiration-2\/projekter\/\">Projekter<\/a><\/li>\n<li><a href=\"https:\/\/www.boogaerdthout.nl\/da\/facadebeklaedningsprofiler\/\">Facadebekl\u00e6dningsprofiler<\/a><\/li>\n<li><a href=\"https:\/\/www.boogaerdthout.nl\/da\/profiler-terrassebord\/\">Terrasseprofiler<\/a><\/li>\n<li><a href=\"https:\/\/www.boogaerdthout.nl\/da\/om-os\/traebehandlinger\/\">Tr\u00e6behandlinger<\/a><\/li>\n<\/ul>\n<\/div>\n\t\t<span class=\"seperator extralight-border\"><\/span><\/section><section id=\"custom_html-2\" class=\"widget_text widget clearfix widget_custom_html\"><h3 class=\"widgettitle\">Stil dit sp\u00f8rgsm\u00e5l<\/h3><div class=\"textwidget custom-html-widget\">\n\n\t\t\n\t    \t    \n        <div class=\"cta-foto\">\n            <img decoding=\"async\" loading=\"lazy\" width=\"600\" height=\"600\" src=\"https:\/\/www.boogaerdthout.nl\/wp-content\/uploads\/2023\/08\/Boogaerdt-personeel-lars-bastiaansen.jpg\" class=\"wp-image-1822 avia-img-lazy-loading-1822 attachment-post-thumbnail size-post-thumbnail wp-post-image\" alt=\"Lars Bastiaansen\" srcset=\"https:\/\/www.boogaerdthout.nl\/wp-content\/uploads\/2023\/08\/Boogaerdt-personeel-lars-bastiaansen.jpg 600w, https:\/\/www.boogaerdthout.nl\/wp-content\/uploads\/2023\/08\/Boogaerdt-personeel-lars-bastiaansen-300x300.jpg 300w, https:\/\/www.boogaerdthout.nl\/wp-content\/uploads\/2023\/08\/Boogaerdt-personeel-lars-bastiaansen-80x80.jpg 80w, https:\/\/www.boogaerdthout.nl\/wp-content\/uploads\/2023\/08\/Boogaerdt-personeel-lars-bastiaansen-36x36.jpg 36w, https:\/\/www.boogaerdthout.nl\/wp-content\/uploads\/2023\/08\/Boogaerdt-personeel-lars-bastiaansen-180x180.jpg 180w\" sizes=\"auto, (max-width: 600px) 100vw, 600px\" \/>        <\/div>\n        <div class=\"cta-info\">\n            <p>Lars Bastiaansen<\/p>\n            <p class=\"functie\">Salgschef<\/p>\n            <p>0180-551 552<\/p>\n            <a href=\"\/da\/kontakte\/\" class=\"avia-button avia-icon_select-no avia-size-small btn-side avia-position-left avia-color-theme-color\"><span class=\"avia_iconbox_title\">Send en besked<\/span><\/a>\n        <\/div>\n        \n\t\t\n\t\t\n<\/div><span class=\"seperator extralight-border\"><\/span><\/section><section id=\"text-2\" class=\"widget clearfix widget_text\">\t\t\t<div class=\"textwidget\"><div class=\"artikelen\">\n<h4>Nyhedsartikler<\/h4>\n<p>\t\t\t\t\t\t\t<a href=\"https:\/\/www.boogaerdthout.nl\/da\/2026\/04\/02\/hr-medewerker\/\">\t<\/p>\n<div class=\"wrapper\">\n                <img decoding=\"async\" loading=\"lazy\" width=\"1707\" height=\"1707\" src=\"https:\/\/www.boogaerdthout.nl\/wp-content\/uploads\/2026\/04\/Overleg-Accoya-scaled-e1775138458513.jpg\" class=\"wp-image-5509 avia-img-lazy-loading-5509 attachment-post-thumbnail size-post-thumbnail wp-post-image\" alt=\"\" srcset=\"https:\/\/www.boogaerdthout.nl\/wp-content\/uploads\/2026\/04\/Overleg-Accoya-scaled-e1775138458513.jpg 1707w, https:\/\/www.boogaerdthout.nl\/wp-content\/uploads\/2026\/04\/Overleg-Accoya-scaled-e1775138458513-300x300.jpg 300w, https:\/\/www.boogaerdthout.nl\/wp-content\/uploads\/2026\/04\/Overleg-Accoya-scaled-e1775138458513-1030x1030.jpg 1030w, https:\/\/www.boogaerdthout.nl\/wp-content\/uploads\/2026\/04\/Overleg-Accoya-scaled-e1775138458513-80x80.jpg 80w, https:\/\/www.boogaerdthout.nl\/wp-content\/uploads\/2026\/04\/Overleg-Accoya-scaled-e1775138458513-768x768.jpg 768w, https:\/\/www.boogaerdthout.nl\/wp-content\/uploads\/2026\/04\/Overleg-Accoya-scaled-e1775138458513-1536x1536.jpg 1536w, https:\/\/www.boogaerdthout.nl\/wp-content\/uploads\/2026\/04\/Overleg-Accoya-scaled-e1775138458513-12x12.jpg 12w, https:\/\/www.boogaerdthout.nl\/wp-content\/uploads\/2026\/04\/Overleg-Accoya-scaled-e1775138458513-36x36.jpg 36w, https:\/\/www.boogaerdthout.nl\/wp-content\/uploads\/2026\/04\/Overleg-Accoya-scaled-e1775138458513-180x180.jpg 180w, https:\/\/www.boogaerdthout.nl\/wp-content\/uploads\/2026\/04\/Overleg-Accoya-scaled-e1775138458513-1500x1500.jpg 1500w, https:\/\/www.boogaerdthout.nl\/wp-content\/uploads\/2026\/04\/Overleg-Accoya-scaled-e1775138458513-705x705.jpg 705w, https:\/\/www.boogaerdthout.nl\/wp-content\/uploads\/2026\/04\/Overleg-Accoya-scaled-e1775138458513-400x400.jpg 400w, https:\/\/www.boogaerdthout.nl\/wp-content\/uploads\/2026\/04\/Overleg-Accoya-scaled-e1775138458513-600x600.jpg 600w\" sizes=\"auto, (max-width: 1707px) 100vw, 1707px\" \/>\t\t\t\t<\/p>\n<div class=\"artikel-content\">\n<p>HR-medarbejder (24-32 timer)<\/p>\n<\/div><\/div>\n<p>        <\/a><br \/>\n\t\t\t\t\t\t\t<a href=\"https:\/\/www.boogaerdthout.nl\/da\/2026\/03\/12\/5416\/\">\t<\/p>\n<div class=\"wrapper\">\n                <img decoding=\"async\" loading=\"lazy\" width=\"1195\" height=\"1195\" src=\"https:\/\/www.boogaerdthout.nl\/wp-content\/uploads\/2026\/02\/Billinga-B-fix-scaled-e1771580756663.png\" class=\"wp-image-5380 avia-img-lazy-loading-5380 attachment-post-thumbnail size-post-thumbnail wp-post-image\" alt=\"\" srcset=\"https:\/\/www.boogaerdthout.nl\/wp-content\/uploads\/2026\/02\/Billinga-B-fix-scaled-e1771580756663.png 1195w, https:\/\/www.boogaerdthout.nl\/wp-content\/uploads\/2026\/02\/Billinga-B-fix-scaled-e1771580756663-300x300.png 300w, https:\/\/www.boogaerdthout.nl\/wp-content\/uploads\/2026\/02\/Billinga-B-fix-scaled-e1771580756663-1030x1030.png 1030w, https:\/\/www.boogaerdthout.nl\/wp-content\/uploads\/2026\/02\/Billinga-B-fix-scaled-e1771580756663-80x80.png 80w, https:\/\/www.boogaerdthout.nl\/wp-content\/uploads\/2026\/02\/Billinga-B-fix-scaled-e1771580756663-768x768.png 768w, https:\/\/www.boogaerdthout.nl\/wp-content\/uploads\/2026\/02\/Billinga-B-fix-scaled-e1771580756663-12x12.png 12w, https:\/\/www.boogaerdthout.nl\/wp-content\/uploads\/2026\/02\/Billinga-B-fix-scaled-e1771580756663-36x36.png 36w, https:\/\/www.boogaerdthout.nl\/wp-content\/uploads\/2026\/02\/Billinga-B-fix-scaled-e1771580756663-180x180.png 180w, https:\/\/www.boogaerdthout.nl\/wp-content\/uploads\/2026\/02\/Billinga-B-fix-scaled-e1771580756663-705x705.png 705w, https:\/\/www.boogaerdthout.nl\/wp-content\/uploads\/2026\/02\/Billinga-B-fix-scaled-e1771580756663-400x400.png 400w, https:\/\/www.boogaerdthout.nl\/wp-content\/uploads\/2026\/02\/Billinga-B-fix-scaled-e1771580756663-600x600.png 600w\" sizes=\"auto, (max-width: 1195px) 100vw, 1195px\" \/>\t\t\t\t<\/p>\n<div class=\"artikel-content\">\n<p>Terrasses\u00e6sonen er \u00e5ben<\/p>\n<\/div><\/div>\n<p>        <\/a><br \/>\n\t\t\t\t\t\t\t<a href=\"https:\/\/www.boogaerdthout.nl\/da\/2026\/02\/04\/commercieel-manager-mt-lid-van-ierssel-houtimport\/\">\t<\/p>\n<div class=\"wrapper\">\n                <img decoding=\"async\" loading=\"lazy\" width=\"1024\" height=\"1536\" src=\"https:\/\/www.boogaerdthout.nl\/wp-content\/uploads\/2026\/02\/beeld-vacature-comm-manager-III.png\" class=\"wp-image-5350 avia-img-lazy-loading-5350 attachment-post-thumbnail size-post-thumbnail wp-post-image\" alt=\"\" srcset=\"https:\/\/www.boogaerdthout.nl\/wp-content\/uploads\/2026\/02\/beeld-vacature-comm-manager-III.png 1024w, https:\/\/www.boogaerdthout.nl\/wp-content\/uploads\/2026\/02\/beeld-vacature-comm-manager-III-200x300.png 200w, https:\/\/www.boogaerdthout.nl\/wp-content\/uploads\/2026\/02\/beeld-vacature-comm-manager-III-687x1030.png 687w, https:\/\/www.boogaerdthout.nl\/wp-content\/uploads\/2026\/02\/beeld-vacature-comm-manager-III-768x1152.png 768w, https:\/\/www.boogaerdthout.nl\/wp-content\/uploads\/2026\/02\/beeld-vacature-comm-manager-III-8x12.png 8w, https:\/\/www.boogaerdthout.nl\/wp-content\/uploads\/2026\/02\/beeld-vacature-comm-manager-III-1000x1500.png 1000w, https:\/\/www.boogaerdthout.nl\/wp-content\/uploads\/2026\/02\/beeld-vacature-comm-manager-III-470x705.png 470w\" sizes=\"auto, (max-width: 1024px) 100vw, 1024px\" \/>\t\t\t\t<\/p>\n<div class=\"artikel-content\">\n<p>Kommerciel chef (MT-medlem) Van Ierssel Houtimport<\/p>\n<\/div><\/div>\n<p>        <\/a><\/p><\/div>\n<\/div>\n\t\t<span class=\"seperator extralight-border\"><\/span><\/section><\/div><\/div><\/div><\/div><\/main><!-- close content main element --><\/div><\/div><div id='after_section_1'  class='main_color av_default_container_wrap container_wrap sidebar_right'  ><div class='container av-section-cont-open' ><div class='template-page content  av-content-small alpha units'><div class='post-entry post-entry-type-page post-entry-901'><div class='entry-content-wrapper clearfix'>","protected":false},"excerpt":{"rendered":"","protected":false},"author":3,"featured_media":0,"parent":224,"menu_order":0,"comment_status":"closed","ping_status":"closed","template":"","meta":{"_acf_changed":false,"footnotes":""},"class_list":["post-901","page","type-page","status-publish","hentry"],"acf":[],"yoast_head":"<!-- This site is optimized with the Yoast SEO plugin v27.2 - https:\/\/yoast.com\/product\/yoast-seo-wordpress\/ -->\n<title>Montage gevelbekleding - Boogaerdt Hout<\/title>\n<meta name=\"robots\" content=\"index, follow, max-snippet:-1, max-image-preview:large, max-video-preview:-1\" \/>\n<link rel=\"canonical\" href=\"https:\/\/www.boogaerdthout.nl\/da\/inspiration-2\/vidensbase\/montering-af-facadebeklaedning\/\" \/>\n<meta property=\"og:locale\" content=\"da_DK\" \/>\n<meta property=\"og:type\" content=\"article\" \/>\n<meta property=\"og:title\" content=\"Montage gevelbekleding - Boogaerdt Hout\" \/>\n<meta property=\"og:url\" content=\"https:\/\/www.boogaerdthout.nl\/da\/inspiration-2\/vidensbase\/montering-af-facadebeklaedning\/\" \/>\n<meta property=\"og:site_name\" content=\"Boogaerdt Hout\" \/>\n<meta property=\"article:modified_time\" content=\"2023-07-14T07:54:11+00:00\" \/>\n<script type=\"application\/ld+json\" class=\"yoast-schema-graph\">{\"@context\":\"https:\/\/schema.org\",\"@graph\":[{\"@type\":\"WebPage\",\"@id\":\"https:\/\/www.boogaerdthout.nl\/inspiratie\/kennisbank\/montage-gevelbekleding\/\",\"url\":\"https:\/\/www.boogaerdthout.nl\/inspiratie\/kennisbank\/montage-gevelbekleding\/\",\"name\":\"Montage gevelbekleding - Boogaerdt Hout\",\"isPartOf\":{\"@id\":\"https:\/\/www.boogaerdthout.nl\/#website\"},\"datePublished\":\"2023-07-10T14:10:54+00:00\",\"dateModified\":\"2023-07-14T07:54:11+00:00\",\"breadcrumb\":{\"@id\":\"https:\/\/www.boogaerdthout.nl\/inspiratie\/kennisbank\/montage-gevelbekleding\/#breadcrumb\"},\"inLanguage\":\"da-DK\",\"potentialAction\":[{\"@type\":\"ReadAction\",\"target\":[\"https:\/\/www.boogaerdthout.nl\/inspiratie\/kennisbank\/montage-gevelbekleding\/\"]}]},{\"@type\":\"BreadcrumbList\",\"@id\":\"https:\/\/www.boogaerdthout.nl\/inspiratie\/kennisbank\/montage-gevelbekleding\/#breadcrumb\",\"itemListElement\":[{\"@type\":\"ListItem\",\"position\":1,\"name\":\"Home\",\"item\":\"https:\/\/www.boogaerdthout.nl\/home-2\/\"},{\"@type\":\"ListItem\",\"position\":2,\"name\":\"Inspiratie\",\"item\":\"https:\/\/www.boogaerdthout.nl\/inspiratie\/\"},{\"@type\":\"ListItem\",\"position\":3,\"name\":\"Kennisbank\",\"item\":\"https:\/\/www.boogaerdthout.nl\/inspiratie\/kennisbank\/\"},{\"@type\":\"ListItem\",\"position\":4,\"name\":\"Montage gevelbekleding\"}]},{\"@type\":\"WebSite\",\"@id\":\"https:\/\/www.boogaerdthout.nl\/#website\",\"url\":\"https:\/\/www.boogaerdthout.nl\/\",\"name\":\"Boogaerdt Hout\",\"description\":\"Koninklijke houthandel Boogaerdt B.V.\",\"potentialAction\":[{\"@type\":\"SearchAction\",\"target\":{\"@type\":\"EntryPoint\",\"urlTemplate\":\"https:\/\/www.boogaerdthout.nl\/?s={search_term_string}\"},\"query-input\":{\"@type\":\"PropertyValueSpecification\",\"valueRequired\":true,\"valueName\":\"search_term_string\"}}],\"inLanguage\":\"da-DK\"}]}<\/script>\n<!-- \/ Yoast SEO plugin. -->","yoast_head_json":{"title":"Montering af facadebekl\u00e6dning - Boogaerdt Hout","robots":{"index":"index","follow":"follow","max-snippet":"max-snippet:-1","max-image-preview":"max-image-preview:large","max-video-preview":"max-video-preview:-1"},"canonical":"https:\/\/www.boogaerdthout.nl\/da\/inspiration-2\/vidensbase\/montering-af-facadebeklaedning\/","og_locale":"da_DK","og_type":"article","og_title":"Montage gevelbekleding - Boogaerdt Hout","og_url":"https:\/\/www.boogaerdthout.nl\/da\/inspiration-2\/vidensbase\/montering-af-facadebeklaedning\/","og_site_name":"Boogaerdt Hout","article_modified_time":"2023-07-14T07:54:11+00:00","schema":{"@context":"https:\/\/schema.org","@graph":[{"@type":"WebPage","@id":"https:\/\/www.boogaerdthout.nl\/inspiratie\/kennisbank\/montage-gevelbekleding\/","url":"https:\/\/www.boogaerdthout.nl\/inspiratie\/kennisbank\/montage-gevelbekleding\/","name":"Montering af facadebekl\u00e6dning - Boogaerdt Hout","isPartOf":{"@id":"https:\/\/www.boogaerdthout.nl\/#website"},"datePublished":"2023-07-10T14:10:54+00:00","dateModified":"2023-07-14T07:54:11+00:00","breadcrumb":{"@id":"https:\/\/www.boogaerdthout.nl\/inspiratie\/kennisbank\/montage-gevelbekleding\/#breadcrumb"},"inLanguage":"da-DK","potentialAction":[{"@type":"ReadAction","target":["https:\/\/www.boogaerdthout.nl\/inspiratie\/kennisbank\/montage-gevelbekleding\/"]}]},{"@type":"BreadcrumbList","@id":"https:\/\/www.boogaerdthout.nl\/inspiratie\/kennisbank\/montage-gevelbekleding\/#breadcrumb","itemListElement":[{"@type":"ListItem","position":1,"name":"Home","item":"https:\/\/www.boogaerdthout.nl\/home-2\/"},{"@type":"ListItem","position":2,"name":"Inspiratie","item":"https:\/\/www.boogaerdthout.nl\/inspiratie\/"},{"@type":"ListItem","position":3,"name":"Kennisbank","item":"https:\/\/www.boogaerdthout.nl\/inspiratie\/kennisbank\/"},{"@type":"ListItem","position":4,"name":"Montage gevelbekleding"}]},{"@type":"WebSite","@id":"https:\/\/www.boogaerdthout.nl\/#website","url":"https:\/\/www.boogaerdthout.nl\/","name":"Boogaerdt Wood","description":"Kongelig t\u00f8mmerhandel Boogaerdt BV.","potentialAction":[{"@type":"SearchAction","target":{"@type":"EntryPoint","urlTemplate":"https:\/\/www.boogaerdthout.nl\/?s={search_term_string}"},"query-input":{"@type":"PropertyValueSpecification","valueRequired":true,"valueName":"search_term_string"}}],"inLanguage":"da-DK"}]}},"_links":{"self":[{"href":"https:\/\/www.boogaerdthout.nl\/da\/wp-json\/wp\/v2\/pages\/901","targetHints":{"allow":["GET"]}}],"collection":[{"href":"https:\/\/www.boogaerdthout.nl\/da\/wp-json\/wp\/v2\/pages"}],"about":[{"href":"https:\/\/www.boogaerdthout.nl\/da\/wp-json\/wp\/v2\/types\/page"}],"author":[{"embeddable":true,"href":"https:\/\/www.boogaerdthout.nl\/da\/wp-json\/wp\/v2\/users\/3"}],"replies":[{"embeddable":true,"href":"https:\/\/www.boogaerdthout.nl\/da\/wp-json\/wp\/v2\/comments?post=901"}],"version-history":[{"count":0,"href":"https:\/\/www.boogaerdthout.nl\/da\/wp-json\/wp\/v2\/pages\/901\/revisions"}],"up":[{"embeddable":true,"href":"https:\/\/www.boogaerdthout.nl\/da\/wp-json\/wp\/v2\/pages\/224"}],"wp:attachment":[{"href":"https:\/\/www.boogaerdthout.nl\/da\/wp-json\/wp\/v2\/media?parent=901"}],"curies":[{"name":"wp","href":"https:\/\/api.w.org\/{rel}","templated":true}]}}