{"id":85,"date":"2023-05-08T11:32:09","date_gmt":"2023-05-08T09:32:09","guid":{"rendered":"https:\/\/boogaerdthout.bonsaidev.nl\/?page_id=85"},"modified":"2024-05-17T10:30:31","modified_gmt":"2024-05-17T08:30:31","slug":"traesorter","status":"publish","type":"page","link":"https:\/\/www.boogaerdthout.nl\/da\/houtsoorten\/","title":{"rendered":"Tr\u00e6sorter"},"content":{"rendered":"<div id='av_section_1'  class='avia-section av-19vgd-b8bd74db7fc06ee05ffd9fcda6689009 main_color avia-section-default avia-no-border-styling  avia-builder-el-0  el_before_av_section  avia-builder-el-first  avia-bg-style-scroll container_wrap sidebar_right'  ><div class='container av-section-cont-open' ><main  role=\"main\" itemprop=\"mainContentOfPage\"  class='template-page content  av-content-small alpha units'><div class='post-entry post-entry-type-page post-entry-85'><div class='entry-content-wrapper clearfix'>\n<div  class='flex_column av-1o5t1-099b8d86171d1ed60865f04eef1f0a44 av_two_third  avia-builder-el-1  el_before_av_one_third  avia-builder-el-first  first flex_column_div'     ><style type=\"text\/css\" data-created_by=\"avia_inline_auto\" id=\"style-css-av-lhetpnj8-4ef58760e2fb698242afc0489ebe0b46\">\n#top .av_textblock_section.av-lhetpnj8-4ef58760e2fb698242afc0489ebe0b46 .avia_textblock{\nfont-size:22px;\n}\n<\/style>\n<section  class='av_textblock_section av-lhetpnj8-4ef58760e2fb698242afc0489ebe0b46'   itemscope=\"itemscope\" itemtype=\"https:\/\/schema.org\/CreativeWork\" ><div class='avia_textblock'  itemprop=\"text\" ><h2>De typer tr\u00e6 vi leverer<\/h2>\n<p>Boogaerdt leverer t\u00f8mmer og t\u00f8mmerl\u00f8sninger til professionelle forarbejdningsvirksomheder og byggematerialeforhandlere. Vi er grossist og import\u00f8r af forskellige b\u00e6redygtigt certificerede tr\u00e6sorter fra Afrika, Europa, Syd\u00f8stasien samt Nord- og Sydamerika. Vores omfattende lager giver dig fleksibilitet med hensyn til valg og kvalitet.<\/p>\n<p>Har du specifikke sp\u00f8rgsm\u00e5l eller \u00f8nsker? <a href=\"https:\/\/www.boogaerdthout.nl\/da\/kontakte\/\">Kontakt os venligst<\/a>.<\/p>\n<\/div><\/section><br \/>\n\n<style type=\"text\/css\" data-created_by=\"avia_inline_auto\" id=\"style-css-av-lhetsfq5-71cd4b419c1ebce413b1ad9fd27e0e28\">\n#top .hr.hr-invisible.av-lhetsfq5-71cd4b419c1ebce413b1ad9fd27e0e28{\nheight:35px;\n}\n<\/style>\n<div  class='hr av-lhetsfq5-71cd4b419c1ebce413b1ad9fd27e0e28 hr-invisible  avia-builder-el-3  el_after_av_textblock  avia-builder-el-last'><span class='hr-inner'><span class=\"hr-inner-style\"><\/span><\/span><\/div><\/p><\/div><div  class='flex_column av-164i1-dd84a3d036dde53cb9896eec9843c8d0 av_one_third  avia-builder-el-4  el_after_av_two_third  el_before_av_one_full  flex_column_div'     ><\/div><div  class='flex_column av-y0r9-2ddd4372576fcaa81f6bc4e0711ba1ca av_one_full  avia-builder-el-5  el_after_av_one_third  avia-builder-el-last  first flex_column_div  column-top-margin'     ><\/div>\n\n<\/div><\/div><\/main><!-- close content main element --><\/div><\/div>\n<style type=\"text\/css\" data-created_by=\"avia_inline_auto\" id=\"style-css-av-c63o5-7834e6c3c79baad7e6085e4add007721\">\n.avia-section.av-c63o5-7834e6c3c79baad7e6085e4add007721{\nmargin-top:-60px;\nmargin-bottom:0px;\n}\n<\/style>\n<div id='av_section_2'  class='avia-section av-c63o5-7834e6c3c79baad7e6085e4add007721 main_color avia-section-large avia-no-border-styling  avia-builder-el-7  el_after_av_section  avia-builder-el-last  avia-bg-style-scroll container_wrap sidebar_right'  ><div class='container av-section-cont-open' ><div class='template-page content  av-content-small alpha units'><div class='post-entry post-entry-type-page post-entry-85'><div class='entry-content-wrapper clearfix'>\n<div class='flex_column_table av-lianimqf-7c6e9b4bd7f7c8c1b0ab32be9f2f8b50 sc-av_two_fifth av-break-at-tablet-flextable av-equal-height-column-flextable'>\n<style type=\"text\/css\" data-created_by=\"avia_inline_auto\" id=\"style-css-av-lianimqf-7c6e9b4bd7f7c8c1b0ab32be9f2f8b50\">\n.flex_column.av-lianimqf-7c6e9b4bd7f7c8c1b0ab32be9f2f8b50{\npadding:40px 90px 40px 40px;\nbackground:url(https:\/\/www.boogaerdthout.nl\/wp-content\/uploads\/2023\/09\/staaltjes-1030x1030.png) 50% 50% no-repeat scroll ;\n}\n\n@media only screen and (min-width: 768px) and (max-width: 989px){ \n.flex_column.av-lianimqf-7c6e9b4bd7f7c8c1b0ab32be9f2f8b50{\npadding:40px 40px 40px 40px;\n}\n}\n\n@media only screen and (min-width: 480px) and (max-width: 767px){ \n.flex_column.av-lianimqf-7c6e9b4bd7f7c8c1b0ab32be9f2f8b50{\npadding:40px 40px 40px 40px;\n}\n}\n\n@media only screen and (max-width: 479px){ \n.flex_column.av-lianimqf-7c6e9b4bd7f7c8c1b0ab32be9f2f8b50{\npadding:40px 40px 40px 40px;\n}\n}\n<\/style>\n<div  class='flex_column av-lianimqf-7c6e9b4bd7f7c8c1b0ab32be9f2f8b50 av_two_fifth  avia-builder-el-8  el_before_av_three_fifth  avia-builder-el-first  first no_margin av-break-at-tablet flex_column_table_cell av-equal-height-column av-align-bottom avia-full-stretch'     ><section  class='av_textblock_section av-vj69-c89a3df4647f0e7bff112e19c002cb99'   itemscope=\"itemscope\" itemtype=\"https:\/\/schema.org\/CreativeWork\" ><div class='avia_textblock samples-logo-border'  itemprop=\"text\" ><p><img loading=\"lazy\" decoding=\"async\" class=\"alignnone wp-image-269\" src=\"https:\/\/www.boogaerdthout.nl\/wp-content\/uploads\/2023\/05\/Samples-logo.png\" alt=\"\" width=\"152\" height=\"56\" srcset=\"https:\/\/www.boogaerdthout.nl\/wp-content\/uploads\/2023\/05\/Samples-logo.png 309w, https:\/\/www.boogaerdthout.nl\/wp-content\/uploads\/2023\/05\/Samples-logo-300x111.png 300w\" sizes=\"auto, (max-width: 152px) 100vw, 152px\" \/><\/p>\n<\/div><\/section><\/div>\n<style type=\"text\/css\" data-created_by=\"avia_inline_auto\" id=\"style-css-av-abk81-461023f0d70b8b5ca2998e4e50a3362c\">\n.flex_column.av-abk81-461023f0d70b8b5ca2998e4e50a3362c{\nborder-width:1px;\nborder-color:#ffffff;\nborder-style:solid;\npadding:70px 80px 70px 80px;\n}\n<\/style>\n<div  class='flex_column av-abk81-461023f0d70b8b5ca2998e4e50a3362c av_three_fifth  avia-builder-el-10  el_after_av_two_fifth  avia-builder-el-last  kwaliteit no_margin av-break-at-tablet flex_column_table_cell av-equal-height-column av-align-bottom'     ><section  class='av_textblock_section av-9ttvh-3608522f7affa7f49f4b1d2d34cbfc4b'   itemscope=\"itemscope\" itemtype=\"https:\/\/schema.org\/CreativeWork\" ><div class='avia_textblock'  itemprop=\"text\" ><h4>Har du problemer med at v\u00e6lge?<\/h4>\n<\/div><\/section><br \/>\n\n<style type=\"text\/css\" data-created_by=\"avia_inline_auto\" id=\"style-css-av-9ilv1-bf6f8403720e877311b4724ede197929\">\n#top .hr.hr-invisible.av-9ilv1-bf6f8403720e877311b4724ede197929{\nheight:65px;\n}\n<\/style>\n<div  class='hr av-9ilv1-bf6f8403720e877311b4724ede197929 hr-invisible  avia-builder-el-12  el_after_av_textblock  el_before_av_textblock'><span class='hr-inner'><span class=\"hr-inner-style\"><\/span><\/span><\/div><br \/>\n<section  class='av_textblock_section av-8lwgx-4032156313c1e9921e9d910b5156f2c5'   itemscope=\"itemscope\" itemtype=\"https:\/\/schema.org\/CreativeWork\" ><div class='avia_textblock'  itemprop=\"text\" ><h2>Du vil gerne f\u00f8le kvalitet<\/h2>\n<\/div><\/section><br \/>\n\n<style type=\"text\/css\" data-created_by=\"avia_inline_auto\" id=\"style-css-av-83j4l-7ae96a2f0637af45bd69c9df0a6d8851\">\n#top .hr.hr-invisible.av-83j4l-7ae96a2f0637af45bd69c9df0a6d8851{\nheight:1px;\n}\n<\/style>\n<div  class='hr av-83j4l-7ae96a2f0637af45bd69c9df0a6d8851 hr-invisible  avia-builder-el-14  el_after_av_textblock  el_before_av_textblock'><span class='hr-inner'><span class=\"hr-inner-style\"><\/span><\/span><\/div><br \/>\n<section  class='av_textblock_section av-7ex0l-691d5d47ee631aeac78bffc51a942aad'   itemscope=\"itemscope\" itemtype=\"https:\/\/schema.org\/CreativeWork\" ><div class='avia_textblock'  itemprop=\"text\" ><p>Vil du have en bedre fornemmelse af materialerne og en bedre id\u00e9 om, hvad de er lavet af? Anmod nemt om en gratis pr\u00f8ve via vores pr\u00f8veservice. Er du stadig usikker p\u00e5 de rigtige materialer og anvendelser? Sp\u00f8rg vores specialister til r\u00e5ds, eller bes\u00f8g vores showroom.<\/p>\n<\/div><\/section><br \/>\n\n<style type=\"text\/css\" data-created_by=\"avia_inline_auto\" id=\"style-css-av-6ry8p-232c1474f2a74084ea6f4b651a06c20e\">\n#top .hr.hr-invisible.av-6ry8p-232c1474f2a74084ea6f4b651a06c20e{\nheight:110px;\n}\n<\/style>\n<div  class='hr av-6ry8p-232c1474f2a74084ea6f4b651a06c20e hr-invisible  avia-builder-el-16  el_after_av_textblock  el_before_av_buttonrow  av-small-hide av-mini-hide'><span class='hr-inner'><span class=\"hr-inner-style\"><\/span><\/span><\/div><br \/>\n<div  class='avia-buttonrow-wrap av-65t69-b2b3504003ea48091d7397be4b483584 avia-buttonrow-left  avia-builder-el-17  el_after_av_hr  avia-builder-el-last'>\n\n<style type=\"text\/css\" data-created_by=\"avia_inline_auto\" id=\"style-css-av-5kxed-21fc2e8bf486adfb4c446b9c60dd6a0b\">\n#top #wrap_all .avia-button.av-5kxed-21fc2e8bf486adfb4c446b9c60dd6a0b{\nmargin-bottom:20px;\nmargin-right:20px;\n}\n<\/style>\n<a href='https:\/\/www.boogaerdthout.nl\/da\/samples\/'  class='avia-button av-5kxed-21fc2e8bf486adfb4c446b9c60dd6a0b avia-icon_select-no avia-size-small avia-color-theme-color-highlight'   aria-label=\"Bestil pr\u00f8ver\"><span class='avia_iconbox_title' >Bestil pr\u00f8ver<\/span><\/a>\n\n<style type=\"text\/css\" data-created_by=\"avia_inline_auto\" id=\"style-css-av-52kzd-6ad1a5ebffcbbd80cb4a6a8f2d845fba\">\n#top #wrap_all .avia-button.av-52kzd-6ad1a5ebffcbbd80cb4a6a8f2d845fba{\nmargin-bottom:20px;\nmargin-right:20px;\n}\n<\/style>\n<a href='https:\/\/www.boogaerdthout.nl\/da\/contact\/'  class='avia-button av-52kzd-6ad1a5ebffcbbd80cb4a6a8f2d845fba avia-icon_select-no avia-size-small avia-color-theme-color'   aria-label=\"Kontakt os\"><span class='avia_iconbox_title' >Kontakt os<\/span><\/a>\n<\/div><\/p><\/div><\/div><!--close column table wrapper. Autoclose: 1 --><\/div><\/div><\/div><!-- close content main div --><\/div><\/div><div id='after_section_2'  class='main_color av_default_container_wrap container_wrap sidebar_right'  ><div class='container av-section-cont-open' ><div class='template-page content  av-content-small alpha units'><div class='post-entry post-entry-type-page post-entry-85'><div class='entry-content-wrapper clearfix'>","protected":false},"excerpt":{"rendered":"","protected":false},"author":1,"featured_media":762,"parent":0,"menu_order":0,"comment_status":"closed","ping_status":"closed","template":"","meta":{"_acf_changed":false,"footnotes":""},"class_list":["post-85","page","type-page","status-publish","has-post-thumbnail","hentry"],"acf":[],"yoast_head":"<!-- This site is optimized with the Yoast SEO plugin v27.5 - https:\/\/yoast.com\/product\/yoast-seo-wordpress\/ -->\n<title>Houtsoorten - Boogaerdt Hout<\/title>\n<meta name=\"description\" content=\"Bij Boogaerdt Hout zijn wij importeur en voorraadhouder van verschillende duurzaam en gecertificeerde houtsoorten. Bekijk onze houtsoorten!\" \/>\n<meta name=\"robots\" content=\"index, follow, max-snippet:-1, max-image-preview:large, max-video-preview:-1\" \/>\n<link rel=\"canonical\" href=\"https:\/\/www.boogaerdthout.nl\/da\/traesorter\/\" \/>\n<meta property=\"og:locale\" content=\"da_DK\" \/>\n<meta property=\"og:type\" content=\"article\" \/>\n<meta property=\"og:title\" content=\"Houtsoorten - Boogaerdt Hout\" \/>\n<meta property=\"og:description\" content=\"Bij Boogaerdt Hout zijn wij importeur en voorraadhouder van verschillende duurzaam en gecertificeerde houtsoorten. Bekijk onze houtsoorten!\" \/>\n<meta property=\"og:url\" content=\"https:\/\/www.boogaerdthout.nl\/da\/traesorter\/\" \/>\n<meta property=\"og:site_name\" content=\"Boogaerdt Hout\" \/>\n<meta property=\"article:modified_time\" content=\"2024-05-17T08:30:31+00:00\" \/>\n<meta property=\"og:image\" content=\"https:\/\/www.boogaerdthout.nl\/wp-content\/uploads\/2023\/07\/IMG_9920-e1532092614148.jpg\" \/>\n\t<meta property=\"og:image:width\" content=\"1200\" \/>\n\t<meta property=\"og:image:height\" content=\"800\" \/>\n\t<meta property=\"og:image:type\" content=\"image\/jpeg\" \/>\n<meta name=\"twitter:label1\" content=\"Estimeret l\u00e6setid\" \/>\n\t<meta name=\"twitter:data1\" content=\"1 minut\" \/>\n<script type=\"application\/ld+json\" class=\"yoast-schema-graph\">{\"@context\":\"https:\\\/\\\/schema.org\",\"@graph\":[{\"@type\":\"WebPage\",\"@id\":\"https:\\\/\\\/www.boogaerdthout.nl\\\/houtsoorten\\\/\",\"url\":\"https:\\\/\\\/www.boogaerdthout.nl\\\/houtsoorten\\\/\",\"name\":\"Houtsoorten - Boogaerdt Hout\",\"isPartOf\":{\"@id\":\"https:\\\/\\\/www.boogaerdthout.nl\\\/#website\"},\"primaryImageOfPage\":{\"@id\":\"https:\\\/\\\/www.boogaerdthout.nl\\\/houtsoorten\\\/#primaryimage\"},\"image\":{\"@id\":\"https:\\\/\\\/www.boogaerdthout.nl\\\/houtsoorten\\\/#primaryimage\"},\"thumbnailUrl\":\"https:\\\/\\\/www.boogaerdthout.nl\\\/wp-content\\\/uploads\\\/2023\\\/07\\\/IMG_9920-e1532092614148.jpg\",\"datePublished\":\"2023-05-08T09:32:09+00:00\",\"dateModified\":\"2024-05-17T08:30:31+00:00\",\"description\":\"Bij Boogaerdt Hout zijn wij importeur en voorraadhouder van verschillende duurzaam en gecertificeerde houtsoorten. Bekijk onze houtsoorten!\",\"breadcrumb\":{\"@id\":\"https:\\\/\\\/www.boogaerdthout.nl\\\/houtsoorten\\\/#breadcrumb\"},\"inLanguage\":\"da-DK\",\"potentialAction\":[{\"@type\":\"ReadAction\",\"target\":[\"https:\\\/\\\/www.boogaerdthout.nl\\\/houtsoorten\\\/\"]}]},{\"@type\":\"ImageObject\",\"inLanguage\":\"da-DK\",\"@id\":\"https:\\\/\\\/www.boogaerdthout.nl\\\/houtsoorten\\\/#primaryimage\",\"url\":\"https:\\\/\\\/www.boogaerdthout.nl\\\/wp-content\\\/uploads\\\/2023\\\/07\\\/IMG_9920-e1532092614148.jpg\",\"contentUrl\":\"https:\\\/\\\/www.boogaerdthout.nl\\\/wp-content\\\/uploads\\\/2023\\\/07\\\/IMG_9920-e1532092614148.jpg\",\"width\":1200,\"height\":800,\"caption\":\"boogaerdt historie\"},{\"@type\":\"BreadcrumbList\",\"@id\":\"https:\\\/\\\/www.boogaerdthout.nl\\\/houtsoorten\\\/#breadcrumb\",\"itemListElement\":[{\"@type\":\"ListItem\",\"position\":1,\"name\":\"Home\",\"item\":\"https:\\\/\\\/www.boogaerdthout.nl\\\/home-2\\\/\"},{\"@type\":\"ListItem\",\"position\":2,\"name\":\"Houtsoorten\"}]},{\"@type\":\"WebSite\",\"@id\":\"https:\\\/\\\/www.boogaerdthout.nl\\\/#website\",\"url\":\"https:\\\/\\\/www.boogaerdthout.nl\\\/\",\"name\":\"Boogaerdt Hout\",\"description\":\"Koninklijke houthandel Boogaerdt B.V.\",\"potentialAction\":[{\"@type\":\"SearchAction\",\"target\":{\"@type\":\"EntryPoint\",\"urlTemplate\":\"https:\\\/\\\/www.boogaerdthout.nl\\\/?s={search_term_string}\"},\"query-input\":{\"@type\":\"PropertyValueSpecification\",\"valueRequired\":true,\"valueName\":\"search_term_string\"}}],\"inLanguage\":\"da-DK\"}]}<\/script>\n<!-- \/ Yoast SEO plugin. -->","yoast_head_json":{"title":"Tr\u00e6sorter - Boogaerdt Hout","description":"Hos Boogaerdt Hout importerer og lagerf\u00f8rer vi forskellige b\u00e6redygtige og certificerede tr\u00e6sorter. Se vores tr\u00e6sorter!","robots":{"index":"index","follow":"follow","max-snippet":"max-snippet:-1","max-image-preview":"max-image-preview:large","max-video-preview":"max-video-preview:-1"},"canonical":"https:\/\/www.boogaerdthout.nl\/da\/traesorter\/","og_locale":"da_DK","og_type":"article","og_title":"Houtsoorten - Boogaerdt Hout","og_description":"Bij Boogaerdt Hout zijn wij importeur en voorraadhouder van verschillende duurzaam en gecertificeerde houtsoorten. Bekijk onze houtsoorten!","og_url":"https:\/\/www.boogaerdthout.nl\/da\/traesorter\/","og_site_name":"Boogaerdt Hout","article_modified_time":"2024-05-17T08:30:31+00:00","og_image":[{"width":1200,"height":800,"url":"https:\/\/www.boogaerdthout.nl\/wp-content\/uploads\/2023\/07\/IMG_9920-e1532092614148.jpg","type":"image\/jpeg"}],"twitter_misc":{"Estimeret l\u00e6setid":"1 minut"},"schema":{"@context":"https:\/\/schema.org","@graph":[{"@type":"WebPage","@id":"https:\/\/www.boogaerdthout.nl\/houtsoorten\/","url":"https:\/\/www.boogaerdthout.nl\/houtsoorten\/","name":"Tr\u00e6sorter - Boogaerdt Hout","isPartOf":{"@id":"https:\/\/www.boogaerdthout.nl\/#website"},"primaryImageOfPage":{"@id":"https:\/\/www.boogaerdthout.nl\/houtsoorten\/#primaryimage"},"image":{"@id":"https:\/\/www.boogaerdthout.nl\/houtsoorten\/#primaryimage"},"thumbnailUrl":"https:\/\/www.boogaerdthout.nl\/wp-content\/uploads\/2023\/07\/IMG_9920-e1532092614148.jpg","datePublished":"2023-05-08T09:32:09+00:00","dateModified":"2024-05-17T08:30:31+00:00","description":"Hos Boogaerdt Hout importerer og lagerf\u00f8rer vi forskellige b\u00e6redygtige og certificerede tr\u00e6sorter. Se vores tr\u00e6sorter!","breadcrumb":{"@id":"https:\/\/www.boogaerdthout.nl\/houtsoorten\/#breadcrumb"},"inLanguage":"da-DK","potentialAction":[{"@type":"ReadAction","target":["https:\/\/www.boogaerdthout.nl\/houtsoorten\/"]}]},{"@type":"ImageObject","inLanguage":"da-DK","@id":"https:\/\/www.boogaerdthout.nl\/houtsoorten\/#primaryimage","url":"https:\/\/www.boogaerdthout.nl\/wp-content\/uploads\/2023\/07\/IMG_9920-e1532092614148.jpg","contentUrl":"https:\/\/www.boogaerdthout.nl\/wp-content\/uploads\/2023\/07\/IMG_9920-e1532092614148.jpg","width":1200,"height":800,"caption":"boogaerdt historie"},{"@type":"BreadcrumbList","@id":"https:\/\/www.boogaerdthout.nl\/houtsoorten\/#breadcrumb","itemListElement":[{"@type":"ListItem","position":1,"name":"Home","item":"https:\/\/www.boogaerdthout.nl\/home-2\/"},{"@type":"ListItem","position":2,"name":"Houtsoorten"}]},{"@type":"WebSite","@id":"https:\/\/www.boogaerdthout.nl\/#website","url":"https:\/\/www.boogaerdthout.nl\/","name":"Boogaerdt Wood","description":"Kongelig t\u00f8mmerhandel Boogaerdt BV.","potentialAction":[{"@type":"SearchAction","target":{"@type":"EntryPoint","urlTemplate":"https:\/\/www.boogaerdthout.nl\/?s={search_term_string}"},"query-input":{"@type":"PropertyValueSpecification","valueRequired":true,"valueName":"search_term_string"}}],"inLanguage":"da-DK"}]}},"_links":{"self":[{"href":"https:\/\/www.boogaerdthout.nl\/da\/wp-json\/wp\/v2\/pages\/85","targetHints":{"allow":["GET"]}}],"collection":[{"href":"https:\/\/www.boogaerdthout.nl\/da\/wp-json\/wp\/v2\/pages"}],"about":[{"href":"https:\/\/www.boogaerdthout.nl\/da\/wp-json\/wp\/v2\/types\/page"}],"author":[{"embeddable":true,"href":"https:\/\/www.boogaerdthout.nl\/da\/wp-json\/wp\/v2\/users\/1"}],"replies":[{"embeddable":true,"href":"https:\/\/www.boogaerdthout.nl\/da\/wp-json\/wp\/v2\/comments?post=85"}],"version-history":[{"count":0,"href":"https:\/\/www.boogaerdthout.nl\/da\/wp-json\/wp\/v2\/pages\/85\/revisions"}],"wp:featuredmedia":[{"embeddable":true,"href":"https:\/\/www.boogaerdthout.nl\/da\/wp-json\/wp\/v2\/media\/762"}],"wp:attachment":[{"href":"https:\/\/www.boogaerdthout.nl\/da\/wp-json\/wp\/v2\/media?parent=85"}],"curies":[{"name":"wp","href":"https:\/\/api.w.org\/{rel}","templated":true}]}}