{"id":807,"date":"2023-07-10T14:44:59","date_gmt":"2023-07-10T12:44:59","guid":{"rendered":"https:\/\/boogaerdthout.bonsaidev.nl\/?page_id=807"},"modified":"2023-07-10T14:47:06","modified_gmt":"2023-07-10T12:47:06","slug":"spunsvaegge","status":"publish","type":"page","link":"https:\/\/www.boogaerdthout.nl\/da\/inspiratie\/kennisbank\/damwanden\/","title":{"rendered":"Spunsv\u00e6gge"},"content":{"rendered":"<div id='av_section_1'  class='avia-section av-av_section-05206848b078a6f0d4e991b4f556c241 main_color avia-section-large avia-no-border-styling  avia-builder-el-0  avia-builder-el-no-sibling  avia-bg-style-scroll container_wrap sidebar_right'  ><div class='container av-section-cont-open' ><main  role=\"main\" itemprop=\"mainContentOfPage\"  class='template-page content  av-content-small alpha units'><div class='post-entry post-entry-type-page post-entry-807'><div class='entry-content-wrapper clearfix'>\n<div  class='flex_column av-av_two_third-7714eba142aeda1f8b5272a3c372b279 av_two_third  avia-builder-el-1  el_before_av_one_third  avia-builder-el-first  first flex_column_div'     ><section  class='av_textblock_section av-ljwusfuy-0133927327afa23d64d696e3c738f13c'   itemscope=\"itemscope\" itemtype=\"https:\/\/schema.org\/CreativeWork\" ><div class='avia_textblock'  itemprop=\"text\" ><h1><span style=\"color: #000000;\">Spunsv\u00e6gge<\/span><\/h1>\n<p>Boogaerdt Hout producerer spunsv\u00e6gge af h\u00f8j kvalitet af b\u00e6redygtigt tr\u00e6, herunder Azob\u00e9, Angelim Vermelho og Okan. Disse tr\u00e6sorter tilh\u00f8rer den h\u00f8jeste holdbarhedsklasse, &quot;Holdbarhedsklasse I&quot;, og tilbyder derfor en lang levetid. Spunsv\u00e6gge anvendes ofte i vandbygningsapplikationer og kombineres ofte med vandrette \u00e5se eller d\u00e6kkapper for at holde spunsv\u00e6ggene sammen.<\/p>\n<p><strong>Tilg\u00e6ngelige tr\u00e6sorter til spunsv\u00e6gge:<\/strong><\/p>\n<ul>\n<li><a href=\"https:\/\/www.boogaerdthout.nl\/da\/traesort\/accoya\/\">Accoya\u00ae<\/a><\/li>\n<li><a href=\"https:\/\/www.boogaerdthout.nl\/da\/traesort\/azobe\/\">Azob\u00e9<\/a><\/li>\n<li><a href=\"https:\/\/www.boogaerdthout.nl\/da\/traesort\/angelim-vermelho\/\">Angelim Vermelho<\/a><\/li>\n<li><a href=\"https:\/\/www.boogaerdthout.nl\/da\/traesort\/okan\/\">Okan<\/a><\/li>\n<\/ul>\n<\/div><\/section><br \/>\n\n<style type=\"text\/css\" data-created_by=\"avia_inline_auto\" id=\"style-css-av-av_hr-00525114f399e80a8ceb57ca68d251d2\">\n#top .hr.hr-invisible.av-av_hr-00525114f399e80a8ceb57ca68d251d2{\nheight:50px;\n}\n<\/style>\n<div  class='hr av-av_hr-00525114f399e80a8ceb57ca68d251d2 hr-invisible  avia-builder-el-3  el_after_av_textblock  el_before_av_textblock'><span class='hr-inner'><span class=\"hr-inner-style\"><\/span><\/span><\/div><br \/>\n<section  class='av_textblock_section av-ljwuv6ud-4b8eb71c22c33fa7900ccf7a311c7cd4'   itemscope=\"itemscope\" itemtype=\"https:\/\/schema.org\/CreativeWork\" ><div class='avia_textblock'  itemprop=\"text\" ><h2>Finder og st\u00f8rrelser<\/h2>\n<p>En &quot;lokaliseringsanordning&quot; monteres ofte p\u00e5 notsiden af plankerne p\u00e5 undersiden. Denne vinklede kant sikrer, at planken presses fast mod sin forg\u00e6nger under nedramning. Vores spunsv\u00e6gge f\u00e5s i tykkelser fra 30 til 100 mm. Spunsv\u00e6ggenes arbejdsbredde varierer fra cirka 150 til 300 mm. Spunsv\u00e6gge leveres ofte i &quot;standardbredder&quot;, hvilket betyder, at plankerne ikke har nogen fast bredde, men at spunsv\u00e6gens samlede bredde anvendes. Ud over standardbredder f\u00e5s der ogs\u00e5 standardst\u00f8rrelser. Disse har en tyndere st\u00f8rrelse med en fast tykkelse p\u00e5 cirka 30 mm og en fast arbejdsbredde p\u00e5 185 mm. Denne faste st\u00f8rrelse inkluderer ikke en lokaliseringsanordning. En lokaliseringsanordning anvendes fra en tykkelse p\u00e5 40 mm.<\/p>\n<\/div><\/section><br \/>\n\n<style type=\"text\/css\" data-created_by=\"avia_inline_auto\" id=\"style-css-av-av_hr-00525114f399e80a8ceb57ca68d251d2\">\n#top .hr.hr-invisible.av-av_hr-00525114f399e80a8ceb57ca68d251d2{\nheight:50px;\n}\n<\/style>\n<div  class='hr av-av_hr-00525114f399e80a8ceb57ca68d251d2 hr-invisible  avia-builder-el-5  el_after_av_textblock  el_before_av_textblock'><span class='hr-inner'><span class=\"hr-inner-style\"><\/span><\/span><\/div><br \/>\n<section  class='av_textblock_section av-ljwuvjq3-b8442ad681e78d34f5fc61c3e9a615fd'   itemscope=\"itemscope\" itemtype=\"https:\/\/schema.org\/CreativeWork\" ><div class='avia_textblock'  itemprop=\"text\" ><h2>B\u00e6redygtigt byggeri<\/h2>\n<p>Udover detaljerne og valget af tr\u00e6sorter har design og vedligeholdelse af spunsv\u00e6gge en betydelig indflydelse p\u00e5 dens samlede levetid. De fleste jordtyper giver et gunstigt ynglested for mikroorganismer. Ved at minimere kontakten mellem tr\u00e6 og jord kan spunsv\u00e6gskonstruktionens levetid forl\u00e6nges. Den del af spunsv\u00e6ggen, der er i vandet og i jorden, forbliver konstant v\u00e5d eller fugtig. Den del, der stikker op over vandet, kan t\u00f8rre, krympe og revne, hvilket f\u00f8rer til vandindtr\u00e6ngning og nedbrydning. For at forhindre dette kan en tr\u00e6l\u00e6gte bruges til at d\u00e6kke tr\u00e6ets ende\u00e5rer. Brug af d\u00e6kkapper anbefales kraftigt. Afh\u00e6ngigt af st\u00f8rrelse og tr\u00e6sort kan vi r\u00e5dgive dig om dette. Kontakt os for mere information.<\/p>\n<\/div><\/section><\/p><\/div><div  class='flex_column av-av_one_third-f1c518e9ff58e869f80c8f093487abc9 av_one_third  avia-builder-el-7  el_after_av_two_third  avia-builder-el-last  flex_column_div'     ><div  class='avia-builder-widget-area clearfix  avia-builder-el-8  avia-builder-el-no-sibling'><section id=\"avia_auto_toc-2\" class=\"widget clearfix avia-widget-container avia_auto_toc avia_no_block_preview\"><div class=\"avia-preview-headline\">Fold underordnet indholdsfortegnelse ud<\/div><div class=\"avia-preview-info\">Titel: Sideindhold<\/div><div class=\"avia-preview-in-front\">Tabellen kan kun gengives i frontend.<\/div><span class=\"seperator extralight-border\"><\/span><\/section><section id=\"text-7\" class=\"widget clearfix widget_text\"><h3 class=\"widgettitle\">Mere information<\/h3>\t\t\t<div class=\"textwidget\"><ul>\n<li><a href=\"https:\/\/www.boogaerdthout.nl\/da\/inspiration-2\/vidensbase\/\">Vidensbase<\/a><\/li>\n<li><a href=\"https:\/\/www.boogaerdthout.nl\/da\/om-os\/downloads\/\">Downloads<\/a><\/li>\n<li><a href=\"https:\/\/www.boogaerdthout.nl\/da\/inspiration-2\/projekter\/\">Projekter<\/a><\/li>\n<li><a href=\"https:\/\/www.boogaerdthout.nl\/da\/facadebeklaedningsprofiler\/\">Facadebekl\u00e6dningsprofiler<\/a><\/li>\n<li><a href=\"https:\/\/www.boogaerdthout.nl\/da\/profiler-terrassebord\/\">Terrasseprofiler<\/a><\/li>\n<li><a href=\"https:\/\/www.boogaerdthout.nl\/da\/om-os\/traebehandlinger\/\">Tr\u00e6behandlinger<\/a><\/li>\n<\/ul>\n<\/div>\n\t\t<span class=\"seperator extralight-border\"><\/span><\/section><section id=\"custom_html-2\" class=\"widget_text widget clearfix widget_custom_html\"><h3 class=\"widgettitle\">Stil dit sp\u00f8rgsm\u00e5l<\/h3><div class=\"textwidget custom-html-widget\">\n\n\t\t\n\t    \t    \n        <div class=\"cta-foto\">\n            <img decoding=\"async\" loading=\"lazy\" width=\"600\" height=\"600\" src=\"https:\/\/www.boogaerdthout.nl\/wp-content\/uploads\/2023\/08\/Boogaerdt-personeel-lars-bastiaansen.jpg\" class=\"wp-image-1822 avia-img-lazy-loading-1822 attachment-post-thumbnail size-post-thumbnail wp-post-image\" alt=\"Lars Bastiaansen\" srcset=\"https:\/\/www.boogaerdthout.nl\/wp-content\/uploads\/2023\/08\/Boogaerdt-personeel-lars-bastiaansen.jpg 600w, https:\/\/www.boogaerdthout.nl\/wp-content\/uploads\/2023\/08\/Boogaerdt-personeel-lars-bastiaansen-300x300.jpg 300w, https:\/\/www.boogaerdthout.nl\/wp-content\/uploads\/2023\/08\/Boogaerdt-personeel-lars-bastiaansen-80x80.jpg 80w, https:\/\/www.boogaerdthout.nl\/wp-content\/uploads\/2023\/08\/Boogaerdt-personeel-lars-bastiaansen-36x36.jpg 36w, https:\/\/www.boogaerdthout.nl\/wp-content\/uploads\/2023\/08\/Boogaerdt-personeel-lars-bastiaansen-180x180.jpg 180w\" sizes=\"auto, (max-width: 600px) 100vw, 600px\" \/>        <\/div>\n        <div class=\"cta-info\">\n            <p>Lars Bastiaansen<\/p>\n            <p class=\"functie\">Salgschef<\/p>\n            <p>0180-551 552<\/p>\n            <a href=\"\/da\/kontakte\/\" class=\"avia-button avia-icon_select-no avia-size-small btn-side avia-position-left avia-color-theme-color\"><span class=\"avia_iconbox_title\">Send en besked<\/span><\/a>\n        <\/div>\n        \n\t\t\n\t\t\n<\/div><span class=\"seperator extralight-border\"><\/span><\/section><section id=\"text-2\" class=\"widget clearfix widget_text\">\t\t\t<div class=\"textwidget\"><div class=\"artikelen\">\n<h4>Nyhedsartikler<\/h4>\n<p>\t\t\t\t\t\t\t<a href=\"https:\/\/www.boogaerdthout.nl\/da\/2026\/04\/02\/hr-medewerker\/\">\t<\/p>\n<div class=\"wrapper\">\n                <img decoding=\"async\" loading=\"lazy\" width=\"1707\" height=\"1707\" src=\"https:\/\/www.boogaerdthout.nl\/wp-content\/uploads\/2026\/04\/Overleg-Accoya-scaled-e1775138458513.jpg\" class=\"wp-image-5509 avia-img-lazy-loading-5509 attachment-post-thumbnail size-post-thumbnail wp-post-image\" alt=\"\" srcset=\"https:\/\/www.boogaerdthout.nl\/wp-content\/uploads\/2026\/04\/Overleg-Accoya-scaled-e1775138458513.jpg 1707w, https:\/\/www.boogaerdthout.nl\/wp-content\/uploads\/2026\/04\/Overleg-Accoya-scaled-e1775138458513-300x300.jpg 300w, https:\/\/www.boogaerdthout.nl\/wp-content\/uploads\/2026\/04\/Overleg-Accoya-scaled-e1775138458513-1030x1030.jpg 1030w, https:\/\/www.boogaerdthout.nl\/wp-content\/uploads\/2026\/04\/Overleg-Accoya-scaled-e1775138458513-80x80.jpg 80w, https:\/\/www.boogaerdthout.nl\/wp-content\/uploads\/2026\/04\/Overleg-Accoya-scaled-e1775138458513-768x768.jpg 768w, https:\/\/www.boogaerdthout.nl\/wp-content\/uploads\/2026\/04\/Overleg-Accoya-scaled-e1775138458513-1536x1536.jpg 1536w, https:\/\/www.boogaerdthout.nl\/wp-content\/uploads\/2026\/04\/Overleg-Accoya-scaled-e1775138458513-12x12.jpg 12w, https:\/\/www.boogaerdthout.nl\/wp-content\/uploads\/2026\/04\/Overleg-Accoya-scaled-e1775138458513-36x36.jpg 36w, https:\/\/www.boogaerdthout.nl\/wp-content\/uploads\/2026\/04\/Overleg-Accoya-scaled-e1775138458513-180x180.jpg 180w, https:\/\/www.boogaerdthout.nl\/wp-content\/uploads\/2026\/04\/Overleg-Accoya-scaled-e1775138458513-1500x1500.jpg 1500w, https:\/\/www.boogaerdthout.nl\/wp-content\/uploads\/2026\/04\/Overleg-Accoya-scaled-e1775138458513-705x705.jpg 705w, https:\/\/www.boogaerdthout.nl\/wp-content\/uploads\/2026\/04\/Overleg-Accoya-scaled-e1775138458513-400x400.jpg 400w, https:\/\/www.boogaerdthout.nl\/wp-content\/uploads\/2026\/04\/Overleg-Accoya-scaled-e1775138458513-600x600.jpg 600w\" sizes=\"auto, (max-width: 1707px) 100vw, 1707px\" \/>\t\t\t\t<\/p>\n<div class=\"artikel-content\">\n<p>HR-medarbejder (24-32 timer)<\/p>\n<\/div><\/div>\n<p>        <\/a><br \/>\n\t\t\t\t\t\t\t<a href=\"https:\/\/www.boogaerdthout.nl\/da\/2026\/03\/12\/5416\/\">\t<\/p>\n<div class=\"wrapper\">\n                <img decoding=\"async\" loading=\"lazy\" width=\"1195\" height=\"1195\" src=\"https:\/\/www.boogaerdthout.nl\/wp-content\/uploads\/2026\/02\/Billinga-B-fix-scaled-e1771580756663.png\" class=\"wp-image-5380 avia-img-lazy-loading-5380 attachment-post-thumbnail size-post-thumbnail wp-post-image\" alt=\"\" srcset=\"https:\/\/www.boogaerdthout.nl\/wp-content\/uploads\/2026\/02\/Billinga-B-fix-scaled-e1771580756663.png 1195w, https:\/\/www.boogaerdthout.nl\/wp-content\/uploads\/2026\/02\/Billinga-B-fix-scaled-e1771580756663-300x300.png 300w, https:\/\/www.boogaerdthout.nl\/wp-content\/uploads\/2026\/02\/Billinga-B-fix-scaled-e1771580756663-1030x1030.png 1030w, https:\/\/www.boogaerdthout.nl\/wp-content\/uploads\/2026\/02\/Billinga-B-fix-scaled-e1771580756663-80x80.png 80w, https:\/\/www.boogaerdthout.nl\/wp-content\/uploads\/2026\/02\/Billinga-B-fix-scaled-e1771580756663-768x768.png 768w, https:\/\/www.boogaerdthout.nl\/wp-content\/uploads\/2026\/02\/Billinga-B-fix-scaled-e1771580756663-12x12.png 12w, https:\/\/www.boogaerdthout.nl\/wp-content\/uploads\/2026\/02\/Billinga-B-fix-scaled-e1771580756663-36x36.png 36w, https:\/\/www.boogaerdthout.nl\/wp-content\/uploads\/2026\/02\/Billinga-B-fix-scaled-e1771580756663-180x180.png 180w, https:\/\/www.boogaerdthout.nl\/wp-content\/uploads\/2026\/02\/Billinga-B-fix-scaled-e1771580756663-705x705.png 705w, https:\/\/www.boogaerdthout.nl\/wp-content\/uploads\/2026\/02\/Billinga-B-fix-scaled-e1771580756663-400x400.png 400w, https:\/\/www.boogaerdthout.nl\/wp-content\/uploads\/2026\/02\/Billinga-B-fix-scaled-e1771580756663-600x600.png 600w\" sizes=\"auto, (max-width: 1195px) 100vw, 1195px\" \/>\t\t\t\t<\/p>\n<div class=\"artikel-content\">\n<p>Terrasses\u00e6sonen er \u00e5ben<\/p>\n<\/div><\/div>\n<p>        <\/a><br \/>\n\t\t\t\t\t\t\t<a href=\"https:\/\/www.boogaerdthout.nl\/da\/2026\/03\/08\/stage-marketing\/\">\t<\/p>\n<div class=\"wrapper\">\n                <img decoding=\"async\" loading=\"lazy\" width=\"1024\" height=\"1024\" src=\"https:\/\/www.boogaerdthout.nl\/wp-content\/uploads\/2026\/04\/Gemini_Generated_Image_kpybh0kpybh0kpyb.png\" class=\"wp-image-5517 avia-img-lazy-loading-5517 attachment-post-thumbnail size-post-thumbnail wp-post-image\" alt=\"\" srcset=\"https:\/\/www.boogaerdthout.nl\/wp-content\/uploads\/2026\/04\/Gemini_Generated_Image_kpybh0kpybh0kpyb.png 1024w, https:\/\/www.boogaerdthout.nl\/wp-content\/uploads\/2026\/04\/Gemini_Generated_Image_kpybh0kpybh0kpyb-300x300.png 300w, https:\/\/www.boogaerdthout.nl\/wp-content\/uploads\/2026\/04\/Gemini_Generated_Image_kpybh0kpybh0kpyb-80x80.png 80w, https:\/\/www.boogaerdthout.nl\/wp-content\/uploads\/2026\/04\/Gemini_Generated_Image_kpybh0kpybh0kpyb-768x768.png 768w, https:\/\/www.boogaerdthout.nl\/wp-content\/uploads\/2026\/04\/Gemini_Generated_Image_kpybh0kpybh0kpyb-12x12.png 12w, https:\/\/www.boogaerdthout.nl\/wp-content\/uploads\/2026\/04\/Gemini_Generated_Image_kpybh0kpybh0kpyb-36x36.png 36w, https:\/\/www.boogaerdthout.nl\/wp-content\/uploads\/2026\/04\/Gemini_Generated_Image_kpybh0kpybh0kpyb-180x180.png 180w, https:\/\/www.boogaerdthout.nl\/wp-content\/uploads\/2026\/04\/Gemini_Generated_Image_kpybh0kpybh0kpyb-705x705.png 705w\" sizes=\"auto, (max-width: 1024px) 100vw, 1024px\" \/>\t\t\t\t<\/p>\n<div class=\"artikel-content\">\n<p>Praktikplads inden for marketing og salg<\/p>\n<\/div><\/div>\n<p>        <\/a><\/p><\/div>\n<\/div>\n\t\t<span class=\"seperator extralight-border\"><\/span><\/section><\/div><\/div><\/div><\/div><\/main><!-- close content main element --><\/div><\/div><div id='after_section_1'  class='main_color av_default_container_wrap container_wrap sidebar_right'  ><div class='container av-section-cont-open' ><div class='template-page content  av-content-small alpha units'><div class='post-entry post-entry-type-page post-entry-807'><div class='entry-content-wrapper clearfix'>","protected":false},"excerpt":{"rendered":"","protected":false},"author":3,"featured_media":0,"parent":224,"menu_order":0,"comment_status":"closed","ping_status":"closed","template":"","meta":{"_acf_changed":false,"footnotes":""},"class_list":["post-807","page","type-page","status-publish","hentry"],"acf":[],"yoast_head":"<!-- This site is optimized with the Yoast SEO plugin v27.3 - https:\/\/yoast.com\/product\/yoast-seo-wordpress\/ -->\n<title>Damwanden - Boogaerdt Hout<\/title>\n<meta name=\"robots\" content=\"index, follow, max-snippet:-1, max-image-preview:large, max-video-preview:-1\" \/>\n<link rel=\"canonical\" href=\"https:\/\/www.boogaerdthout.nl\/da\/inspiration-2\/vidensbase\/spunsvaegge\/\" \/>\n<meta property=\"og:locale\" content=\"da_DK\" \/>\n<meta property=\"og:type\" content=\"article\" \/>\n<meta property=\"og:title\" content=\"Damwanden - Boogaerdt Hout\" \/>\n<meta property=\"og:url\" content=\"https:\/\/www.boogaerdthout.nl\/da\/inspiration-2\/vidensbase\/spunsvaegge\/\" \/>\n<meta property=\"og:site_name\" content=\"Boogaerdt Hout\" \/>\n<meta property=\"article:modified_time\" content=\"2023-07-10T12:47:06+00:00\" \/>\n<meta name=\"twitter:label1\" content=\"Estimeret l\u00e6setid\" \/>\n\t<meta name=\"twitter:data1\" content=\"4 minutter\" \/>\n<script type=\"application\/ld+json\" class=\"yoast-schema-graph\">{\"@context\":\"https:\\\/\\\/schema.org\",\"@graph\":[{\"@type\":\"WebPage\",\"@id\":\"https:\\\/\\\/www.boogaerdthout.nl\\\/inspiratie\\\/kennisbank\\\/damwanden\\\/\",\"url\":\"https:\\\/\\\/www.boogaerdthout.nl\\\/inspiratie\\\/kennisbank\\\/damwanden\\\/\",\"name\":\"Damwanden - Boogaerdt Hout\",\"isPartOf\":{\"@id\":\"https:\\\/\\\/www.boogaerdthout.nl\\\/#website\"},\"datePublished\":\"2023-07-10T12:44:59+00:00\",\"dateModified\":\"2023-07-10T12:47:06+00:00\",\"breadcrumb\":{\"@id\":\"https:\\\/\\\/www.boogaerdthout.nl\\\/inspiratie\\\/kennisbank\\\/damwanden\\\/#breadcrumb\"},\"inLanguage\":\"da-DK\",\"potentialAction\":[{\"@type\":\"ReadAction\",\"target\":[\"https:\\\/\\\/www.boogaerdthout.nl\\\/inspiratie\\\/kennisbank\\\/damwanden\\\/\"]}]},{\"@type\":\"BreadcrumbList\",\"@id\":\"https:\\\/\\\/www.boogaerdthout.nl\\\/inspiratie\\\/kennisbank\\\/damwanden\\\/#breadcrumb\",\"itemListElement\":[{\"@type\":\"ListItem\",\"position\":1,\"name\":\"Home\",\"item\":\"https:\\\/\\\/www.boogaerdthout.nl\\\/home-2\\\/\"},{\"@type\":\"ListItem\",\"position\":2,\"name\":\"Inspiratie\",\"item\":\"https:\\\/\\\/www.boogaerdthout.nl\\\/inspiratie\\\/\"},{\"@type\":\"ListItem\",\"position\":3,\"name\":\"Kennisbank\",\"item\":\"https:\\\/\\\/www.boogaerdthout.nl\\\/inspiratie\\\/kennisbank\\\/\"},{\"@type\":\"ListItem\",\"position\":4,\"name\":\"Damwanden\"}]},{\"@type\":\"WebSite\",\"@id\":\"https:\\\/\\\/www.boogaerdthout.nl\\\/#website\",\"url\":\"https:\\\/\\\/www.boogaerdthout.nl\\\/\",\"name\":\"Boogaerdt Hout\",\"description\":\"Koninklijke houthandel Boogaerdt B.V.\",\"potentialAction\":[{\"@type\":\"SearchAction\",\"target\":{\"@type\":\"EntryPoint\",\"urlTemplate\":\"https:\\\/\\\/www.boogaerdthout.nl\\\/?s={search_term_string}\"},\"query-input\":{\"@type\":\"PropertyValueSpecification\",\"valueRequired\":true,\"valueName\":\"search_term_string\"}}],\"inLanguage\":\"da-DK\"}]}<\/script>\n<!-- \/ Yoast SEO plugin. -->","yoast_head_json":{"title":"Spunsv\u00e6gge - Boogaerdt Hout","robots":{"index":"index","follow":"follow","max-snippet":"max-snippet:-1","max-image-preview":"max-image-preview:large","max-video-preview":"max-video-preview:-1"},"canonical":"https:\/\/www.boogaerdthout.nl\/da\/inspiration-2\/vidensbase\/spunsvaegge\/","og_locale":"da_DK","og_type":"article","og_title":"Damwanden - Boogaerdt Hout","og_url":"https:\/\/www.boogaerdthout.nl\/da\/inspiration-2\/vidensbase\/spunsvaegge\/","og_site_name":"Boogaerdt Hout","article_modified_time":"2023-07-10T12:47:06+00:00","twitter_misc":{"Estimeret l\u00e6setid":"4 minutter"},"schema":{"@context":"https:\/\/schema.org","@graph":[{"@type":"WebPage","@id":"https:\/\/www.boogaerdthout.nl\/inspiratie\/kennisbank\/damwanden\/","url":"https:\/\/www.boogaerdthout.nl\/inspiratie\/kennisbank\/damwanden\/","name":"Spunsv\u00e6gge - Boogaerdt Hout","isPartOf":{"@id":"https:\/\/www.boogaerdthout.nl\/#website"},"datePublished":"2023-07-10T12:44:59+00:00","dateModified":"2023-07-10T12:47:06+00:00","breadcrumb":{"@id":"https:\/\/www.boogaerdthout.nl\/inspiratie\/kennisbank\/damwanden\/#breadcrumb"},"inLanguage":"da-DK","potentialAction":[{"@type":"ReadAction","target":["https:\/\/www.boogaerdthout.nl\/inspiratie\/kennisbank\/damwanden\/"]}]},{"@type":"BreadcrumbList","@id":"https:\/\/www.boogaerdthout.nl\/inspiratie\/kennisbank\/damwanden\/#breadcrumb","itemListElement":[{"@type":"ListItem","position":1,"name":"Home","item":"https:\/\/www.boogaerdthout.nl\/home-2\/"},{"@type":"ListItem","position":2,"name":"Inspiratie","item":"https:\/\/www.boogaerdthout.nl\/inspiratie\/"},{"@type":"ListItem","position":3,"name":"Kennisbank","item":"https:\/\/www.boogaerdthout.nl\/inspiratie\/kennisbank\/"},{"@type":"ListItem","position":4,"name":"Damwanden"}]},{"@type":"WebSite","@id":"https:\/\/www.boogaerdthout.nl\/#website","url":"https:\/\/www.boogaerdthout.nl\/","name":"Boogaerdt Wood","description":"Kongelig t\u00f8mmerhandel Boogaerdt BV.","potentialAction":[{"@type":"SearchAction","target":{"@type":"EntryPoint","urlTemplate":"https:\/\/www.boogaerdthout.nl\/?s={search_term_string}"},"query-input":{"@type":"PropertyValueSpecification","valueRequired":true,"valueName":"search_term_string"}}],"inLanguage":"da-DK"}]}},"_links":{"self":[{"href":"https:\/\/www.boogaerdthout.nl\/da\/wp-json\/wp\/v2\/pages\/807","targetHints":{"allow":["GET"]}}],"collection":[{"href":"https:\/\/www.boogaerdthout.nl\/da\/wp-json\/wp\/v2\/pages"}],"about":[{"href":"https:\/\/www.boogaerdthout.nl\/da\/wp-json\/wp\/v2\/types\/page"}],"author":[{"embeddable":true,"href":"https:\/\/www.boogaerdthout.nl\/da\/wp-json\/wp\/v2\/users\/3"}],"replies":[{"embeddable":true,"href":"https:\/\/www.boogaerdthout.nl\/da\/wp-json\/wp\/v2\/comments?post=807"}],"version-history":[{"count":0,"href":"https:\/\/www.boogaerdthout.nl\/da\/wp-json\/wp\/v2\/pages\/807\/revisions"}],"up":[{"embeddable":true,"href":"https:\/\/www.boogaerdthout.nl\/da\/wp-json\/wp\/v2\/pages\/224"}],"wp:attachment":[{"href":"https:\/\/www.boogaerdthout.nl\/da\/wp-json\/wp\/v2\/media?parent=807"}],"curies":[{"name":"wp","href":"https:\/\/api.w.org\/{rel}","templated":true}]}}