{"id":5191,"date":"2025-10-29T11:21:15","date_gmt":"2025-10-29T10:21:15","guid":{"rendered":"https:\/\/www.boogaerdthout.nl\/?page_id=5191"},"modified":"2025-10-29T12:03:32","modified_gmt":"2025-10-29T11:03:32","slug":"flammefix","status":"publish","type":"page","link":"https:\/\/www.boogaerdthout.nl\/da\/flamefix\/","title":{"rendered":"FlameFix Udend\u00f8rs"},"content":{"rendered":"<div id='av-layout-grid-1'  class='av-layout-grid-container av-lvzrs-2c60c27e3a37a7993f443a3841e252db entry-content-wrapper main_color av-flex-cells  avia-builder-el-0  el_before_av_section  avia-builder-el-first   container_wrap sidebar_right'  >\n\n<style type=\"text\/css\" data-created_by=\"avia_inline_auto\" id=\"style-css-av-1cr48-dd751464eee3e3fc115b7b6761005a3a\">\n.flex_cell.av-1cr48-dd751464eee3e3fc115b7b6761005a3a{\nvertical-align:middle;\nheight:580px;\nmin-height:580px;\nbackground-color:#004629;\n}\n.responsive #top #wrap_all .flex_cell.av-1cr48-dd751464eee3e3fc115b7b6761005a3a{\npadding:2% 2% 2% 2% !important;\n}\n\n@media only screen and (min-width: 480px) and (max-width: 767px){ \n.responsive #top #wrap_all .flex_cell.av-1cr48-dd751464eee3e3fc115b7b6761005a3a{\npadding:40px 40px 40px 40px !important;\n}\n}\n\n@media only screen and (max-width: 479px){ \n.responsive #top #wrap_all .flex_cell.av-1cr48-dd751464eee3e3fc115b7b6761005a3a{\npadding:40px 40px 40px 40px !important;\n}\n}\n<\/style>\n<div class='flex_cell av-1cr48-dd751464eee3e3fc115b7b6761005a3a av-gridrow-cell av_one_half no_margin  avia-builder-el-1  el_before_av_cell_one_half  avia-builder-el-first  banner-tekst content-align-middle'  ><div class='flex_cell_inner'>\n<style type=\"text\/css\" data-created_by=\"avia_inline_auto\" id=\"style-css-av-mbuikyyy-4a6032341c2a5f2a4814aebeb4c3ce29\">\n#top .av_textblock_section.av-mbuikyyy-4a6032341c2a5f2a4814aebeb4c3ce29 .avia_textblock{\nfont-size:22px;\ncolor:#ffffff;\n}\n<\/style>\n<section  class='av_textblock_section av-mbuikyyy-4a6032341c2a5f2a4814aebeb4c3ce29'   itemscope=\"itemscope\" itemtype=\"https:\/\/schema.org\/CreativeWork\" ><div class='avia_textblock av_inherit_color'  itemprop=\"text\" ><h2 id=\"flamefix-outdoor\">FlameFix\u00ae Udend\u00f8rs<\/h2>\n<p>FlameFix\u00ae Outdoor er en 100% biobaseret brandh\u00e6mmer til facadebekl\u00e6dning af tr\u00e6. Flamefix\u00ae Outdoor er fastgjort i tr\u00e6et og udvaskes ikke. Det betyder, at vejr og vind ikke p\u00e5virker produktets brandh\u00e6mmende egenskaber. Dette g\u00f8r det ideelt til situationer, hvor vedligeholdelse er vanskelig. Denne behandling er et rent hollandsk produkt, biobaseret, mugh\u00e6mmende og 100% bionedbrydeligt. Dens brandh\u00e6mmende egenskaber g\u00f8r det muligt at bruge ubehandlet tr\u00e6 udend\u00f8rs og opfylder brandklasse B-s2, d0 i henhold til den europ\u00e6iske standard NEN-EN 13501-01.<\/p>\n<div class=\"col-7-10--l col-1-1--med-down blog-article__main-content\"><\/div>\n<\/div><\/section><br \/>\n<div  class='avia-button-wrap av-mhbvzchr-94472af6c2ffd0dd9bf0d1d7d816d57b-wrap avia-button-left  avia-builder-el-3  el_after_av_textblock  avia-builder-el-last'><a href='https:\/\/www.boogaerdthout.nl\/wp-content\/uploads\/2025\/09\/Flamefix-Accoya-nw.pdf'  class='avia-button av-mhbvzchr-94472af6c2ffd0dd9bf0d1d7d816d57b av-link-btn avia-icon_select-no avia-size-small avia-position-left avia-color-theme-color-highlight'   aria-label=\"Se forkortelse\"><span class='avia_iconbox_title' >Se forkortelse<\/span><\/a><\/div><\/p>\n<\/div><\/div>\n<style type=\"text\/css\" data-created_by=\"avia_inline_auto\" id=\"style-css-av-2rrpew-b7f5d78afeb1acacdfbcc51b42fe58a9\">\n.flex_cell.av-2rrpew-b7f5d78afeb1acacdfbcc51b42fe58a9{\nvertical-align:middle;\nheight:580px;\nmin-height:580px;\nbackground:url(https:\/\/www.boogaerdthout.nl\/wp-content\/uploads\/2024\/07\/Parabool-De-Uiterwaarde-buitenkant-1030x773.jpg) 50% 50% no-repeat scroll ;\n}\n.responsive #top #wrap_all .flex_cell.av-2rrpew-b7f5d78afeb1acacdfbcc51b42fe58a9{\npadding:60px 60px 60px 60px !important;\n}\n<\/style>\n<div class='flex_cell av-2rrpew-b7f5d78afeb1acacdfbcc51b42fe58a9 av-gridrow-cell av_one_half no_margin  avia-builder-el-4  el_after_av_cell_one_half  avia-builder-el-last  banner-foto content-align-middle avia-full-stretch'  ><div class='flex_cell_inner'><\/div><\/div><\/div><div id='av_section_1'  class='avia-section av-302689-72011d8e88618f4108430ce52c7a9c5a main_color avia-section-large avia-no-border-styling  avia-builder-el-5  el_after_av_layout_row  avia-builder-el-last  avia-bg-style-scroll container_wrap sidebar_right'  ><div class='container av-section-cont-open' ><div class='template-page content  av-content-small alpha units'><div class='post-entry post-entry-type-page post-entry-5191'><div class='entry-content-wrapper clearfix'>\n<div  class='flex_column av-2yempl-b0dfc9fe398e7a918ae8675fd90fa0a4 av_two_third  avia-builder-el-6  el_before_av_one_third  avia-builder-el-first  first flex_column_div'     ><section  class='av_textblock_section av-ljya2u2n-2aca5d794b422abde024345f5bf2863b'   itemscope=\"itemscope\" itemtype=\"https:\/\/schema.org\/CreativeWork\" ><div class='avia_textblock'  itemprop=\"text\" ><div class=\"col-7-10--l col-1-1--med-down blog-article__main-content\"><\/div>\n<h2 class=\"title-2 m30\">Flamefix g\u00f8r tr\u00e6 biologisk brandsikkert<\/h2>\n<div class=\"text-image__editor cms-output\">\n<p>Ingen tilsatte skadelige stoffer, fordi vi mener, at tr\u00e6 skal forblive tr\u00e6: b\u00e6redygtigt, \u00f8kologisk og st\u00e6rkt! Efter 20 \u00e5rs forskning introducerer vi l\u00f8sningen: Vi fiksede det. FlameFix Outdoor er et 100% hollandsk produkt, biobaseret, skimmelresistent og 100% bionedbrydeligt.<br \/>\nBrandh\u00e6mmende egenskaber g\u00f8r det muligt at bruge ubehandlet tr\u00e6 udend\u00f8rs og opfylder brandklasse B-s2, d0! FlameFix er testet og godkendt af SKH, SHR og Efectis; uafh\u00e6ngige certificerede organer i Holland.<\/p>\n<p>Tekst Flamefix.nl<\/p>\n<\/div>\n<\/div><\/section><\/div><div  class='flex_column av-1gfa1-03eb50077375855486fa01219a626e44 av_one_third  avia-builder-el-8  el_after_av_two_third  avia-builder-el-last  flex_column_div'     ><div  class='avia-builder-widget-area clearfix  avia-builder-el-9  avia-builder-el-no-sibling'><section id=\"avia_auto_toc-2\" class=\"widget clearfix avia-widget-container avia_auto_toc avia_no_block_preview\"><div class=\"avia-preview-headline\">Fold underordnet indholdsfortegnelse ud<\/div><div class=\"avia-preview-info\">Titel: Sideindhold<\/div><div class=\"avia-preview-in-front\">Tabellen kan kun gengives i frontend.<\/div><span class=\"seperator extralight-border\"><\/span><\/section><section id=\"text-7\" class=\"widget clearfix widget_text\"><h3 class=\"widgettitle\">Mere information<\/h3>\t\t\t<div class=\"textwidget\"><ul>\n<li><a href=\"https:\/\/www.boogaerdthout.nl\/da\/inspiration-2\/vidensbase\/\">Vidensbase<\/a><\/li>\n<li><a href=\"https:\/\/www.boogaerdthout.nl\/da\/om-os\/downloads\/\">Downloads<\/a><\/li>\n<li><a href=\"https:\/\/www.boogaerdthout.nl\/da\/inspiration-2\/projekter\/\">Projekter<\/a><\/li>\n<li><a href=\"https:\/\/www.boogaerdthout.nl\/da\/facadebeklaedningsprofiler\/\">Facadebekl\u00e6dningsprofiler<\/a><\/li>\n<li><a href=\"https:\/\/www.boogaerdthout.nl\/da\/profiler-terrassebord\/\">Terrasseprofiler<\/a><\/li>\n<li><a href=\"https:\/\/www.boogaerdthout.nl\/da\/om-os\/traebehandlinger\/\">Tr\u00e6behandlinger<\/a><\/li>\n<\/ul>\n<\/div>\n\t\t<span class=\"seperator extralight-border\"><\/span><\/section><section id=\"custom_html-2\" class=\"widget_text widget clearfix widget_custom_html\"><h3 class=\"widgettitle\">Stil dit sp\u00f8rgsm\u00e5l<\/h3><div class=\"textwidget custom-html-widget\">\n\n\t\t\n\t    \t    \n        <div class=\"cta-foto\">\n            <img decoding=\"async\" loading=\"lazy\" width=\"600\" height=\"600\" src=\"https:\/\/www.boogaerdthout.nl\/wp-content\/uploads\/2023\/08\/Boogaerdt-personeel-lars-bastiaansen.jpg\" class=\"wp-image-1822 avia-img-lazy-loading-1822 attachment-post-thumbnail size-post-thumbnail wp-post-image\" alt=\"Lars Bastiaansen\" srcset=\"https:\/\/www.boogaerdthout.nl\/wp-content\/uploads\/2023\/08\/Boogaerdt-personeel-lars-bastiaansen.jpg 600w, https:\/\/www.boogaerdthout.nl\/wp-content\/uploads\/2023\/08\/Boogaerdt-personeel-lars-bastiaansen-300x300.jpg 300w, https:\/\/www.boogaerdthout.nl\/wp-content\/uploads\/2023\/08\/Boogaerdt-personeel-lars-bastiaansen-80x80.jpg 80w, https:\/\/www.boogaerdthout.nl\/wp-content\/uploads\/2023\/08\/Boogaerdt-personeel-lars-bastiaansen-36x36.jpg 36w, https:\/\/www.boogaerdthout.nl\/wp-content\/uploads\/2023\/08\/Boogaerdt-personeel-lars-bastiaansen-180x180.jpg 180w\" sizes=\"auto, (max-width: 600px) 100vw, 600px\" \/>        <\/div>\n        <div class=\"cta-info\">\n            <p>Lars Bastiaansen<\/p>\n            <p class=\"functie\">Salgschef<\/p>\n            <p>0180-551 552<\/p>\n            <a href=\"\/da\/kontakte\/\" class=\"avia-button avia-icon_select-no avia-size-small btn-side avia-position-left avia-color-theme-color\"><span class=\"avia_iconbox_title\">Send en besked<\/span><\/a>\n        <\/div>\n        \n\t\t\n\t\t\n<\/div><span class=\"seperator extralight-border\"><\/span><\/section><section id=\"text-2\" class=\"widget clearfix widget_text\">\t\t\t<div class=\"textwidget\"><div class=\"artikelen\">\n<h4>Nyhedsartikler<\/h4>\n<p>\t\t\t\t\t\t\t<a href=\"https:\/\/www.boogaerdthout.nl\/da\/2026\/04\/02\/hr-medewerker\/\">\t<\/p>\n<div class=\"wrapper\">\n                <img decoding=\"async\" loading=\"lazy\" width=\"1707\" height=\"1707\" src=\"https:\/\/www.boogaerdthout.nl\/wp-content\/uploads\/2026\/04\/Overleg-Accoya-scaled-e1775138458513.jpg\" class=\"wp-image-5509 avia-img-lazy-loading-5509 attachment-post-thumbnail size-post-thumbnail wp-post-image\" alt=\"\" srcset=\"https:\/\/www.boogaerdthout.nl\/wp-content\/uploads\/2026\/04\/Overleg-Accoya-scaled-e1775138458513.jpg 1707w, https:\/\/www.boogaerdthout.nl\/wp-content\/uploads\/2026\/04\/Overleg-Accoya-scaled-e1775138458513-300x300.jpg 300w, https:\/\/www.boogaerdthout.nl\/wp-content\/uploads\/2026\/04\/Overleg-Accoya-scaled-e1775138458513-1030x1030.jpg 1030w, https:\/\/www.boogaerdthout.nl\/wp-content\/uploads\/2026\/04\/Overleg-Accoya-scaled-e1775138458513-80x80.jpg 80w, https:\/\/www.boogaerdthout.nl\/wp-content\/uploads\/2026\/04\/Overleg-Accoya-scaled-e1775138458513-768x768.jpg 768w, https:\/\/www.boogaerdthout.nl\/wp-content\/uploads\/2026\/04\/Overleg-Accoya-scaled-e1775138458513-1536x1536.jpg 1536w, https:\/\/www.boogaerdthout.nl\/wp-content\/uploads\/2026\/04\/Overleg-Accoya-scaled-e1775138458513-12x12.jpg 12w, https:\/\/www.boogaerdthout.nl\/wp-content\/uploads\/2026\/04\/Overleg-Accoya-scaled-e1775138458513-36x36.jpg 36w, https:\/\/www.boogaerdthout.nl\/wp-content\/uploads\/2026\/04\/Overleg-Accoya-scaled-e1775138458513-180x180.jpg 180w, https:\/\/www.boogaerdthout.nl\/wp-content\/uploads\/2026\/04\/Overleg-Accoya-scaled-e1775138458513-1500x1500.jpg 1500w, https:\/\/www.boogaerdthout.nl\/wp-content\/uploads\/2026\/04\/Overleg-Accoya-scaled-e1775138458513-705x705.jpg 705w, https:\/\/www.boogaerdthout.nl\/wp-content\/uploads\/2026\/04\/Overleg-Accoya-scaled-e1775138458513-400x400.jpg 400w, https:\/\/www.boogaerdthout.nl\/wp-content\/uploads\/2026\/04\/Overleg-Accoya-scaled-e1775138458513-600x600.jpg 600w\" sizes=\"auto, (max-width: 1707px) 100vw, 1707px\" \/>\t\t\t\t<\/p>\n<div class=\"artikel-content\">\n<p>HR-medarbejder (24-32 timer)<\/p>\n<\/div><\/div>\n<p>        <\/a><br \/>\n\t\t\t\t\t\t\t<a href=\"https:\/\/www.boogaerdthout.nl\/da\/2026\/03\/12\/5416\/\">\t<\/p>\n<div class=\"wrapper\">\n                <img decoding=\"async\" loading=\"lazy\" width=\"1195\" height=\"1195\" src=\"https:\/\/www.boogaerdthout.nl\/wp-content\/uploads\/2026\/02\/Billinga-B-fix-scaled-e1771580756663.png\" class=\"wp-image-5380 avia-img-lazy-loading-5380 attachment-post-thumbnail size-post-thumbnail wp-post-image\" alt=\"\" srcset=\"https:\/\/www.boogaerdthout.nl\/wp-content\/uploads\/2026\/02\/Billinga-B-fix-scaled-e1771580756663.png 1195w, https:\/\/www.boogaerdthout.nl\/wp-content\/uploads\/2026\/02\/Billinga-B-fix-scaled-e1771580756663-300x300.png 300w, https:\/\/www.boogaerdthout.nl\/wp-content\/uploads\/2026\/02\/Billinga-B-fix-scaled-e1771580756663-1030x1030.png 1030w, https:\/\/www.boogaerdthout.nl\/wp-content\/uploads\/2026\/02\/Billinga-B-fix-scaled-e1771580756663-80x80.png 80w, https:\/\/www.boogaerdthout.nl\/wp-content\/uploads\/2026\/02\/Billinga-B-fix-scaled-e1771580756663-768x768.png 768w, https:\/\/www.boogaerdthout.nl\/wp-content\/uploads\/2026\/02\/Billinga-B-fix-scaled-e1771580756663-12x12.png 12w, https:\/\/www.boogaerdthout.nl\/wp-content\/uploads\/2026\/02\/Billinga-B-fix-scaled-e1771580756663-36x36.png 36w, https:\/\/www.boogaerdthout.nl\/wp-content\/uploads\/2026\/02\/Billinga-B-fix-scaled-e1771580756663-180x180.png 180w, https:\/\/www.boogaerdthout.nl\/wp-content\/uploads\/2026\/02\/Billinga-B-fix-scaled-e1771580756663-705x705.png 705w, https:\/\/www.boogaerdthout.nl\/wp-content\/uploads\/2026\/02\/Billinga-B-fix-scaled-e1771580756663-400x400.png 400w, https:\/\/www.boogaerdthout.nl\/wp-content\/uploads\/2026\/02\/Billinga-B-fix-scaled-e1771580756663-600x600.png 600w\" sizes=\"auto, (max-width: 1195px) 100vw, 1195px\" \/>\t\t\t\t<\/p>\n<div class=\"artikel-content\">\n<p>Terrasses\u00e6sonen er \u00e5ben<\/p>\n<\/div><\/div>\n<p>        <\/a><br \/>\n\t\t\t\t\t\t\t<a href=\"https:\/\/www.boogaerdthout.nl\/da\/2026\/03\/08\/stage-marketing\/\">\t<\/p>\n<div class=\"wrapper\">\n                <img decoding=\"async\" loading=\"lazy\" width=\"1024\" height=\"1024\" src=\"https:\/\/www.boogaerdthout.nl\/wp-content\/uploads\/2026\/04\/Gemini_Generated_Image_kpybh0kpybh0kpyb.png\" class=\"wp-image-5517 avia-img-lazy-loading-5517 attachment-post-thumbnail size-post-thumbnail wp-post-image\" alt=\"\" srcset=\"https:\/\/www.boogaerdthout.nl\/wp-content\/uploads\/2026\/04\/Gemini_Generated_Image_kpybh0kpybh0kpyb.png 1024w, https:\/\/www.boogaerdthout.nl\/wp-content\/uploads\/2026\/04\/Gemini_Generated_Image_kpybh0kpybh0kpyb-300x300.png 300w, https:\/\/www.boogaerdthout.nl\/wp-content\/uploads\/2026\/04\/Gemini_Generated_Image_kpybh0kpybh0kpyb-80x80.png 80w, https:\/\/www.boogaerdthout.nl\/wp-content\/uploads\/2026\/04\/Gemini_Generated_Image_kpybh0kpybh0kpyb-768x768.png 768w, https:\/\/www.boogaerdthout.nl\/wp-content\/uploads\/2026\/04\/Gemini_Generated_Image_kpybh0kpybh0kpyb-12x12.png 12w, https:\/\/www.boogaerdthout.nl\/wp-content\/uploads\/2026\/04\/Gemini_Generated_Image_kpybh0kpybh0kpyb-36x36.png 36w, https:\/\/www.boogaerdthout.nl\/wp-content\/uploads\/2026\/04\/Gemini_Generated_Image_kpybh0kpybh0kpyb-180x180.png 180w, https:\/\/www.boogaerdthout.nl\/wp-content\/uploads\/2026\/04\/Gemini_Generated_Image_kpybh0kpybh0kpyb-705x705.png 705w\" sizes=\"auto, (max-width: 1024px) 100vw, 1024px\" \/>\t\t\t\t<\/p>\n<div class=\"artikel-content\">\n<p>Praktikplads inden for marketing og salg<\/p>\n<\/div><\/div>\n<p>        <\/a><\/p><\/div>\n<\/div>\n\t\t<span class=\"seperator extralight-border\"><\/span><\/section><\/div><\/div>\n<\/div><\/div><\/div><!-- close content main div --><\/div><\/div><div id='after_section_1'  class='main_color av_default_container_wrap container_wrap sidebar_right'  ><div class='container av-section-cont-open' ><div class='template-page content  av-content-small alpha units'><div class='post-entry post-entry-type-page post-entry-5191'><div class='entry-content-wrapper clearfix'><\/p>","protected":false},"excerpt":{"rendered":"","protected":false},"author":4,"featured_media":0,"parent":0,"menu_order":0,"comment_status":"closed","ping_status":"closed","template":"","meta":{"_acf_changed":false,"footnotes":""},"class_list":["post-5191","page","type-page","status-publish","hentry"],"acf":[],"yoast_head":"<!-- This site is optimized with the Yoast SEO plugin v27.5 - https:\/\/yoast.com\/product\/yoast-seo-wordpress\/ -->\n<title>FlameFix Outdoor - Boogaerdt Hout<\/title>\n<meta name=\"robots\" content=\"index, follow, max-snippet:-1, max-image-preview:large, max-video-preview:-1\" \/>\n<link rel=\"canonical\" href=\"https:\/\/www.boogaerdthout.nl\/da\/flammefix\/\" \/>\n<meta property=\"og:locale\" content=\"da_DK\" \/>\n<meta property=\"og:type\" content=\"article\" \/>\n<meta property=\"og:title\" content=\"FlameFix Outdoor - Boogaerdt Hout\" \/>\n<meta property=\"og:url\" content=\"https:\/\/www.boogaerdthout.nl\/da\/flammefix\/\" \/>\n<meta property=\"og:site_name\" content=\"Boogaerdt Hout\" \/>\n<meta property=\"article:modified_time\" content=\"2025-10-29T11:03:32+00:00\" \/>\n<meta name=\"twitter:label1\" content=\"Estimeret l\u00e6setid\" \/>\n\t<meta name=\"twitter:data1\" content=\"2 minutter\" \/>\n<script type=\"application\/ld+json\" class=\"yoast-schema-graph\">{\"@context\":\"https:\\\/\\\/schema.org\",\"@graph\":[{\"@type\":\"WebPage\",\"@id\":\"https:\\\/\\\/www.boogaerdthout.nl\\\/flamefix\\\/\",\"url\":\"https:\\\/\\\/www.boogaerdthout.nl\\\/flamefix\\\/\",\"name\":\"FlameFix Outdoor - Boogaerdt Hout\",\"isPartOf\":{\"@id\":\"https:\\\/\\\/www.boogaerdthout.nl\\\/#website\"},\"datePublished\":\"2025-10-29T10:21:15+00:00\",\"dateModified\":\"2025-10-29T11:03:32+00:00\",\"breadcrumb\":{\"@id\":\"https:\\\/\\\/www.boogaerdthout.nl\\\/flamefix\\\/#breadcrumb\"},\"inLanguage\":\"da-DK\",\"potentialAction\":[{\"@type\":\"ReadAction\",\"target\":[\"https:\\\/\\\/www.boogaerdthout.nl\\\/flamefix\\\/\"]}]},{\"@type\":\"BreadcrumbList\",\"@id\":\"https:\\\/\\\/www.boogaerdthout.nl\\\/flamefix\\\/#breadcrumb\",\"itemListElement\":[{\"@type\":\"ListItem\",\"position\":1,\"name\":\"Home\",\"item\":\"https:\\\/\\\/www.boogaerdthout.nl\\\/home-2\\\/\"},{\"@type\":\"ListItem\",\"position\":2,\"name\":\"FlameFix Outdoor\"}]},{\"@type\":\"WebSite\",\"@id\":\"https:\\\/\\\/www.boogaerdthout.nl\\\/#website\",\"url\":\"https:\\\/\\\/www.boogaerdthout.nl\\\/\",\"name\":\"Boogaerdt Hout\",\"description\":\"Koninklijke houthandel Boogaerdt B.V.\",\"potentialAction\":[{\"@type\":\"SearchAction\",\"target\":{\"@type\":\"EntryPoint\",\"urlTemplate\":\"https:\\\/\\\/www.boogaerdthout.nl\\\/?s={search_term_string}\"},\"query-input\":{\"@type\":\"PropertyValueSpecification\",\"valueRequired\":true,\"valueName\":\"search_term_string\"}}],\"inLanguage\":\"da-DK\"}]}<\/script>\n<!-- \/ Yoast SEO plugin. -->","yoast_head_json":{"title":"FlameFix Outdoor - Boogaerdt Hout","robots":{"index":"index","follow":"follow","max-snippet":"max-snippet:-1","max-image-preview":"max-image-preview:large","max-video-preview":"max-video-preview:-1"},"canonical":"https:\/\/www.boogaerdthout.nl\/da\/flammefix\/","og_locale":"da_DK","og_type":"article","og_title":"FlameFix Outdoor - Boogaerdt Hout","og_url":"https:\/\/www.boogaerdthout.nl\/da\/flammefix\/","og_site_name":"Boogaerdt Hout","article_modified_time":"2025-10-29T11:03:32+00:00","twitter_misc":{"Estimeret l\u00e6setid":"2 minutter"},"schema":{"@context":"https:\/\/schema.org","@graph":[{"@type":"WebPage","@id":"https:\/\/www.boogaerdthout.nl\/flamefix\/","url":"https:\/\/www.boogaerdthout.nl\/flamefix\/","name":"FlameFix Outdoor - Boogaerdt Hout","isPartOf":{"@id":"https:\/\/www.boogaerdthout.nl\/#website"},"datePublished":"2025-10-29T10:21:15+00:00","dateModified":"2025-10-29T11:03:32+00:00","breadcrumb":{"@id":"https:\/\/www.boogaerdthout.nl\/flamefix\/#breadcrumb"},"inLanguage":"da-DK","potentialAction":[{"@type":"ReadAction","target":["https:\/\/www.boogaerdthout.nl\/flamefix\/"]}]},{"@type":"BreadcrumbList","@id":"https:\/\/www.boogaerdthout.nl\/flamefix\/#breadcrumb","itemListElement":[{"@type":"ListItem","position":1,"name":"Home","item":"https:\/\/www.boogaerdthout.nl\/home-2\/"},{"@type":"ListItem","position":2,"name":"FlameFix Outdoor"}]},{"@type":"WebSite","@id":"https:\/\/www.boogaerdthout.nl\/#website","url":"https:\/\/www.boogaerdthout.nl\/","name":"Boogaerdt Wood","description":"Kongelig t\u00f8mmerhandel Boogaerdt BV.","potentialAction":[{"@type":"SearchAction","target":{"@type":"EntryPoint","urlTemplate":"https:\/\/www.boogaerdthout.nl\/?s={search_term_string}"},"query-input":{"@type":"PropertyValueSpecification","valueRequired":true,"valueName":"search_term_string"}}],"inLanguage":"da-DK"}]}},"_links":{"self":[{"href":"https:\/\/www.boogaerdthout.nl\/da\/wp-json\/wp\/v2\/pages\/5191","targetHints":{"allow":["GET"]}}],"collection":[{"href":"https:\/\/www.boogaerdthout.nl\/da\/wp-json\/wp\/v2\/pages"}],"about":[{"href":"https:\/\/www.boogaerdthout.nl\/da\/wp-json\/wp\/v2\/types\/page"}],"author":[{"embeddable":true,"href":"https:\/\/www.boogaerdthout.nl\/da\/wp-json\/wp\/v2\/users\/4"}],"replies":[{"embeddable":true,"href":"https:\/\/www.boogaerdthout.nl\/da\/wp-json\/wp\/v2\/comments?post=5191"}],"version-history":[{"count":3,"href":"https:\/\/www.boogaerdthout.nl\/da\/wp-json\/wp\/v2\/pages\/5191\/revisions"}],"predecessor-version":[{"id":5194,"href":"https:\/\/www.boogaerdthout.nl\/da\/wp-json\/wp\/v2\/pages\/5191\/revisions\/5194"}],"wp:attachment":[{"href":"https:\/\/www.boogaerdthout.nl\/da\/wp-json\/wp\/v2\/media?parent=5191"}],"curies":[{"name":"wp","href":"https:\/\/api.w.org\/{rel}","templated":true}]}}