{"id":501,"date":"2023-06-05T15:38:33","date_gmt":"2023-06-05T13:38:33","guid":{"rendered":"https:\/\/boogaerdthout.bonsaidev.nl\/?page_id=501"},"modified":"2023-07-10T14:32:08","modified_gmt":"2023-07-10T12:32:08","slug":"azobe-miljocertificering","status":"publish","type":"page","link":"https:\/\/www.boogaerdthout.nl\/da\/inspiratie\/kennisbank\/azobe-milieucertificering\/","title":{"rendered":"Azob\u00e9: Milj\u00f8certificering"},"content":{"rendered":"<div id='av_section_1'  class='avia-section av-bu019-e4882245e9770673d5d18da7dd8dc5e1 main_color avia-section-large avia-no-border-styling  avia-builder-el-0  avia-builder-el-no-sibling  avia-bg-style-scroll container_wrap sidebar_right'  ><div class='container av-section-cont-open' ><main  role=\"main\" itemprop=\"mainContentOfPage\"  class='template-page content  av-content-small alpha units'><div class='post-entry post-entry-type-page post-entry-501'><div class='entry-content-wrapper clearfix'>\n<div  class='flex_column av-2qa71-8865a865dc73145b2aba79c055fb5995 av_two_third  avia-builder-el-1  el_before_av_one_third  avia-builder-el-first  first flex_column_div'     ><section  class='av_textblock_section av-ljwu7vnl-d7bf6effbb6422151ed8cc859cb38297'   itemscope=\"itemscope\" itemtype=\"https:\/\/schema.org\/CreativeWork\" ><div class='avia_textblock'  itemprop=\"text\" ><h1><span style=\"color: #000000;\">Azob\u00e9: Milj\u00f8certificering<\/span><\/h1>\n<p>Azobe f\u00e5s med et certifikat. Hvis der f.eks. anvendes p\u00e5viseligt b\u00e6redygtig skovforvaltning, leveres tr\u00e6et med et FSC\u00ae-certifikat. En anden mulighed er levering med en OLB-erkl\u00e6ring. FSC\u00ae-certificerede leverancer falder ind under <a href=\"https:\/\/www.boogaerdthout.nl\/wp-content\/uploads\/2023\/06\/FSC-certificaat-865505.pdf\">FSC\u00ae-certifikat 865505<\/a>.<\/p>\n<\/div><\/section><br \/>\n\n<style type=\"text\/css\" data-created_by=\"avia_inline_auto\" id=\"style-css-av-ircvx-a52997d3a8238178f42f028deba1a075\">\n#top .hr.hr-invisible.av-ircvx-a52997d3a8238178f42f028deba1a075{\nheight:50px;\n}\n<\/style>\n<div  class='hr av-ircvx-a52997d3a8238178f42f028deba1a075 hr-invisible  avia-builder-el-3  el_after_av_textblock  el_before_av_textblock'><span class='hr-inner'><span class=\"hr-inner-style\"><\/span><\/span><\/div><br \/>\n<section  class='av_textblock_section av-ljwu9ky5-96fa5dc9d56244de531caf296aa23617'   itemscope=\"itemscope\" itemtype=\"https:\/\/schema.org\/CreativeWork\" ><div class='avia_textblock'  itemprop=\"text\" ><h2>Hvorfor certificering?<\/h2>\n<p>Skove er blandt andet vores kilde til r\u00e5materialer for nutiden og fremtidige generationer. B\u00e6redygtig skovforvaltning skal sikre, at alle skovens, milj\u00f8ets og menneskehedens funktioner bevares. Form\u00e5let med at certificere t\u00f8mmerstr\u00f8mme er at give indsigt i tr\u00e6str\u00f8mmen fra kilden i oprindelseslandet til det endelige produkt. Der findes forskellige certificeringssystemer verden over for at sikre dette. For Azobe er denne certificering FSC\u00ae.<\/p>\n<\/div><\/section><br \/>\n\n<style type=\"text\/css\" data-created_by=\"avia_inline_auto\" id=\"style-css-av-fbblx-bae12f133be1e6198d3084d82c6f2872\">\n#top .hr.hr-invisible.av-fbblx-bae12f133be1e6198d3084d82c6f2872{\nheight:50px;\n}\n<\/style>\n<div  class='hr av-fbblx-bae12f133be1e6198d3084d82c6f2872 hr-invisible  avia-builder-el-5  el_after_av_textblock  el_before_av_textblock'><span class='hr-inner'><span class=\"hr-inner-style\"><\/span><\/span><\/div><br \/>\n<section  class='av_textblock_section av-ljwuaz29-a335f5e1992ef8cfa5eccaf8b96a0989'   itemscope=\"itemscope\" itemtype=\"https:\/\/schema.org\/CreativeWork\" ><div class='avia_textblock'  itemprop=\"text\" ><h2>FSC\u00ae (Forest Stewardship Council)<\/h2>\n<p>FSC\u00ae er en global, non-profit organisation. FSC\u00ae blev grundlagt i 1993 af natur- og milj\u00f8organisationer, skovejere, menneskerettighedsorganisationer, repr\u00e6sentanter for lokalsamfund og t\u00f8mmerhandlere og nyder stor genkendelse af brandet. Dens mission er at beskytte skove mod \u00f8del\u00e6ggelse og uoprettelig nedbrydning. FSC\u00ae-principperne og kriterierne for ansvarlig skovforvaltning giver forarbejdningsvirksomheder og forbrugere sikkerhed for, at t\u00f8mmeret kommer fra ansvarligt forvaltede skove.<\/p>\n<\/div><\/section><br \/>\n<div  class='avia-button-wrap av-liiwbxwm-56057265ee5537fa5624efbfbc75628d-wrap avia-button-left  avia-builder-el-7  el_after_av_textblock  el_before_av_hr'><a href='https:\/\/nl.fsc.org\/nl-nl'  class='avia-button av-liiwbxwm-56057265ee5537fa5624efbfbc75628d av-link-btn avia-icon_select-no avia-size-small avia-position-left avia-color-theme-color'  target=\"_blank\"  rel=\"noopener noreferrer\"  aria-label=\"FSC\u00ae-hjemmeside\"><span class='avia_iconbox_title' >FSC\u00ae-hjemmeside<\/span><\/a><\/div><br \/>\n\n<style type=\"text\/css\" data-created_by=\"avia_inline_auto\" id=\"style-css-av-7pyk5-2ba7a229f8e8b86b8c74dcd56cd68fcf\">\n#top .hr.hr-invisible.av-7pyk5-2ba7a229f8e8b86b8c74dcd56cd68fcf{\nheight:50px;\n}\n<\/style>\n<div  class='hr av-7pyk5-2ba7a229f8e8b86b8c74dcd56cd68fcf hr-invisible  avia-builder-el-8  el_after_av_button  el_before_av_textblock'><span class='hr-inner'><span class=\"hr-inner-style\"><\/span><\/span><\/div><br \/>\n<section  class='av_textblock_section av-ljwubqhy-9099a2fdba7a7e892c79a97ce9d443bd'   itemscope=\"itemscope\" itemtype=\"https:\/\/schema.org\/CreativeWork\" ><div class='avia_textblock'  itemprop=\"text\" ><h2>Lovlighedserkl\u00e6ringer<\/h2>\n<p>Ud over FSC\u00ae-certificering f\u00e5s azobe-tr\u00e6 ogs\u00e5 med lovlighedserkl\u00e6ringer fra uafh\u00e6ngige certificeringsorganer. OLB \u2013 Origine en L\u00e9galit\u00e9 du Bois \u2013 lovlighedsverifikation fra Bureau Veritas med certifikater for skovkoncessioner i Vestafrika.<\/p>\n<p>Vil du vide mere om certificering? Klik p\u00e5 knappen nedenfor.<\/p>\n<\/div><\/section><br \/>\n<div  class='avia-button-wrap av-liiwdmfu-113f429d4b19b4a750768f19757eda4e-wrap avia-button-left  avia-builder-el-10  el_after_av_textblock  avia-builder-el-last'><a href='https:\/\/www.bewustmethout.nl'  class='avia-button av-liiwdmfu-113f429d4b19b4a750768f19757eda4e av-link-btn avia-icon_select-no avia-size-small avia-position-left avia-color-theme-color'  target=\"_blank\"  rel=\"noopener noreferrer\"  aria-label=\"Hjemmesidebevidst med tr\u00e6\"><span class='avia_iconbox_title' >Hjemmesidebevidst med tr\u00e6<\/span><\/a><\/div><\/p><\/div><div  class='flex_column av-2j7ur1-d6262f5ddb5ca6c9a64cc28fb055267b av_one_third  avia-builder-el-11  el_after_av_two_third  avia-builder-el-last  flex_column_div'     ><div  class='avia-builder-widget-area clearfix  avia-builder-el-12  avia-builder-el-no-sibling'><section id=\"avia_auto_toc-2\" class=\"widget clearfix avia-widget-container avia_auto_toc avia_no_block_preview\"><div class=\"avia-preview-headline\">Fold underordnet indholdsfortegnelse ud<\/div><div class=\"avia-preview-info\">Titel: Sideindhold<\/div><div class=\"avia-preview-in-front\">Tabellen kan kun gengives i frontend.<\/div><span class=\"seperator extralight-border\"><\/span><\/section><section id=\"text-7\" class=\"widget clearfix widget_text\"><h3 class=\"widgettitle\">Mere information<\/h3>\t\t\t<div class=\"textwidget\"><ul>\n<li><a href=\"https:\/\/www.boogaerdthout.nl\/da\/inspiration-2\/vidensbase\/\">Vidensbase<\/a><\/li>\n<li><a href=\"https:\/\/www.boogaerdthout.nl\/da\/om-os\/downloads\/\">Downloads<\/a><\/li>\n<li><a href=\"https:\/\/www.boogaerdthout.nl\/da\/inspiration-2\/projekter\/\">Projekter<\/a><\/li>\n<li><a href=\"https:\/\/www.boogaerdthout.nl\/da\/facadebeklaedningsprofiler\/\">Facadebekl\u00e6dningsprofiler<\/a><\/li>\n<li><a href=\"https:\/\/www.boogaerdthout.nl\/da\/profiler-terrassebord\/\">Terrasseprofiler<\/a><\/li>\n<li><a href=\"https:\/\/www.boogaerdthout.nl\/da\/om-os\/traebehandlinger\/\">Tr\u00e6behandlinger<\/a><\/li>\n<\/ul>\n<\/div>\n\t\t<span class=\"seperator extralight-border\"><\/span><\/section><section id=\"custom_html-2\" class=\"widget_text widget clearfix widget_custom_html\"><h3 class=\"widgettitle\">Stil dit sp\u00f8rgsm\u00e5l<\/h3><div class=\"textwidget custom-html-widget\">\n\n\t\t\n\t    \t    \n        <div class=\"cta-foto\">\n            <img decoding=\"async\" loading=\"lazy\" width=\"600\" height=\"600\" src=\"https:\/\/www.boogaerdthout.nl\/wp-content\/uploads\/2023\/08\/Boogaerdt-personeel-lars-bastiaansen.jpg\" class=\"wp-image-1822 avia-img-lazy-loading-1822 attachment-post-thumbnail size-post-thumbnail wp-post-image\" alt=\"Lars Bastiaansen\" srcset=\"https:\/\/www.boogaerdthout.nl\/wp-content\/uploads\/2023\/08\/Boogaerdt-personeel-lars-bastiaansen.jpg 600w, https:\/\/www.boogaerdthout.nl\/wp-content\/uploads\/2023\/08\/Boogaerdt-personeel-lars-bastiaansen-300x300.jpg 300w, https:\/\/www.boogaerdthout.nl\/wp-content\/uploads\/2023\/08\/Boogaerdt-personeel-lars-bastiaansen-80x80.jpg 80w, https:\/\/www.boogaerdthout.nl\/wp-content\/uploads\/2023\/08\/Boogaerdt-personeel-lars-bastiaansen-36x36.jpg 36w, https:\/\/www.boogaerdthout.nl\/wp-content\/uploads\/2023\/08\/Boogaerdt-personeel-lars-bastiaansen-180x180.jpg 180w\" sizes=\"auto, (max-width: 600px) 100vw, 600px\" \/>        <\/div>\n        <div class=\"cta-info\">\n            <p>Lars Bastiaansen<\/p>\n            <p class=\"functie\">Salgschef<\/p>\n            <p>0180-551 552<\/p>\n            <a href=\"\/da\/kontakte\/\" class=\"avia-button avia-icon_select-no avia-size-small btn-side avia-position-left avia-color-theme-color\"><span class=\"avia_iconbox_title\">Send en besked<\/span><\/a>\n        <\/div>\n        \n\t\t\n\t\t\n<\/div><span class=\"seperator extralight-border\"><\/span><\/section><section id=\"text-2\" class=\"widget clearfix widget_text\">\t\t\t<div class=\"textwidget\"><div class=\"artikelen\">\n<h4>Nyhedsartikler<\/h4>\n<p>\t\t\t\t\t\t\t<a href=\"https:\/\/www.boogaerdthout.nl\/da\/2026\/04\/02\/hr-medewerker\/\">\t<\/p>\n<div class=\"wrapper\">\n                <img decoding=\"async\" loading=\"lazy\" width=\"1707\" height=\"1707\" src=\"https:\/\/www.boogaerdthout.nl\/wp-content\/uploads\/2026\/04\/Overleg-Accoya-scaled-e1775138458513.jpg\" class=\"wp-image-5509 avia-img-lazy-loading-5509 attachment-post-thumbnail size-post-thumbnail wp-post-image\" alt=\"\" srcset=\"https:\/\/www.boogaerdthout.nl\/wp-content\/uploads\/2026\/04\/Overleg-Accoya-scaled-e1775138458513.jpg 1707w, https:\/\/www.boogaerdthout.nl\/wp-content\/uploads\/2026\/04\/Overleg-Accoya-scaled-e1775138458513-300x300.jpg 300w, https:\/\/www.boogaerdthout.nl\/wp-content\/uploads\/2026\/04\/Overleg-Accoya-scaled-e1775138458513-1030x1030.jpg 1030w, https:\/\/www.boogaerdthout.nl\/wp-content\/uploads\/2026\/04\/Overleg-Accoya-scaled-e1775138458513-80x80.jpg 80w, https:\/\/www.boogaerdthout.nl\/wp-content\/uploads\/2026\/04\/Overleg-Accoya-scaled-e1775138458513-768x768.jpg 768w, https:\/\/www.boogaerdthout.nl\/wp-content\/uploads\/2026\/04\/Overleg-Accoya-scaled-e1775138458513-1536x1536.jpg 1536w, https:\/\/www.boogaerdthout.nl\/wp-content\/uploads\/2026\/04\/Overleg-Accoya-scaled-e1775138458513-12x12.jpg 12w, https:\/\/www.boogaerdthout.nl\/wp-content\/uploads\/2026\/04\/Overleg-Accoya-scaled-e1775138458513-36x36.jpg 36w, https:\/\/www.boogaerdthout.nl\/wp-content\/uploads\/2026\/04\/Overleg-Accoya-scaled-e1775138458513-180x180.jpg 180w, https:\/\/www.boogaerdthout.nl\/wp-content\/uploads\/2026\/04\/Overleg-Accoya-scaled-e1775138458513-1500x1500.jpg 1500w, https:\/\/www.boogaerdthout.nl\/wp-content\/uploads\/2026\/04\/Overleg-Accoya-scaled-e1775138458513-705x705.jpg 705w, https:\/\/www.boogaerdthout.nl\/wp-content\/uploads\/2026\/04\/Overleg-Accoya-scaled-e1775138458513-400x400.jpg 400w, https:\/\/www.boogaerdthout.nl\/wp-content\/uploads\/2026\/04\/Overleg-Accoya-scaled-e1775138458513-600x600.jpg 600w\" sizes=\"auto, (max-width: 1707px) 100vw, 1707px\" \/>\t\t\t\t<\/p>\n<div class=\"artikel-content\">\n<p>HR-medarbejder (24-32 timer)<\/p>\n<\/div><\/div>\n<p>        <\/a><br \/>\n\t\t\t\t\t\t\t<a href=\"https:\/\/www.boogaerdthout.nl\/da\/2026\/03\/12\/5416\/\">\t<\/p>\n<div class=\"wrapper\">\n                <img decoding=\"async\" loading=\"lazy\" width=\"1195\" height=\"1195\" src=\"https:\/\/www.boogaerdthout.nl\/wp-content\/uploads\/2026\/02\/Billinga-B-fix-scaled-e1771580756663.png\" class=\"wp-image-5380 avia-img-lazy-loading-5380 attachment-post-thumbnail size-post-thumbnail wp-post-image\" alt=\"\" srcset=\"https:\/\/www.boogaerdthout.nl\/wp-content\/uploads\/2026\/02\/Billinga-B-fix-scaled-e1771580756663.png 1195w, https:\/\/www.boogaerdthout.nl\/wp-content\/uploads\/2026\/02\/Billinga-B-fix-scaled-e1771580756663-300x300.png 300w, https:\/\/www.boogaerdthout.nl\/wp-content\/uploads\/2026\/02\/Billinga-B-fix-scaled-e1771580756663-1030x1030.png 1030w, https:\/\/www.boogaerdthout.nl\/wp-content\/uploads\/2026\/02\/Billinga-B-fix-scaled-e1771580756663-80x80.png 80w, https:\/\/www.boogaerdthout.nl\/wp-content\/uploads\/2026\/02\/Billinga-B-fix-scaled-e1771580756663-768x768.png 768w, https:\/\/www.boogaerdthout.nl\/wp-content\/uploads\/2026\/02\/Billinga-B-fix-scaled-e1771580756663-12x12.png 12w, https:\/\/www.boogaerdthout.nl\/wp-content\/uploads\/2026\/02\/Billinga-B-fix-scaled-e1771580756663-36x36.png 36w, https:\/\/www.boogaerdthout.nl\/wp-content\/uploads\/2026\/02\/Billinga-B-fix-scaled-e1771580756663-180x180.png 180w, https:\/\/www.boogaerdthout.nl\/wp-content\/uploads\/2026\/02\/Billinga-B-fix-scaled-e1771580756663-705x705.png 705w, https:\/\/www.boogaerdthout.nl\/wp-content\/uploads\/2026\/02\/Billinga-B-fix-scaled-e1771580756663-400x400.png 400w, https:\/\/www.boogaerdthout.nl\/wp-content\/uploads\/2026\/02\/Billinga-B-fix-scaled-e1771580756663-600x600.png 600w\" sizes=\"auto, (max-width: 1195px) 100vw, 1195px\" \/>\t\t\t\t<\/p>\n<div class=\"artikel-content\">\n<p>Terrasses\u00e6sonen er \u00e5ben<\/p>\n<\/div><\/div>\n<p>        <\/a><br \/>\n\t\t\t\t\t\t\t<a href=\"https:\/\/www.boogaerdthout.nl\/da\/2026\/03\/08\/stage-marketing\/\">\t<\/p>\n<div class=\"wrapper\">\n                <img decoding=\"async\" loading=\"lazy\" width=\"1024\" height=\"1024\" src=\"https:\/\/www.boogaerdthout.nl\/wp-content\/uploads\/2026\/04\/Gemini_Generated_Image_kpybh0kpybh0kpyb.png\" class=\"wp-image-5517 avia-img-lazy-loading-5517 attachment-post-thumbnail size-post-thumbnail wp-post-image\" alt=\"\" srcset=\"https:\/\/www.boogaerdthout.nl\/wp-content\/uploads\/2026\/04\/Gemini_Generated_Image_kpybh0kpybh0kpyb.png 1024w, https:\/\/www.boogaerdthout.nl\/wp-content\/uploads\/2026\/04\/Gemini_Generated_Image_kpybh0kpybh0kpyb-300x300.png 300w, https:\/\/www.boogaerdthout.nl\/wp-content\/uploads\/2026\/04\/Gemini_Generated_Image_kpybh0kpybh0kpyb-80x80.png 80w, https:\/\/www.boogaerdthout.nl\/wp-content\/uploads\/2026\/04\/Gemini_Generated_Image_kpybh0kpybh0kpyb-768x768.png 768w, https:\/\/www.boogaerdthout.nl\/wp-content\/uploads\/2026\/04\/Gemini_Generated_Image_kpybh0kpybh0kpyb-12x12.png 12w, https:\/\/www.boogaerdthout.nl\/wp-content\/uploads\/2026\/04\/Gemini_Generated_Image_kpybh0kpybh0kpyb-36x36.png 36w, https:\/\/www.boogaerdthout.nl\/wp-content\/uploads\/2026\/04\/Gemini_Generated_Image_kpybh0kpybh0kpyb-180x180.png 180w, https:\/\/www.boogaerdthout.nl\/wp-content\/uploads\/2026\/04\/Gemini_Generated_Image_kpybh0kpybh0kpyb-705x705.png 705w\" sizes=\"auto, (max-width: 1024px) 100vw, 1024px\" \/>\t\t\t\t<\/p>\n<div class=\"artikel-content\">\n<p>Praktikplads inden for marketing og salg<\/p>\n<\/div><\/div>\n<p>        <\/a><\/p><\/div>\n<\/div>\n\t\t<span class=\"seperator extralight-border\"><\/span><\/section><\/div><\/div>\n<\/div><\/div><\/main><!-- close content main element --><\/div><\/div><div id='after_section_1'  class='main_color av_default_container_wrap container_wrap sidebar_right'  ><div class='container av-section-cont-open' ><div class='template-page content  av-content-small alpha units'><div class='post-entry post-entry-type-page post-entry-501'><div class='entry-content-wrapper clearfix'>","protected":false},"excerpt":{"rendered":"","protected":false},"author":3,"featured_media":0,"parent":224,"menu_order":0,"comment_status":"closed","ping_status":"closed","template":"","meta":{"_acf_changed":false,"footnotes":""},"class_list":["post-501","page","type-page","status-publish","hentry"],"acf":[],"yoast_head":"<!-- This site is optimized with the Yoast SEO plugin v27.3 - https:\/\/yoast.com\/product\/yoast-seo-wordpress\/ -->\n<title>Azob\u00e9: Milieucertificering - Boogaerdt Hout<\/title>\n<meta name=\"robots\" content=\"index, follow, max-snippet:-1, max-image-preview:large, max-video-preview:-1\" \/>\n<link rel=\"canonical\" href=\"https:\/\/www.boogaerdthout.nl\/da\/inspiration-2\/vidensbase\/azobe-miljocertificering\/\" \/>\n<meta property=\"og:locale\" content=\"da_DK\" \/>\n<meta property=\"og:type\" content=\"article\" \/>\n<meta property=\"og:title\" content=\"Azob\u00e9: Milieucertificering - Boogaerdt Hout\" \/>\n<meta property=\"og:url\" content=\"https:\/\/www.boogaerdthout.nl\/da\/inspiration-2\/vidensbase\/azobe-miljocertificering\/\" \/>\n<meta property=\"og:site_name\" content=\"Boogaerdt Hout\" \/>\n<meta property=\"article:modified_time\" content=\"2023-07-10T12:32:08+00:00\" \/>\n<meta name=\"twitter:label1\" content=\"Estimeret l\u00e6setid\" \/>\n\t<meta name=\"twitter:data1\" content=\"5 minutter\" \/>\n<script type=\"application\/ld+json\" class=\"yoast-schema-graph\">{\"@context\":\"https:\\\/\\\/schema.org\",\"@graph\":[{\"@type\":\"WebPage\",\"@id\":\"https:\\\/\\\/www.boogaerdthout.nl\\\/inspiratie\\\/kennisbank\\\/azobe-milieucertificering\\\/\",\"url\":\"https:\\\/\\\/www.boogaerdthout.nl\\\/inspiratie\\\/kennisbank\\\/azobe-milieucertificering\\\/\",\"name\":\"Azob\u00e9: Milieucertificering - Boogaerdt Hout\",\"isPartOf\":{\"@id\":\"https:\\\/\\\/www.boogaerdthout.nl\\\/#website\"},\"datePublished\":\"2023-06-05T13:38:33+00:00\",\"dateModified\":\"2023-07-10T12:32:08+00:00\",\"breadcrumb\":{\"@id\":\"https:\\\/\\\/www.boogaerdthout.nl\\\/inspiratie\\\/kennisbank\\\/azobe-milieucertificering\\\/#breadcrumb\"},\"inLanguage\":\"da-DK\",\"potentialAction\":[{\"@type\":\"ReadAction\",\"target\":[\"https:\\\/\\\/www.boogaerdthout.nl\\\/inspiratie\\\/kennisbank\\\/azobe-milieucertificering\\\/\"]}]},{\"@type\":\"BreadcrumbList\",\"@id\":\"https:\\\/\\\/www.boogaerdthout.nl\\\/inspiratie\\\/kennisbank\\\/azobe-milieucertificering\\\/#breadcrumb\",\"itemListElement\":[{\"@type\":\"ListItem\",\"position\":1,\"name\":\"Home\",\"item\":\"https:\\\/\\\/www.boogaerdthout.nl\\\/home-2\\\/\"},{\"@type\":\"ListItem\",\"position\":2,\"name\":\"Inspiratie\",\"item\":\"https:\\\/\\\/www.boogaerdthout.nl\\\/inspiratie\\\/\"},{\"@type\":\"ListItem\",\"position\":3,\"name\":\"Kennisbank\",\"item\":\"https:\\\/\\\/www.boogaerdthout.nl\\\/inspiratie\\\/kennisbank\\\/\"},{\"@type\":\"ListItem\",\"position\":4,\"name\":\"Azob\u00e9: Milieucertificering\"}]},{\"@type\":\"WebSite\",\"@id\":\"https:\\\/\\\/www.boogaerdthout.nl\\\/#website\",\"url\":\"https:\\\/\\\/www.boogaerdthout.nl\\\/\",\"name\":\"Boogaerdt Hout\",\"description\":\"Koninklijke houthandel Boogaerdt B.V.\",\"potentialAction\":[{\"@type\":\"SearchAction\",\"target\":{\"@type\":\"EntryPoint\",\"urlTemplate\":\"https:\\\/\\\/www.boogaerdthout.nl\\\/?s={search_term_string}\"},\"query-input\":{\"@type\":\"PropertyValueSpecification\",\"valueRequired\":true,\"valueName\":\"search_term_string\"}}],\"inLanguage\":\"da-DK\"}]}<\/script>\n<!-- \/ Yoast SEO plugin. -->","yoast_head_json":{"title":"Azob\u00e9: Milj\u00f8certificering - Boogaerdt Hout","robots":{"index":"index","follow":"follow","max-snippet":"max-snippet:-1","max-image-preview":"max-image-preview:large","max-video-preview":"max-video-preview:-1"},"canonical":"https:\/\/www.boogaerdthout.nl\/da\/inspiration-2\/vidensbase\/azobe-miljocertificering\/","og_locale":"da_DK","og_type":"article","og_title":"Azob\u00e9: Milieucertificering - Boogaerdt Hout","og_url":"https:\/\/www.boogaerdthout.nl\/da\/inspiration-2\/vidensbase\/azobe-miljocertificering\/","og_site_name":"Boogaerdt Hout","article_modified_time":"2023-07-10T12:32:08+00:00","twitter_misc":{"Estimeret l\u00e6setid":"5 minutter"},"schema":{"@context":"https:\/\/schema.org","@graph":[{"@type":"WebPage","@id":"https:\/\/www.boogaerdthout.nl\/inspiratie\/kennisbank\/azobe-milieucertificering\/","url":"https:\/\/www.boogaerdthout.nl\/inspiratie\/kennisbank\/azobe-milieucertificering\/","name":"Azob\u00e9: Milj\u00f8certificering - Boogaerdt Hout","isPartOf":{"@id":"https:\/\/www.boogaerdthout.nl\/#website"},"datePublished":"2023-06-05T13:38:33+00:00","dateModified":"2023-07-10T12:32:08+00:00","breadcrumb":{"@id":"https:\/\/www.boogaerdthout.nl\/inspiratie\/kennisbank\/azobe-milieucertificering\/#breadcrumb"},"inLanguage":"da-DK","potentialAction":[{"@type":"ReadAction","target":["https:\/\/www.boogaerdthout.nl\/inspiratie\/kennisbank\/azobe-milieucertificering\/"]}]},{"@type":"BreadcrumbList","@id":"https:\/\/www.boogaerdthout.nl\/inspiratie\/kennisbank\/azobe-milieucertificering\/#breadcrumb","itemListElement":[{"@type":"ListItem","position":1,"name":"Home","item":"https:\/\/www.boogaerdthout.nl\/home-2\/"},{"@type":"ListItem","position":2,"name":"Inspiratie","item":"https:\/\/www.boogaerdthout.nl\/inspiratie\/"},{"@type":"ListItem","position":3,"name":"Kennisbank","item":"https:\/\/www.boogaerdthout.nl\/inspiratie\/kennisbank\/"},{"@type":"ListItem","position":4,"name":"Azob\u00e9: Milieucertificering"}]},{"@type":"WebSite","@id":"https:\/\/www.boogaerdthout.nl\/#website","url":"https:\/\/www.boogaerdthout.nl\/","name":"Boogaerdt Wood","description":"Kongelig t\u00f8mmerhandel Boogaerdt BV.","potentialAction":[{"@type":"SearchAction","target":{"@type":"EntryPoint","urlTemplate":"https:\/\/www.boogaerdthout.nl\/?s={search_term_string}"},"query-input":{"@type":"PropertyValueSpecification","valueRequired":true,"valueName":"search_term_string"}}],"inLanguage":"da-DK"}]}},"_links":{"self":[{"href":"https:\/\/www.boogaerdthout.nl\/da\/wp-json\/wp\/v2\/pages\/501","targetHints":{"allow":["GET"]}}],"collection":[{"href":"https:\/\/www.boogaerdthout.nl\/da\/wp-json\/wp\/v2\/pages"}],"about":[{"href":"https:\/\/www.boogaerdthout.nl\/da\/wp-json\/wp\/v2\/types\/page"}],"author":[{"embeddable":true,"href":"https:\/\/www.boogaerdthout.nl\/da\/wp-json\/wp\/v2\/users\/3"}],"replies":[{"embeddable":true,"href":"https:\/\/www.boogaerdthout.nl\/da\/wp-json\/wp\/v2\/comments?post=501"}],"version-history":[{"count":0,"href":"https:\/\/www.boogaerdthout.nl\/da\/wp-json\/wp\/v2\/pages\/501\/revisions"}],"up":[{"embeddable":true,"href":"https:\/\/www.boogaerdthout.nl\/da\/wp-json\/wp\/v2\/pages\/224"}],"wp:attachment":[{"href":"https:\/\/www.boogaerdthout.nl\/da\/wp-json\/wp\/v2\/media?parent=501"}],"curies":[{"name":"wp","href":"https:\/\/api.w.org\/{rel}","templated":true}]}}