{"id":4662,"date":"2024-11-12T12:12:37","date_gmt":"2024-11-12T11:12:37","guid":{"rendered":"https:\/\/www.boogaerdthout.nl\/?page_id=4662"},"modified":"2024-11-12T12:18:53","modified_gmt":"2024-11-12T11:18:53","slug":"profilhaefte","status":"publish","type":"page","link":"https:\/\/www.boogaerdthout.nl\/da\/profielenboekje\/","title":{"rendered":"Papirprofilh\u00e6fte"},"content":{"rendered":"<div id='av-layout-grid-1'  class='av-layout-grid-container av-lhyw5e2c-51ab4f4b184b6f4d13c55fa265bd2eac entry-content-wrapper main_color av-flex-cells  avia-builder-el-0  el_before_av_section  avia-builder-el-first   container_wrap sidebar_right'  >\n\n<style type=\"text\/css\" data-created_by=\"avia_inline_auto\" id=\"style-css-av-lhyw48db-9e62d53797a6f9a8419bbf2c68fbc1a0\">\n.flex_cell.av-lhyw48db-9e62d53797a6f9a8419bbf2c68fbc1a0{\nvertical-align:middle;\nheight:580px;\nmin-height:580px;\nbackground-color:#004629;\n}\n.responsive #top #wrap_all .flex_cell.av-lhyw48db-9e62d53797a6f9a8419bbf2c68fbc1a0{\npadding:2% 2% 2% 2% !important;\n}\n\n@media only screen and (min-width: 480px) and (max-width: 767px){ \n.responsive #top #wrap_all .flex_cell.av-lhyw48db-9e62d53797a6f9a8419bbf2c68fbc1a0{\npadding:40px 40px 40px 40px !important;\n}\n}\n\n@media only screen and (max-width: 479px){ \n.responsive #top #wrap_all .flex_cell.av-lhyw48db-9e62d53797a6f9a8419bbf2c68fbc1a0{\npadding:40px 40px 40px 40px !important;\n}\n}\n<\/style>\n<div class='flex_cell av-lhyw48db-9e62d53797a6f9a8419bbf2c68fbc1a0 av-gridrow-cell av_one_half no_margin  avia-builder-el-1  el_before_av_cell_one_half  avia-builder-el-first  banner-tekst content-align-middle'  ><div class='flex_cell_inner'>\n<style type=\"text\/css\" data-created_by=\"avia_inline_auto\" id=\"style-css-av-lhyw639z-e72defd5e7e80046e5105a838d8f3ad4\">\n#top .av_textblock_section.av-lhyw639z-e72defd5e7e80046e5105a838d8f3ad4 .avia_textblock{\nfont-size:22px;\ncolor:#ffffff;\n}\n<\/style>\n<section  class='av_textblock_section av-lhyw639z-e72defd5e7e80046e5105a838d8f3ad4'   itemscope=\"itemscope\" itemtype=\"https:\/\/schema.org\/CreativeWork\" ><div class='avia_textblock av_inherit_color'  itemprop=\"text\" ><h1>Profilh\u00e6fte med posten<\/h1>\n<p>\u00d8nsker du en bedre fornemmelse og visualisering af tr\u00e6profilerne? Anmod blot om et profilh\u00e6fte i papirform. Er du stadig usikker p\u00e5 de rigtige materialer og anvendelser? Sp\u00f8rg s\u00e5 vores specialister til r\u00e5ds.<\/p>\n<\/div><\/section>\n<\/div><\/div>\n<style type=\"text\/css\" data-created_by=\"avia_inline_auto\" id=\"style-css-av-20sd7-04daa35e76295c630a20d07bba0aecda\">\n.flex_cell.av-20sd7-04daa35e76295c630a20d07bba0aecda{\nvertical-align:bottom;\nheight:580px;\nmin-height:580px;\nbackground:url(https:\/\/www.boogaerdthout.nl\/wp-content\/uploads\/2024\/10\/website-profielenboekje.png) 50% 50% no-repeat scroll ;\n}\n.responsive #top #wrap_all .flex_cell.av-20sd7-04daa35e76295c630a20d07bba0aecda{\npadding:2% 2% 2% 2% !important;\n}\n<\/style>\n<div class='flex_cell av-20sd7-04daa35e76295c630a20d07bba0aecda av-gridrow-cell av_one_half no_margin  avia-builder-el-3  el_after_av_cell_one_half  avia-builder-el-last  banner-foto content-align-bottom avia-full-stretch'  ><div class='flex_cell_inner'><\/div><\/div><\/div>\n<style type=\"text\/css\" data-created_by=\"avia_inline_auto\" id=\"style-css-av-lhyw3vea-f137f1a9bd9f8da10d583d56053290b8\">\n.avia-section.av-lhyw3vea-f137f1a9bd9f8da10d583d56053290b8{\nbackground-color:#ffc600;\nbackground-image:unset;\n}\n<\/style>\n<div id='samples'  class='avia-section av-lhyw3vea-f137f1a9bd9f8da10d583d56053290b8 main_color avia-section-small avia-no-border-styling  avia-builder-el-4  el_after_av_layout_row  avia-builder-el-last  avia-bg-style-scroll container_wrap sidebar_right'  ><div class='container av-section-cont-open' ><div class='template-page content  av-content-small alpha units'><div class='post-entry post-entry-type-page post-entry-4662'><div class='entry-content-wrapper clearfix'>\n<div  class='flex_column av-lhyw3z97-fe7aabedcf26240aa3c085906cb3ef8c av_one_fifth  avia-builder-el-5  el_before_av_three_fifth  avia-builder-el-first  first flex_column_div'     ><\/div><div  class='flex_column av-1k44v-427c661b9c53de38e579e120950fb540 av_three_fifth  avia-builder-el-6  el_after_av_one_fifth  el_before_av_one_fifth  flex_column_div'     ><\/div><div  class='flex_column av-zuff-64c644aee3ed8bcbeaaad6b1e8f7ff6a av_one_fifth  avia-builder-el-8  el_after_av_three_fifth  avia-builder-el-last  flex_column_div'     ><\/div>\n<\/div><\/div><\/div><!-- close content main div --><\/div><\/div><div id='after_section_1'  class='main_color av_default_container_wrap container_wrap sidebar_right'  ><div class='container av-section-cont-open' ><div class='template-page content  av-content-small alpha units'><div class='post-entry post-entry-type-page post-entry-4662'><div class='entry-content-wrapper clearfix'><\/p>","protected":false},"excerpt":{"rendered":"","protected":false},"author":4,"featured_media":0,"parent":0,"menu_order":0,"comment_status":"closed","ping_status":"closed","template":"","meta":{"_acf_changed":false,"footnotes":""},"class_list":["post-4662","page","type-page","status-publish","hentry"],"acf":[],"yoast_head":"<!-- This site is optimized with the Yoast SEO plugin v27.3 - https:\/\/yoast.com\/product\/yoast-seo-wordpress\/ -->\n<title>Papieren Profielenboekje - Boogaerdt Hout<\/title>\n<meta name=\"robots\" content=\"index, follow, max-snippet:-1, max-image-preview:large, max-video-preview:-1\" \/>\n<link rel=\"canonical\" href=\"https:\/\/www.boogaerdthout.nl\/da\/profilhaefte\/\" \/>\n<meta property=\"og:locale\" content=\"da_DK\" \/>\n<meta property=\"og:type\" content=\"article\" \/>\n<meta property=\"og:title\" content=\"Papieren Profielenboekje - Boogaerdt Hout\" \/>\n<meta property=\"og:url\" content=\"https:\/\/www.boogaerdthout.nl\/da\/profilhaefte\/\" \/>\n<meta property=\"og:site_name\" content=\"Boogaerdt Hout\" \/>\n<meta property=\"article:modified_time\" content=\"2024-11-12T11:18:53+00:00\" \/>\n<meta name=\"twitter:label1\" content=\"Estimeret l\u00e6setid\" \/>\n\t<meta name=\"twitter:data1\" content=\"1 minut\" \/>\n<script type=\"application\/ld+json\" class=\"yoast-schema-graph\">{\"@context\":\"https:\\\/\\\/schema.org\",\"@graph\":[{\"@type\":\"WebPage\",\"@id\":\"https:\\\/\\\/www.boogaerdthout.nl\\\/profielenboekje\\\/\",\"url\":\"https:\\\/\\\/www.boogaerdthout.nl\\\/profielenboekje\\\/\",\"name\":\"Papieren Profielenboekje - Boogaerdt Hout\",\"isPartOf\":{\"@id\":\"https:\\\/\\\/www.boogaerdthout.nl\\\/#website\"},\"datePublished\":\"2024-11-12T11:12:37+00:00\",\"dateModified\":\"2024-11-12T11:18:53+00:00\",\"breadcrumb\":{\"@id\":\"https:\\\/\\\/www.boogaerdthout.nl\\\/profielenboekje\\\/#breadcrumb\"},\"inLanguage\":\"da-DK\",\"potentialAction\":[{\"@type\":\"ReadAction\",\"target\":[\"https:\\\/\\\/www.boogaerdthout.nl\\\/profielenboekje\\\/\"]}]},{\"@type\":\"BreadcrumbList\",\"@id\":\"https:\\\/\\\/www.boogaerdthout.nl\\\/profielenboekje\\\/#breadcrumb\",\"itemListElement\":[{\"@type\":\"ListItem\",\"position\":1,\"name\":\"Home\",\"item\":\"https:\\\/\\\/www.boogaerdthout.nl\\\/home-2\\\/\"},{\"@type\":\"ListItem\",\"position\":2,\"name\":\"Papieren Profielenboekje\"}]},{\"@type\":\"WebSite\",\"@id\":\"https:\\\/\\\/www.boogaerdthout.nl\\\/#website\",\"url\":\"https:\\\/\\\/www.boogaerdthout.nl\\\/\",\"name\":\"Boogaerdt Hout\",\"description\":\"Koninklijke houthandel Boogaerdt B.V.\",\"potentialAction\":[{\"@type\":\"SearchAction\",\"target\":{\"@type\":\"EntryPoint\",\"urlTemplate\":\"https:\\\/\\\/www.boogaerdthout.nl\\\/?s={search_term_string}\"},\"query-input\":{\"@type\":\"PropertyValueSpecification\",\"valueRequired\":true,\"valueName\":\"search_term_string\"}}],\"inLanguage\":\"da-DK\"}]}<\/script>\n<!-- \/ Yoast SEO plugin. -->","yoast_head_json":{"title":"Papirprofilh\u00e6fte - Boogaerdt Hout","robots":{"index":"index","follow":"follow","max-snippet":"max-snippet:-1","max-image-preview":"max-image-preview:large","max-video-preview":"max-video-preview:-1"},"canonical":"https:\/\/www.boogaerdthout.nl\/da\/profilhaefte\/","og_locale":"da_DK","og_type":"article","og_title":"Papieren Profielenboekje - Boogaerdt Hout","og_url":"https:\/\/www.boogaerdthout.nl\/da\/profilhaefte\/","og_site_name":"Boogaerdt Hout","article_modified_time":"2024-11-12T11:18:53+00:00","twitter_misc":{"Estimeret l\u00e6setid":"1 minut"},"schema":{"@context":"https:\/\/schema.org","@graph":[{"@type":"WebPage","@id":"https:\/\/www.boogaerdthout.nl\/profielenboekje\/","url":"https:\/\/www.boogaerdthout.nl\/profielenboekje\/","name":"Papirprofilh\u00e6fte - Boogaerdt Hout","isPartOf":{"@id":"https:\/\/www.boogaerdthout.nl\/#website"},"datePublished":"2024-11-12T11:12:37+00:00","dateModified":"2024-11-12T11:18:53+00:00","breadcrumb":{"@id":"https:\/\/www.boogaerdthout.nl\/profielenboekje\/#breadcrumb"},"inLanguage":"da-DK","potentialAction":[{"@type":"ReadAction","target":["https:\/\/www.boogaerdthout.nl\/profielenboekje\/"]}]},{"@type":"BreadcrumbList","@id":"https:\/\/www.boogaerdthout.nl\/profielenboekje\/#breadcrumb","itemListElement":[{"@type":"ListItem","position":1,"name":"Home","item":"https:\/\/www.boogaerdthout.nl\/home-2\/"},{"@type":"ListItem","position":2,"name":"Papieren Profielenboekje"}]},{"@type":"WebSite","@id":"https:\/\/www.boogaerdthout.nl\/#website","url":"https:\/\/www.boogaerdthout.nl\/","name":"Boogaerdt Wood","description":"Kongelig t\u00f8mmerhandel Boogaerdt BV.","potentialAction":[{"@type":"SearchAction","target":{"@type":"EntryPoint","urlTemplate":"https:\/\/www.boogaerdthout.nl\/?s={search_term_string}"},"query-input":{"@type":"PropertyValueSpecification","valueRequired":true,"valueName":"search_term_string"}}],"inLanguage":"da-DK"}]}},"_links":{"self":[{"href":"https:\/\/www.boogaerdthout.nl\/da\/wp-json\/wp\/v2\/pages\/4662","targetHints":{"allow":["GET"]}}],"collection":[{"href":"https:\/\/www.boogaerdthout.nl\/da\/wp-json\/wp\/v2\/pages"}],"about":[{"href":"https:\/\/www.boogaerdthout.nl\/da\/wp-json\/wp\/v2\/types\/page"}],"author":[{"embeddable":true,"href":"https:\/\/www.boogaerdthout.nl\/da\/wp-json\/wp\/v2\/users\/4"}],"replies":[{"embeddable":true,"href":"https:\/\/www.boogaerdthout.nl\/da\/wp-json\/wp\/v2\/comments?post=4662"}],"version-history":[{"count":0,"href":"https:\/\/www.boogaerdthout.nl\/da\/wp-json\/wp\/v2\/pages\/4662\/revisions"}],"wp:attachment":[{"href":"https:\/\/www.boogaerdthout.nl\/da\/wp-json\/wp\/v2\/media?parent=4662"}],"curies":[{"name":"wp","href":"https:\/\/api.w.org\/{rel}","templated":true}]}}