{"id":3,"date":"2023-04-26T12:37:11","date_gmt":"2023-04-26T12:37:11","guid":{"rendered":"http:\/\/boogaerdthout.bonsaidev.nl\/?page_id=3"},"modified":"2023-05-23T15:54:15","modified_gmt":"2023-05-23T13:54:15","slug":"privatlivspolitik","status":"publish","type":"page","link":"https:\/\/www.boogaerdthout.nl\/da\/privacybeleid\/","title":{"rendered":"Privatlivspolitik"},"content":{"rendered":"<h2 class=\"wp-block-heading\">Hvem er vi<\/h2>\r\n\r\n\r\n\r\n<p><strong class=\"privacy-policy-tutorial\">Foresl\u00e5et tekst: <\/strong>Vores hjemmesideadresse er: https:\/\/www.boogaerdthout.nl.<\/p>\r\n\r\n\r\n\r\n<h2 class=\"wp-block-heading\">Kommentarer<\/h2>\r\n\r\n\r\n\r\n<p><strong class=\"privacy-policy-tutorial\">Foresl\u00e5et tekst: <\/strong>N\u00e5r bes\u00f8gende skriver kommentarer p\u00e5 webstedet, indsamler vi de data, der vises i kommentarformularen, samt den bes\u00f8gendes IP-adresse og browserens brugeragentstreng for at hj\u00e6lpe med at opdage spam.<\/p>\r\n\r\n\r\n\r\n<p>En anonymiseret streng oprettet ud fra din e-mailadresse (ogs\u00e5 kaldet en hash) kan blive leveret til Gravatar-tjenesten for at se, om du bruger den. Gravatar-tjenestens privatlivspolitik er tilg\u00e6ngelig her: https:\/\/automattic.com\/privacy\/. Efter godkendelse af din kommentar er dit profilbillede synligt for offentligheden i konteksten af din kommentar.<\/p>\r\n\r\n\r\n\r\n<h2 class=\"wp-block-heading\">Medier<\/h2>\r\n\r\n\r\n\r\n<p><strong class=\"privacy-policy-tutorial\">Foresl\u00e5et tekst: <\/strong>Hvis du uploader billeder til webstedet, b\u00f8r du undg\u00e5 at uploade billeder med indlejrede lokationsdata (EXIF GPS). Bes\u00f8gende p\u00e5 webstedet kan downloade og udtr\u00e6kke lokationsdata fra billeder p\u00e5 webstedet.<\/p>\r\n\r\n\r\n\r\n<h2 class=\"wp-block-heading\">Cookies<\/h2>\r\n\r\n\r\n\r\n<p><strong class=\"privacy-policy-tutorial\">Foresl\u00e5et tekst: <\/strong>N\u00e5r du skriver en kommentar p\u00e5 vores hjemmeside, kan du v\u00e6lge at gemme dit navn, din e-mailadresse og din hjemmeside i cookies. Disse er til din bekvemmelighed, s\u00e5 du ikke beh\u00f8ver at udfylde dine oplysninger igen, n\u00e5r du skriver en anden kommentar. Disse cookies varer i et \u00e5r.<\/p>\r\n\r\n\r\n\r\n<p>Hvis du bes\u00f8ger vores loginside, s\u00e6tter vi en midlertidig cookie for at afg\u00f8re, om din browser accepterer cookies. Denne cookie indeholder ingen personlige data og slettes, n\u00e5r du lukker din browser.<\/p>\r\n\r\n\r\n\r\n<p>N\u00e5r du logger ind, opretter vi ogs\u00e5 adskillige cookies for at gemme dine loginoplysninger og dine valg af sk\u00e6rmvisning. Logincookies varer i to dage, og cookies til sk\u00e6rmindstillinger varer i et \u00e5r. Hvis du v\u00e6lger &quot;Husk mig&quot;, gemmes dit login i to uger. Hvis du logger ud af din konto, fjernes logincookies.<\/p>\r\n\r\n\r\n\r\n<p>N\u00e5r du redigerer eller udgiver en artikel, gemmes en ekstra cookie i din browser. Denne cookie indeholder ingen personlige data og angiver blot indl\u00e6gs-ID&#039;et for den artikel, du lige har redigeret. Denne cookie udl\u00f8ber efter 1 dag.<\/p>\r\n\r\n\r\n\r\n<h2 class=\"wp-block-heading\">Indlejret indhold fra andre websteder<\/h2>\r\n\r\n\r\n\r\n<p><strong class=\"privacy-policy-tutorial\">Foresl\u00e5et tekst: <\/strong>Artikler p\u00e5 dette websted kan indeholde indlejret indhold (f.eks. videoer, billeder, artikler osv.). Indlejret indhold fra andre websteder opf\u00f8rer sig p\u00e5 pr\u00e6cis samme m\u00e5de, som hvis den bes\u00f8gende har bes\u00f8gt det andet websted.<\/p>\r\n\r\n\r\n\r\n<p>Disse websteder kan indsamle data om dig, bruge cookies, integrere yderligere tredjepartssporing og overv\u00e5ge din interaktion med det indlejrede indhold, herunder sporing af din interaktion med det indlejrede indhold, hvis du har en konto og er logget ind p\u00e5 det p\u00e5g\u00e6ldende websted.<\/p>\r\n\r\n\r\n\r\n<h2 class=\"wp-block-heading\">Hvem vi deler dine data med<\/h2>\r\n\r\n\r\n\r\n<p><strong class=\"privacy-policy-tutorial\">Foresl\u00e5et tekst: <\/strong>Hvis du anmoder om en nulstilling af adgangskode, vil din IP-adresse blive inkluderet i nulstillings-e-mailen.<\/p>\r\n\r\n\r\n\r\n<h2 class=\"wp-block-heading\">Hvor l\u00e6nge vi opbevarer dine data<\/h2>\r\n\r\n\r\n\r\n<p><strong class=\"privacy-policy-tutorial\">Foresl\u00e5et tekst: <\/strong>N\u00e5r du skriver en kommentar, gemmes den og dens metadata p\u00e5 ubestemt tid. Dette er s\u00e5 vi kan genkende og godkende eventuelle opf\u00f8lgende kommentarer automatisk i stedet for at gemme dem i en moderationsk\u00f8.<\/p>\r\n\r\n\r\n\r\n<p>For brugere, der registrerer sig p\u00e5 vores hjemmeside (hvis nogen), gemmer vi ogs\u00e5 de personlige oplysninger, de angiver, i deres brugerprofil. Alle brugere kan til enhver tid se, redigere eller slette deres personlige oplysninger (medmindre de ikke kan \u00e6ndre deres brugernavn). Webstedsadministratorer kan ogs\u00e5 se og redigere disse oplysninger.<\/p>\r\n\r\n\r\n\r\n<h2 class=\"wp-block-heading\">Hvilke rettigheder har du over dine data<\/h2>\r\n\r\n\r\n\r\n<p><strong class=\"privacy-policy-tutorial\">Foresl\u00e5et tekst: <\/strong>Hvis du har en konto p\u00e5 dette websted, eller har efterladt kommentarer, kan du anmode om en eksportfil af de personoplysninger, vi har om dig, herunder alle data, du har givet os. Du kan ogs\u00e5 anmode om, at vi sletter alle personoplysninger, vi har om dig. Dette omfatter ikke data, vi er forpligtet til at opbevare af administrative, juridiske eller sikkerhedsm\u00e6ssige \u00e5rsager.<\/p>\r\n\r\n\r\n\r\n<h2 class=\"wp-block-heading\">Hvor dine data sendes hen<\/h2>\r\n\r\n\r\n\r\n<p><strong class=\"privacy-policy-tutorial\">Foresl\u00e5et tekst: <\/strong>Bes\u00f8gendes kommentarer kan muligvis kontrolleres via en automatiseret spamregistreringstjeneste.<\/p>","protected":false},"excerpt":{"rendered":"<p>Wie zijn we Voorgestelde tekst: Ons site adres is: https:\/\/www.boogaerdthout.nl. Reacties Voorgestelde tekst: Als bezoekers reacties achterlaten op de site, verzamelen we de gegevens getoond in het reactieformulier, het IP-adres van de bezoeker en de browser user agent om te helpen spam te detecteren. Een geanonimiseerde string, gemaakt op basis van je e-mailadres (dit wordt [&hellip;]<\/p>\n","protected":false},"author":1,"featured_media":0,"parent":0,"menu_order":0,"comment_status":"closed","ping_status":"open","template":"","meta":{"_acf_changed":false,"footnotes":""},"class_list":["post-3","page","type-page","status-publish","hentry"],"acf":[],"yoast_head":"<!-- This site is optimized with the Yoast SEO plugin v27.3 - https:\/\/yoast.com\/product\/yoast-seo-wordpress\/ -->\n<title>Privacybeleid - Boogaerdt Hout<\/title>\n<meta name=\"robots\" content=\"index, follow, max-snippet:-1, max-image-preview:large, max-video-preview:-1\" \/>\n<link rel=\"canonical\" href=\"https:\/\/www.boogaerdthout.nl\/da\/privatlivspolitik\/\" \/>\n<meta property=\"og:locale\" content=\"da_DK\" \/>\n<meta property=\"og:type\" content=\"article\" \/>\n<meta property=\"og:title\" content=\"Privacybeleid - Boogaerdt Hout\" \/>\n<meta property=\"og:description\" content=\"Wie zijn we Voorgestelde tekst: Ons site adres is: https:\/\/www.boogaerdthout.nl. Reacties Voorgestelde tekst: Als bezoekers reacties achterlaten op de site, verzamelen we de gegevens getoond in het reactieformulier, het IP-adres van de bezoeker en de browser user agent om te helpen spam te detecteren. Een geanonimiseerde string, gemaakt op basis van je e-mailadres (dit wordt [&hellip;]\" \/>\n<meta property=\"og:url\" content=\"https:\/\/www.boogaerdthout.nl\/da\/privatlivspolitik\/\" \/>\n<meta property=\"og:site_name\" content=\"Boogaerdt Hout\" \/>\n<meta property=\"article:modified_time\" content=\"2023-05-23T13:54:15+00:00\" \/>\n<meta name=\"twitter:label1\" content=\"Estimeret l\u00e6setid\" \/>\n\t<meta name=\"twitter:data1\" content=\"4 minutter\" \/>\n<script type=\"application\/ld+json\" class=\"yoast-schema-graph\">{\"@context\":\"https:\\\/\\\/schema.org\",\"@graph\":[{\"@type\":\"WebPage\",\"@id\":\"https:\\\/\\\/www.boogaerdthout.nl\\\/privacybeleid\\\/\",\"url\":\"https:\\\/\\\/www.boogaerdthout.nl\\\/privacybeleid\\\/\",\"name\":\"Privacybeleid - Boogaerdt Hout\",\"isPartOf\":{\"@id\":\"https:\\\/\\\/www.boogaerdthout.nl\\\/#website\"},\"datePublished\":\"2023-04-26T12:37:11+00:00\",\"dateModified\":\"2023-05-23T13:54:15+00:00\",\"breadcrumb\":{\"@id\":\"https:\\\/\\\/www.boogaerdthout.nl\\\/privacybeleid\\\/#breadcrumb\"},\"inLanguage\":\"da-DK\",\"potentialAction\":[{\"@type\":\"ReadAction\",\"target\":[\"https:\\\/\\\/www.boogaerdthout.nl\\\/privacybeleid\\\/\"]}]},{\"@type\":\"BreadcrumbList\",\"@id\":\"https:\\\/\\\/www.boogaerdthout.nl\\\/privacybeleid\\\/#breadcrumb\",\"itemListElement\":[{\"@type\":\"ListItem\",\"position\":1,\"name\":\"Home\",\"item\":\"https:\\\/\\\/www.boogaerdthout.nl\\\/home-2\\\/\"},{\"@type\":\"ListItem\",\"position\":2,\"name\":\"Privacybeleid\"}]},{\"@type\":\"WebSite\",\"@id\":\"https:\\\/\\\/www.boogaerdthout.nl\\\/#website\",\"url\":\"https:\\\/\\\/www.boogaerdthout.nl\\\/\",\"name\":\"Boogaerdt Hout\",\"description\":\"Koninklijke houthandel Boogaerdt B.V.\",\"potentialAction\":[{\"@type\":\"SearchAction\",\"target\":{\"@type\":\"EntryPoint\",\"urlTemplate\":\"https:\\\/\\\/www.boogaerdthout.nl\\\/?s={search_term_string}\"},\"query-input\":{\"@type\":\"PropertyValueSpecification\",\"valueRequired\":true,\"valueName\":\"search_term_string\"}}],\"inLanguage\":\"da-DK\"}]}<\/script>\n<!-- \/ Yoast SEO plugin. -->","yoast_head_json":{"title":"Privatlivspolitik - Boogaerdt Hout","robots":{"index":"index","follow":"follow","max-snippet":"max-snippet:-1","max-image-preview":"max-image-preview:large","max-video-preview":"max-video-preview:-1"},"canonical":"https:\/\/www.boogaerdthout.nl\/da\/privatlivspolitik\/","og_locale":"da_DK","og_type":"article","og_title":"Privacybeleid - Boogaerdt Hout","og_description":"Wie zijn we Voorgestelde tekst: Ons site adres is: https:\/\/www.boogaerdthout.nl. Reacties Voorgestelde tekst: Als bezoekers reacties achterlaten op de site, verzamelen we de gegevens getoond in het reactieformulier, het IP-adres van de bezoeker en de browser user agent om te helpen spam te detecteren. Een geanonimiseerde string, gemaakt op basis van je e-mailadres (dit wordt [&hellip;]","og_url":"https:\/\/www.boogaerdthout.nl\/da\/privatlivspolitik\/","og_site_name":"Boogaerdt Hout","article_modified_time":"2023-05-23T13:54:15+00:00","twitter_misc":{"Estimeret l\u00e6setid":"4 minutter"},"schema":{"@context":"https:\/\/schema.org","@graph":[{"@type":"WebPage","@id":"https:\/\/www.boogaerdthout.nl\/privacybeleid\/","url":"https:\/\/www.boogaerdthout.nl\/privacybeleid\/","name":"Privatlivspolitik - Boogaerdt Hout","isPartOf":{"@id":"https:\/\/www.boogaerdthout.nl\/#website"},"datePublished":"2023-04-26T12:37:11+00:00","dateModified":"2023-05-23T13:54:15+00:00","breadcrumb":{"@id":"https:\/\/www.boogaerdthout.nl\/privacybeleid\/#breadcrumb"},"inLanguage":"da-DK","potentialAction":[{"@type":"ReadAction","target":["https:\/\/www.boogaerdthout.nl\/privacybeleid\/"]}]},{"@type":"BreadcrumbList","@id":"https:\/\/www.boogaerdthout.nl\/privacybeleid\/#breadcrumb","itemListElement":[{"@type":"ListItem","position":1,"name":"Home","item":"https:\/\/www.boogaerdthout.nl\/home-2\/"},{"@type":"ListItem","position":2,"name":"Privacybeleid"}]},{"@type":"WebSite","@id":"https:\/\/www.boogaerdthout.nl\/#website","url":"https:\/\/www.boogaerdthout.nl\/","name":"Boogaerdt Wood","description":"Kongelig t\u00f8mmerhandel Boogaerdt BV.","potentialAction":[{"@type":"SearchAction","target":{"@type":"EntryPoint","urlTemplate":"https:\/\/www.boogaerdthout.nl\/?s={search_term_string}"},"query-input":{"@type":"PropertyValueSpecification","valueRequired":true,"valueName":"search_term_string"}}],"inLanguage":"da-DK"}]}},"_links":{"self":[{"href":"https:\/\/www.boogaerdthout.nl\/da\/wp-json\/wp\/v2\/pages\/3","targetHints":{"allow":["GET"]}}],"collection":[{"href":"https:\/\/www.boogaerdthout.nl\/da\/wp-json\/wp\/v2\/pages"}],"about":[{"href":"https:\/\/www.boogaerdthout.nl\/da\/wp-json\/wp\/v2\/types\/page"}],"author":[{"embeddable":true,"href":"https:\/\/www.boogaerdthout.nl\/da\/wp-json\/wp\/v2\/users\/1"}],"replies":[{"embeddable":true,"href":"https:\/\/www.boogaerdthout.nl\/da\/wp-json\/wp\/v2\/comments?post=3"}],"version-history":[{"count":0,"href":"https:\/\/www.boogaerdthout.nl\/da\/wp-json\/wp\/v2\/pages\/3\/revisions"}],"wp:attachment":[{"href":"https:\/\/www.boogaerdthout.nl\/da\/wp-json\/wp\/v2\/media?parent=3"}],"curies":[{"name":"wp","href":"https:\/\/api.w.org\/{rel}","templated":true}]}}